{"id":172,"date":"2025-11-03T16:45:04","date_gmt":"2025-11-03T15:45:04","guid":{"rendered":"https:\/\/gicd.inf.um.es\/csidper\/usuario04\/?page_id=172"},"modified":"2025-11-24T22:51:58","modified_gmt":"2025-11-24T21:51:58","slug":"actividad-1","status":"publish","type":"page","link":"https:\/\/gicd.inf.um.es\/csidper\/usuario04\/actividad-1\/","title":{"rendered":"Actividad 1 &#8211; Inicio"},"content":{"rendered":"\n<p>Peri\u00f3dico \u201cRADAR NEWS\u201d &#8211; Tu lugar de informaci\u00f3n precisa<\/p>\n\n\n<div class=\"wp-block-image\">\n<figure class=\"aligncenter size-full\"><img loading=\"lazy\" decoding=\"async\" width=\"500\" height=\"500\" src=\"https:\/\/gicd.inf.um.es\/csidper\/usuario04\/wp-content\/uploads\/2025\/11\/IMG_0269.jpeg\" alt=\"\" class=\"wp-image-527\" srcset=\"https:\/\/gicd.inf.um.es\/csidper\/usuario04\/wp-content\/uploads\/2025\/11\/IMG_0269.jpeg 500w, https:\/\/gicd.inf.um.es\/csidper\/usuario04\/wp-content\/uploads\/2025\/11\/IMG_0269-300x300.jpeg 300w, https:\/\/gicd.inf.um.es\/csidper\/usuario04\/wp-content\/uploads\/2025\/11\/IMG_0269-150x150.jpeg 150w\" sizes=\"auto, (max-width: 500px) 100vw, 500px\" \/><\/figure>\n<\/div>\n\n\n<p>En Radar News analizamos y entregamos las noticias m\u00e1s relevantes del d\u00eda con claridad, rapidez y criterio, para que est\u00e9s un paso adelante en lo que realmente importa. Te invitamos a explorar nuestra<strong> <\/strong>p\u00e1gina, mantente informado, conecta con los hechos y descubre el mundo con Radar News. <\/p>\n\n\n\n<div class=\"wp-block-query is-layout-flow wp-block-query-is-layout-flow\"><ul class=\"columns-2 wp-block-post-template is-layout-grid wp-container-core-post-template-is-layout-17361a50 wp-block-post-template-is-layout-grid\"><li class=\"wp-block-post post-253 post type-post status-publish format-standard has-post-thumbnail hentry category-actividad-1 category-politica tag-eeuu tag-trump\">\n\n<div class=\"wp-block-group\"><div class=\"wp-block-group__inner-container is-layout-constrained wp-block-group-is-layout-constrained\"><figure class=\"wp-block-post-featured-image\"><img loading=\"lazy\" decoding=\"async\" width=\"1242\" height=\"699\" src=\"https:\/\/gicd.inf.um.es\/csidper\/usuario04\/wp-content\/uploads\/2025\/11\/fvdsfzvvsf.webp\" class=\"attachment-post-thumbnail size-post-thumbnail wp-post-image\" alt=\"\" style=\"object-fit:cover;\" srcset=\"https:\/\/gicd.inf.um.es\/csidper\/usuario04\/wp-content\/uploads\/2025\/11\/fvdsfzvvsf.webp 1242w, https:\/\/gicd.inf.um.es\/csidper\/usuario04\/wp-content\/uploads\/2025\/11\/fvdsfzvvsf-300x169.webp 300w, https:\/\/gicd.inf.um.es\/csidper\/usuario04\/wp-content\/uploads\/2025\/11\/fvdsfzvvsf-1024x576.webp 1024w, https:\/\/gicd.inf.um.es\/csidper\/usuario04\/wp-content\/uploads\/2025\/11\/fvdsfzvvsf-768x432.webp 768w\" sizes=\"auto, (max-width: 1242px) 100vw, 1242px\" \/><\/figure>\n\n\n<div class=\"wp-block-group\"><div class=\"wp-block-group__inner-container is-layout-constrained wp-block-group-is-layout-constrained\"><div class=\"taxonomy-category wp-block-post-terms\"><a href=\"https:\/\/gicd.inf.um.es\/csidper\/usuario04\/category\/actividad-1\/\" rel=\"tag\">Actividad 1<\/a><span class=\"wp-block-post-terms__separator\">, <\/span><a href=\"https:\/\/gicd.inf.um.es\/csidper\/usuario04\/category\/actividad-1\/politica\/\" rel=\"tag\">Pol\u00edtica<\/a><\/div>\n\n<h2 class=\"wp-block-post-title\">Trump cree que los d\u00edas de Maduro como l\u00edder de Venezuela est\u00e1n contados<\/h2>\n\n<div class=\"wp-block-post-excerpt\"><p class=\"wp-block-post-excerpt__excerpt\">El presidente de Estados Unidos \u201cduda\u201d que su pa\u00eds vaya a entrar en guerra con la naci\u00f3n caribe\u00f1a, seg\u00fan ha afirmado en una entrevista con el programa 60 Minutes <\/p><\/div><\/div><\/div>\n\n\n\n<div style=\"height:30px\" aria-hidden=\"true\" class=\"wp-block-spacer\"><\/div>\n<\/div><\/div>\n\n<\/li><li class=\"wp-block-post post-244 post type-post status-publish format-standard has-post-thumbnail hentry category-actividad-1 category-gastronomia tag-comida tag-recetas\">\n\n<div class=\"wp-block-group\"><div class=\"wp-block-group__inner-container is-layout-constrained wp-block-group-is-layout-constrained\"><figure class=\"wp-block-post-featured-image\"><img loading=\"lazy\" decoding=\"async\" width=\"840\" height=\"560\" src=\"https:\/\/gicd.inf.um.es\/csidper\/usuario04\/wp-content\/uploads\/2025\/11\/dsaas.jpg\" class=\"attachment-post-thumbnail size-post-thumbnail wp-post-image\" alt=\"Galer\u00eda de Guacamole\" style=\"object-fit:cover;\" srcset=\"https:\/\/gicd.inf.um.es\/csidper\/usuario04\/wp-content\/uploads\/2025\/11\/dsaas.jpg 840w, https:\/\/gicd.inf.um.es\/csidper\/usuario04\/wp-content\/uploads\/2025\/11\/dsaas-300x200.jpg 300w, https:\/\/gicd.inf.um.es\/csidper\/usuario04\/wp-content\/uploads\/2025\/11\/dsaas-768x512.jpg 768w\" sizes=\"auto, (max-width: 840px) 100vw, 840px\" \/><\/figure>\n\n\n<div class=\"wp-block-group\"><div class=\"wp-block-group__inner-container is-layout-constrained wp-block-group-is-layout-constrained\"><div class=\"taxonomy-category wp-block-post-terms\"><a href=\"https:\/\/gicd.inf.um.es\/csidper\/usuario04\/category\/actividad-1\/\" rel=\"tag\">Actividad 1<\/a><span class=\"wp-block-post-terms__separator\">, <\/span><a href=\"https:\/\/gicd.inf.um.es\/csidper\/usuario04\/category\/actividad-1\/gastronomia\/\" rel=\"tag\">Gastronom\u00eda<\/a><\/div>\n\n<h2 class=\"wp-block-post-title\">La receta del guacamole cl\u00e1sico y siete maneras creativas de tunearlo<\/h2>\n\n<div class=\"wp-block-post-excerpt\"><p class=\"wp-block-post-excerpt__excerpt\">Con olivada, mango, garbanzos o piparras: la f\u00f3rmula receta mexicana cl\u00e1sica est\u00e1 buen\u00edsima, pero tambi\u00e9n admite variaciones que evitan caer en el aburrimiento <\/p><\/div><\/div><\/div>\n\n\n\n<div style=\"height:30px\" aria-hidden=\"true\" class=\"wp-block-spacer\"><\/div>\n<\/div><\/div>\n\n<\/li><li class=\"wp-block-post post-239 post type-post status-publish format-standard has-post-thumbnail hentry category-actividad-1 category-moda tag-ropa tag-vidas\">\n\n<div class=\"wp-block-group\"><div class=\"wp-block-group__inner-container is-layout-constrained wp-block-group-is-layout-constrained\"><figure class=\"wp-block-post-featured-image\"><img loading=\"lazy\" decoding=\"async\" width=\"1200\" height=\"628\" src=\"https:\/\/gicd.inf.um.es\/csidper\/usuario04\/wp-content\/uploads\/2025\/11\/dsa.jpg\" class=\"attachment-post-thumbnail size-post-thumbnail wp-post-image\" alt=\"Galer\u00eda de Zapatillas\" style=\"object-fit:cover;\" srcset=\"https:\/\/gicd.inf.um.es\/csidper\/usuario04\/wp-content\/uploads\/2025\/11\/dsa.jpg 1200w, https:\/\/gicd.inf.um.es\/csidper\/usuario04\/wp-content\/uploads\/2025\/11\/dsa-300x157.jpg 300w, https:\/\/gicd.inf.um.es\/csidper\/usuario04\/wp-content\/uploads\/2025\/11\/dsa-1024x536.jpg 1024w, https:\/\/gicd.inf.um.es\/csidper\/usuario04\/wp-content\/uploads\/2025\/11\/dsa-768x402.jpg 768w\" sizes=\"auto, (max-width: 1200px) 100vw, 1200px\" \/><\/figure>\n\n\n<div class=\"wp-block-group\"><div class=\"wp-block-group__inner-container is-layout-constrained wp-block-group-is-layout-constrained\"><div class=\"taxonomy-category wp-block-post-terms\"><a href=\"https:\/\/gicd.inf.um.es\/csidper\/usuario04\/category\/actividad-1\/\" rel=\"tag\">Actividad 1<\/a><span class=\"wp-block-post-terms__separator\">, <\/span><a href=\"https:\/\/gicd.inf.um.es\/csidper\/usuario04\/category\/actividad-1\/moda\/\" rel=\"tag\">Moda<\/a><\/div>\n\n<h2 class=\"wp-block-post-title\">Las zapatillas de casa con velcro ideales para hombres con artritis o pies hinchados<\/h2>\n\n<div class=\"wp-block-post-excerpt\"><p class=\"wp-block-post-excerpt__excerpt\">Disponibles en cuatro colores, estas zapatillas son c\u00f3modas, c\u00e1lidas y antideslizantes <\/p><\/div><\/div><\/div>\n\n\n\n<div style=\"height:30px\" aria-hidden=\"true\" class=\"wp-block-spacer\"><\/div>\n<\/div><\/div>\n\n<\/li><li class=\"wp-block-post post-233 post type-post status-publish format-standard has-post-thumbnail hentry category-actividad-1 category-medio-ambiente tag-cambio-climatico tag-clima tag-planetas\">\n\n<div class=\"wp-block-group\"><div class=\"wp-block-group__inner-container is-layout-constrained wp-block-group-is-layout-constrained\"><figure class=\"wp-block-post-featured-image\"><img loading=\"lazy\" decoding=\"async\" width=\"1200\" height=\"675\" src=\"https:\/\/gicd.inf.um.es\/csidper\/usuario04\/wp-content\/uploads\/2025\/11\/cscaz.jpg\" class=\"attachment-post-thumbnail size-post-thumbnail wp-post-image\" alt=\"Galer\u00eda de Glaciar\" style=\"object-fit:cover;\" srcset=\"https:\/\/gicd.inf.um.es\/csidper\/usuario04\/wp-content\/uploads\/2025\/11\/cscaz.jpg 1200w, https:\/\/gicd.inf.um.es\/csidper\/usuario04\/wp-content\/uploads\/2025\/11\/cscaz-300x169.jpg 300w, https:\/\/gicd.inf.um.es\/csidper\/usuario04\/wp-content\/uploads\/2025\/11\/cscaz-1024x576.jpg 1024w, https:\/\/gicd.inf.um.es\/csidper\/usuario04\/wp-content\/uploads\/2025\/11\/cscaz-768x432.jpg 768w\" sizes=\"auto, (max-width: 1200px) 100vw, 1200px\" \/><\/figure>\n\n\n<div class=\"wp-block-group\"><div class=\"wp-block-group__inner-container is-layout-constrained wp-block-group-is-layout-constrained\"><div class=\"taxonomy-category wp-block-post-terms\"><a href=\"https:\/\/gicd.inf.um.es\/csidper\/usuario04\/category\/actividad-1\/\" rel=\"tag\">Actividad 1<\/a><span class=\"wp-block-post-terms__separator\">, <\/span><a href=\"https:\/\/gicd.inf.um.es\/csidper\/usuario04\/category\/actividad-1\/medio-ambiente\/\" rel=\"tag\">Medio Ambiente<\/a><\/div>\n\n<h2 class=\"wp-block-post-title\">El mayor retroceso de un glaciar en tierra, m\u00e1s de ocho kil\u00f3metros en solo dos meses: \u201cEs realmente espectacular\u201d<\/h2>\n\n<div class=\"wp-block-post-excerpt\"><p class=\"wp-block-post-excerpt__excerpt\">Investigadores de EE UU, Reino Unido, Canad\u00e1 y Francia han documentado un retroceso r\u00e9cord del glaciar Hektoria, en la pen\u00ednsula ant\u00e1rtica, de m\u00e1s de ocho kil\u00f3metros en solo dos meses. <\/p><\/div><\/div><\/div>\n\n\n\n<div style=\"height:30px\" aria-hidden=\"true\" class=\"wp-block-spacer\"><\/div>\n<\/div><\/div>\n\n<\/li><\/ul>\n\n<nav class=\"wp-block-query-pagination is-layout-flex wp-block-query-pagination-is-layout-flex\" aria-label=\"Paginaci\u00f3n\">\n\n\n<div class=\"wp-block-query-pagination-numbers\"><span aria-label=\"P\u00e1gina 1\" aria-current=\"page\" class=\"page-numbers current\">1<\/span>\n<a aria-label=\"P\u00e1gina 2\" class=\"page-numbers\" href=\"?query-6-page=2\">2<\/a>\n<a aria-label=\"P\u00e1gina 3\" class=\"page-numbers\" href=\"?query-6-page=3\">3<\/a><\/div>\n\n<a href=\"\/csidper\/usuario04\/wp-json\/wp\/v2\/pages\/172?query-6-page=2\" class=\"wp-block-query-pagination-next\">P\u00e1gina siguiente<\/a>\n<\/nav>\n\n<\/div>\n","protected":false},"excerpt":{"rendered":"<p>Peri\u00f3dico \u201cRADAR NEWS\u201d &#8211; Tu lugar de informaci\u00f3n precisa En Radar News analizamos y entregamos las noticias m\u00e1s relevantes del d\u00eda con claridad, rapidez y criterio, para que est\u00e9s un paso adelante en lo que realmente importa. Te invitamos a explorar nuestra p\u00e1gina, mantente informado, conecta con los hechos y descubre el mundo con Radar [&hellip;]<\/p>\n","protected":false},"author":1,"featured_media":0,"parent":0,"menu_order":0,"comment_status":"closed","ping_status":"closed","template":"","meta":{"footnotes":""},"class_list":["post-172","page","type-page","status-publish","hentry"],"_links":{"self":[{"href":"https:\/\/gicd.inf.um.es\/csidper\/usuario04\/wp-json\/wp\/v2\/pages\/172","targetHints":{"allow":["GET"]}}],"collection":[{"href":"https:\/\/gicd.inf.um.es\/csidper\/usuario04\/wp-json\/wp\/v2\/pages"}],"about":[{"href":"https:\/\/gicd.inf.um.es\/csidper\/usuario04\/wp-json\/wp\/v2\/types\/page"}],"author":[{"embeddable":true,"href":"https:\/\/gicd.inf.um.es\/csidper\/usuario04\/wp-json\/wp\/v2\/users\/1"}],"replies":[{"embeddable":true,"href":"https:\/\/gicd.inf.um.es\/csidper\/usuario04\/wp-json\/wp\/v2\/comments?post=172"}],"version-history":[{"count":25,"href":"https:\/\/gicd.inf.um.es\/csidper\/usuario04\/wp-json\/wp\/v2\/pages\/172\/revisions"}],"predecessor-version":[{"id":529,"href":"https:\/\/gicd.inf.um.es\/csidper\/usuario04\/wp-json\/wp\/v2\/pages\/172\/revisions\/529"}],"wp:attachment":[{"href":"https:\/\/gicd.inf.um.es\/csidper\/usuario04\/wp-json\/wp\/v2\/media?parent=172"}],"curies":[{"name":"wp","href":"https:\/\/api.w.org\/{rel}","templated":true}]}}