{"id":290,"date":"2025-11-27T13:40:20","date_gmt":"2025-11-27T12:40:20","guid":{"rendered":"https:\/\/gicd.inf.um.es\/csidper\/usuario14\/?page_id=290"},"modified":"2025-11-27T13:40:20","modified_gmt":"2025-11-27T12:40:20","slug":"todas-las-noticias","status":"publish","type":"page","link":"https:\/\/gicd.inf.um.es\/csidper\/usuario14\/todas-las-noticias\/","title":{"rendered":"Todas las noticias"},"content":{"rendered":"\n<div class=\"wp-block-query is-layout-flow wp-block-query-is-layout-flow\"><ul class=\"wp-block-post-template is-layout-flow wp-block-post-template-is-layout-flow\"><li class=\"wp-block-post post-432 post type-post status-publish format-standard has-post-thumbnail hentry category-drama tag-familia tag-historias-cruzadas\">\n\n<div class=\"wp-block-columns alignwide is-layout-flex wp-container-core-columns-is-layout-9d6595d7 wp-block-columns-is-layout-flex\">\n<div class=\"wp-block-column is-layout-flow wp-block-column-is-layout-flow\" style=\"flex-basis:66.66%\"><figure class=\"wp-block-post-featured-image\"><a href=\"https:\/\/gicd.inf.um.es\/csidper\/usuario14\/expatriadas\/\" target=\"_self\"  ><img loading=\"lazy\" decoding=\"async\" width=\"1920\" height=\"1080\" src=\"https:\/\/gicd.inf.um.es\/csidper\/usuario14\/wp-content\/uploads\/2025\/12\/expatriados-poster-1.jpg\" class=\"attachment-post-thumbnail size-post-thumbnail wp-post-image\" alt=\"Expatriadas\" style=\"object-fit:cover;\" srcset=\"https:\/\/gicd.inf.um.es\/csidper\/usuario14\/wp-content\/uploads\/2025\/12\/expatriados-poster-1.jpg 1920w, https:\/\/gicd.inf.um.es\/csidper\/usuario14\/wp-content\/uploads\/2025\/12\/expatriados-poster-1-300x169.jpg 300w, https:\/\/gicd.inf.um.es\/csidper\/usuario14\/wp-content\/uploads\/2025\/12\/expatriados-poster-1-1024x576.jpg 1024w, https:\/\/gicd.inf.um.es\/csidper\/usuario14\/wp-content\/uploads\/2025\/12\/expatriados-poster-1-768x432.jpg 768w, https:\/\/gicd.inf.um.es\/csidper\/usuario14\/wp-content\/uploads\/2025\/12\/expatriados-poster-1-1536x864.jpg 1536w, https:\/\/gicd.inf.um.es\/csidper\/usuario14\/wp-content\/uploads\/2025\/12\/expatriados-poster-1-1280x720.jpg 1280w\" sizes=\"auto, (max-width: 1920px) 100vw, 1920px\" \/><\/a><\/figure><\/div>\n\n\n\n<div class=\"wp-block-column is-layout-flow wp-block-column-is-layout-flow\" style=\"flex-basis:33.33%\"><h2 class=\"wp-block-post-title\"><a href=\"https:\/\/gicd.inf.um.es\/csidper\/usuario14\/expatriadas\/\" target=\"_self\" >Expatriadas<\/a><\/h2>\n\n<div class=\"wp-block-post-excerpt\"><p class=\"wp-block-post-excerpt__excerpt\">En el vibrante y tumultuoso Hong Kong de 2014, las vidas de tres mujeres estadounidenses -Margaret, Hilary y Mercy- se cruzan tras una repentina tragedia familiar. <\/p><\/div><\/div>\n<\/div>\n\n<\/li><li class=\"wp-block-post post-435 post type-post status-publish format-standard has-post-thumbnail hentry category-accion category-ciencia-ficcion category-drama category-terror category-thriller tag-futuro-postapocaliptico tag-pandemias tag-videojuego\">\n\n<div class=\"wp-block-columns alignwide is-layout-flex wp-container-core-columns-is-layout-9d6595d7 wp-block-columns-is-layout-flex\">\n<div class=\"wp-block-column is-layout-flow wp-block-column-is-layout-flow\" style=\"flex-basis:66.66%\"><figure class=\"wp-block-post-featured-image\"><a href=\"https:\/\/gicd.inf.um.es\/csidper\/usuario14\/the-last-of-us\/\" target=\"_self\"  ><img loading=\"lazy\" decoding=\"async\" width=\"1920\" height=\"1080\" src=\"https:\/\/gicd.inf.um.es\/csidper\/usuario14\/wp-content\/uploads\/2025\/12\/tlou-poster-1.jpg\" class=\"attachment-post-thumbnail size-post-thumbnail wp-post-image\" alt=\"The Last of Us\" style=\"object-fit:cover;\" srcset=\"https:\/\/gicd.inf.um.es\/csidper\/usuario14\/wp-content\/uploads\/2025\/12\/tlou-poster-1.jpg 1920w, https:\/\/gicd.inf.um.es\/csidper\/usuario14\/wp-content\/uploads\/2025\/12\/tlou-poster-1-300x169.jpg 300w, https:\/\/gicd.inf.um.es\/csidper\/usuario14\/wp-content\/uploads\/2025\/12\/tlou-poster-1-1024x576.jpg 1024w, https:\/\/gicd.inf.um.es\/csidper\/usuario14\/wp-content\/uploads\/2025\/12\/tlou-poster-1-768x432.jpg 768w, https:\/\/gicd.inf.um.es\/csidper\/usuario14\/wp-content\/uploads\/2025\/12\/tlou-poster-1-1536x864.jpg 1536w, https:\/\/gicd.inf.um.es\/csidper\/usuario14\/wp-content\/uploads\/2025\/12\/tlou-poster-1-1280x720.jpg 1280w\" sizes=\"auto, (max-width: 1920px) 100vw, 1920px\" \/><\/a><\/figure><\/div>\n\n\n\n<div class=\"wp-block-column is-layout-flow wp-block-column-is-layout-flow\" style=\"flex-basis:33.33%\"><h2 class=\"wp-block-post-title\"><a href=\"https:\/\/gicd.inf.um.es\/csidper\/usuario14\/the-last-of-us\/\" target=\"_self\" >The Last of Us<\/a><\/h2>\n\n<div class=\"wp-block-post-excerpt\"><p class=\"wp-block-post-excerpt__excerpt\">Despu\u00e9s de que una pandemia mundial destruye la civilizaci\u00f3n, un superviviente endurecido se hace cargo de una ni\u00f1a de 14 a\u00f1os que puede ser la \u00faltima esperanza de la humanidad. <\/p><\/div><\/div>\n<\/div>\n\n<\/li><li class=\"wp-block-post post-301 post type-post status-publish format-standard has-post-thumbnail hentry category-sin-categoria\">\n\n<div class=\"wp-block-columns alignwide is-layout-flex wp-container-core-columns-is-layout-9d6595d7 wp-block-columns-is-layout-flex\">\n<div class=\"wp-block-column is-layout-flow wp-block-column-is-layout-flow\" style=\"flex-basis:66.66%\"><figure class=\"wp-block-post-featured-image\"><a href=\"https:\/\/gicd.inf.um.es\/csidper\/usuario14\/la-magia-de-la-loteria-de-navidad-por-encima-de-lo-que-dicen-las-cifras\/\" target=\"_self\"  ><img loading=\"lazy\" decoding=\"async\" width=\"1024\" height=\"512\" src=\"https:\/\/gicd.inf.um.es\/csidper\/usuario14\/wp-content\/uploads\/2025\/11\/efe-bombo-U15066108656cDv-1024x512@abc.webp\" class=\"attachment-post-thumbnail size-post-thumbnail wp-post-image\" alt=\"La magia de la Loter\u00eda de Navidad, por encima de lo que dicen las cifras\" style=\"object-fit:cover;\" srcset=\"https:\/\/gicd.inf.um.es\/csidper\/usuario14\/wp-content\/uploads\/2025\/11\/efe-bombo-U15066108656cDv-1024x512@abc.webp 1024w, https:\/\/gicd.inf.um.es\/csidper\/usuario14\/wp-content\/uploads\/2025\/11\/efe-bombo-U15066108656cDv-1024x512@abc-300x150.webp 300w, https:\/\/gicd.inf.um.es\/csidper\/usuario14\/wp-content\/uploads\/2025\/11\/efe-bombo-U15066108656cDv-1024x512@abc-768x384.webp 768w\" sizes=\"auto, (max-width: 1024px) 100vw, 1024px\" \/><\/a><\/figure><\/div>\n\n\n\n<div class=\"wp-block-column is-layout-flow wp-block-column-is-layout-flow\" style=\"flex-basis:33.33%\"><h2 class=\"wp-block-post-title\"><a href=\"https:\/\/gicd.inf.um.es\/csidper\/usuario14\/la-magia-de-la-loteria-de-navidad-por-encima-de-lo-que-dicen-las-cifras\/\" target=\"_self\" >La magia de la Loter\u00eda de Navidad, por encima de lo que dicen las cifras<\/a><\/h2>\n\n<div class=\"wp-block-post-excerpt\"><p class=\"wp-block-post-excerpt__excerpt\">Las opciones de quedarse sin premio rondan el 85%, mientras que lograr el Gordo apenas alcanza un 0,001% Participar en la Loter\u00eda de Navidad dif\u00edcilmente se puede justificar desde el punto de vista de la estad\u00edstica. Su atractivo suele residir en otros factores: el componente social que acompa\u00f1a al sorteo, la tradici\u00f3n que representa o&hellip; <\/p><\/div><\/div>\n<\/div>\n\n<\/li><li class=\"wp-block-post post-274 post type-post status-publish format-standard has-post-thumbnail hentry category-gastronomia tag-cocina tag-karlos-arguinano tag-programas tag-recetas tag-sabor tag-television\">\n\n<div class=\"wp-block-columns alignwide is-layout-flex wp-container-core-columns-is-layout-9d6595d7 wp-block-columns-is-layout-flex\">\n<div class=\"wp-block-column is-layout-flow wp-block-column-is-layout-flow\" style=\"flex-basis:66.66%\"><figure class=\"wp-block-post-featured-image\"><a href=\"https:\/\/gicd.inf.um.es\/csidper\/usuario14\/karlos-arguinano-38-anos-de-sabor-y-cercania-en-la-cocina-televisiva\/\" target=\"_self\"  ><img loading=\"lazy\" decoding=\"async\" width=\"1200\" height=\"784\" src=\"https:\/\/gicd.inf.um.es\/csidper\/usuario14\/wp-content\/uploads\/2025\/11\/5SHUV52K7RPVVKSMMILH6ESXQM.avif\" class=\"attachment-post-thumbnail size-post-thumbnail wp-post-image\" alt=\"Karlos Argui\u00f1ano, 38 a\u00f1os de sabor y cercan\u00eda en la cocina televisiva\" style=\"object-fit:cover;\" srcset=\"https:\/\/gicd.inf.um.es\/csidper\/usuario14\/wp-content\/uploads\/2025\/11\/5SHUV52K7RPVVKSMMILH6ESXQM.avif 1200w, https:\/\/gicd.inf.um.es\/csidper\/usuario14\/wp-content\/uploads\/2025\/11\/5SHUV52K7RPVVKSMMILH6ESXQM-300x196.jpg 300w, https:\/\/gicd.inf.um.es\/csidper\/usuario14\/wp-content\/uploads\/2025\/11\/5SHUV52K7RPVVKSMMILH6ESXQM-1024x669.jpg 1024w, https:\/\/gicd.inf.um.es\/csidper\/usuario14\/wp-content\/uploads\/2025\/11\/5SHUV52K7RPVVKSMMILH6ESXQM-768x502.jpg 768w\" sizes=\"auto, (max-width: 1200px) 100vw, 1200px\" \/><\/a><\/figure><\/div>\n\n\n\n<div class=\"wp-block-column is-layout-flow wp-block-column-is-layout-flow\" style=\"flex-basis:33.33%\"><h2 class=\"wp-block-post-title\"><a href=\"https:\/\/gicd.inf.um.es\/csidper\/usuario14\/karlos-arguinano-38-anos-de-sabor-y-cercania-en-la-cocina-televisiva\/\" target=\"_self\" >Karlos Argui\u00f1ano, 38 a\u00f1os de sabor y cercan\u00eda en la cocina televisiva<\/a><\/h2>\n\n<div class=\"wp-block-post-excerpt\"><p class=\"wp-block-post-excerpt__excerpt\">El chef vasco sigue conquistando hogares con recetas sencillas, saludables y pensadas para todos, incluso a los 77 a\u00f1os. Su \u00faltimo libro recopila 560 platos que demuestran que cocinar puede ser f\u00e1cil y delicioso Karlos Argui\u00f1ano, natural de Beasain, Gipuzkoa, lleva casi cuatro d\u00e9cadas llevando la cocina a la televisi\u00f3n. A lo largo de 38&hellip; <\/p><\/div><\/div>\n<\/div>\n\n<\/li><li class=\"wp-block-post post-265 post type-post status-publish format-standard has-post-thumbnail hentry category-gastronomia tag-comida tag-espana tag-foodie tag-gastronomia tag-jamon tag-paella tag-tortilla\">\n\n<div class=\"wp-block-columns alignwide is-layout-flex wp-container-core-columns-is-layout-9d6595d7 wp-block-columns-is-layout-flex\">\n<div class=\"wp-block-column is-layout-flow wp-block-column-is-layout-flow\" style=\"flex-basis:66.66%\"><figure class=\"wp-block-post-featured-image\"><a href=\"https:\/\/gicd.inf.um.es\/csidper\/usuario14\/la-paella-por-bandera-como-la-comida-puede-convertirse-en-un-elemento-identitario-y-un-arma-diplomatica\/\" target=\"_self\"  ><img loading=\"lazy\" decoding=\"async\" width=\"1024\" height=\"683\" src=\"https:\/\/gicd.inf.um.es\/csidper\/usuario14\/wp-content\/uploads\/2025\/11\/Paella-Meeresfruchte-mariscos-Weinfreunde-Tempranillo-1024x683-1.jpg\" class=\"attachment-post-thumbnail size-post-thumbnail wp-post-image\" alt=\"La paella por bandera: c\u00f3mo la comida puede convertirse en un elemento identitario y un arma diplom\u00e1tica\" style=\"object-fit:cover;\" srcset=\"https:\/\/gicd.inf.um.es\/csidper\/usuario14\/wp-content\/uploads\/2025\/11\/Paella-Meeresfruchte-mariscos-Weinfreunde-Tempranillo-1024x683-1.jpg 1024w, https:\/\/gicd.inf.um.es\/csidper\/usuario14\/wp-content\/uploads\/2025\/11\/Paella-Meeresfruchte-mariscos-Weinfreunde-Tempranillo-1024x683-1-300x200.jpg 300w, https:\/\/gicd.inf.um.es\/csidper\/usuario14\/wp-content\/uploads\/2025\/11\/Paella-Meeresfruchte-mariscos-Weinfreunde-Tempranillo-1024x683-1-768x512.jpg 768w\" sizes=\"auto, (max-width: 1024px) 100vw, 1024px\" \/><\/a><\/figure><\/div>\n\n\n\n<div class=\"wp-block-column is-layout-flow wp-block-column-is-layout-flow\" style=\"flex-basis:33.33%\"><h2 class=\"wp-block-post-title\"><a href=\"https:\/\/gicd.inf.um.es\/csidper\/usuario14\/la-paella-por-bandera-como-la-comida-puede-convertirse-en-un-elemento-identitario-y-un-arma-diplomatica\/\" target=\"_self\" >La paella por bandera: c\u00f3mo la comida puede convertirse en un elemento identitario y un arma diplom\u00e1tica<\/a><\/h2>\n\n<div class=\"wp-block-post-excerpt\"><p class=\"wp-block-post-excerpt__excerpt\">Un estudio revela c\u00f3mo los banquetes de Estado se han convertido en herramientas diplom\u00e1ticas y destaca el papel del gastronacionalismo Los s\u00edmbolos nacionales suelen asociarse con grandes gestos: banderas, himnos o monumentos que condensan una identidad. Sin embargo, a veces lo m\u00e1s representativo de un pa\u00eds cabe en un plato. La comida, cotidiana y aparentemente&hellip; <\/p><\/div><\/div>\n<\/div>\n\n<\/li><li class=\"wp-block-post post-256 post type-post status-publish format-standard has-post-thumbnail hentry category-cultura tag-ariana-grande tag-cine tag-cultura tag-cynthia-erivo tag-feminismo tag-musical tag-pelicula tag-wicked\">\n\n<div class=\"wp-block-columns alignwide is-layout-flex wp-container-core-columns-is-layout-9d6595d7 wp-block-columns-is-layout-flex\">\n<div class=\"wp-block-column is-layout-flow wp-block-column-is-layout-flow\" style=\"flex-basis:66.66%\"><figure class=\"wp-block-post-featured-image\"><a href=\"https:\/\/gicd.inf.um.es\/csidper\/usuario14\/wicked-2-un-poderoso-musical-feminista-que-desafia-el-odio-y-brilla-con-cynthia-erivo-y-ariana-grande\/\" target=\"_self\"  ><img loading=\"lazy\" decoding=\"async\" width=\"736\" height=\"460\" src=\"https:\/\/gicd.inf.um.es\/csidper\/usuario14\/wp-content\/uploads\/2025\/11\/9a7fca4f45a32481ab18f7583057299f.jpg\" class=\"attachment-post-thumbnail size-post-thumbnail wp-post-image\" alt=\"\u2018Wicked 2\u2019: un poderoso musical feminista que desaf\u00eda el odio y brilla con Cynthia Erivo y Ariana Grande\" style=\"object-fit:cover;\" srcset=\"https:\/\/gicd.inf.um.es\/csidper\/usuario14\/wp-content\/uploads\/2025\/11\/9a7fca4f45a32481ab18f7583057299f.jpg 736w, https:\/\/gicd.inf.um.es\/csidper\/usuario14\/wp-content\/uploads\/2025\/11\/9a7fca4f45a32481ab18f7583057299f-300x188.jpg 300w\" sizes=\"auto, (max-width: 736px) 100vw, 736px\" \/><\/a><\/figure><\/div>\n\n\n\n<div class=\"wp-block-column is-layout-flow wp-block-column-is-layout-flow\" style=\"flex-basis:33.33%\"><h2 class=\"wp-block-post-title\"><a href=\"https:\/\/gicd.inf.um.es\/csidper\/usuario14\/wicked-2-un-poderoso-musical-feminista-que-desafia-el-odio-y-brilla-con-cynthia-erivo-y-ariana-grande\/\" target=\"_self\" >\u2018Wicked 2\u2019: un poderoso musical feminista que desaf\u00eda el odio y brilla con Cynthia Erivo y Ariana Grande<\/a><\/h2>\n\n<div class=\"wp-block-post-excerpt\"><p class=\"wp-block-post-excerpt__excerpt\">\u2018Wicked 2\u2019 aterriza en la cartelera con la ambici\u00f3n de ampliar el universo del exitoso musical de Broadway y, al mismo tiempo, lanzar una reflexi\u00f3n directa sobre el clima pol\u00edtico y social contempor\u00e1neo. Si la primera parte ya planteaba la historia de Elphaba como un relato de empoderamiento femenino, esta secuela apuesta abiertamente por desmontar&hellip; <\/p><\/div><\/div>\n<\/div>\n\n<\/li><li class=\"wp-block-post post-243 post type-post status-publish format-standard has-post-thumbnail hentry category-gastronomia category-sociedad tag-campbell tag-sociedad tag-sopa\">\n\n<div class=\"wp-block-columns alignwide is-layout-flex wp-container-core-columns-is-layout-9d6595d7 wp-block-columns-is-layout-flex\">\n<div class=\"wp-block-column is-layout-flow wp-block-column-is-layout-flow\" style=\"flex-basis:66.66%\"><figure class=\"wp-block-post-featured-image\"><a href=\"https:\/\/gicd.inf.um.es\/csidper\/usuario14\/un-directivo-de-campbells-habria-descalificado-sus-propias-sopas-como-alimento-para-pobres-segun-una-demanda-presentada-por-un-exempleado\/\" target=\"_self\"  ><img loading=\"lazy\" decoding=\"async\" width=\"1280\" height=\"720\" src=\"https:\/\/gicd.inf.um.es\/csidper\/usuario14\/wp-content\/uploads\/2025\/11\/Sopa-Campbell.webp\" class=\"attachment-post-thumbnail size-post-thumbnail wp-post-image\" alt=\"Un directivo de Campbell\u2019s habr\u00eda descalificado sus propias sopas como \u201calimento para pobres\u201d, seg\u00fan una demanda presentada por un exempleado\" style=\"object-fit:cover;\" srcset=\"https:\/\/gicd.inf.um.es\/csidper\/usuario14\/wp-content\/uploads\/2025\/11\/Sopa-Campbell.webp 1280w, https:\/\/gicd.inf.um.es\/csidper\/usuario14\/wp-content\/uploads\/2025\/11\/Sopa-Campbell-300x169.webp 300w, https:\/\/gicd.inf.um.es\/csidper\/usuario14\/wp-content\/uploads\/2025\/11\/Sopa-Campbell-1024x576.webp 1024w, https:\/\/gicd.inf.um.es\/csidper\/usuario14\/wp-content\/uploads\/2025\/11\/Sopa-Campbell-768x432.webp 768w\" sizes=\"auto, (max-width: 1280px) 100vw, 1280px\" \/><\/a><\/figure><\/div>\n\n\n\n<div class=\"wp-block-column is-layout-flow wp-block-column-is-layout-flow\" style=\"flex-basis:33.33%\"><h2 class=\"wp-block-post-title\"><a href=\"https:\/\/gicd.inf.um.es\/csidper\/usuario14\/un-directivo-de-campbells-habria-descalificado-sus-propias-sopas-como-alimento-para-pobres-segun-una-demanda-presentada-por-un-exempleado\/\" target=\"_self\" >Un directivo de Campbell\u2019s habr\u00eda descalificado sus propias sopas como \u201calimento para pobres\u201d, seg\u00fan una demanda presentada por un exempleado<\/a><\/h2>\n\n<div class=\"wp-block-post-excerpt\"><p class=\"wp-block-post-excerpt__excerpt\">Suspenden a un alto directivo de Campbell\u2019s tras la difusi\u00f3n de un audio con comentarios racistasLa compa\u00f1\u00eda investiga la grabaci\u00f3n atribuida a Martin Bally, mencionada en una demanda por despido improcedente presentada por un exanalista de seguridad Un directivo de Campbell\u2019s Soup Company ha sido apartado temporalmente de sus funciones despu\u00e9s de que saliera a&hellip; <\/p><\/div><\/div>\n<\/div>\n\n<\/li><li class=\"wp-block-post post-238 post type-post status-publish format-standard has-post-thumbnail hentry category-ciencia-y-tecnologia category-sin-categoria tag-ciencia tag-educacion tag-organkits tag-organos tag-umu\">\n\n<div class=\"wp-block-columns alignwide is-layout-flex wp-container-core-columns-is-layout-9d6595d7 wp-block-columns-is-layout-flex\">\n<div class=\"wp-block-column is-layout-flow wp-block-column-is-layout-flow\" style=\"flex-basis:66.66%\"><figure class=\"wp-block-post-featured-image\"><a href=\"https:\/\/gicd.inf.um.es\/csidper\/usuario14\/organkits-un-proyecto-europeo-liderado-por-la-umu-que-promueve-la-educacion-steam-con-organos-plastinados\/\" target=\"_self\"  ><img loading=\"lazy\" decoding=\"async\" width=\"432\" height=\"350\" src=\"https:\/\/gicd.inf.um.es\/csidper\/usuario14\/wp-content\/uploads\/2025\/11\/OrganKits-maletines-1-1.png\" class=\"attachment-post-thumbnail size-post-thumbnail wp-post-image\" alt=\"OrganKits, un proyecto europeo liderado por la UMU que promueve la educaci\u00f3n STEAM con \u00f3rganos plastinados\" style=\"object-fit:cover;\" srcset=\"https:\/\/gicd.inf.um.es\/csidper\/usuario14\/wp-content\/uploads\/2025\/11\/OrganKits-maletines-1-1.png 432w, https:\/\/gicd.inf.um.es\/csidper\/usuario14\/wp-content\/uploads\/2025\/11\/OrganKits-maletines-1-1-300x243.png 300w\" sizes=\"auto, (max-width: 432px) 100vw, 432px\" \/><\/a><\/figure><\/div>\n\n\n\n<div class=\"wp-block-column is-layout-flow wp-block-column-is-layout-flow\" style=\"flex-basis:33.33%\"><h2 class=\"wp-block-post-title\"><a href=\"https:\/\/gicd.inf.um.es\/csidper\/usuario14\/organkits-un-proyecto-europeo-liderado-por-la-umu-que-promueve-la-educacion-steam-con-organos-plastinados\/\" target=\"_self\" >OrganKits, un proyecto europeo liderado por la UMU que promueve la educaci\u00f3n STEAM con \u00f3rganos plastinados<\/a><\/h2>\n\n<div class=\"wp-block-post-excerpt\"><p class=\"wp-block-post-excerpt__excerpt\">La Universidad de Murcia coordina un proyecto Erasmus Plus que introduce un enfoque innovador en el aprendizaje STEAM a trav\u00e9s de kits de \u00f3rganos plastinados en centros de Educaci\u00f3n Secundaria europeos Coordinado por los profesores Octavio L\u00f3pez Albors y Rafael Latorre Reviriego, de la Facultad de Veterinaria, junto a M\u00aa Paz Prendes Espinosa, de la&hellip; <\/p><\/div><\/div>\n<\/div>\n\n<\/li><li class=\"wp-block-post post-223 post type-post status-publish format-standard has-post-thumbnail hentry category-ciencia-y-tecnologia category-cultura tag-excavacion tag-paleoparasitologia tag-region-de-murcia tag-san-esteban tag-umu\">\n\n<div class=\"wp-block-columns alignwide is-layout-flex wp-container-core-columns-is-layout-9d6595d7 wp-block-columns-is-layout-flex\">\n<div class=\"wp-block-column is-layout-flow wp-block-column-is-layout-flow\" style=\"flex-basis:66.66%\"><figure class=\"wp-block-post-featured-image\"><a href=\"https:\/\/gicd.inf.um.es\/csidper\/usuario14\/parasitos-intestinales-ayudan-a-un-equipo-de-cientificos-internacional-a-reconstruir-la-murcia-islamica-segun-un-estudio-de-la-umu\/\" target=\"_self\"  ><img loading=\"lazy\" decoding=\"async\" width=\"1280\" height=\"720\" src=\"https:\/\/gicd.inf.um.es\/csidper\/usuario14\/wp-content\/uploads\/2025\/11\/excavacion-grupo-arqueologia-patrimonio-mediterraneo-occidental-umu-junto-investigadores-universidad-granada-evora-portugal-borgona-francia_69.jpg\" class=\"attachment-post-thumbnail size-post-thumbnail wp-post-image\" alt=\"Par\u00e1sitos intestinales ayudan a un equipo de cient\u00edficos internacional a reconstruir la Murcia isl\u00e1mica, seg\u00fan un estudio de la UMU\" style=\"object-fit:cover;\" srcset=\"https:\/\/gicd.inf.um.es\/csidper\/usuario14\/wp-content\/uploads\/2025\/11\/excavacion-grupo-arqueologia-patrimonio-mediterraneo-occidental-umu-junto-investigadores-universidad-granada-evora-portugal-borgona-francia_69.jpg 1280w, https:\/\/gicd.inf.um.es\/csidper\/usuario14\/wp-content\/uploads\/2025\/11\/excavacion-grupo-arqueologia-patrimonio-mediterraneo-occidental-umu-junto-investigadores-universidad-granada-evora-portugal-borgona-francia_69-300x169.jpg 300w, https:\/\/gicd.inf.um.es\/csidper\/usuario14\/wp-content\/uploads\/2025\/11\/excavacion-grupo-arqueologia-patrimonio-mediterraneo-occidental-umu-junto-investigadores-universidad-granada-evora-portugal-borgona-francia_69-1024x576.jpg 1024w, https:\/\/gicd.inf.um.es\/csidper\/usuario14\/wp-content\/uploads\/2025\/11\/excavacion-grupo-arqueologia-patrimonio-mediterraneo-occidental-umu-junto-investigadores-universidad-granada-evora-portugal-borgona-francia_69-768x432.jpg 768w\" sizes=\"auto, (max-width: 1280px) 100vw, 1280px\" \/><\/a><\/figure><\/div>\n\n\n\n<div class=\"wp-block-column is-layout-flow wp-block-column-is-layout-flow\" style=\"flex-basis:33.33%\"><h2 class=\"wp-block-post-title\"><a href=\"https:\/\/gicd.inf.um.es\/csidper\/usuario14\/parasitos-intestinales-ayudan-a-un-equipo-de-cientificos-internacional-a-reconstruir-la-murcia-islamica-segun-un-estudio-de-la-umu\/\" target=\"_self\" >Par\u00e1sitos intestinales ayudan a un equipo de cient\u00edficos internacional a reconstruir la Murcia isl\u00e1mica, seg\u00fan un estudio de la UMU<\/a><\/h2>\n\n<div class=\"wp-block-post-excerpt\"><p class=\"wp-block-post-excerpt__excerpt\">Por primera vez, un estudio paleoparasitol\u00f3gico demuestra la existencia de letrinas en niveles superiores de edificios isl\u00e1micos peninsulares Un estudio paleoparasitol\u00f3gico, disciplina que estudia los restos de par\u00e1sitos en contextos arqueol\u00f3gicos, confirma la existencia de antiguas letrinas y sistemas de evacuaci\u00f3n de aguas residuales en un funduq (una especie de hostal o alh\u00f3ndiga andalus\u00ed) del&hellip; <\/p><\/div><\/div>\n<\/div>\n\n<\/li><li class=\"wp-block-post post-207 post type-post status-publish format-standard has-post-thumbnail hentry category-politica category-sociedad tag-croem tag-financiacion tag-gobierno tag-politica tag-region-de-murcia tag-trasvase\">\n\n<div class=\"wp-block-columns alignwide is-layout-flex wp-container-core-columns-is-layout-9d6595d7 wp-block-columns-is-layout-flex\">\n<div class=\"wp-block-column is-layout-flow wp-block-column-is-layout-flow\" style=\"flex-basis:66.66%\"><figure class=\"wp-block-post-featured-image\"><a href=\"https:\/\/gicd.inf.um.es\/csidper\/usuario14\/lopez-miras-y-la-croem-se-reunen-ante-la-falta-de-financiacion-y-el-riesgo-para-el-trasvase\/\" target=\"_self\"  ><img loading=\"lazy\" decoding=\"async\" width=\"442\" height=\"280\" src=\"https:\/\/gicd.inf.um.es\/csidper\/usuario14\/wp-content\/uploads\/2025\/11\/th-1.jpeg\" class=\"attachment-post-thumbnail size-post-thumbnail wp-post-image\" alt=\"L\u00f3pez Miras y la CROEM se re\u00fanen ante la falta de financiaci\u00f3n y el riesgo para el trasvase\" style=\"object-fit:cover;\" srcset=\"https:\/\/gicd.inf.um.es\/csidper\/usuario14\/wp-content\/uploads\/2025\/11\/th-1.jpeg 442w, https:\/\/gicd.inf.um.es\/csidper\/usuario14\/wp-content\/uploads\/2025\/11\/th-1-300x190.jpeg 300w\" sizes=\"auto, (max-width: 442px) 100vw, 442px\" \/><\/a><\/figure><\/div>\n\n\n\n<div class=\"wp-block-column is-layout-flow wp-block-column-is-layout-flow\" style=\"flex-basis:33.33%\"><h2 class=\"wp-block-post-title\"><a href=\"https:\/\/gicd.inf.um.es\/csidper\/usuario14\/lopez-miras-y-la-croem-se-reunen-ante-la-falta-de-financiacion-y-el-riesgo-para-el-trasvase\/\" target=\"_self\" >L\u00f3pez Miras y la CROEM se re\u00fanen ante la falta de financiaci\u00f3n y el riesgo para el trasvase<\/a><\/h2>\n\n<div class=\"wp-block-post-excerpt\"><p class=\"wp-block-post-excerpt__excerpt\">El presidente regional y el m\u00e1ximo representante de CROEM abordan la aplicaci\u00f3n de la Ley de Simplificaci\u00f3n Administrativa, la falta de inversiones estatales y la amenaza de un recorte del Tajo-Segura El jefe del Ejecutivo murciano, Fernando L\u00f3pez Miras, mantuvo esta ma\u00f1ana un encuentro de trabajo con el presidente de la Confederaci\u00f3n Regional de Organizaciones&hellip; <\/p><\/div><\/div>\n<\/div>\n\n<\/li><\/ul><\/div>\n","protected":false},"excerpt":{"rendered":"","protected":false},"author":1,"featured_media":0,"parent":0,"menu_order":0,"comment_status":"closed","ping_status":"closed","template":"","meta":{"footnotes":""},"class_list":["post-290","page","type-page","status-publish","hentry"],"_links":{"self":[{"href":"https:\/\/gicd.inf.um.es\/csidper\/usuario14\/wp-json\/wp\/v2\/pages\/290","targetHints":{"allow":["GET"]}}],"collection":[{"href":"https:\/\/gicd.inf.um.es\/csidper\/usuario14\/wp-json\/wp\/v2\/pages"}],"about":[{"href":"https:\/\/gicd.inf.um.es\/csidper\/usuario14\/wp-json\/wp\/v2\/types\/page"}],"author":[{"embeddable":true,"href":"https:\/\/gicd.inf.um.es\/csidper\/usuario14\/wp-json\/wp\/v2\/users\/1"}],"replies":[{"embeddable":true,"href":"https:\/\/gicd.inf.um.es\/csidper\/usuario14\/wp-json\/wp\/v2\/comments?post=290"}],"version-history":[{"count":1,"href":"https:\/\/gicd.inf.um.es\/csidper\/usuario14\/wp-json\/wp\/v2\/pages\/290\/revisions"}],"predecessor-version":[{"id":291,"href":"https:\/\/gicd.inf.um.es\/csidper\/usuario14\/wp-json\/wp\/v2\/pages\/290\/revisions\/291"}],"wp:attachment":[{"href":"https:\/\/gicd.inf.um.es\/csidper\/usuario14\/wp-json\/wp\/v2\/media?parent=290"}],"curies":[{"name":"wp","href":"https:\/\/api.w.org\/{rel}","templated":true}]}}