{"id":193,"date":"2025-11-10T13:11:39","date_gmt":"2025-11-10T12:11:39","guid":{"rendered":"https:\/\/gicd.inf.um.es\/csidper\/usuario15\/?page_id=193"},"modified":"2025-11-22T10:43:29","modified_gmt":"2025-11-22T09:43:29","slug":"la-opinion-de-murcia","status":"publish","type":"page","link":"https:\/\/gicd.inf.um.es\/csidper\/usuario15\/la-opinion-de-murcia\/","title":{"rendered":"ACTIVIDAD 1"},"content":{"rendered":"\n<figure class=\"wp-block-gallery has-nested-images columns-default is-cropped wp-block-gallery-1 is-layout-flex wp-block-gallery-is-layout-flex\">\n<figure class=\"wp-block-image size-large\"><img loading=\"lazy\" decoding=\"async\" width=\"791\" height=\"121\" data-id=\"200\" src=\"https:\/\/gicd.inf.um.es\/csidper\/usuario15\/wp-content\/uploads\/2025\/11\/Captura-de-pantalla-2025-11-10-133118.png\" alt=\"\" class=\"wp-image-200\" srcset=\"https:\/\/gicd.inf.um.es\/csidper\/usuario15\/wp-content\/uploads\/2025\/11\/Captura-de-pantalla-2025-11-10-133118.png 791w, https:\/\/gicd.inf.um.es\/csidper\/usuario15\/wp-content\/uploads\/2025\/11\/Captura-de-pantalla-2025-11-10-133118-300x46.png 300w, https:\/\/gicd.inf.um.es\/csidper\/usuario15\/wp-content\/uploads\/2025\/11\/Captura-de-pantalla-2025-11-10-133118-768x117.png 768w\" sizes=\"auto, (max-width: 791px) 100vw, 791px\" \/><\/figure>\n<\/figure>\n\n\n\n<p>En esta p\u00e1gina encontrar\u00e1s una <strong>selecci\u00f3n de noticias y acontecimientos recientes relacionados con la Regi\u00f3n de Murcia<\/strong>, reunidos con el objetivo de ofrecer una visi\u00f3n variada y accesible de la actualidad.<\/p>\n\n\n\n<p>Nuestro equipo ha recopilado diferentes temas de <strong>inter\u00e9s general<\/strong> para mostrarlos de forma clara, ordenada y contextualizada, creando un espacio informativo pensado para quienes quieren mantenerse al d\u00eda sin complicaciones.<\/p>\n\n\n\n<p class=\"has-small-font-size\">*<strong>Si te interesa seguir descubriendo m\u00e1s contenidos sobre lo que ocurre en la regi\u00f3n, puedes suscribirte a nuestro <em>Newsletter<\/em>, donde compartimos nuevas publicaciones y actualizaciones.<\/strong>*<\/p>\n\n\n\n<figure class=\"wp-block-pullquote has-medium-font-size\"><blockquote><p>\u00abEntre el trabajo y la familia no tengo tiempo para leer el peri\u00f3dico , pero gracias a mi suscripci\u00f3n estoy al d\u00eda\u00bb<\/p><cite>Ana mar\u00eda p\u00e9rez<\/cite><\/blockquote><\/figure>\n\n\n\n<div style=\"height:76px\" aria-hidden=\"true\" class=\"wp-block-spacer\"><\/div>\n\n\n\n<h2 class=\"wp-block-heading has-vivid-red-color has-text-color has-link-color has-medium-font-size wp-elements-352d77c45869032d3b716d502535a9df\">Ponte al d\u00eda con las \u00faltimas noticias: <\/h2>\n\n\n\n<div class=\"wp-block-query is-layout-flow wp-block-query-is-layout-flow\"><ul class=\"wp-block-post-template is-layout-flow wp-block-post-template-is-layout-flow\"><li class=\"wp-block-post post-288 post type-post status-publish format-standard has-post-thumbnail hentry category-actividad-1 category-gripe category-salud tag-ajo tag-alimentos tag-cebolla tag-covid tag-deporte tag-gripe tag-medicina-natural tag-sistema-inmune\">\n\n<div class=\"wp-block-columns are-vertically-aligned-center is-layout-flex wp-container-core-columns-is-layout-9d6595d7 wp-block-columns-is-layout-flex\">\n<div class=\"wp-block-column is-vertically-aligned-center is-layout-flow wp-block-column-is-layout-flow\" style=\"flex-basis:25%\"><figure class=\"wp-block-post-featured-image\"><a href=\"https:\/\/gicd.inf.um.es\/csidper\/usuario15\/tienes-gripe-estos-son-los-mejores-alimentos-para-combatir-los-sintomas-rapidamente\/\" target=\"_self\"  ><img loading=\"lazy\" decoding=\"async\" width=\"1200\" height=\"675\" src=\"https:\/\/gicd.inf.um.es\/csidper\/usuario15\/wp-content\/uploads\/2025\/11\/ajos-para-gripe.webp\" class=\"attachment-post-thumbnail size-post-thumbnail wp-post-image\" alt=\"\u00bfTienes gripe? Estos son los mejores alimentos para combatir los s\u00edntomas r\u00e1pidamente\" style=\"object-fit:cover;\" srcset=\"https:\/\/gicd.inf.um.es\/csidper\/usuario15\/wp-content\/uploads\/2025\/11\/ajos-para-gripe.webp 1200w, https:\/\/gicd.inf.um.es\/csidper\/usuario15\/wp-content\/uploads\/2025\/11\/ajos-para-gripe-300x169.webp 300w, https:\/\/gicd.inf.um.es\/csidper\/usuario15\/wp-content\/uploads\/2025\/11\/ajos-para-gripe-1024x576.webp 1024w, https:\/\/gicd.inf.um.es\/csidper\/usuario15\/wp-content\/uploads\/2025\/11\/ajos-para-gripe-768x432.webp 768w\" sizes=\"auto, (max-width: 1200px) 100vw, 1200px\" \/><\/a><\/figure><\/div>\n\n\n\n<div class=\"wp-block-column is-vertically-aligned-center is-layout-flow wp-block-column-is-layout-flow\" style=\"flex-basis:80%\"><h2 class=\"wp-block-post-title\"><a href=\"https:\/\/gicd.inf.um.es\/csidper\/usuario15\/tienes-gripe-estos-son-los-mejores-alimentos-para-combatir-los-sintomas-rapidamente\/\" target=\"_blank\" >\u00bfTienes gripe? Estos son los mejores alimentos para combatir los s\u00edntomas r\u00e1pidamente<\/a><\/h2><\/div>\n<\/div>\n\n<\/li><li class=\"wp-block-post post-284 post type-post status-publish format-standard has-post-thumbnail hentry category-actividad-1 category-estres category-salud tag-ansiedad tag-cueva-de-sal tag-natural tag-novedad tag-relajacion tag-sal\">\n\n<div class=\"wp-block-columns are-vertically-aligned-center is-layout-flex wp-container-core-columns-is-layout-9d6595d7 wp-block-columns-is-layout-flex\">\n<div class=\"wp-block-column is-vertically-aligned-center is-layout-flow wp-block-column-is-layout-flow\" style=\"flex-basis:25%\"><figure class=\"wp-block-post-featured-image\"><a href=\"https:\/\/gicd.inf.um.es\/csidper\/usuario15\/llegan-a-murcia-las-cuevas-de-sal\/\" target=\"_self\"  ><img loading=\"lazy\" decoding=\"async\" width=\"1200\" height=\"900\" src=\"https:\/\/gicd.inf.um.es\/csidper\/usuario15\/wp-content\/uploads\/2025\/11\/fe636b60-1786-44a1-a2f4-3bd061ce692c_woman-libre-1200_default_0.webp\" class=\"attachment-post-thumbnail size-post-thumbnail wp-post-image\" alt=\"Llegan a Murcia las Cuevas de Sal\" style=\"object-fit:cover;\" srcset=\"https:\/\/gicd.inf.um.es\/csidper\/usuario15\/wp-content\/uploads\/2025\/11\/fe636b60-1786-44a1-a2f4-3bd061ce692c_woman-libre-1200_default_0.webp 1200w, https:\/\/gicd.inf.um.es\/csidper\/usuario15\/wp-content\/uploads\/2025\/11\/fe636b60-1786-44a1-a2f4-3bd061ce692c_woman-libre-1200_default_0-300x225.webp 300w, https:\/\/gicd.inf.um.es\/csidper\/usuario15\/wp-content\/uploads\/2025\/11\/fe636b60-1786-44a1-a2f4-3bd061ce692c_woman-libre-1200_default_0-1024x768.webp 1024w, https:\/\/gicd.inf.um.es\/csidper\/usuario15\/wp-content\/uploads\/2025\/11\/fe636b60-1786-44a1-a2f4-3bd061ce692c_woman-libre-1200_default_0-768x576.webp 768w\" sizes=\"auto, (max-width: 1200px) 100vw, 1200px\" \/><\/a><\/figure><\/div>\n\n\n\n<div class=\"wp-block-column is-vertically-aligned-center is-layout-flow wp-block-column-is-layout-flow\" style=\"flex-basis:80%\"><h2 class=\"wp-block-post-title\"><a href=\"https:\/\/gicd.inf.um.es\/csidper\/usuario15\/llegan-a-murcia-las-cuevas-de-sal\/\" target=\"_blank\" >Llegan a Murcia las Cuevas de Sal<\/a><\/h2><\/div>\n<\/div>\n\n<\/li><li class=\"wp-block-post post-282 post type-post status-publish format-standard has-post-thumbnail hentry category-actividad-1 category-seguridad-alimentaria category-sucesos tag-brote tag-comida tag-intoxicacion\">\n\n<div class=\"wp-block-columns are-vertically-aligned-center is-layout-flex wp-container-core-columns-is-layout-9d6595d7 wp-block-columns-is-layout-flex\">\n<div class=\"wp-block-column is-vertically-aligned-center is-layout-flow wp-block-column-is-layout-flow\" style=\"flex-basis:25%\"><figure class=\"wp-block-post-featured-image\"><a href=\"https:\/\/gicd.inf.um.es\/csidper\/usuario15\/intoxicadas-al-menos-30-personas-en-un-hotel-de-lo-pagan-tras-cenar-setas-en-mal-estado\/\" target=\"_self\"  ><img loading=\"lazy\" decoding=\"async\" width=\"1200\" height=\"675\" src=\"https:\/\/gicd.inf.um.es\/csidper\/usuario15\/wp-content\/uploads\/2025\/11\/intoxicacion.webp\" class=\"attachment-post-thumbnail size-post-thumbnail wp-post-image\" alt=\"Intoxicadas al menos 30 personas en un hotel de Lo Pag\u00e1n tras cenar setas en mal estado\" style=\"object-fit:cover;\" srcset=\"https:\/\/gicd.inf.um.es\/csidper\/usuario15\/wp-content\/uploads\/2025\/11\/intoxicacion.webp 1200w, https:\/\/gicd.inf.um.es\/csidper\/usuario15\/wp-content\/uploads\/2025\/11\/intoxicacion-300x169.webp 300w, https:\/\/gicd.inf.um.es\/csidper\/usuario15\/wp-content\/uploads\/2025\/11\/intoxicacion-1024x576.webp 1024w, https:\/\/gicd.inf.um.es\/csidper\/usuario15\/wp-content\/uploads\/2025\/11\/intoxicacion-768x432.webp 768w\" sizes=\"auto, (max-width: 1200px) 100vw, 1200px\" \/><\/a><\/figure><\/div>\n\n\n\n<div class=\"wp-block-column is-vertically-aligned-center is-layout-flow wp-block-column-is-layout-flow\" style=\"flex-basis:80%\"><h2 class=\"wp-block-post-title\"><a href=\"https:\/\/gicd.inf.um.es\/csidper\/usuario15\/intoxicadas-al-menos-30-personas-en-un-hotel-de-lo-pagan-tras-cenar-setas-en-mal-estado\/\" target=\"_blank\" >Intoxicadas al menos 30 personas en un hotel de Lo Pag\u00e1n tras cenar setas en mal estado<\/a><\/h2><\/div>\n<\/div>\n\n<\/li><li class=\"wp-block-post post-280 post type-post status-publish format-standard has-post-thumbnail hentry category-actividad-1 category-municipios category-neurologia category-salud tag-hospitales tag-los-alcazares tag-neuronas tag-sanjavier tag-sistema-nervioso\">\n\n<div class=\"wp-block-columns are-vertically-aligned-center is-layout-flex wp-container-core-columns-is-layout-9d6595d7 wp-block-columns-is-layout-flex\">\n<div class=\"wp-block-column is-vertically-aligned-center is-layout-flow wp-block-column-is-layout-flow\" style=\"flex-basis:25%\"><figure class=\"wp-block-post-featured-image\"><a href=\"https:\/\/gicd.inf.um.es\/csidper\/usuario15\/neurologia-de-los-arcos-del-mar-menor-recibe-un-galardon-nacional-por-su-enfoque-integral-en-el-tratamiento-de-pacientes\/\" target=\"_self\"  ><img loading=\"lazy\" decoding=\"async\" width=\"1200\" height=\"675\" src=\"https:\/\/gicd.inf.um.es\/csidper\/usuario15\/wp-content\/uploads\/2025\/11\/neurociencia.webp\" class=\"attachment-post-thumbnail size-post-thumbnail wp-post-image\" alt=\"Neurolog\u00eda, de Los Arcos del Mar Menor, recibe un galard\u00f3n nacional por su enfoque integral en el tratamiento de pacientes\" style=\"object-fit:cover;\" srcset=\"https:\/\/gicd.inf.um.es\/csidper\/usuario15\/wp-content\/uploads\/2025\/11\/neurociencia.webp 1200w, https:\/\/gicd.inf.um.es\/csidper\/usuario15\/wp-content\/uploads\/2025\/11\/neurociencia-300x169.webp 300w, https:\/\/gicd.inf.um.es\/csidper\/usuario15\/wp-content\/uploads\/2025\/11\/neurociencia-1024x576.webp 1024w, https:\/\/gicd.inf.um.es\/csidper\/usuario15\/wp-content\/uploads\/2025\/11\/neurociencia-768x432.webp 768w\" sizes=\"auto, (max-width: 1200px) 100vw, 1200px\" \/><\/a><\/figure><\/div>\n\n\n\n<div class=\"wp-block-column is-vertically-aligned-center is-layout-flow wp-block-column-is-layout-flow\" style=\"flex-basis:80%\"><h2 class=\"wp-block-post-title\"><a href=\"https:\/\/gicd.inf.um.es\/csidper\/usuario15\/neurologia-de-los-arcos-del-mar-menor-recibe-un-galardon-nacional-por-su-enfoque-integral-en-el-tratamiento-de-pacientes\/\" target=\"_blank\" >Neurolog\u00eda, de Los Arcos del Mar Menor, recibe un galard\u00f3n nacional por su enfoque integral en el tratamiento de pacientes<\/a><\/h2><\/div>\n<\/div>\n\n<\/li><li class=\"wp-block-post post-278 post type-post status-publish format-standard has-post-thumbnail hentry category-actividad-1 category-deportes category-futbol tag-cartagena tag-futbol tag-gol tag-remontada tag-victoria\">\n\n<div class=\"wp-block-columns are-vertically-aligned-center is-layout-flex wp-container-core-columns-is-layout-9d6595d7 wp-block-columns-is-layout-flex\">\n<div class=\"wp-block-column is-vertically-aligned-center is-layout-flow wp-block-column-is-layout-flow\" style=\"flex-basis:25%\"><figure class=\"wp-block-post-featured-image\"><a href=\"https:\/\/gicd.inf.um.es\/csidper\/usuario15\/triunfo-de-fe-del-fc-cartagena-para-recuperar-lo-perdido\/\" target=\"_self\"  ><img loading=\"lazy\" decoding=\"async\" width=\"1200\" height=\"675\" src=\"https:\/\/gicd.inf.um.es\/csidper\/usuario15\/wp-content\/uploads\/2025\/11\/fcct.webp\" class=\"attachment-post-thumbnail size-post-thumbnail wp-post-image\" alt=\"Triunfo de fe del FC Cartagena para recuperar lo perdido\" style=\"object-fit:cover;\" srcset=\"https:\/\/gicd.inf.um.es\/csidper\/usuario15\/wp-content\/uploads\/2025\/11\/fcct.webp 1200w, https:\/\/gicd.inf.um.es\/csidper\/usuario15\/wp-content\/uploads\/2025\/11\/fcct-300x169.webp 300w, https:\/\/gicd.inf.um.es\/csidper\/usuario15\/wp-content\/uploads\/2025\/11\/fcct-1024x576.webp 1024w, https:\/\/gicd.inf.um.es\/csidper\/usuario15\/wp-content\/uploads\/2025\/11\/fcct-768x432.webp 768w\" sizes=\"auto, (max-width: 1200px) 100vw, 1200px\" \/><\/a><\/figure><\/div>\n\n\n\n<div class=\"wp-block-column is-vertically-aligned-center is-layout-flow wp-block-column-is-layout-flow\" style=\"flex-basis:80%\"><h2 class=\"wp-block-post-title\"><a href=\"https:\/\/gicd.inf.um.es\/csidper\/usuario15\/triunfo-de-fe-del-fc-cartagena-para-recuperar-lo-perdido\/\" target=\"_blank\" >Triunfo de fe del FC Cartagena para recuperar lo perdido<\/a><\/h2><\/div>\n<\/div>\n\n<\/li><li class=\"wp-block-post post-275 post type-post status-publish format-standard has-post-thumbnail hentry category-actividad-1 category-deportes category-futbol tag-murcia-fc tag-partido tag-victoria\">\n\n<div class=\"wp-block-columns are-vertically-aligned-center is-layout-flex wp-container-core-columns-is-layout-9d6595d7 wp-block-columns-is-layout-flex\">\n<div class=\"wp-block-column is-vertically-aligned-center is-layout-flow wp-block-column-is-layout-flow\" style=\"flex-basis:25%\"><figure class=\"wp-block-post-featured-image\"><a href=\"https:\/\/gicd.inf.um.es\/csidper\/usuario15\/real-murcia-chispazos-que-dan-esperanza\/\" target=\"_self\"  ><img loading=\"lazy\" decoding=\"async\" width=\"880\" height=\"495\" src=\"https:\/\/gicd.inf.um.es\/csidper\/usuario15\/wp-content\/uploads\/2025\/11\/murcia.webp\" class=\"attachment-post-thumbnail size-post-thumbnail wp-post-image\" alt=\"Real Murcia: chispazos que dan esperanza\" style=\"object-fit:cover;\" srcset=\"https:\/\/gicd.inf.um.es\/csidper\/usuario15\/wp-content\/uploads\/2025\/11\/murcia.webp 880w, https:\/\/gicd.inf.um.es\/csidper\/usuario15\/wp-content\/uploads\/2025\/11\/murcia-300x169.webp 300w, https:\/\/gicd.inf.um.es\/csidper\/usuario15\/wp-content\/uploads\/2025\/11\/murcia-768x432.webp 768w\" sizes=\"auto, (max-width: 880px) 100vw, 880px\" \/><\/a><\/figure><\/div>\n\n\n\n<div class=\"wp-block-column is-vertically-aligned-center is-layout-flow wp-block-column-is-layout-flow\" style=\"flex-basis:80%\"><h2 class=\"wp-block-post-title\"><a href=\"https:\/\/gicd.inf.um.es\/csidper\/usuario15\/real-murcia-chispazos-que-dan-esperanza\/\" target=\"_blank\" >Real Murcia: chispazos que dan esperanza<\/a><\/h2><\/div>\n<\/div>\n\n<\/li><li class=\"wp-block-post post-267 post type-post status-publish format-standard has-post-thumbnail hentry category-actividad-1 category-aviacion category-economia tag-avion tag-rapido tag-ryanair tag-sostenible tag-tarjeta-de-embarque tag-volar\">\n\n<div class=\"wp-block-columns are-vertically-aligned-center is-layout-flex wp-container-core-columns-is-layout-9d6595d7 wp-block-columns-is-layout-flex\">\n<div class=\"wp-block-column is-vertically-aligned-center is-layout-flow wp-block-column-is-layout-flow\" style=\"flex-basis:25%\"><figure class=\"wp-block-post-featured-image\"><a href=\"https:\/\/gicd.inf.um.es\/csidper\/usuario15\/ryanair-descarta-el-papel-y-solo-aceptara-tarjetas-de-embarque-100-digitales\/\" target=\"_self\"  ><img loading=\"lazy\" decoding=\"async\" width=\"1100\" height=\"619\" src=\"https:\/\/gicd.inf.um.es\/csidper\/usuario15\/wp-content\/uploads\/2025\/11\/avion-e1763109939802.webp\" class=\"attachment-post-thumbnail size-post-thumbnail wp-post-image\" alt=\"Ryanair descarta el papel y s\u00f3lo aceptar\u00e1 tarjetas de embarque 100% digitales\" style=\"object-fit:cover;\" \/><\/a><\/figure><\/div>\n\n\n\n<div class=\"wp-block-column is-vertically-aligned-center is-layout-flow wp-block-column-is-layout-flow\" style=\"flex-basis:80%\"><h2 class=\"wp-block-post-title\"><a href=\"https:\/\/gicd.inf.um.es\/csidper\/usuario15\/ryanair-descarta-el-papel-y-solo-aceptara-tarjetas-de-embarque-100-digitales\/\" target=\"_blank\" >Ryanair descarta el papel y s\u00f3lo aceptar\u00e1 tarjetas de embarque 100% digitales<\/a><\/h2><\/div>\n<\/div>\n\n<\/li><li class=\"wp-block-post post-261 post type-post status-publish format-standard has-post-thumbnail hentry category-actividad-1 category-emergencias-actividad-1 category-sucesos tag-alarma tag-bomberos tag-incendio\">\n\n<div class=\"wp-block-columns are-vertically-aligned-center is-layout-flex wp-container-core-columns-is-layout-9d6595d7 wp-block-columns-is-layout-flex\">\n<div class=\"wp-block-column is-vertically-aligned-center is-layout-flow wp-block-column-is-layout-flow\" style=\"flex-basis:25%\"><figure class=\"wp-block-post-featured-image\"><a href=\"https:\/\/gicd.inf.um.es\/csidper\/usuario15\/alarma-en-el-barrio-del-carmen-en-murcia-al-desatarse-un-incendio-en-la-cocina-de-un-cuarto-piso\/\" target=\"_self\"  ><img loading=\"lazy\" decoding=\"async\" width=\"1110\" height=\"624\" src=\"https:\/\/gicd.inf.um.es\/csidper\/usuario15\/wp-content\/uploads\/2025\/11\/bombero-e1763109313944.webp\" class=\"attachment-post-thumbnail size-post-thumbnail wp-post-image\" alt=\"Alarma en el barrio del Carmen en Murcia al desatarse un incendio en la cocina de un cuarto piso\" style=\"object-fit:cover;\" \/><\/a><\/figure><\/div>\n\n\n\n<div class=\"wp-block-column is-vertically-aligned-center is-layout-flow wp-block-column-is-layout-flow\" style=\"flex-basis:80%\"><h2 class=\"wp-block-post-title\"><a href=\"https:\/\/gicd.inf.um.es\/csidper\/usuario15\/alarma-en-el-barrio-del-carmen-en-murcia-al-desatarse-un-incendio-en-la-cocina-de-un-cuarto-piso\/\" target=\"_blank\" >Alarma en el barrio del Carmen en Murcia al desatarse un incendio en la cocina de un cuarto piso<\/a><\/h2><\/div>\n<\/div>\n\n<\/li><li class=\"wp-block-post post-221 post type-post status-publish format-standard has-post-thumbnail hentry category-actividad-1 category-emergencias-actividad-1 tag-accidente tag-bicicleta tag-rambla tag-rescate\">\n\n<div class=\"wp-block-columns are-vertically-aligned-center is-layout-flex wp-container-core-columns-is-layout-9d6595d7 wp-block-columns-is-layout-flex\">\n<div class=\"wp-block-column is-vertically-aligned-center is-layout-flow wp-block-column-is-layout-flow\" style=\"flex-basis:25%\"><figure class=\"wp-block-post-featured-image\"><a href=\"https:\/\/gicd.inf.um.es\/csidper\/usuario15\/rescatan-por-aire-a-un-ciclista-herido-tras-caer-por-una-rambla-en-cartagena\/\" target=\"_self\"  ><img loading=\"lazy\" decoding=\"async\" width=\"1150\" height=\"647\" src=\"https:\/\/gicd.inf.um.es\/csidper\/usuario15\/wp-content\/uploads\/2025\/11\/ciclista-e1763056506900.webp\" class=\"attachment-post-thumbnail size-post-thumbnail wp-post-image\" alt=\"Rescatan por aire a un ciclista herido tras caer por una rambla en Cartagena\" style=\"object-fit:cover;\" \/><\/a><\/figure><\/div>\n\n\n\n<div class=\"wp-block-column is-vertically-aligned-center is-layout-flow wp-block-column-is-layout-flow\" style=\"flex-basis:80%\"><h2 class=\"wp-block-post-title\"><a href=\"https:\/\/gicd.inf.um.es\/csidper\/usuario15\/rescatan-por-aire-a-un-ciclista-herido-tras-caer-por-una-rambla-en-cartagena\/\" target=\"_blank\" >Rescatan por aire a un ciclista herido tras caer por una rambla en Cartagena<\/a><\/h2><\/div>\n<\/div>\n\n<\/li><li class=\"wp-block-post post-208 post type-post status-publish format-standard has-post-thumbnail hentry category-actividad-1 category-energia tag-autoconsumo tag-energia tag-energia-renovable\">\n\n<div class=\"wp-block-columns are-vertically-aligned-center is-layout-flex wp-container-core-columns-is-layout-9d6595d7 wp-block-columns-is-layout-flex\">\n<div class=\"wp-block-column is-vertically-aligned-center is-layout-flow wp-block-column-is-layout-flow\" style=\"flex-basis:25%\"><figure class=\"wp-block-post-featured-image\"><a href=\"https:\/\/gicd.inf.um.es\/csidper\/usuario15\/la-region-acumula-cuatro-anos-de-retraso-en-ayudas-a-renovables\/\" target=\"_self\"  ><img loading=\"lazy\" decoding=\"async\" width=\"1136\" height=\"639\" src=\"https:\/\/gicd.inf.um.es\/csidper\/usuario15\/wp-content\/uploads\/2025\/11\/placas-solares-e1763056556760.webp\" class=\"attachment-post-thumbnail size-post-thumbnail wp-post-image\" alt=\"La Regi\u00f3n acumula cuatro a\u00f1os de retraso en ayudas a renovables\" style=\"object-fit:cover;\" \/><\/a><\/figure><\/div>\n\n\n\n<div class=\"wp-block-column is-vertically-aligned-center is-layout-flow wp-block-column-is-layout-flow\" style=\"flex-basis:80%\"><h2 class=\"wp-block-post-title\"><a href=\"https:\/\/gicd.inf.um.es\/csidper\/usuario15\/la-region-acumula-cuatro-anos-de-retraso-en-ayudas-a-renovables\/\" target=\"_blank\" >La Regi\u00f3n acumula cuatro a\u00f1os de retraso en ayudas a renovables<\/a><\/h2><\/div>\n<\/div>\n\n<\/li><\/ul><\/div>\n","protected":false},"excerpt":{"rendered":"<p>En esta p\u00e1gina encontrar\u00e1s una selecci\u00f3n de noticias y acontecimientos recientes relacionados con la Regi\u00f3n de Murcia, reunidos con el objetivo de ofrecer una visi\u00f3n variada y accesible de la actualidad. Nuestro equipo ha recopilado diferentes temas de inter\u00e9s general para mostrarlos de forma clara, ordenada y contextualizada, creando un espacio informativo pensado para quienes [&hellip;]<\/p>\n","protected":false},"author":1,"featured_media":0,"parent":0,"menu_order":0,"comment_status":"closed","ping_status":"closed","template":"","meta":{"footnotes":""},"class_list":["post-193","page","type-page","status-publish","hentry"],"_links":{"self":[{"href":"https:\/\/gicd.inf.um.es\/csidper\/usuario15\/wp-json\/wp\/v2\/pages\/193","targetHints":{"allow":["GET"]}}],"collection":[{"href":"https:\/\/gicd.inf.um.es\/csidper\/usuario15\/wp-json\/wp\/v2\/pages"}],"about":[{"href":"https:\/\/gicd.inf.um.es\/csidper\/usuario15\/wp-json\/wp\/v2\/types\/page"}],"author":[{"embeddable":true,"href":"https:\/\/gicd.inf.um.es\/csidper\/usuario15\/wp-json\/wp\/v2\/users\/1"}],"replies":[{"embeddable":true,"href":"https:\/\/gicd.inf.um.es\/csidper\/usuario15\/wp-json\/wp\/v2\/comments?post=193"}],"version-history":[{"count":12,"href":"https:\/\/gicd.inf.um.es\/csidper\/usuario15\/wp-json\/wp\/v2\/pages\/193\/revisions"}],"predecessor-version":[{"id":451,"href":"https:\/\/gicd.inf.um.es\/csidper\/usuario15\/wp-json\/wp\/v2\/pages\/193\/revisions\/451"}],"wp:attachment":[{"href":"https:\/\/gicd.inf.um.es\/csidper\/usuario15\/wp-json\/wp\/v2\/media?parent=193"}],"curies":[{"name":"wp","href":"https:\/\/api.w.org\/{rel}","templated":true}]}}