{"id":340,"date":"2025-11-25T19:01:58","date_gmt":"2025-11-25T18:01:58","guid":{"rendered":"https:\/\/gicd.inf.um.es\/csidper\/usuario16\/?page_id=340"},"modified":"2025-11-27T22:17:10","modified_gmt":"2025-11-27T21:17:10","slug":"actividad-1","status":"publish","type":"page","link":"https:\/\/gicd.inf.um.es\/csidper\/usuario16\/actividad-1\/","title":{"rendered":"Actividad 1"},"content":{"rendered":"\n<h2 class=\"wp-block-heading has-large-font-size\">Noticias Mula<\/h2>\n\n\n\n<p class=\"has-medium-font-size\">En este blog encontraras las noticias mas actuales de la ciudad de Mula, podr\u00e1s conocer la ultima novedades de lugar en los \u00e1mbitos de cultura, educaci\u00f3n, deportes, turismo y medio ambiente para estar siempre informado sobre esta maravillosa localidad.<\/p>\n\n\n\n<figure class=\"wp-block-gallery has-nested-images columns-default is-cropped has-pale-cyan-blue-background-color has-background wp-block-gallery-1 is-layout-flex wp-block-gallery-is-layout-flex\">\n<figure class=\"wp-block-image size-medium\"><img loading=\"lazy\" decoding=\"async\" width=\"300\" height=\"158\" data-id=\"343\" src=\"https:\/\/gicd.inf.um.es\/csidper\/usuario16\/wp-content\/uploads\/2025\/11\/ninoo-300x158.jpg\" alt=\"Ni\u00f1o de Mula, patr\u00f3n de la ciudad\" class=\"wp-image-343\" srcset=\"https:\/\/gicd.inf.um.es\/csidper\/usuario16\/wp-content\/uploads\/2025\/11\/ninoo-300x158.jpg 300w, https:\/\/gicd.inf.um.es\/csidper\/usuario16\/wp-content\/uploads\/2025\/11\/ninoo-1024x538.jpg 1024w, https:\/\/gicd.inf.um.es\/csidper\/usuario16\/wp-content\/uploads\/2025\/11\/ninoo-768x403.jpg 768w, https:\/\/gicd.inf.um.es\/csidper\/usuario16\/wp-content\/uploads\/2025\/11\/ninoo-720x380.jpg 720w, https:\/\/gicd.inf.um.es\/csidper\/usuario16\/wp-content\/uploads\/2025\/11\/ninoo.jpg 1200w\" sizes=\"auto, (max-width: 300px) 100vw, 300px\" \/><\/figure>\n\n\n\n<figure class=\"wp-block-image size-large\"><img loading=\"lazy\" decoding=\"async\" width=\"638\" height=\"634\" data-id=\"344\" src=\"https:\/\/gicd.inf.um.es\/csidper\/usuario16\/wp-content\/uploads\/2025\/11\/mula.jpg\" alt=\"Figura de los tambores de Mula, fiesta mas emblem\u00e1tica\" class=\"wp-image-344\" srcset=\"https:\/\/gicd.inf.um.es\/csidper\/usuario16\/wp-content\/uploads\/2025\/11\/mula.jpg 638w, https:\/\/gicd.inf.um.es\/csidper\/usuario16\/wp-content\/uploads\/2025\/11\/mula-300x298.jpg 300w, https:\/\/gicd.inf.um.es\/csidper\/usuario16\/wp-content\/uploads\/2025\/11\/mula-150x150.jpg 150w\" sizes=\"auto, (max-width: 638px) 100vw, 638px\" \/><\/figure>\n\n\n\n<figure class=\"wp-block-image size-large\"><img loading=\"lazy\" decoding=\"async\" width=\"950\" height=\"636\" data-id=\"345\" src=\"https:\/\/gicd.inf.um.es\/csidper\/usuario16\/wp-content\/uploads\/2025\/11\/Mula-8.jpg\" alt=\"plaza central del ayuntamiento\" class=\"wp-image-345\" srcset=\"https:\/\/gicd.inf.um.es\/csidper\/usuario16\/wp-content\/uploads\/2025\/11\/Mula-8.jpg 950w, https:\/\/gicd.inf.um.es\/csidper\/usuario16\/wp-content\/uploads\/2025\/11\/Mula-8-300x201.jpg 300w, https:\/\/gicd.inf.um.es\/csidper\/usuario16\/wp-content\/uploads\/2025\/11\/Mula-8-768x514.jpg 768w\" sizes=\"auto, (max-width: 950px) 100vw, 950px\" \/><\/figure>\n<\/figure>\n\n\n\n<div class=\"wp-block-columns is-layout-flex wp-container-core-columns-is-layout-9d6595d7 wp-block-columns-is-layout-flex\">\n<div class=\"wp-block-column is-layout-flow wp-block-column-is-layout-flow\" style=\"flex-basis:20%\">\n<p><a href=\"https:\/\/gicd.inf.um.es\/csidper\/usuario16\/category\/actividad-1\/cultura\/\" data-type=\"category\" data-id=\"43\">Cultura<\/a> <\/p>\n<\/div>\n\n\n\n<div class=\"wp-block-column is-layout-flow wp-block-column-is-layout-flow\" style=\"flex-basis:20%\">\n<p><a href=\"https:\/\/gicd.inf.um.es\/csidper\/usuario16\/category\/actividad-1\/deportes\/\" data-type=\"category\" data-id=\"44\">deportes<\/a> <\/p>\n<\/div>\n\n\n\n<div class=\"wp-block-column is-layout-flow wp-block-column-is-layout-flow\" style=\"flex-basis:20%\">\n<p><a href=\"https:\/\/gicd.inf.um.es\/csidper\/usuario16\/category\/actividad-1\/medio-ambiente\/\" data-type=\"category\" data-id=\"47\">Medio ambiente<\/a> <\/p>\n<\/div>\n\n\n\n<div class=\"wp-block-column is-layout-flow wp-block-column-is-layout-flow\" style=\"flex-basis:20%\">\n<p><a href=\"https:\/\/gicd.inf.um.es\/csidper\/usuario16\/category\/actividad-1\/festejos\/\" data-type=\"category\" data-id=\"50\">Festejos<\/a> <\/p>\n<\/div>\n\n\n\n<div class=\"wp-block-column is-layout-flow wp-block-column-is-layout-flow\" style=\"flex-basis:20%\">\n<p><a href=\"https:\/\/gicd.inf.um.es\/csidper\/usuario16\/category\/actividad-1\/educacion\/\" data-type=\"category\" data-id=\"46\">educaci\u00f3n<\/a><\/p>\n<\/div>\n<\/div>\n\n\n\n<div class=\"wp-block-cover has-parallax\"><div role=\"img\" aria-label=\"Castillo de Mula, su s\u00edmbolo mas importante y con una gran carga hist\u00f3rica\" class=\"wp-block-cover__image-background wp-image-346 size-medium has-parallax\" style=\"background-position:50% 50%;background-image:url(https:\/\/gicd.inf.um.es\/csidper\/usuario16\/wp-content\/uploads\/2025\/11\/castillo-1-300x245.jpg)\"><\/div><span aria-hidden=\"true\" class=\"wp-block-cover__background has-background-dim\" style=\"background-color:#8f7870\"><\/span><div class=\"wp-block-cover__inner-container is-layout-constrained wp-block-cover-is-layout-constrained\">\n<p class=\"has-text-align-center has-x-large-font-size\"><strong>MULA<\/strong><\/p>\n<\/div><\/div>\n\n\n\n<p><\/p>\n","protected":false},"excerpt":{"rendered":"<p>Noticias Mula En este blog encontraras las noticias mas actuales de la ciudad de Mula, podr\u00e1s conocer la ultima novedades de lugar en los \u00e1mbitos de cultura, educaci\u00f3n, deportes, turismo y medio ambiente para estar siempre informado sobre esta maravillosa localidad. Cultura deportes Medio ambiente Festejos educaci\u00f3n<\/p>\n","protected":false},"author":1,"featured_media":341,"parent":0,"menu_order":0,"comment_status":"closed","ping_status":"closed","template":"","meta":{"footnotes":""},"class_list":["post-340","page","type-page","status-publish","has-post-thumbnail","hentry"],"_links":{"self":[{"href":"https:\/\/gicd.inf.um.es\/csidper\/usuario16\/wp-json\/wp\/v2\/pages\/340","targetHints":{"allow":["GET"]}}],"collection":[{"href":"https:\/\/gicd.inf.um.es\/csidper\/usuario16\/wp-json\/wp\/v2\/pages"}],"about":[{"href":"https:\/\/gicd.inf.um.es\/csidper\/usuario16\/wp-json\/wp\/v2\/types\/page"}],"author":[{"embeddable":true,"href":"https:\/\/gicd.inf.um.es\/csidper\/usuario16\/wp-json\/wp\/v2\/users\/1"}],"replies":[{"embeddable":true,"href":"https:\/\/gicd.inf.um.es\/csidper\/usuario16\/wp-json\/wp\/v2\/comments?post=340"}],"version-history":[{"count":12,"href":"https:\/\/gicd.inf.um.es\/csidper\/usuario16\/wp-json\/wp\/v2\/pages\/340\/revisions"}],"predecessor-version":[{"id":475,"href":"https:\/\/gicd.inf.um.es\/csidper\/usuario16\/wp-json\/wp\/v2\/pages\/340\/revisions\/475"}],"wp:featuredmedia":[{"embeddable":true,"href":"https:\/\/gicd.inf.um.es\/csidper\/usuario16\/wp-json\/wp\/v2\/media\/341"}],"wp:attachment":[{"href":"https:\/\/gicd.inf.um.es\/csidper\/usuario16\/wp-json\/wp\/v2\/media?parent=340"}],"curies":[{"name":"wp","href":"https:\/\/api.w.org\/{rel}","templated":true}]}}