{"id":410,"date":"2025-11-27T16:40:11","date_gmt":"2025-11-27T15:40:11","guid":{"rendered":"https:\/\/gicd.inf.um.es\/csidper\/usuario16\/?page_id=410"},"modified":"2025-11-27T22:14:19","modified_gmt":"2025-11-27T21:14:19","slug":"todas-las-noticias","status":"publish","type":"page","link":"https:\/\/gicd.inf.um.es\/csidper\/usuario16\/todas-las-noticias\/","title":{"rendered":"Todas las noticias"},"content":{"rendered":"\n<div class=\"wp-block-query is-layout-flow wp-block-query-is-layout-flow\"><ul class=\"wp-block-post-template is-layout-flow wp-block-post-template-is-layout-flow\"><li class=\"wp-block-post post-470 post type-post status-publish format-standard has-post-thumbnail hentry category-actividad-1 category-deportes\">\n\n<div class=\"wp-block-columns alignwide is-layout-flex wp-container-core-columns-is-layout-9d6595d7 wp-block-columns-is-layout-flex\">\n<div class=\"wp-block-column is-layout-flow wp-block-column-is-layout-flow\" style=\"flex-basis:66.66%\"><figure class=\"wp-block-post-featured-image\"><a href=\"https:\/\/gicd.inf.um.es\/csidper\/usuario16\/el-c-f-s-el-nino-de-mula-y-el-jimbee-unidos-por-la-solidaridad-cada-gol-cuenta-para-una-gran-causa\/\" target=\"_self\"><img loading=\"lazy\" decoding=\"async\" width=\"1080\" height=\"1350\" src=\"https:\/\/gicd.inf.um.es\/csidper\/usuario16\/wp-content\/uploads\/2025\/11\/pb-1-min.jpg\" class=\"attachment-post-thumbnail size-post-thumbnail wp-post-image\" alt=\"El C.F.S El ni\u00f1o de Mula y el Jimbee unidos por la solidaridad \u201c Cada gol cuenta para una gran causa\u201d\" style=\"object-fit:cover;\" srcset=\"https:\/\/gicd.inf.um.es\/csidper\/usuario16\/wp-content\/uploads\/2025\/11\/pb-1-min.jpg 1080w, https:\/\/gicd.inf.um.es\/csidper\/usuario16\/wp-content\/uploads\/2025\/11\/pb-1-min-240x300.jpg 240w, https:\/\/gicd.inf.um.es\/csidper\/usuario16\/wp-content\/uploads\/2025\/11\/pb-1-min-819x1024.jpg 819w, https:\/\/gicd.inf.um.es\/csidper\/usuario16\/wp-content\/uploads\/2025\/11\/pb-1-min-768x960.jpg 768w, https:\/\/gicd.inf.um.es\/csidper\/usuario16\/wp-content\/uploads\/2025\/11\/pb-1-min-1024x1280.jpg 1024w\" sizes=\"auto, (max-width: 1080px) 100vw, 1080px\" \/><\/a><\/figure><\/div>\n\n\n\n<div class=\"wp-block-column is-layout-flow wp-block-column-is-layout-flow\" style=\"flex-basis:33.33%\"><h2 class=\"wp-block-post-title\"><a href=\"https:\/\/gicd.inf.um.es\/csidper\/usuario16\/el-c-f-s-el-nino-de-mula-y-el-jimbee-unidos-por-la-solidaridad-cada-gol-cuenta-para-una-gran-causa\/\" target=\"_self\">El C.F.S El ni\u00f1o de Mula y el Jimbee unidos por la solidaridad \u201c Cada gol cuenta para una gran causa\u201d<\/a><\/h2>\n\n<div class=\"wp-block-post-excerpt\"><p class=\"wp-block-post-excerpt__excerpt\">El pr\u00f3ximo 17 de diciembre ambos equipos jugar\u00e1n en el pabell\u00f3n municipal de Mula un partido ben\u00e9fico para ayudar a Maria, una peque\u00f1a de diez a\u00f1os que padece Yars. <\/p><\/div><\/div>\n<\/div>\n\n<\/li><li class=\"wp-block-post post-467 post type-post status-publish format-standard has-post-thumbnail hentry category-actividad-1 category-medio-ambiente\">\n\n<div class=\"wp-block-columns alignwide is-layout-flex wp-container-core-columns-is-layout-9d6595d7 wp-block-columns-is-layout-flex\">\n<div class=\"wp-block-column is-layout-flow wp-block-column-is-layout-flow\" style=\"flex-basis:66.66%\"><figure class=\"wp-block-post-featured-image\"><a href=\"https:\/\/gicd.inf.um.es\/csidper\/usuario16\/el-ayuntamiento-de-mula-toma-mediadas-para-prevenir-incendios-forestales\/\" target=\"_self\"><img loading=\"lazy\" decoding=\"async\" width=\"1299\" height=\"857\" src=\"https:\/\/gicd.inf.um.es\/csidper\/usuario16\/wp-content\/uploads\/2025\/11\/Incendios-en-bosques-boreales.jpeg\" class=\"attachment-post-thumbnail size-post-thumbnail wp-post-image\" alt=\"El Ayuntamiento de Mula toma mediadas para prevenir incendios forestales\" style=\"object-fit:cover;\" srcset=\"https:\/\/gicd.inf.um.es\/csidper\/usuario16\/wp-content\/uploads\/2025\/11\/Incendios-en-bosques-boreales.jpeg 1299w, https:\/\/gicd.inf.um.es\/csidper\/usuario16\/wp-content\/uploads\/2025\/11\/Incendios-en-bosques-boreales-300x198.jpeg 300w, https:\/\/gicd.inf.um.es\/csidper\/usuario16\/wp-content\/uploads\/2025\/11\/Incendios-en-bosques-boreales-1024x676.jpeg 1024w, https:\/\/gicd.inf.um.es\/csidper\/usuario16\/wp-content\/uploads\/2025\/11\/Incendios-en-bosques-boreales-768x507.jpeg 768w\" sizes=\"auto, (max-width: 1299px) 100vw, 1299px\" \/><\/a><\/figure><\/div>\n\n\n\n<div class=\"wp-block-column is-layout-flow wp-block-column-is-layout-flow\" style=\"flex-basis:33.33%\"><h2 class=\"wp-block-post-title\"><a href=\"https:\/\/gicd.inf.um.es\/csidper\/usuario16\/el-ayuntamiento-de-mula-toma-mediadas-para-prevenir-incendios-forestales\/\" target=\"_self\">El Ayuntamiento de Mula toma mediadas para prevenir incendios forestales<\/a><\/h2>\n\n<div class=\"wp-block-post-excerpt\"><p class=\"wp-block-post-excerpt__excerpt\">El ayuntamiento de Mula busca evitar posibles incendios forestales y toma medidas aceptando el aprovechamiento del pasto de los montes <\/p><\/div><\/div>\n<\/div>\n\n<\/li><li class=\"wp-block-post post-460 post type-post status-publish format-standard has-post-thumbnail hentry category-actividad-1 category-deportes\">\n\n<div class=\"wp-block-columns alignwide is-layout-flex wp-container-core-columns-is-layout-9d6595d7 wp-block-columns-is-layout-flex\">\n<div class=\"wp-block-column is-layout-flow wp-block-column-is-layout-flow\" style=\"flex-basis:66.66%\"><figure class=\"wp-block-post-featured-image\"><a href=\"https:\/\/gicd.inf.um.es\/csidper\/usuario16\/mula-celebra-el-primer-torneo-de-la-amistad-por-el-40o-aniversario-del-club-muleno-de-petanca\/\" target=\"_self\"><img loading=\"lazy\" decoding=\"async\" width=\"1600\" height=\"1200\" src=\"https:\/\/gicd.inf.um.es\/csidper\/usuario16\/wp-content\/uploads\/2025\/11\/petanca-1-min.jpg\" class=\"attachment-post-thumbnail size-post-thumbnail wp-post-image\" alt=\"Mula celebra el primer Torneo de la Amistad por el 40\u00ba aniversario del Club Mule\u00f1o de Petanca\" style=\"object-fit:cover;\" srcset=\"https:\/\/gicd.inf.um.es\/csidper\/usuario16\/wp-content\/uploads\/2025\/11\/petanca-1-min.jpg 1600w, https:\/\/gicd.inf.um.es\/csidper\/usuario16\/wp-content\/uploads\/2025\/11\/petanca-1-min-300x225.jpg 300w, https:\/\/gicd.inf.um.es\/csidper\/usuario16\/wp-content\/uploads\/2025\/11\/petanca-1-min-1024x768.jpg 1024w, https:\/\/gicd.inf.um.es\/csidper\/usuario16\/wp-content\/uploads\/2025\/11\/petanca-1-min-768x576.jpg 768w, https:\/\/gicd.inf.um.es\/csidper\/usuario16\/wp-content\/uploads\/2025\/11\/petanca-1-min-1536x1152.jpg 1536w\" sizes=\"auto, (max-width: 1600px) 100vw, 1600px\" \/><\/a><\/figure><\/div>\n\n\n\n<div class=\"wp-block-column is-layout-flow wp-block-column-is-layout-flow\" style=\"flex-basis:33.33%\"><h2 class=\"wp-block-post-title\"><a href=\"https:\/\/gicd.inf.um.es\/csidper\/usuario16\/mula-celebra-el-primer-torneo-de-la-amistad-por-el-40o-aniversario-del-club-muleno-de-petanca\/\" target=\"_self\">Mula celebra el primer Torneo de la Amistad por el 40\u00ba aniversario del Club Mule\u00f1o de Petanca<\/a><\/h2>\n\n<div class=\"wp-block-post-excerpt\"><p class=\"wp-block-post-excerpt__excerpt\">La amistad y la deportividad fueron las protagonistas del d\u00eda El Club Mule\u00f1o de Petanca ha celebrado este s\u00e1bado 22 de noviembre &nbsp; el primer Torneo de la Amistad, un evento deportivo organizado con motivo del 40\u00ba aniversario del Club. El torneo tuvo lugar en las instalaciones del propio club, donde se reunieron jugadores y&hellip; <\/p><\/div><\/div>\n<\/div>\n\n<\/li><li class=\"wp-block-post post-457 post type-post status-publish format-standard has-post-thumbnail hentry category-actividad-1 category-educacion\">\n\n<div class=\"wp-block-columns alignwide is-layout-flex wp-container-core-columns-is-layout-9d6595d7 wp-block-columns-is-layout-flex\">\n<div class=\"wp-block-column is-layout-flow wp-block-column-is-layout-flow\" style=\"flex-basis:66.66%\"><figure class=\"wp-block-post-featured-image\"><a href=\"https:\/\/gicd.inf.um.es\/csidper\/usuario16\/la-ciudad-de-mula-acoge-la-fase-final-del-programa-nacional-de-agrupaciones-escolares\/\" target=\"_self\"><img loading=\"lazy\" decoding=\"async\" width=\"2560\" height=\"1707\" src=\"https:\/\/gicd.inf.um.es\/csidper\/usuario16\/wp-content\/uploads\/2025\/11\/cole-2-min.jpg\" class=\"attachment-post-thumbnail size-post-thumbnail wp-post-image\" alt=\"La ciudad de Mula acoge la fase final del Programa Nacional de Agrupaciones Escolares.\u00a0\" style=\"object-fit:cover;\" srcset=\"https:\/\/gicd.inf.um.es\/csidper\/usuario16\/wp-content\/uploads\/2025\/11\/cole-2-min.jpg 2560w, https:\/\/gicd.inf.um.es\/csidper\/usuario16\/wp-content\/uploads\/2025\/11\/cole-2-min-300x200.jpg 300w, https:\/\/gicd.inf.um.es\/csidper\/usuario16\/wp-content\/uploads\/2025\/11\/cole-2-min-1024x683.jpg 1024w, https:\/\/gicd.inf.um.es\/csidper\/usuario16\/wp-content\/uploads\/2025\/11\/cole-2-min-768x512.jpg 768w, https:\/\/gicd.inf.um.es\/csidper\/usuario16\/wp-content\/uploads\/2025\/11\/cole-2-min-1536x1024.jpg 1536w, https:\/\/gicd.inf.um.es\/csidper\/usuario16\/wp-content\/uploads\/2025\/11\/cole-2-min-2048x1366.jpg 2048w\" sizes=\"auto, (max-width: 2560px) 100vw, 2560px\" \/><\/a><\/figure><\/div>\n\n\n\n<div class=\"wp-block-column is-layout-flow wp-block-column-is-layout-flow\" style=\"flex-basis:33.33%\"><h2 class=\"wp-block-post-title\"><a href=\"https:\/\/gicd.inf.um.es\/csidper\/usuario16\/la-ciudad-de-mula-acoge-la-fase-final-del-programa-nacional-de-agrupaciones-escolares\/\" target=\"_self\">La ciudad de Mula acoge la fase final del Programa Nacional de Agrupaciones Escolares.\u00a0<\/a><\/h2>\n\n<div class=\"wp-block-post-excerpt\"><p class=\"wp-block-post-excerpt__excerpt\">El IES Ortega y Rubio ha acogido la \u00faltima movilidad de este proyecto estatal, en\u00a0 esta fase participan centros de diferentes comunidades aut\u00f3nomas que trabajan de manera conjunta en el proyecto \u201cInteligencia artificial, jardines literarios y bibliotecas. Espacios inclusivos\u201d. <\/p><\/div><\/div>\n<\/div>\n\n<\/li><li class=\"wp-block-post post-454 post type-post status-publish format-standard has-post-thumbnail hentry category-actividad-1 category-cultura\">\n\n<div class=\"wp-block-columns alignwide is-layout-flex wp-container-core-columns-is-layout-9d6595d7 wp-block-columns-is-layout-flex\">\n<div class=\"wp-block-column is-layout-flow wp-block-column-is-layout-flow\" style=\"flex-basis:66.66%\"><figure class=\"wp-block-post-featured-image\"><a href=\"https:\/\/gicd.inf.um.es\/csidper\/usuario16\/mula-se-llena-de-talento-para-ayudar-a-los-animales\/\" target=\"_self\"><img loading=\"lazy\" decoding=\"async\" width=\"1131\" height=\"1600\" src=\"https:\/\/gicd.inf.um.es\/csidper\/usuario16\/wp-content\/uploads\/2025\/11\/gala-1.jpg\" class=\"attachment-post-thumbnail size-post-thumbnail wp-post-image\" alt=\"Mula se llena de talento para ayudar a los animales\u00a0\" style=\"object-fit:cover;\" srcset=\"https:\/\/gicd.inf.um.es\/csidper\/usuario16\/wp-content\/uploads\/2025\/11\/gala-1.jpg 1131w, https:\/\/gicd.inf.um.es\/csidper\/usuario16\/wp-content\/uploads\/2025\/11\/gala-1-212x300.jpg 212w, https:\/\/gicd.inf.um.es\/csidper\/usuario16\/wp-content\/uploads\/2025\/11\/gala-1-724x1024.jpg 724w, https:\/\/gicd.inf.um.es\/csidper\/usuario16\/wp-content\/uploads\/2025\/11\/gala-1-768x1086.jpg 768w, https:\/\/gicd.inf.um.es\/csidper\/usuario16\/wp-content\/uploads\/2025\/11\/gala-1-1086x1536.jpg 1086w, https:\/\/gicd.inf.um.es\/csidper\/usuario16\/wp-content\/uploads\/2025\/11\/gala-1-1024x1449.jpg 1024w\" sizes=\"auto, (max-width: 1131px) 100vw, 1131px\" \/><\/a><\/figure><\/div>\n\n\n\n<div class=\"wp-block-column is-layout-flow wp-block-column-is-layout-flow\" style=\"flex-basis:33.33%\"><h2 class=\"wp-block-post-title\"><a href=\"https:\/\/gicd.inf.um.es\/csidper\/usuario16\/mula-se-llena-de-talento-para-ayudar-a-los-animales\/\" target=\"_self\">Mula se llena de talento para ayudar a los animales\u00a0<\/a><\/h2>\n\n<div class=\"wp-block-post-excerpt\"><p class=\"wp-block-post-excerpt__excerpt\">La segunda gala ben\u00e9fica de la protectora \u00abvida\u00bb estuvo llena de talento y M\u00fasica para todos los p\u00fablicos. <\/p><\/div><\/div>\n<\/div>\n\n<\/li><li class=\"wp-block-post post-442 post type-post status-publish format-standard has-post-thumbnail hentry category-actividad-1 category-deportes\">\n\n<div class=\"wp-block-columns alignwide is-layout-flex wp-container-core-columns-is-layout-9d6595d7 wp-block-columns-is-layout-flex\">\n<div class=\"wp-block-column is-layout-flow wp-block-column-is-layout-flow\" style=\"flex-basis:66.66%\"><figure class=\"wp-block-post-featured-image\"><a href=\"https:\/\/gicd.inf.um.es\/csidper\/usuario16\/mula-acogera-en-marzo-una-caminata-solidaria-a-beneficio-de-aelemic-y-la-fundacion-never-surrender\/\" target=\"_self\"><img loading=\"lazy\" decoding=\"async\" width=\"1920\" height=\"1080\" src=\"https:\/\/gicd.inf.um.es\/csidper\/usuario16\/wp-content\/uploads\/2025\/11\/solidaridad.webp\" class=\"attachment-post-thumbnail size-post-thumbnail wp-post-image\" alt=\"Mula acoger\u00e1 en marzo una caminata solidaria a beneficio de Aelemic y la Fundaci\u00f3n Never Surrender\" style=\"object-fit:cover;\" srcset=\"https:\/\/gicd.inf.um.es\/csidper\/usuario16\/wp-content\/uploads\/2025\/11\/solidaridad.webp 1920w, https:\/\/gicd.inf.um.es\/csidper\/usuario16\/wp-content\/uploads\/2025\/11\/solidaridad-300x169.webp 300w, https:\/\/gicd.inf.um.es\/csidper\/usuario16\/wp-content\/uploads\/2025\/11\/solidaridad-1024x576.webp 1024w, https:\/\/gicd.inf.um.es\/csidper\/usuario16\/wp-content\/uploads\/2025\/11\/solidaridad-768x432.webp 768w, https:\/\/gicd.inf.um.es\/csidper\/usuario16\/wp-content\/uploads\/2025\/11\/solidaridad-1536x864.webp 1536w, https:\/\/gicd.inf.um.es\/csidper\/usuario16\/wp-content\/uploads\/2025\/11\/solidaridad-1280x720.webp 1280w\" sizes=\"auto, (max-width: 1920px) 100vw, 1920px\" \/><\/a><\/figure><\/div>\n\n\n\n<div class=\"wp-block-column is-layout-flow wp-block-column-is-layout-flow\" style=\"flex-basis:33.33%\"><h2 class=\"wp-block-post-title\"><a href=\"https:\/\/gicd.inf.um.es\/csidper\/usuario16\/mula-acogera-en-marzo-una-caminata-solidaria-a-beneficio-de-aelemic-y-la-fundacion-never-surrender\/\" target=\"_self\">Mula acoger\u00e1 en marzo una caminata solidaria a beneficio de Aelemic y la Fundaci\u00f3n Never Surrender<\/a><\/h2>\n\n<div class=\"wp-block-post-excerpt\"><p class=\"wp-block-post-excerpt__excerpt\">Mula se prepara para acoger el 15 de marzo una caminata solidaria impulsada por el grupo familiar Las Lenis <\/p><\/div><\/div>\n<\/div>\n\n<\/li><li class=\"wp-block-post post-437 post type-post status-publish format-standard has-post-thumbnail hentry category-actividad-1 category-cultura\">\n\n<div class=\"wp-block-columns alignwide is-layout-flex wp-container-core-columns-is-layout-9d6595d7 wp-block-columns-is-layout-flex\">\n<div class=\"wp-block-column is-layout-flow wp-block-column-is-layout-flow\" style=\"flex-basis:66.66%\"><figure class=\"wp-block-post-featured-image\"><a href=\"https:\/\/gicd.inf.um.es\/csidper\/usuario16\/el-resucitado-regresa-a-mula\/\" target=\"_self\"><img loading=\"lazy\" decoding=\"async\" width=\"474\" height=\"632\" src=\"https:\/\/gicd.inf.um.es\/csidper\/usuario16\/wp-content\/uploads\/2025\/11\/Jesus-resucitado-1.jpg\" class=\"attachment-post-thumbnail size-post-thumbnail wp-post-image\" alt=\"El Resucitado regresa a Mula\u00a0\" style=\"object-fit:cover;\" srcset=\"https:\/\/gicd.inf.um.es\/csidper\/usuario16\/wp-content\/uploads\/2025\/11\/Jesus-resucitado-1.jpg 474w, https:\/\/gicd.inf.um.es\/csidper\/usuario16\/wp-content\/uploads\/2025\/11\/Jesus-resucitado-1-225x300.jpg 225w\" sizes=\"auto, (max-width: 474px) 100vw, 474px\" \/><\/a><\/figure><\/div>\n\n\n\n<div class=\"wp-block-column is-layout-flow wp-block-column-is-layout-flow\" style=\"flex-basis:33.33%\"><h2 class=\"wp-block-post-title\"><a href=\"https:\/\/gicd.inf.um.es\/csidper\/usuario16\/el-resucitado-regresa-a-mula\/\" target=\"_self\">El Resucitado regresa a Mula\u00a0<\/a><\/h2>\n\n<div class=\"wp-block-post-excerpt\"><p class=\"wp-block-post-excerpt__excerpt\">Despu\u00e9s de cinco meses en restauraci\u00f3n Jes\u00fas Resucitado regresa a Mula <\/p><\/div><\/div>\n<\/div>\n\n<\/li><li class=\"wp-block-post post-423 post type-post status-publish format-standard has-post-thumbnail hentry category-actividad-1 category-turismo\">\n\n<div class=\"wp-block-columns alignwide is-layout-flex wp-container-core-columns-is-layout-9d6595d7 wp-block-columns-is-layout-flex\">\n<div class=\"wp-block-column is-layout-flow wp-block-column-is-layout-flow\" style=\"flex-basis:66.66%\"><figure class=\"wp-block-post-featured-image\"><a href=\"https:\/\/gicd.inf.um.es\/csidper\/usuario16\/mula-ofrece-la-oportunidad-de-conocer-los-rincones-mas-significativos-durante-el-puente\/\" target=\"_self\"><img loading=\"lazy\" decoding=\"async\" width=\"200\" height=\"218\" src=\"https:\/\/gicd.inf.um.es\/csidper\/usuario16\/wp-content\/uploads\/2025\/11\/escudo-cuadrado-e1591045058235.jpg\" class=\"attachment-post-thumbnail size-post-thumbnail wp-post-image\" alt=\"Mula ofrece la oportunidad de conocer los rincones mas significativos durante el puente\" style=\"object-fit:cover;\" \/><\/a><\/figure><\/div>\n\n\n\n<div class=\"wp-block-column is-layout-flow wp-block-column-is-layout-flow\" style=\"flex-basis:33.33%\"><h2 class=\"wp-block-post-title\"><a href=\"https:\/\/gicd.inf.um.es\/csidper\/usuario16\/mula-ofrece-la-oportunidad-de-conocer-los-rincones-mas-significativos-durante-el-puente\/\" target=\"_self\">Mula ofrece la oportunidad de conocer los rincones mas significativos durante el puente<\/a><\/h2>\n\n<div class=\"wp-block-post-excerpt\"><p class=\"wp-block-post-excerpt__excerpt\">Ap\u00fantate y descubre los encantos de Mula con un toque navide\u00f1o. <\/p><\/div><\/div>\n<\/div>\n\n<\/li><li class=\"wp-block-post post-392 post type-post status-publish format-standard has-post-thumbnail hentry category-actividad-1 category-festejos\">\n\n<div class=\"wp-block-columns alignwide is-layout-flex wp-container-core-columns-is-layout-9d6595d7 wp-block-columns-is-layout-flex\">\n<div class=\"wp-block-column is-layout-flow wp-block-column-is-layout-flow\" style=\"flex-basis:66.66%\"><figure class=\"wp-block-post-featured-image\"><a href=\"https:\/\/gicd.inf.um.es\/csidper\/usuario16\/la-magia-de-la-navidad-ilumina-mula\/\" target=\"_self\"><img loading=\"lazy\" decoding=\"async\" width=\"488\" height=\"650\" src=\"https:\/\/gicd.inf.um.es\/csidper\/usuario16\/wp-content\/uploads\/2025\/11\/arbol.jpg\" class=\"attachment-post-thumbnail size-post-thumbnail wp-post-image\" alt=\"La magia de la Navidad ilumina\u00a0 Mula\" style=\"object-fit:cover;\" srcset=\"https:\/\/gicd.inf.um.es\/csidper\/usuario16\/wp-content\/uploads\/2025\/11\/arbol.jpg 488w, https:\/\/gicd.inf.um.es\/csidper\/usuario16\/wp-content\/uploads\/2025\/11\/arbol-225x300.jpg 225w\" sizes=\"auto, (max-width: 488px) 100vw, 488px\" \/><\/a><\/figure><\/div>\n\n\n\n<div class=\"wp-block-column is-layout-flow wp-block-column-is-layout-flow\" style=\"flex-basis:33.33%\"><h2 class=\"wp-block-post-title\"><a href=\"https:\/\/gicd.inf.um.es\/csidper\/usuario16\/la-magia-de-la-navidad-ilumina-mula\/\" target=\"_self\">La magia de la Navidad ilumina\u00a0 Mula<\/a><\/h2>\n\n<div class=\"wp-block-post-excerpt\"><p class=\"wp-block-post-excerpt__excerpt\">El tradicional encendido el \u00e1rbol navide\u00f1o en la plaza del ayuntamiento dar\u00e1 el pistoletazo de salida a la navidad de los mule\u00f1os <\/p><\/div><\/div>\n<\/div>\n\n<\/li><li class=\"wp-block-post post-352 post type-post status-publish format-standard has-post-thumbnail hentry category-actividad-1 category-festejos\">\n\n<div class=\"wp-block-columns alignwide is-layout-flex wp-container-core-columns-is-layout-9d6595d7 wp-block-columns-is-layout-flex\">\n<div class=\"wp-block-column is-layout-flow wp-block-column-is-layout-flow\" style=\"flex-basis:66.66%\"><figure class=\"wp-block-post-featured-image\"><a href=\"https:\/\/gicd.inf.um.es\/csidper\/usuario16\/la-navidad-llega-a-mula-de-la-mano-de-un-magico-poblado-navideno\/\" target=\"_self\"><img loading=\"lazy\" decoding=\"async\" width=\"1600\" height=\"1201\" src=\"https:\/\/gicd.inf.um.es\/csidper\/usuario16\/wp-content\/uploads\/2025\/11\/Poblado-Navideno-1.webp\" class=\"attachment-post-thumbnail size-post-thumbnail wp-post-image\" alt=\"La Navidad llega a Mula de la mano de un m\u00e1gico poblado navide\u00f1o\u00a0\" style=\"object-fit:cover;\" srcset=\"https:\/\/gicd.inf.um.es\/csidper\/usuario16\/wp-content\/uploads\/2025\/11\/Poblado-Navideno-1.webp 1600w, https:\/\/gicd.inf.um.es\/csidper\/usuario16\/wp-content\/uploads\/2025\/11\/Poblado-Navideno-1-300x225.webp 300w, https:\/\/gicd.inf.um.es\/csidper\/usuario16\/wp-content\/uploads\/2025\/11\/Poblado-Navideno-1-1024x769.webp 1024w, https:\/\/gicd.inf.um.es\/csidper\/usuario16\/wp-content\/uploads\/2025\/11\/Poblado-Navideno-1-768x576.webp 768w, https:\/\/gicd.inf.um.es\/csidper\/usuario16\/wp-content\/uploads\/2025\/11\/Poblado-Navideno-1-1536x1153.webp 1536w\" sizes=\"auto, (max-width: 1600px) 100vw, 1600px\" \/><\/a><\/figure><\/div>\n\n\n\n<div class=\"wp-block-column is-layout-flow wp-block-column-is-layout-flow\" style=\"flex-basis:33.33%\"><h2 class=\"wp-block-post-title\"><a href=\"https:\/\/gicd.inf.um.es\/csidper\/usuario16\/la-navidad-llega-a-mula-de-la-mano-de-un-magico-poblado-navideno\/\" target=\"_self\">La Navidad llega a Mula de la mano de un m\u00e1gico poblado navide\u00f1o\u00a0<\/a><\/h2>\n\n<div class=\"wp-block-post-excerpt\"><p class=\"wp-block-post-excerpt__excerpt\">Hinchables, talleres y actividades para todas las edades <\/p><\/div><\/div>\n<\/div>\n\n<\/li><\/ul><\/div>\n","protected":false},"excerpt":{"rendered":"","protected":false},"author":1,"featured_media":0,"parent":0,"menu_order":0,"comment_status":"closed","ping_status":"closed","template":"","meta":{"footnotes":""},"class_list":["post-410","page","type-page","status-publish","hentry"],"_links":{"self":[{"href":"https:\/\/gicd.inf.um.es\/csidper\/usuario16\/wp-json\/wp\/v2\/pages\/410","targetHints":{"allow":["GET"]}}],"collection":[{"href":"https:\/\/gicd.inf.um.es\/csidper\/usuario16\/wp-json\/wp\/v2\/pages"}],"about":[{"href":"https:\/\/gicd.inf.um.es\/csidper\/usuario16\/wp-json\/wp\/v2\/types\/page"}],"author":[{"embeddable":true,"href":"https:\/\/gicd.inf.um.es\/csidper\/usuario16\/wp-json\/wp\/v2\/users\/1"}],"replies":[{"embeddable":true,"href":"https:\/\/gicd.inf.um.es\/csidper\/usuario16\/wp-json\/wp\/v2\/comments?post=410"}],"version-history":[{"count":6,"href":"https:\/\/gicd.inf.um.es\/csidper\/usuario16\/wp-json\/wp\/v2\/pages\/410\/revisions"}],"predecessor-version":[{"id":473,"href":"https:\/\/gicd.inf.um.es\/csidper\/usuario16\/wp-json\/wp\/v2\/pages\/410\/revisions\/473"}],"wp:attachment":[{"href":"https:\/\/gicd.inf.um.es\/csidper\/usuario16\/wp-json\/wp\/v2\/media?parent=410"}],"curies":[{"name":"wp","href":"https:\/\/api.w.org\/{rel}","templated":true}]}}