{"id":175,"date":"2025-11-27T17:51:11","date_gmt":"2025-11-27T16:51:11","guid":{"rendered":"https:\/\/gicd.inf.um.es\/csidper\/usuario18\/?page_id=175"},"modified":"2025-11-27T18:23:38","modified_gmt":"2025-11-27T17:23:38","slug":"actividad-1","status":"publish","type":"page","link":"https:\/\/gicd.inf.um.es\/csidper\/usuario18\/actividad-1\/","title":{"rendered":"Actividad 1"},"content":{"rendered":"\n<div class=\"wp-block-query is-layout-flow wp-block-query-is-layout-flow\"><ul class=\"wp-block-post-template is-layout-flow wp-block-post-template-is-layout-flow\"><li class=\"wp-block-post post-224 post type-post status-publish format-standard has-post-thumbnail hentry category-actividad-1 category-vida-deportiva\">\n\n<div class=\"wp-block-columns alignwide is-layout-flex wp-container-core-columns-is-layout-9d6595d7 wp-block-columns-is-layout-flex\">\n<div class=\"wp-block-column is-layout-flow wp-block-column-is-layout-flow\" style=\"flex-basis:66.66%\"><figure class=\"wp-block-post-featured-image\"><a href=\"https:\/\/gicd.inf.um.es\/csidper\/usuario18\/alcaraz-fulmina-a-sinner-en-nueva-york\/\" target=\"_self\"  ><img loading=\"lazy\" decoding=\"async\" width=\"1920\" height=\"1080\" src=\"https:\/\/gicd.inf.um.es\/csidper\/usuario18\/wp-content\/uploads\/2025\/11\/alcaraz-us-open-2025-final-big-smile.jpg\" class=\"attachment-post-thumbnail size-post-thumbnail wp-post-image\" alt=\"Alcaraz fulmina a Sinner en Nueva York\" style=\"object-fit:cover;\" srcset=\"https:\/\/gicd.inf.um.es\/csidper\/usuario18\/wp-content\/uploads\/2025\/11\/alcaraz-us-open-2025-final-big-smile.jpg 1920w, https:\/\/gicd.inf.um.es\/csidper\/usuario18\/wp-content\/uploads\/2025\/11\/alcaraz-us-open-2025-final-big-smile-300x169.jpg 300w, https:\/\/gicd.inf.um.es\/csidper\/usuario18\/wp-content\/uploads\/2025\/11\/alcaraz-us-open-2025-final-big-smile-1024x576.jpg 1024w, https:\/\/gicd.inf.um.es\/csidper\/usuario18\/wp-content\/uploads\/2025\/11\/alcaraz-us-open-2025-final-big-smile-768x432.jpg 768w, https:\/\/gicd.inf.um.es\/csidper\/usuario18\/wp-content\/uploads\/2025\/11\/alcaraz-us-open-2025-final-big-smile-1536x864.jpg 1536w, https:\/\/gicd.inf.um.es\/csidper\/usuario18\/wp-content\/uploads\/2025\/11\/alcaraz-us-open-2025-final-big-smile-1280x720.jpg 1280w\" sizes=\"auto, (max-width: 1920px) 100vw, 1920px\" \/><\/a><\/figure><\/div>\n\n\n\n<div class=\"wp-block-column is-layout-flow wp-block-column-is-layout-flow\" style=\"flex-basis:33.33%\"><h2 class=\"wp-block-post-title\"><a href=\"https:\/\/gicd.inf.um.es\/csidper\/usuario18\/alcaraz-fulmina-a-sinner-en-nueva-york\/\" target=\"_self\" >Alcaraz fulmina a Sinner en Nueva York<\/a><\/h2>\n\n<div class=\"wp-block-post-excerpt\"><p class=\"wp-block-post-excerpt__excerpt\">Tres a\u00f1os depu\u00e9s el tenista murciano vuelve a levantar un US Open Carlos Alcaraz volvi\u00f3 a reinar en Nueva York. Tres a\u00f1os despu\u00e9s de su primer US Open, el murciano conquist\u00f3 de nuevo el t\u00edtulo en Flushing Meadows tras imponerse en la final a Jannik Sinner. A sus 22 a\u00f1os, sum\u00f3 el sexto Grand Slam&hellip; <\/p><\/div><\/div>\n<\/div>\n\n<\/li><li class=\"wp-block-post post-217 post type-post status-publish format-standard has-post-thumbnail hentry category-actividad-1 category-dia-a-dia\">\n\n<div class=\"wp-block-columns alignwide is-layout-flex wp-container-core-columns-is-layout-9d6595d7 wp-block-columns-is-layout-flex\">\n<div class=\"wp-block-column is-layout-flow wp-block-column-is-layout-flow\" style=\"flex-basis:66.66%\"><figure class=\"wp-block-post-featured-image\"><a href=\"https:\/\/gicd.inf.um.es\/csidper\/usuario18\/alcaraz-rueda-un-anuncio-para-bwm-en-la-region-de-murcia\/\" target=\"_self\"  ><img loading=\"lazy\" decoding=\"async\" width=\"990\" height=\"742\" src=\"https:\/\/gicd.inf.um.es\/csidper\/usuario18\/wp-content\/uploads\/2025\/11\/HXVFVAFFLNA33MSGMI3PE526V4.avif\" class=\"attachment-post-thumbnail size-post-thumbnail wp-post-image\" alt=\"Alcaraz rueda un anuncio para BWM en la Regi\u00f3n de Murcia\" style=\"object-fit:cover;\" srcset=\"https:\/\/gicd.inf.um.es\/csidper\/usuario18\/wp-content\/uploads\/2025\/11\/HXVFVAFFLNA33MSGMI3PE526V4.avif 990w, https:\/\/gicd.inf.um.es\/csidper\/usuario18\/wp-content\/uploads\/2025\/11\/HXVFVAFFLNA33MSGMI3PE526V4-300x225.jpg 300w, https:\/\/gicd.inf.um.es\/csidper\/usuario18\/wp-content\/uploads\/2025\/11\/HXVFVAFFLNA33MSGMI3PE526V4-768x576.jpg 768w\" sizes=\"auto, (max-width: 990px) 100vw, 990px\" \/><\/a><\/figure><\/div>\n\n\n\n<div class=\"wp-block-column is-layout-flow wp-block-column-is-layout-flow\" style=\"flex-basis:33.33%\"><h2 class=\"wp-block-post-title\"><a href=\"https:\/\/gicd.inf.um.es\/csidper\/usuario18\/alcaraz-rueda-un-anuncio-para-bwm-en-la-region-de-murcia\/\" target=\"_self\" >Alcaraz rueda un anuncio para BWM en la Regi\u00f3n de Murcia<\/a><\/h2>\n\n<div class=\"wp-block-post-excerpt\"><p class=\"wp-block-post-excerpt__excerpt\">El patrocinio entre BWM y Carlos Alcaraz ha llevado a la marca alemana hasta la Regi\u00f3n de Murcia para rodar uno de sus anuncios La Regi\u00f3n de Murcia vuelve a proyectarse al mundo gracias al rodaje de un nuevo anuncio de BMW protagonizado por Carlos Alcaraz, actual n\u00famero 1 del tenis. El deportista de El&hellip; <\/p><\/div><\/div>\n<\/div>\n\n<\/li><li class=\"wp-block-post post-213 post type-post status-publish format-standard has-post-thumbnail hentry category-actividad-1 category-dia-a-dia category-sin-categoria\">\n\n<div class=\"wp-block-columns alignwide is-layout-flex wp-container-core-columns-is-layout-9d6595d7 wp-block-columns-is-layout-flex\">\n<div class=\"wp-block-column is-layout-flow wp-block-column-is-layout-flow\" style=\"flex-basis:66.66%\"><figure class=\"wp-block-post-featured-image\"><a href=\"https:\/\/gicd.inf.um.es\/csidper\/usuario18\/carlos-alcaraz-recibe-el-premio-a-mejor-deportista-de-la-region-de-murcia-junto-a-ana-carrasco\/\" target=\"_self\"  ><img loading=\"lazy\" decoding=\"async\" width=\"1200\" height=\"840\" src=\"https:\/\/gicd.inf.um.es\/csidper\/usuario18\/wp-content\/uploads\/2025\/11\/newspaint-1764252828943-1200x840-U190780734347MnD-U240374827832v2-1200x840@La-Verdad.webp\" class=\"attachment-post-thumbnail size-post-thumbnail wp-post-image\" alt=\"Carlos Alcaraz recibe el premio a mejor deportista de la Regi\u00f3n de Murcia junto a Ana Carrasco\" style=\"object-fit:cover;\" srcset=\"https:\/\/gicd.inf.um.es\/csidper\/usuario18\/wp-content\/uploads\/2025\/11\/newspaint-1764252828943-1200x840-U190780734347MnD-U240374827832v2-1200x840@La-Verdad.webp 1200w, https:\/\/gicd.inf.um.es\/csidper\/usuario18\/wp-content\/uploads\/2025\/11\/newspaint-1764252828943-1200x840-U190780734347MnD-U240374827832v2-1200x840@La-Verdad-300x210.webp 300w, https:\/\/gicd.inf.um.es\/csidper\/usuario18\/wp-content\/uploads\/2025\/11\/newspaint-1764252828943-1200x840-U190780734347MnD-U240374827832v2-1200x840@La-Verdad-1024x717.webp 1024w, https:\/\/gicd.inf.um.es\/csidper\/usuario18\/wp-content\/uploads\/2025\/11\/newspaint-1764252828943-1200x840-U190780734347MnD-U240374827832v2-1200x840@La-Verdad-768x538.webp 768w\" sizes=\"auto, (max-width: 1200px) 100vw, 1200px\" \/><\/a><\/figure><\/div>\n\n\n\n<div class=\"wp-block-column is-layout-flow wp-block-column-is-layout-flow\" style=\"flex-basis:33.33%\"><h2 class=\"wp-block-post-title\"><a href=\"https:\/\/gicd.inf.um.es\/csidper\/usuario18\/carlos-alcaraz-recibe-el-premio-a-mejor-deportista-de-la-region-de-murcia-junto-a-ana-carrasco\/\" target=\"_self\" >Carlos Alcaraz recibe el premio a mejor deportista de la Regi\u00f3n de Murcia junto a Ana Carrasco<\/a><\/h2>\n\n<div class=\"wp-block-post-excerpt\"><p class=\"wp-block-post-excerpt__excerpt\">El del Palmar recibir\u00e1 el premio al m\u00e9rito deportivo junto a la ceheginera, Ana Carrasco El murciano Carlos Alcaraz y la motociclista de Ceheg\u00edn Ana Carrasco han sido elegidos como los deportistas m\u00e1s destacados de la Regi\u00f3n de Murcia en 2025, seg\u00fan los Premios al M\u00e9rito Deportivo que concede la Comunidad Aut\u00f3noma. Los galardones se&hellip; <\/p><\/div><\/div>\n<\/div>\n\n<\/li><li class=\"wp-block-post post-210 post type-post status-publish format-standard has-post-thumbnail hentry category-actividad-1 category-curiosidades\">\n\n<div class=\"wp-block-columns alignwide is-layout-flex wp-container-core-columns-is-layout-9d6595d7 wp-block-columns-is-layout-flex\">\n<div class=\"wp-block-column is-layout-flow wp-block-column-is-layout-flow\" style=\"flex-basis:66.66%\"><figure class=\"wp-block-post-featured-image\"><a href=\"https:\/\/gicd.inf.um.es\/csidper\/usuario18\/5-curiosidades-por-las-que-descubrir-el-palmar-el-pueblo-del-numero-1-del-mundo\/\" target=\"_self\"  ><img loading=\"lazy\" decoding=\"async\" width=\"1200\" height=\"525\" src=\"https:\/\/gicd.inf.um.es\/csidper\/usuario18\/wp-content\/uploads\/2025\/11\/68beb42ba9116.r_d.300-343.jpeg.webp\" class=\"attachment-post-thumbnail size-post-thumbnail wp-post-image\" alt=\"5 curiosidades por las que descubrir El Palmar, el pueblo del n\u00famero 1 del mundo\" style=\"object-fit:cover;\" srcset=\"https:\/\/gicd.inf.um.es\/csidper\/usuario18\/wp-content\/uploads\/2025\/11\/68beb42ba9116.r_d.300-343.jpeg.webp 1200w, https:\/\/gicd.inf.um.es\/csidper\/usuario18\/wp-content\/uploads\/2025\/11\/68beb42ba9116.r_d.300-343.jpeg-300x131.webp 300w, https:\/\/gicd.inf.um.es\/csidper\/usuario18\/wp-content\/uploads\/2025\/11\/68beb42ba9116.r_d.300-343.jpeg-1024x448.webp 1024w, https:\/\/gicd.inf.um.es\/csidper\/usuario18\/wp-content\/uploads\/2025\/11\/68beb42ba9116.r_d.300-343.jpeg-768x336.webp 768w\" sizes=\"auto, (max-width: 1200px) 100vw, 1200px\" \/><\/a><\/figure><\/div>\n\n\n\n<div class=\"wp-block-column is-layout-flow wp-block-column-is-layout-flow\" style=\"flex-basis:33.33%\"><h2 class=\"wp-block-post-title\"><a href=\"https:\/\/gicd.inf.um.es\/csidper\/usuario18\/5-curiosidades-por-las-que-descubrir-el-palmar-el-pueblo-del-numero-1-del-mundo\/\" target=\"_self\" >5 curiosidades por las que descubrir El Palmar, el pueblo del n\u00famero 1 del mundo<\/a><\/h2>\n\n<div class=\"wp-block-post-excerpt\"><p class=\"wp-block-post-excerpt__excerpt\">La pedan\u00eda murciana que es famosa por todo el mundo gracias a Carlos Alcaraz Con apenas 19 a\u00f1os, un joven logr\u00f3 situar a su peque\u00f1a pedan\u00eda en el foco internacional. Despu\u00e9s de conquistar por primera vez el US Open en 2022, se convirti\u00f3 en el tenista m\u00e1s joven en alcanzar el n\u00famero 1 del ranking&hellip; <\/p><\/div><\/div>\n<\/div>\n\n<\/li><li class=\"wp-block-post post-207 post type-post status-publish format-standard has-post-thumbnail hentry category-actividad-1 category-curiosidades\">\n\n<div class=\"wp-block-columns alignwide is-layout-flex wp-container-core-columns-is-layout-9d6595d7 wp-block-columns-is-layout-flex\">\n<div class=\"wp-block-column is-layout-flow wp-block-column-is-layout-flow\" style=\"flex-basis:66.66%\"><figure class=\"wp-block-post-featured-image\"><a href=\"https:\/\/gicd.inf.um.es\/csidper\/usuario18\/10-cosas-que-no-sabias-sobre-carlos-alcaraz\/\" target=\"_self\"  ><img loading=\"lazy\" decoding=\"async\" width=\"1200\" height=\"675\" src=\"https:\/\/gicd.inf.um.es\/csidper\/usuario18\/wp-content\/uploads\/2025\/11\/21b2f79b-3436-4b7d-8ef2-7be1abb6c393_16-9-discover-aspect-ratio_default_1236686.webp\" class=\"attachment-post-thumbnail size-post-thumbnail wp-post-image\" alt=\"10 cosas que no sab\u00edas sobre Carlos Alcaraz\" style=\"object-fit:cover;\" srcset=\"https:\/\/gicd.inf.um.es\/csidper\/usuario18\/wp-content\/uploads\/2025\/11\/21b2f79b-3436-4b7d-8ef2-7be1abb6c393_16-9-discover-aspect-ratio_default_1236686.webp 1200w, https:\/\/gicd.inf.um.es\/csidper\/usuario18\/wp-content\/uploads\/2025\/11\/21b2f79b-3436-4b7d-8ef2-7be1abb6c393_16-9-discover-aspect-ratio_default_1236686-300x169.webp 300w, https:\/\/gicd.inf.um.es\/csidper\/usuario18\/wp-content\/uploads\/2025\/11\/21b2f79b-3436-4b7d-8ef2-7be1abb6c393_16-9-discover-aspect-ratio_default_1236686-1024x576.webp 1024w, https:\/\/gicd.inf.um.es\/csidper\/usuario18\/wp-content\/uploads\/2025\/11\/21b2f79b-3436-4b7d-8ef2-7be1abb6c393_16-9-discover-aspect-ratio_default_1236686-768x432.webp 768w\" sizes=\"auto, (max-width: 1200px) 100vw, 1200px\" \/><\/a><\/figure><\/div>\n\n\n\n<div class=\"wp-block-column is-layout-flow wp-block-column-is-layout-flow\" style=\"flex-basis:33.33%\"><h2 class=\"wp-block-post-title\"><a href=\"https:\/\/gicd.inf.um.es\/csidper\/usuario18\/10-cosas-que-no-sabias-sobre-carlos-alcaraz\/\" target=\"_self\" >10 cosas que no sab\u00edas sobre Carlos Alcaraz<\/a><\/h2>\n\n<div class=\"wp-block-post-excerpt\"><p class=\"wp-block-post-excerpt__excerpt\">10 cosas que te sorprender\u00e1n de Carlos Alcaraz Naci\u00f3 el a\u00f1o en que su entrenador alcanz\u00f3 la cimaEl 8 de septiembre de 2003, fecha en la que vino al mundo Carlos Alcaraz, su actual entrenador, Juan Carlos Ferrero, disputaba la final del US Open. En aquel duelo cay\u00f3 ante el estadounidense Andy Roddick por 6-3,&hellip; <\/p><\/div><\/div>\n<\/div>\n\n<\/li><li class=\"wp-block-post post-199 post type-post status-publish format-standard has-post-thumbnail hentry category-actividad-1 category-vida-deportiva\">\n\n<div class=\"wp-block-columns alignwide is-layout-flex wp-container-core-columns-is-layout-9d6595d7 wp-block-columns-is-layout-flex\">\n<div class=\"wp-block-column is-layout-flow wp-block-column-is-layout-flow\" style=\"flex-basis:66.66%\"><figure class=\"wp-block-post-featured-image\"><a href=\"https:\/\/gicd.inf.um.es\/csidper\/usuario18\/alcaraz-lleva-su-mejor-ano-mas-alla-ganando-tokio\/\" target=\"_self\"  ><img loading=\"lazy\" decoding=\"async\" width=\"400\" height=\"266\" src=\"https:\/\/gicd.inf.um.es\/csidper\/usuario18\/wp-content\/uploads\/2025\/11\/20250930_aap_m191_035jpg.jpg\" class=\"attachment-post-thumbnail size-post-thumbnail wp-post-image\" alt=\"Alcaraz lleva su mejor a\u00f1o m\u00e1s alla ganando Tokio\" style=\"object-fit:cover;\" srcset=\"https:\/\/gicd.inf.um.es\/csidper\/usuario18\/wp-content\/uploads\/2025\/11\/20250930_aap_m191_035jpg.jpg 400w, https:\/\/gicd.inf.um.es\/csidper\/usuario18\/wp-content\/uploads\/2025\/11\/20250930_aap_m191_035jpg-300x200.jpg 300w\" sizes=\"auto, (max-width: 400px) 100vw, 400px\" \/><\/a><\/figure><\/div>\n\n\n\n<div class=\"wp-block-column is-layout-flow wp-block-column-is-layout-flow\" style=\"flex-basis:33.33%\"><h2 class=\"wp-block-post-title\"><a href=\"https:\/\/gicd.inf.um.es\/csidper\/usuario18\/alcaraz-lleva-su-mejor-ano-mas-alla-ganando-tokio\/\" target=\"_self\" >Alcaraz lleva su mejor a\u00f1o m\u00e1s alla ganando Tokio<\/a><\/h2>\n\n<div class=\"wp-block-post-excerpt\"><p class=\"wp-block-post-excerpt__excerpt\">El tenista murciano se sobrepuso a sus problemas de tobillo para ganar un nuevo t\u00edtulo Carlos Alcaraz contin\u00faa reforzando su condici\u00f3n de icono global. El espa\u00f1ol conquist\u00f3 este martes el 24.\u00ba t\u00edtulo de su carrera al proclamarse campe\u00f3n del Kinoshita Group Japan Open Tennis Championships, marcando territorio en Jap\u00f3n en plena etapa de dominio internacional.&hellip; <\/p><\/div><\/div>\n<\/div>\n\n<\/li><li class=\"wp-block-post post-195 post type-post status-publish format-standard has-post-thumbnail hentry category-actividad-1 category-dia-a-dia category-sin-categoria\">\n\n<div class=\"wp-block-columns alignwide is-layout-flex wp-container-core-columns-is-layout-9d6595d7 wp-block-columns-is-layout-flex\">\n<div class=\"wp-block-column is-layout-flow wp-block-column-is-layout-flow\" style=\"flex-basis:66.66%\"><figure class=\"wp-block-post-featured-image\"><a href=\"https:\/\/gicd.inf.um.es\/csidper\/usuario18\/unas-vacaciones-diferentes-carlos-alcaraz\/\" target=\"_self\"  ><img loading=\"lazy\" decoding=\"async\" width=\"1200\" height=\"840\" src=\"https:\/\/gicd.inf.um.es\/csidper\/usuario18\/wp-content\/uploads\/2025\/11\/alcaraz-delpotro-ko8B-U240364986773mnE-1200x840@La-Verdad.webp\" class=\"attachment-post-thumbnail size-post-thumbnail wp-post-image\" alt=\"Unas vacaciones diferentes: Carlos Alcaraz\" style=\"object-fit:cover;\" srcset=\"https:\/\/gicd.inf.um.es\/csidper\/usuario18\/wp-content\/uploads\/2025\/11\/alcaraz-delpotro-ko8B-U240364986773mnE-1200x840@La-Verdad.webp 1200w, https:\/\/gicd.inf.um.es\/csidper\/usuario18\/wp-content\/uploads\/2025\/11\/alcaraz-delpotro-ko8B-U240364986773mnE-1200x840@La-Verdad-300x210.webp 300w, https:\/\/gicd.inf.um.es\/csidper\/usuario18\/wp-content\/uploads\/2025\/11\/alcaraz-delpotro-ko8B-U240364986773mnE-1200x840@La-Verdad-1024x717.webp 1024w, https:\/\/gicd.inf.um.es\/csidper\/usuario18\/wp-content\/uploads\/2025\/11\/alcaraz-delpotro-ko8B-U240364986773mnE-1200x840@La-Verdad-768x538.webp 768w\" sizes=\"auto, (max-width: 1200px) 100vw, 1200px\" \/><\/a><\/figure><\/div>\n\n\n\n<div class=\"wp-block-column is-layout-flow wp-block-column-is-layout-flow\" style=\"flex-basis:33.33%\"><h2 class=\"wp-block-post-title\"><a href=\"https:\/\/gicd.inf.um.es\/csidper\/usuario18\/unas-vacaciones-diferentes-carlos-alcaraz\/\" target=\"_self\" >Unas vacaciones diferentes: Carlos Alcaraz<\/a><\/h2>\n\n<div class=\"wp-block-post-excerpt\"><p class=\"wp-block-post-excerpt__excerpt\">Cambio de look, Del Potro o visita a la NBA Carlos Alcaraz disfruta estos d\u00edas de un breve descanso, alejado de la presi\u00f3n del circuito. Con la vista puesta en el Open de Australia y centrado en recuperarse plenamente de la lesi\u00f3n que le impidi\u00f3 disputar la Copa Davis, el murciano aprovecha esta pausa para&hellip; <\/p><\/div><\/div>\n<\/div>\n\n<\/li><li class=\"wp-block-post post-186 post type-post status-publish format-standard has-post-thumbnail hentry category-actividad-1 category-dia-a-dia\">\n\n<div class=\"wp-block-columns alignwide is-layout-flex wp-container-core-columns-is-layout-9d6595d7 wp-block-columns-is-layout-flex\">\n<div class=\"wp-block-column is-layout-flow wp-block-column-is-layout-flow\" style=\"flex-basis:66.66%\"><figure class=\"wp-block-post-featured-image\"><a href=\"https:\/\/gicd.inf.um.es\/csidper\/usuario18\/la-foto-de-alcaraz-que-no-deja-indiferente-a-nadie\/\" target=\"_self\"  ><img loading=\"lazy\" decoding=\"async\" width=\"1600\" height=\"900\" src=\"https:\/\/gicd.inf.um.es\/csidper\/usuario18\/wp-content\/uploads\/2025\/11\/foto-alcaraz-animando-espana-copa-davis_97.webp\" class=\"attachment-post-thumbnail size-post-thumbnail wp-post-image\" alt=\"La foto de Alcaraz que no deja indiferente a nadie\" style=\"object-fit:cover;\" srcset=\"https:\/\/gicd.inf.um.es\/csidper\/usuario18\/wp-content\/uploads\/2025\/11\/foto-alcaraz-animando-espana-copa-davis_97.webp 1600w, https:\/\/gicd.inf.um.es\/csidper\/usuario18\/wp-content\/uploads\/2025\/11\/foto-alcaraz-animando-espana-copa-davis_97-300x169.webp 300w, https:\/\/gicd.inf.um.es\/csidper\/usuario18\/wp-content\/uploads\/2025\/11\/foto-alcaraz-animando-espana-copa-davis_97-1024x576.webp 1024w, https:\/\/gicd.inf.um.es\/csidper\/usuario18\/wp-content\/uploads\/2025\/11\/foto-alcaraz-animando-espana-copa-davis_97-768x432.webp 768w, https:\/\/gicd.inf.um.es\/csidper\/usuario18\/wp-content\/uploads\/2025\/11\/foto-alcaraz-animando-espana-copa-davis_97-1536x864.webp 1536w, https:\/\/gicd.inf.um.es\/csidper\/usuario18\/wp-content\/uploads\/2025\/11\/foto-alcaraz-animando-espana-copa-davis_97-1280x720.webp 1280w\" sizes=\"auto, (max-width: 1600px) 100vw, 1600px\" \/><\/a><\/figure><\/div>\n\n\n\n<div class=\"wp-block-column is-layout-flow wp-block-column-is-layout-flow\" style=\"flex-basis:33.33%\"><h2 class=\"wp-block-post-title\"><a href=\"https:\/\/gicd.inf.um.es\/csidper\/usuario18\/la-foto-de-alcaraz-que-no-deja-indiferente-a-nadie\/\" target=\"_self\" >La foto de Alcaraz que no deja indiferente a nadie<\/a><\/h2>\n\n<div class=\"wp-block-post-excerpt\"><p class=\"wp-block-post-excerpt__excerpt\">Trofeos como Wimbledon en el sal\u00f3n de su casa como fotos de cuando era peque\u00f1o Carlos Alcaraz, ausente en la Copa Davis por un edema en el isquiotibial derecho, sigui\u00f3 como tantos aficionados la remontada de Espa\u00f1a ante la Rep\u00fablica Checa. El murciano comparti\u00f3 en sus redes sociales una fotograf\u00eda en la que aparece en&hellip; <\/p><\/div><\/div>\n<\/div>\n\n<\/li><li class=\"wp-block-post post-182 post type-post status-publish format-standard has-post-thumbnail hentry category-actividad-1 category-vida-deportiva\">\n\n<div class=\"wp-block-columns alignwide is-layout-flex wp-container-core-columns-is-layout-9d6595d7 wp-block-columns-is-layout-flex\">\n<div class=\"wp-block-column is-layout-flow wp-block-column-is-layout-flow\" style=\"flex-basis:66.66%\"><figure class=\"wp-block-post-featured-image\"><a href=\"https:\/\/gicd.inf.um.es\/csidper\/usuario18\/alcaraz-anuncia-que-no-jugara-la-copa-davis\/\" target=\"_self\"  ><img loading=\"lazy\" decoding=\"async\" width=\"1200\" height=\"675\" src=\"https:\/\/gicd.inf.um.es\/csidper\/usuario18\/wp-content\/uploads\/2025\/11\/image-561604dd-0cd5-411c-b6a2-54f4769fb350-85-2560-1440.jpeg\" class=\"attachment-post-thumbnail size-post-thumbnail wp-post-image\" alt=\"Alcaraz anuncia que no jugar\u00e1 la Copa Davis\" style=\"object-fit:cover;\" srcset=\"https:\/\/gicd.inf.um.es\/csidper\/usuario18\/wp-content\/uploads\/2025\/11\/image-561604dd-0cd5-411c-b6a2-54f4769fb350-85-2560-1440.jpeg 1200w, https:\/\/gicd.inf.um.es\/csidper\/usuario18\/wp-content\/uploads\/2025\/11\/image-561604dd-0cd5-411c-b6a2-54f4769fb350-85-2560-1440-300x169.jpeg 300w, https:\/\/gicd.inf.um.es\/csidper\/usuario18\/wp-content\/uploads\/2025\/11\/image-561604dd-0cd5-411c-b6a2-54f4769fb350-85-2560-1440-1024x576.jpeg 1024w, https:\/\/gicd.inf.um.es\/csidper\/usuario18\/wp-content\/uploads\/2025\/11\/image-561604dd-0cd5-411c-b6a2-54f4769fb350-85-2560-1440-768x432.jpeg 768w\" sizes=\"auto, (max-width: 1200px) 100vw, 1200px\" \/><\/a><\/figure><\/div>\n\n\n\n<div class=\"wp-block-column is-layout-flow wp-block-column-is-layout-flow\" style=\"flex-basis:33.33%\"><h2 class=\"wp-block-post-title\"><a href=\"https:\/\/gicd.inf.um.es\/csidper\/usuario18\/alcaraz-anuncia-que-no-jugara-la-copa-davis\/\" target=\"_self\" >Alcaraz anuncia que no jugar\u00e1 la Copa Davis<\/a><\/h2>\n\n<div class=\"wp-block-post-excerpt\"><p class=\"wp-block-post-excerpt__excerpt\">Los problemas fis\u00edcos que lastraron al murciano en la Copa de Maestros lo dejan fuera de la Copa Davis Tras una intensa jornada de pruebas m\u00e9dicas el lunes y el posterior an\u00e1lisis de los resultados, la Selecci\u00f3n espa\u00f1ola de tenis recibi\u00f3 este martes la peor noticia: Carlos Alcaraz no disputar\u00e1 la Final a 8 de&hellip; <\/p><\/div><\/div>\n<\/div>\n\n<\/li><li class=\"wp-block-post post-178 post type-post status-publish format-standard has-post-thumbnail hentry category-actividad-1 category-vida-deportiva\">\n\n<div class=\"wp-block-columns alignwide is-layout-flex wp-container-core-columns-is-layout-9d6595d7 wp-block-columns-is-layout-flex\">\n<div class=\"wp-block-column is-layout-flow wp-block-column-is-layout-flow\" style=\"flex-basis:66.66%\"><figure class=\"wp-block-post-featured-image\"><a href=\"https:\/\/gicd.inf.um.es\/csidper\/usuario18\/carlos-alcaraz-cede-en-turin-ante-un-maestro-bajo-techo\/\" target=\"_self\"  ><img loading=\"lazy\" decoding=\"async\" width=\"560\" height=\"420\" src=\"https:\/\/gicd.inf.um.es\/csidper\/usuario18\/wp-content\/uploads\/2025\/11\/transform.avif\" class=\"attachment-post-thumbnail size-post-thumbnail wp-post-image\" alt=\"Carlos Alcaraz cede en Tur\u00edn ante un maestro bajo techo\" style=\"object-fit:cover;\" srcset=\"https:\/\/gicd.inf.um.es\/csidper\/usuario18\/wp-content\/uploads\/2025\/11\/transform.avif 560w, https:\/\/gicd.inf.um.es\/csidper\/usuario18\/wp-content\/uploads\/2025\/11\/transform-300x225.jpg 300w\" sizes=\"auto, (max-width: 560px) 100vw, 560px\" \/><\/a><\/figure><\/div>\n\n\n\n<div class=\"wp-block-column is-layout-flow wp-block-column-is-layout-flow\" style=\"flex-basis:33.33%\"><h2 class=\"wp-block-post-title\"><a href=\"https:\/\/gicd.inf.um.es\/csidper\/usuario18\/carlos-alcaraz-cede-en-turin-ante-un-maestro-bajo-techo\/\" target=\"_self\" >Carlos Alcaraz cede en Tur\u00edn ante un maestro bajo techo<\/a><\/h2>\n\n<div class=\"wp-block-post-excerpt\"><p class=\"wp-block-post-excerpt__excerpt\">Carlitos no pudo con un Sinner que luch\u00f3 y sac\u00f3 la garra ante su p\u00fablico Por primera vez desde 2016, la final del torneo de maestros reuni\u00f3 a los dos primeros del ranking mundial. Carlos Alcaraz y Jannik Sinner estuvieron a la altura y ofrecieron un espect\u00e1culo digno de su posici\u00f3n. El \u00eddolo local volvi\u00f3&hellip; <\/p><\/div><\/div>\n<\/div>\n\n<\/li><\/ul><\/div>\n","protected":false},"excerpt":{"rendered":"","protected":false},"author":1,"featured_media":0,"parent":0,"menu_order":0,"comment_status":"closed","ping_status":"closed","template":"","meta":{"footnotes":""},"class_list":["post-175","page","type-page","status-publish","hentry"],"_links":{"self":[{"href":"https:\/\/gicd.inf.um.es\/csidper\/usuario18\/wp-json\/wp\/v2\/pages\/175","targetHints":{"allow":["GET"]}}],"collection":[{"href":"https:\/\/gicd.inf.um.es\/csidper\/usuario18\/wp-json\/wp\/v2\/pages"}],"about":[{"href":"https:\/\/gicd.inf.um.es\/csidper\/usuario18\/wp-json\/wp\/v2\/types\/page"}],"author":[{"embeddable":true,"href":"https:\/\/gicd.inf.um.es\/csidper\/usuario18\/wp-json\/wp\/v2\/users\/1"}],"replies":[{"embeddable":true,"href":"https:\/\/gicd.inf.um.es\/csidper\/usuario18\/wp-json\/wp\/v2\/comments?post=175"}],"version-history":[{"count":2,"href":"https:\/\/gicd.inf.um.es\/csidper\/usuario18\/wp-json\/wp\/v2\/pages\/175\/revisions"}],"predecessor-version":[{"id":190,"href":"https:\/\/gicd.inf.um.es\/csidper\/usuario18\/wp-json\/wp\/v2\/pages\/175\/revisions\/190"}],"wp:attachment":[{"href":"https:\/\/gicd.inf.um.es\/csidper\/usuario18\/wp-json\/wp\/v2\/media?parent=175"}],"curies":[{"name":"wp","href":"https:\/\/api.w.org\/{rel}","templated":true}]}}