{"id":349,"date":"2026-04-28T23:03:12","date_gmt":"2026-04-28T21:03:12","guid":{"rendered":"https:\/\/gicd.inf.um.es\/csidper\/usuario18\/?page_id=349"},"modified":"2026-04-28T23:03:14","modified_gmt":"2026-04-28T21:03:14","slug":"politica-de-privacidad","status":"publish","type":"page","link":"https:\/\/gicd.inf.um.es\/csidper\/usuario18\/politica-de-privacidad\/","title":{"rendered":"Pol\u00edtica de privacidad"},"content":{"rendered":"\n<p>En Series \u00c9picas respetamos la privacidad de nuestros usuarios.<br>Los datos personales recogidos a trav\u00e9s del sitio web ser\u00e1n utilizados \u00fanicamente para la gesti\u00f3n de pedidos y la mejora del servicio.<br>No se compartir\u00e1n datos con terceros sin consentimiento.<\/p>\n","protected":false},"excerpt":{"rendered":"<p>En Series \u00c9picas respetamos la privacidad de nuestros usuarios.Los datos personales recogidos a trav\u00e9s del sitio web ser\u00e1n utilizados \u00fanicamente para la gesti\u00f3n de pedidos y la mejora del servicio.No se compartir\u00e1n datos con terceros sin consentimiento.<\/p>\n","protected":false},"author":1,"featured_media":0,"parent":0,"menu_order":0,"comment_status":"closed","ping_status":"closed","template":"","meta":{"footnotes":""},"class_list":["post-349","page","type-page","status-publish","hentry"],"_links":{"self":[{"href":"https:\/\/gicd.inf.um.es\/csidper\/usuario18\/wp-json\/wp\/v2\/pages\/349","targetHints":{"allow":["GET"]}}],"collection":[{"href":"https:\/\/gicd.inf.um.es\/csidper\/usuario18\/wp-json\/wp\/v2\/pages"}],"about":[{"href":"https:\/\/gicd.inf.um.es\/csidper\/usuario18\/wp-json\/wp\/v2\/types\/page"}],"author":[{"embeddable":true,"href":"https:\/\/gicd.inf.um.es\/csidper\/usuario18\/wp-json\/wp\/v2\/users\/1"}],"replies":[{"embeddable":true,"href":"https:\/\/gicd.inf.um.es\/csidper\/usuario18\/wp-json\/wp\/v2\/comments?post=349"}],"version-history":[{"count":2,"href":"https:\/\/gicd.inf.um.es\/csidper\/usuario18\/wp-json\/wp\/v2\/pages\/349\/revisions"}],"predecessor-version":[{"id":355,"href":"https:\/\/gicd.inf.um.es\/csidper\/usuario18\/wp-json\/wp\/v2\/pages\/349\/revisions\/355"}],"wp:attachment":[{"href":"https:\/\/gicd.inf.um.es\/csidper\/usuario18\/wp-json\/wp\/v2\/media?parent=349"}],"curies":[{"name":"wp","href":"https:\/\/api.w.org\/{rel}","templated":true}]}}