{"id":351,"date":"2026-04-28T23:02:15","date_gmt":"2026-04-28T21:02:15","guid":{"rendered":"https:\/\/gicd.inf.um.es\/csidper\/usuario18\/?page_id=351"},"modified":"2026-04-28T23:02:55","modified_gmt":"2026-04-28T21:02:55","slug":"terminos-y-condiciones","status":"publish","type":"page","link":"https:\/\/gicd.inf.um.es\/csidper\/usuario18\/terminos-y-condiciones\/","title":{"rendered":"T\u00e9rminos y condiciones"},"content":{"rendered":"\n<p> El uso de este sitio web implica la aceptaci\u00f3n de los presentes t\u00e9rminos y condiciones.<br>Series \u00c9picas se reserva el derecho a modificar los contenidos y servicios ofrecidos sin previo aviso.<br>El usuario se compromete a hacer un uso adecuado del sitio web.<\/p>\n","protected":false},"excerpt":{"rendered":"<p>El uso de este sitio web implica la aceptaci\u00f3n de los presentes t\u00e9rminos y condiciones.Series \u00c9picas se reserva el derecho a modificar los contenidos y servicios ofrecidos sin previo aviso.El usuario se compromete a hacer un uso adecuado del sitio web.<\/p>\n","protected":false},"author":1,"featured_media":0,"parent":0,"menu_order":0,"comment_status":"closed","ping_status":"closed","template":"","meta":{"footnotes":""},"class_list":["post-351","page","type-page","status-publish","hentry"],"_links":{"self":[{"href":"https:\/\/gicd.inf.um.es\/csidper\/usuario18\/wp-json\/wp\/v2\/pages\/351","targetHints":{"allow":["GET"]}}],"collection":[{"href":"https:\/\/gicd.inf.um.es\/csidper\/usuario18\/wp-json\/wp\/v2\/pages"}],"about":[{"href":"https:\/\/gicd.inf.um.es\/csidper\/usuario18\/wp-json\/wp\/v2\/types\/page"}],"author":[{"embeddable":true,"href":"https:\/\/gicd.inf.um.es\/csidper\/usuario18\/wp-json\/wp\/v2\/users\/1"}],"replies":[{"embeddable":true,"href":"https:\/\/gicd.inf.um.es\/csidper\/usuario18\/wp-json\/wp\/v2\/comments?post=351"}],"version-history":[{"count":3,"href":"https:\/\/gicd.inf.um.es\/csidper\/usuario18\/wp-json\/wp\/v2\/pages\/351\/revisions"}],"predecessor-version":[{"id":354,"href":"https:\/\/gicd.inf.um.es\/csidper\/usuario18\/wp-json\/wp\/v2\/pages\/351\/revisions\/354"}],"wp:attachment":[{"href":"https:\/\/gicd.inf.um.es\/csidper\/usuario18\/wp-json\/wp\/v2\/media?parent=351"}],"curies":[{"name":"wp","href":"https:\/\/api.w.org\/{rel}","templated":true}]}}