{"id":16,"date":"2025-10-14T18:52:46","date_gmt":"2025-10-14T16:52:46","guid":{"rendered":"https:\/\/gicd.inf.um.es\/csidper\/usuario30\/?page_id=16"},"modified":"2026-02-03T19:11:14","modified_gmt":"2026-02-03T18:11:14","slug":"inicio","status":"publish","type":"page","link":"https:\/\/gicd.inf.um.es\/csidper\/usuario30\/","title":{"rendered":"Series \u00c9picas"},"content":{"rendered":"\n<p>Te damos la bienvenida a Series \u00c9picas, donde te ofrecemos informaci\u00f3n sobre series y productos relacionados con ellas. Pensamos que todo lo que nos rodea habla de nosotros, nos diferencia, y es una peque\u00f1a extensi\u00f3n de nuestra personalidad.<\/p>\n\n\n\n<div style=\"height:50px\" aria-hidden=\"true\" class=\"wp-block-spacer\"><\/div>\n\n\n\n<div class=\"wp-block-columns alignwide is-layout-flex wp-container-core-columns-is-layout-9d6595d7 wp-block-columns-is-layout-flex\">\n<div class=\"wp-block-column is-layout-flow wp-block-column-is-layout-flow\">\n<h2 class=\"wp-block-heading has-text-align-center\">Regalo \u00e9picos<\/h2>\n\n\n\n<figure class=\"wp-block-image size-medium\"><img loading=\"lazy\" decoding=\"async\" width=\"300\" height=\"225\" src=\"https:\/\/gicd.inf.um.es\/csidper\/usuario30\/wp-content\/uploads\/2025\/10\/regalos-300x225.jpg\" alt=\"Regalos \u00e9picos\" class=\"wp-image-6\" style=\"aspect-ratio:1;object-fit:cover\" srcset=\"https:\/\/gicd.inf.um.es\/csidper\/usuario30\/wp-content\/uploads\/2025\/10\/regalos-300x225.jpg 300w, https:\/\/gicd.inf.um.es\/csidper\/usuario30\/wp-content\/uploads\/2025\/10\/regalos-768x576.jpg 768w, https:\/\/gicd.inf.um.es\/csidper\/usuario30\/wp-content\/uploads\/2025\/10\/regalos.jpg 800w\" sizes=\"auto, (max-width: 300px) 100vw, 300px\" \/><\/figure>\n\n\n\n<div style=\"height:15px\" aria-hidden=\"true\" class=\"wp-block-spacer\"><\/div>\n\n\n\n<p>Te ofrecemos Funkos POP, moda, hogar\u2026 Todo el Universo Friki en un \u00fanico sitio y con los mejores precios para que disfrutes a tope.<\/p>\n<\/div>\n\n\n\n<div class=\"wp-block-column is-layout-flow wp-block-column-is-layout-flow\">\n<h2 class=\"wp-block-heading has-text-align-center\">Figuras<\/h2>\n\n\n\n<figure class=\"wp-block-image size-medium\"><img loading=\"lazy\" decoding=\"async\" width=\"300\" height=\"300\" src=\"https:\/\/gicd.inf.um.es\/csidper\/usuario30\/wp-content\/uploads\/2025\/10\/figuras-stranger-things-300x300.jpg\" alt=\"Figuras\" class=\"wp-image-9\" style=\"aspect-ratio:1;object-fit:cover\" srcset=\"https:\/\/gicd.inf.um.es\/csidper\/usuario30\/wp-content\/uploads\/2025\/10\/figuras-stranger-things-300x300.jpg 300w, https:\/\/gicd.inf.um.es\/csidper\/usuario30\/wp-content\/uploads\/2025\/10\/figuras-stranger-things-150x150.jpg 150w, https:\/\/gicd.inf.um.es\/csidper\/usuario30\/wp-content\/uploads\/2025\/10\/figuras-stranger-things.jpg 600w\" sizes=\"auto, (max-width: 300px) 100vw, 300px\" \/><\/figure>\n\n\n\n<div style=\"height:15px\" aria-hidden=\"true\" class=\"wp-block-spacer\"><\/div>\n\n\n\n<p>Aqu\u00ed tenemos figuras para todos los gustos. No importa de qu\u00e9 seas fan, seguro que tenemos algo a lo que no podr\u00e1s resistirte.<\/p>\n<\/div>\n\n\n\n<div class=\"wp-block-column is-layout-flow wp-block-column-is-layout-flow\">\n<h2 class=\"wp-block-heading\">Moda<\/h2>\n\n\n\n<figure class=\"wp-block-image size-medium\"><img loading=\"lazy\" decoding=\"async\" width=\"300\" height=\"300\" src=\"https:\/\/gicd.inf.um.es\/csidper\/usuario30\/wp-content\/uploads\/2025\/10\/camisetas-breaking-bad-300x300.jpg\" alt=\"Moda\" class=\"wp-image-7\" style=\"aspect-ratio:1;object-fit:cover\" srcset=\"https:\/\/gicd.inf.um.es\/csidper\/usuario30\/wp-content\/uploads\/2025\/10\/camisetas-breaking-bad-300x300.jpg 300w, https:\/\/gicd.inf.um.es\/csidper\/usuario30\/wp-content\/uploads\/2025\/10\/camisetas-breaking-bad-1024x1024.jpg 1024w, https:\/\/gicd.inf.um.es\/csidper\/usuario30\/wp-content\/uploads\/2025\/10\/camisetas-breaking-bad-150x150.jpg 150w, https:\/\/gicd.inf.um.es\/csidper\/usuario30\/wp-content\/uploads\/2025\/10\/camisetas-breaking-bad-768x768.jpg 768w, https:\/\/gicd.inf.um.es\/csidper\/usuario30\/wp-content\/uploads\/2025\/10\/camisetas-breaking-bad.jpg 1080w\" sizes=\"auto, (max-width: 300px) 100vw, 300px\" \/><\/figure>\n\n\n\n<div style=\"height:15px\" aria-hidden=\"true\" class=\"wp-block-spacer\"><\/div>\n\n\n\n<p>\u00bfQui\u00e9n dice que ser friki est\u00e1 re\u00f1ido con ir a la moda? Nosotros no estamos de acuerdo y te lo demostramos con esta secci\u00f3n.<\/p>\n<\/div>\n\n\n\n<div class=\"wp-block-column is-layout-flow wp-block-column-is-layout-flow\">\n<h2 class=\"wp-block-heading\">Complementos<\/h2>\n\n\n\n<figure class=\"wp-block-image size-medium\"><img loading=\"lazy\" decoding=\"async\" width=\"300\" height=\"300\" src=\"https:\/\/gicd.inf.um.es\/csidper\/usuario30\/wp-content\/uploads\/2025\/10\/complementos-300x300.jpg\" alt=\"Complementos\" class=\"wp-image-8\" style=\"aspect-ratio:1;object-fit:cover\" srcset=\"https:\/\/gicd.inf.um.es\/csidper\/usuario30\/wp-content\/uploads\/2025\/10\/complementos-300x300.jpg 300w, https:\/\/gicd.inf.um.es\/csidper\/usuario30\/wp-content\/uploads\/2025\/10\/complementos-1024x1024.jpg 1024w, https:\/\/gicd.inf.um.es\/csidper\/usuario30\/wp-content\/uploads\/2025\/10\/complementos-150x150.jpg 150w, https:\/\/gicd.inf.um.es\/csidper\/usuario30\/wp-content\/uploads\/2025\/10\/complementos-768x768.jpg 768w, https:\/\/gicd.inf.um.es\/csidper\/usuario30\/wp-content\/uploads\/2025\/10\/complementos.jpg 1080w\" sizes=\"auto, (max-width: 300px) 100vw, 300px\" \/><\/figure>\n\n\n\n<div style=\"height:15px\" aria-hidden=\"true\" class=\"wp-block-spacer\"><\/div>\n\n\n\n<p>Todo friki que se precie debe complementar su vida diaria con los accesorios frikis y aqu\u00ed te los ofrecemos absolutamente todos.<\/p>\n<\/div>\n<\/div>\n\n\n\n<p class=\"has-text-align-center\">\u00a1SUSCR\u00cdBETE A NUESTRA NEWSLETTER!<\/p>\n\n\n<div class=\"tnp tnp-subscription \">\n<form method=\"post\" action=\"https:\/\/gicd.inf.um.es\/csidper\/usuario30\/wp-admin\/admin-ajax.php?action=tnp&amp;na=s\">\n<input type=\"hidden\" name=\"nlang\" value=\"\">\n<div class=\"tnp-field tnp-field-firstname\"><label for=\"tnp-1\">Nombre<\/label>\n<input class=\"tnp-name\" type=\"text\" name=\"nn\" id=\"tnp-1\" value=\"\" placeholder=\"\"><\/div>\n<div class=\"tnp-field tnp-field-surname\"><label for=\"tnp-2\">Apellidos<\/label>\n<input class=\"tnp-surname\" type=\"text\" name=\"ns\" id=\"tnp-2\" value=\"\" placeholder=\"\"><\/div><div class=\"tnp-field tnp-field-email\"><label for=\"tnp-3\">Correo electr\u00f3nico<\/label>\n<input class=\"tnp-email\" type=\"email\" name=\"ne\" id=\"tnp-3\" value=\"\" placeholder=\"\" required><\/div>\n<div class=\"tnp-field tnp-field-gender\"><label for=\"tnp-4\">Soy<\/label>\n<select name=\"nx\" class=\"tnp-gender\" id=\"tnp-gender\"><option value=\"n\">No especificado<\/option><option value=\"f\">Mujer<\/option><option value=\"m\">Hombre<\/option><\/select><\/div>\n<div class=\"tnp-field tnp-field-profile\"><label for=\"tnp-5\">T\u00edtulo<\/label>\n<select class=\"tnp-profile tnp-profile-1\" id=\"tnp-profile_1\" name=\"np1\" required><option>Periodismo<\/option><option>Publicidad y RRPP<\/option><option>Comunicaci\u00f3n Audiovisual<\/option><option>Media Studies<\/option><option>Gesti\u00f3n de Informaci\u00f3n<\/option><\/select>\n<\/div>\n<div class=\"tnp-field tnp-field-profile\"><label for=\"tnp-6\">Curso<\/label>\n<select class=\"tnp-profile tnp-profile-2\" id=\"tnp-profile_2\" name=\"np2\"><option>1\u00ba<\/option><option>2\u00ba<\/option><option>3\u00ba<\/option><option>4\u00ba<\/option><\/select>\n<\/div>\n<div class=\"tnp-field tnp-privacy-field\"><label><input type=\"checkbox\" name=\"ny\" required class=\"tnp-privacy\"> Acepto la pol\u00edtica de privacidad<\/label><\/div><div class=\"tnp-field tnp-field-button\" style=\"text-align: left\"><input class=\"tnp-submit\" type=\"submit\" value=\"\u00a1Me quiero apuntar!\" style=\"\">\n<\/div>\n<\/form>\n<\/div>\n\n\n\n\n<div class=\"wp-block-cover alignfull is-light has-parallax has-custom-content-position is-position-center-left\"><div role=\"img\" aria-label=\"Promociones\" class=\"wp-block-cover__image-background wp-image-10 size-large has-parallax\" style=\"background-position:50% 50%;background-image:url(https:\/\/gicd.inf.um.es\/csidper\/usuario30\/wp-content\/uploads\/2025\/10\/hombre-con-capa-1024x427.png)\"><\/div><span aria-hidden=\"true\" class=\"wp-block-cover__background has-black-background-color has-background-dim-10 has-background-dim\"><\/span><div class=\"wp-block-cover__inner-container is-layout-constrained wp-block-cover-is-layout-constrained\">\n<p class=\"has-text-align-left has-large-font-size\"><strong>Aprovecha nuestros descuentos<\/strong><\/p>\n\n\n\n<p class=\"has-text-align-left has-large-font-size\">Usa el c\u00f3digo<\/p>\n\n\n\n<p class=\"has-vivid-red-color has-text-color has-link-color has-x-large-font-size wp-elements-5568ea3954385afa812f8502086d665d\"><strong>DESCUENTO20<\/strong><\/p>\n<\/div><\/div>\n","protected":false},"excerpt":{"rendered":"<p>Te damos la bienvenida a Series \u00c9picas, donde te ofrecemos informaci\u00f3n sobre series y productos relacionados con ellas. Pensamos que todo lo que nos rodea habla de nosotros, nos diferencia, y es una peque\u00f1a extensi\u00f3n de nuestra personalidad. Regalo \u00e9picos Te ofrecemos Funkos POP, moda, hogar\u2026 Todo el Universo Friki en un \u00fanico sitio y [&hellip;]<\/p>\n","protected":false},"author":1,"featured_media":11,"parent":0,"menu_order":0,"comment_status":"closed","ping_status":"closed","template":"","meta":{"footnotes":""},"class_list":["post-16","page","type-page","status-publish","has-post-thumbnail","hentry"],"_links":{"self":[{"href":"https:\/\/gicd.inf.um.es\/csidper\/usuario30\/wp-json\/wp\/v2\/pages\/16","targetHints":{"allow":["GET"]}}],"collection":[{"href":"https:\/\/gicd.inf.um.es\/csidper\/usuario30\/wp-json\/wp\/v2\/pages"}],"about":[{"href":"https:\/\/gicd.inf.um.es\/csidper\/usuario30\/wp-json\/wp\/v2\/types\/page"}],"author":[{"embeddable":true,"href":"https:\/\/gicd.inf.um.es\/csidper\/usuario30\/wp-json\/wp\/v2\/users\/1"}],"replies":[{"embeddable":true,"href":"https:\/\/gicd.inf.um.es\/csidper\/usuario30\/wp-json\/wp\/v2\/comments?post=16"}],"version-history":[{"count":14,"href":"https:\/\/gicd.inf.um.es\/csidper\/usuario30\/wp-json\/wp\/v2\/pages\/16\/revisions"}],"predecessor-version":[{"id":557,"href":"https:\/\/gicd.inf.um.es\/csidper\/usuario30\/wp-json\/wp\/v2\/pages\/16\/revisions\/557"}],"wp:featuredmedia":[{"embeddable":true,"href":"https:\/\/gicd.inf.um.es\/csidper\/usuario30\/wp-json\/wp\/v2\/media\/11"}],"wp:attachment":[{"href":"https:\/\/gicd.inf.um.es\/csidper\/usuario30\/wp-json\/wp\/v2\/media?parent=16"}],"curies":[{"name":"wp","href":"https:\/\/api.w.org\/{rel}","templated":true}]}}