{"id":252,"date":"2025-11-17T15:45:03","date_gmt":"2025-11-17T14:45:03","guid":{"rendered":"https:\/\/gicd.inf.um.es\/csidper\/usuario30\/?page_id=252"},"modified":"2025-11-17T16:47:13","modified_gmt":"2025-11-17T15:47:13","slug":"actividad-1","status":"publish","type":"page","link":"https:\/\/gicd.inf.um.es\/csidper\/usuario30\/actividad-1\/","title":{"rendered":"Actividad 1"},"content":{"rendered":"<div class=\"wp-block-image\">\n<figure class=\"aligncenter size-full is-resized\"><img loading=\"lazy\" decoding=\"async\" width=\"634\" height=\"365\" src=\"https:\/\/gicd.inf.um.es\/csidper\/usuario30\/wp-content\/uploads\/2025\/11\/periodicos_revistas_impresas_crecimiento.jpg\" alt=\"Peri\u00f3dicos\" class=\"wp-image-255\" style=\"width:1000px\" srcset=\"https:\/\/gicd.inf.um.es\/csidper\/usuario30\/wp-content\/uploads\/2025\/11\/periodicos_revistas_impresas_crecimiento.jpg 634w, https:\/\/gicd.inf.um.es\/csidper\/usuario30\/wp-content\/uploads\/2025\/11\/periodicos_revistas_impresas_crecimiento-300x173.jpg 300w\" sizes=\"auto, (max-width: 634px) 100vw, 634px\" \/><\/figure>\n<\/div>\n\n\n<p class=\"has-text-align-center has-white-color has-text-color has-background has-link-color wp-elements-14112b9c9304c62b19d30fb128104542\" style=\"background-color:#c79d54\"><strong>Nuestro peri\u00f3dico digital ofrece informaci\u00f3n actual, clara y accesible para que est\u00e9s al d\u00eda de lo que ocurre en tu entorno y en el mundo. Apostamos por un contenido directo, fiable y pensado para lectores que buscan estar informados de forma r\u00e1pida y sencilla.<\/strong><\/p>\n\n\n\n<div style=\"height:60px\" aria-hidden=\"true\" class=\"wp-block-spacer\"><\/div>\n\n\n\n<div class=\"wp-block-columns is-layout-flex wp-container-core-columns-is-layout-9d6595d7 wp-block-columns-is-layout-flex\">\n<div class=\"wp-block-column is-layout-flow wp-block-column-is-layout-flow\">\n<h2 class=\"wp-block-heading has-black-color has-text-color has-link-color has-medium-font-size wp-elements-88dbf513035e6aafa25b144404da3b7f\"><strong><a href=\"https:\/\/gicd.inf.um.es\/csidper\/usuario30\/category\/politica\/\" data-type=\"link\" data-id=\"https:\/\/gicd.inf.um.es\/csidper\/usuario30\/category\/politica\/\">Pol\u00edtica<\/a><\/strong><\/h2>\n\n\n\n<figure class=\"wp-block-image size-full wp-duotone-rgb19915784-rgb255255255-1\"><a href=\"https:\/\/gicd.inf.um.es\/csidper\/usuario30\/category\/politica\/\"><img loading=\"lazy\" decoding=\"async\" width=\"950\" height=\"534\" src=\"https:\/\/gicd.inf.um.es\/csidper\/usuario30\/wp-content\/uploads\/2025\/11\/Que-es-y-en-que-consiste-la-comunicacion-politica2.jpg\" alt=\"Pol\u00edtica\" class=\"wp-image-279\" style=\"aspect-ratio:16\/9;object-fit:contain\" srcset=\"https:\/\/gicd.inf.um.es\/csidper\/usuario30\/wp-content\/uploads\/2025\/11\/Que-es-y-en-que-consiste-la-comunicacion-politica2.jpg 950w, https:\/\/gicd.inf.um.es\/csidper\/usuario30\/wp-content\/uploads\/2025\/11\/Que-es-y-en-que-consiste-la-comunicacion-politica2-300x169.jpg 300w, https:\/\/gicd.inf.um.es\/csidper\/usuario30\/wp-content\/uploads\/2025\/11\/Que-es-y-en-que-consiste-la-comunicacion-politica2-768x432.jpg 768w\" sizes=\"auto, (max-width: 950px) 100vw, 950px\" \/><\/a><\/figure>\n\n\n\n<p>La secci\u00f3n de <strong>Pol\u00edtica <\/strong>te acerca a los acontecimientos y decisiones que marcan el rumbo del pa\u00eds y del mundo. Aqu\u00ed encontrar\u00e1s noticias, an\u00e1lisis y contextos claros para entender qu\u00e9 hay detr\u00e1s de cada movimiento pol\u00edtico.<\/p>\n<\/div>\n\n\n\n<div class=\"wp-block-column is-layout-flow wp-block-column-is-layout-flow\">\n<h2 class=\"wp-block-heading has-black-color has-text-color has-link-color has-medium-font-size wp-elements-81ff2572be07bfcf9289521ef5fe064b\"><strong><a href=\"https:\/\/gicd.inf.um.es\/csidper\/usuario30\/category\/internacional\/\">Internacional<\/a><\/strong><\/h2>\n\n\n\n<figure class=\"wp-block-image size-full wp-duotone-rgb19915784-rgb255254254-2\"><a href=\"https:\/\/gicd.inf.um.es\/csidper\/usuario30\/category\/internacional\/\"><img loading=\"lazy\" decoding=\"async\" width=\"980\" height=\"980\" src=\"https:\/\/gicd.inf.um.es\/csidper\/usuario30\/wp-content\/uploads\/2025\/11\/geopolitics-black-glyph-icon-international-governance-global-diplomacy-world-map-foreign-relations-silhouette-symbol-on-white-space-solid-pictogram-isolate.jpg\" alt=\"Internacional\" class=\"wp-image-281\" style=\"aspect-ratio:16\/9;object-fit:contain\" srcset=\"https:\/\/gicd.inf.um.es\/csidper\/usuario30\/wp-content\/uploads\/2025\/11\/geopolitics-black-glyph-icon-international-governance-global-diplomacy-world-map-foreign-relations-silhouette-symbol-on-white-space-solid-pictogram-isolate.jpg 980w, https:\/\/gicd.inf.um.es\/csidper\/usuario30\/wp-content\/uploads\/2025\/11\/geopolitics-black-glyph-icon-international-governance-global-diplomacy-world-map-foreign-relations-silhouette-symbol-on-white-space-solid-pictogram-isolate-300x300.jpg 300w, https:\/\/gicd.inf.um.es\/csidper\/usuario30\/wp-content\/uploads\/2025\/11\/geopolitics-black-glyph-icon-international-governance-global-diplomacy-world-map-foreign-relations-silhouette-symbol-on-white-space-solid-pictogram-isolate-150x150.jpg 150w, https:\/\/gicd.inf.um.es\/csidper\/usuario30\/wp-content\/uploads\/2025\/11\/geopolitics-black-glyph-icon-international-governance-global-diplomacy-world-map-foreign-relations-silhouette-symbol-on-white-space-solid-pictogram-isolate-768x768.jpg 768w\" sizes=\"auto, (max-width: 980px) 100vw, 980px\" \/><\/a><\/figure>\n\n\n\n<p>La secci\u00f3n de <strong>Internacional <\/strong>re\u00fane las noticias m\u00e1s relevantes del panorama mundial para que est\u00e9s al tanto de los hechos que marcan la agenda global. Ofrecemos contextos claros y actualizados para comprender c\u00f3mo estos acontecimientos influyen en la vida cotidiana y en el equilibrio entre pa\u00edses.<br><br><\/p>\n<\/div>\n\n\n\n<div class=\"wp-block-column is-layout-flow wp-block-column-is-layout-flow\">\n<h2 class=\"wp-block-heading has-black-color has-text-color has-link-color has-medium-font-size wp-elements-265a66bdab4f53d09cfed0922d4b5acc\"><strong><a href=\"https:\/\/gicd.inf.um.es\/csidper\/usuario30\/category\/sociedad\/\">Sociedad<\/a><\/strong><\/h2>\n\n\n\n<figure class=\"wp-block-image size-full wp-duotone-rgb19915784-rgb255255255-3\"><a href=\"https:\/\/gicd.inf.um.es\/csidper\/usuario30\/category\/sociedad\/\"><img loading=\"lazy\" decoding=\"async\" width=\"600\" height=\"183\" src=\"https:\/\/gicd.inf.um.es\/csidper\/usuario30\/wp-content\/uploads\/2025\/11\/depositphotos_546249316-stock-illustration-society-silhouette-family-pensioners-children.webp\" alt=\"Sociedad\" class=\"wp-image-285\" style=\"aspect-ratio:16\/9;object-fit:cover\" srcset=\"https:\/\/gicd.inf.um.es\/csidper\/usuario30\/wp-content\/uploads\/2025\/11\/depositphotos_546249316-stock-illustration-society-silhouette-family-pensioners-children.webp 600w, https:\/\/gicd.inf.um.es\/csidper\/usuario30\/wp-content\/uploads\/2025\/11\/depositphotos_546249316-stock-illustration-society-silhouette-family-pensioners-children-300x92.webp 300w\" sizes=\"auto, (max-width: 600px) 100vw, 600px\" \/><\/a><\/figure>\n\n\n\n<p>La secci\u00f3n de <strong>Sociedad <\/strong>recoge las historias, tendencias y realidades que influyen en la vida diaria de las personas. Aqu\u00ed encontrar\u00e1s contenidos que reflejan cambios culturales, temas sociales y las voces que dan forma a nuestra comunidad.<\/p>\n<\/div>\n\n\n\n<div class=\"wp-block-column is-layout-flow wp-block-column-is-layout-flow\">\n<h2 class=\"wp-block-heading has-black-color has-text-color has-link-color has-medium-font-size wp-elements-e2f697df9e88f5d3bcf4cebf320cf193\"><strong><a href=\"https:\/\/gicd.inf.um.es\/csidper\/usuario30\/category\/cultura\/\">Cultura<\/a><\/strong><\/h2>\n\n\n\n<figure class=\"wp-block-image size-full wp-duotone-rgb19915784-rgb255255255-4\"><a href=\"https:\/\/gicd.inf.um.es\/csidper\/usuario30\/category\/cultura\/\"><img loading=\"lazy\" decoding=\"async\" width=\"600\" height=\"600\" src=\"https:\/\/gicd.inf.um.es\/csidper\/usuario30\/wp-content\/uploads\/2025\/11\/depositphotos_152558822-stock-illustration-vector-drawing-old-fashioned-movie.webp\" alt=\"Cultura\" class=\"wp-image-288\" style=\"aspect-ratio:16\/9;object-fit:contain\" srcset=\"https:\/\/gicd.inf.um.es\/csidper\/usuario30\/wp-content\/uploads\/2025\/11\/depositphotos_152558822-stock-illustration-vector-drawing-old-fashioned-movie.webp 600w, https:\/\/gicd.inf.um.es\/csidper\/usuario30\/wp-content\/uploads\/2025\/11\/depositphotos_152558822-stock-illustration-vector-drawing-old-fashioned-movie-300x300.webp 300w, https:\/\/gicd.inf.um.es\/csidper\/usuario30\/wp-content\/uploads\/2025\/11\/depositphotos_152558822-stock-illustration-vector-drawing-old-fashioned-movie-150x150.webp 150w\" sizes=\"auto, (max-width: 600px) 100vw, 600px\" \/><\/a><\/figure>\n\n\n\n<p>La secci\u00f3n de <strong>Cultura <\/strong>explora el arte, la creatividad y las expresiones que enriquecen nuestra vida cotidiana. Aqu\u00ed encontrar\u00e1s noticias, rese\u00f1as y tendencias del mundo cultural para disfrutar y descubrir nuevas perspectivas.<\/p>\n<\/div>\n\n\n\n<div class=\"wp-block-column is-layout-flow wp-block-column-is-layout-flow\">\n<h2 class=\"wp-block-heading has-black-color has-text-color has-link-color has-medium-font-size wp-elements-4d8622b36785d15f40c83883dc377497\"><strong><a href=\"https:\/\/gicd.inf.um.es\/csidper\/usuario30\/category\/deportes\/\">Deportes<\/a><\/strong><\/h2>\n\n\n\n<figure class=\"wp-block-image size-full is-resized wp-duotone-rgb19915784-rgb255255255-5\"><a href=\"https:\/\/gicd.inf.um.es\/csidper\/usuario30\/category\/deportes\/\"><img loading=\"lazy\" decoding=\"async\" width=\"980\" height=\"980\" src=\"https:\/\/gicd.inf.um.es\/csidper\/usuario30\/wp-content\/uploads\/2025\/11\/fitness-and-sport-equipment-in-black-and-white-free-vector.jpg\" alt=\"Deporte\" class=\"wp-image-290\" style=\"aspect-ratio:16\/9;object-fit:contain;width:1000px\" srcset=\"https:\/\/gicd.inf.um.es\/csidper\/usuario30\/wp-content\/uploads\/2025\/11\/fitness-and-sport-equipment-in-black-and-white-free-vector.jpg 980w, https:\/\/gicd.inf.um.es\/csidper\/usuario30\/wp-content\/uploads\/2025\/11\/fitness-and-sport-equipment-in-black-and-white-free-vector-300x300.jpg 300w, https:\/\/gicd.inf.um.es\/csidper\/usuario30\/wp-content\/uploads\/2025\/11\/fitness-and-sport-equipment-in-black-and-white-free-vector-150x150.jpg 150w, https:\/\/gicd.inf.um.es\/csidper\/usuario30\/wp-content\/uploads\/2025\/11\/fitness-and-sport-equipment-in-black-and-white-free-vector-768x768.jpg 768w\" sizes=\"auto, (max-width: 980px) 100vw, 980px\" \/><\/a><\/figure>\n\n\n\n<p>La secci\u00f3n de <strong>Deporte <\/strong>re\u00fane las noticias, resultados y protagonistas que dan vida al mundo deportivo. Aqu\u00ed encontrar\u00e1s cobertura actualizada y cercana de las competiciones, equipos y disciplinas que apasionan a millones.<\/p>\n<\/div>\n<\/div>\n","protected":false},"excerpt":{"rendered":"<p>Nuestro peri\u00f3dico digital ofrece informaci\u00f3n actual, clara y accesible para que est\u00e9s al d\u00eda de lo que ocurre en tu entorno y en el mundo. Apostamos por un contenido directo, fiable y pensado para lectores que buscan estar informados de forma r\u00e1pida y sencilla. Pol\u00edtica La secci\u00f3n de Pol\u00edtica te acerca a los acontecimientos y [&hellip;]<\/p>\n","protected":false},"author":1,"featured_media":0,"parent":0,"menu_order":0,"comment_status":"closed","ping_status":"closed","template":"","meta":{"footnotes":""},"class_list":["post-252","page","type-page","status-publish","hentry"],"_links":{"self":[{"href":"https:\/\/gicd.inf.um.es\/csidper\/usuario30\/wp-json\/wp\/v2\/pages\/252","targetHints":{"allow":["GET"]}}],"collection":[{"href":"https:\/\/gicd.inf.um.es\/csidper\/usuario30\/wp-json\/wp\/v2\/pages"}],"about":[{"href":"https:\/\/gicd.inf.um.es\/csidper\/usuario30\/wp-json\/wp\/v2\/types\/page"}],"author":[{"embeddable":true,"href":"https:\/\/gicd.inf.um.es\/csidper\/usuario30\/wp-json\/wp\/v2\/users\/1"}],"replies":[{"embeddable":true,"href":"https:\/\/gicd.inf.um.es\/csidper\/usuario30\/wp-json\/wp\/v2\/comments?post=252"}],"version-history":[{"count":48,"href":"https:\/\/gicd.inf.um.es\/csidper\/usuario30\/wp-json\/wp\/v2\/pages\/252\/revisions"}],"predecessor-version":[{"id":341,"href":"https:\/\/gicd.inf.um.es\/csidper\/usuario30\/wp-json\/wp\/v2\/pages\/252\/revisions\/341"}],"wp:attachment":[{"href":"https:\/\/gicd.inf.um.es\/csidper\/usuario30\/wp-json\/wp\/v2\/media?parent=252"}],"curies":[{"name":"wp","href":"https:\/\/api.w.org\/{rel}","templated":true}]}}