{"id":348,"date":"2025-11-20T12:33:15","date_gmt":"2025-11-20T11:33:15","guid":{"rendered":"https:\/\/gicd.inf.um.es\/csidper\/usuario33\/?page_id=348"},"modified":"2026-03-17T17:05:00","modified_gmt":"2026-03-17T16:05:00","slug":"deportes","status":"publish","type":"page","link":"https:\/\/gicd.inf.um.es\/csidper\/usuario33\/deportes\/","title":{"rendered":"Madrid y Barcelona, sedes de la primera liga femenina de flag football en Espa\u00f1a"},"content":{"rendered":"\n<h2 class=\"wp-block-heading\">Tras el \u00e9xito en Illinois y Reino Unido, llega a Espa\u00f1a la primera liga femenina de flag football, deporte ol\u00edmpico que se estrenar\u00e1 en Los \u00c1ngeles 2028.<\/h2>\n\n\n\n<div style=\"height:37px\" aria-hidden=\"true\" class=\"wp-block-spacer\"><\/div>\n\n\n\n<figure class=\"wp-block-gallery has-nested-images columns-default is-cropped wp-block-gallery-1 is-layout-flex wp-block-gallery-is-layout-flex\">\n<figure class=\"wp-block-image size-large\"><img loading=\"lazy\" decoding=\"async\" width=\"299\" height=\"168\" data-id=\"474\" src=\"https:\/\/gicd.inf.um.es\/csidper\/usuario33\/wp-content\/uploads\/2025\/11\/images-1-2.jpeg\" alt=\"Liga madrile\u00f1a\" class=\"wp-image-474\"\/><\/figure>\n\n\n\n<figure class=\"wp-block-image size-large\"><img loading=\"lazy\" decoding=\"async\" width=\"640\" height=\"427\" data-id=\"476\" src=\"https:\/\/gicd.inf.um.es\/csidper\/usuario33\/wp-content\/uploads\/2025\/11\/epress_20251121121633-640x427-1-1.jpg\" alt=\"flagg football\" class=\"wp-image-476\" srcset=\"https:\/\/gicd.inf.um.es\/csidper\/usuario33\/wp-content\/uploads\/2025\/11\/epress_20251121121633-640x427-1-1.jpg 640w, https:\/\/gicd.inf.um.es\/csidper\/usuario33\/wp-content\/uploads\/2025\/11\/epress_20251121121633-640x427-1-1-300x200.jpg 300w\" sizes=\"auto, (max-width: 640px) 100vw, 640px\" \/><\/figure>\n<\/figure>\n\n\n\n<p>Los&nbsp;<a href=\"https:\/\/as.com\/noticias\/chicago-bears\/\" rel=\"noopener\">Chicago Bears<\/a>, uno de los equipos fundadores de la&nbsp;<a href=\"https:\/\/as.com\/masdeporte\/nfl\/\" rel=\"noopener\">NFL<\/a>&nbsp;<strong>(National Football League)<\/strong>, anuncian el lanzamiento de&nbsp;<strong>una nueva liga femenina de&nbsp;<\/strong><a href=\"https:\/\/as.com\/noticias\/futbol-bandera\/\" rel=\"noopener\"><strong>Flag Football<\/strong><\/a><strong>&nbsp;en Madrid y Barcelona<\/strong>, una iniciativa pionera que busca impulsar la pr\u00e1ctica deportiva entre chicas menores de quince a\u00f1os y fomentar la igualdad en el deporte. Este pr\u00f3ximo&nbsp;<strong>s\u00e1bado 22 de noviembre<\/strong>&nbsp;arranca oficialmente.<\/p>\n\n\n\n<p>Durante las dos jornadas de presentaci\u00f3n celebradas en octubre,&nbsp;<strong>m\u00e1s de 400 alumnos de distintos colegios<\/strong>&nbsp;participaron en actividades y cl\u00ednics donde pudieron conocer de primera mano esta modalidad del f\u00fatbol americano,&nbsp;<strong>que se estrenar\u00e1 como deporte ol\u00edmpico en Los \u00c1ngeles 2028<\/strong>.<\/p>\n\n\n\n<div style=\"height:58px\" aria-hidden=\"true\" class=\"wp-block-spacer\"><\/div>\n","protected":false},"excerpt":{"rendered":"<p>Tras el \u00e9xito en Illinois y Reino Unido, llega a Espa\u00f1a la primera liga femenina de flag football, deporte ol\u00edmpico que se estrenar\u00e1 en Los \u00c1ngeles 2028. Los&nbsp;Chicago Bears, uno de los equipos fundadores de la&nbsp;NFL&nbsp;(National Football League), anuncian el lanzamiento de&nbsp;una nueva liga femenina de&nbsp;Flag Football&nbsp;en Madrid y Barcelona, una iniciativa pionera que busca [&hellip;]<\/p>\n","protected":false},"author":1,"featured_media":399,"parent":0,"menu_order":0,"comment_status":"closed","ping_status":"closed","template":"","meta":{"footnotes":""},"class_list":["post-348","page","type-page","status-publish","has-post-thumbnail","hentry"],"_links":{"self":[{"href":"https:\/\/gicd.inf.um.es\/csidper\/usuario33\/wp-json\/wp\/v2\/pages\/348","targetHints":{"allow":["GET"]}}],"collection":[{"href":"https:\/\/gicd.inf.um.es\/csidper\/usuario33\/wp-json\/wp\/v2\/pages"}],"about":[{"href":"https:\/\/gicd.inf.um.es\/csidper\/usuario33\/wp-json\/wp\/v2\/types\/page"}],"author":[{"embeddable":true,"href":"https:\/\/gicd.inf.um.es\/csidper\/usuario33\/wp-json\/wp\/v2\/users\/1"}],"replies":[{"embeddable":true,"href":"https:\/\/gicd.inf.um.es\/csidper\/usuario33\/wp-json\/wp\/v2\/comments?post=348"}],"version-history":[{"count":2,"href":"https:\/\/gicd.inf.um.es\/csidper\/usuario33\/wp-json\/wp\/v2\/pages\/348\/revisions"}],"predecessor-version":[{"id":477,"href":"https:\/\/gicd.inf.um.es\/csidper\/usuario33\/wp-json\/wp\/v2\/pages\/348\/revisions\/477"}],"wp:featuredmedia":[{"embeddable":true,"href":"https:\/\/gicd.inf.um.es\/csidper\/usuario33\/wp-json\/wp\/v2\/media\/399"}],"wp:attachment":[{"href":"https:\/\/gicd.inf.um.es\/csidper\/usuario33\/wp-json\/wp\/v2\/media?parent=348"}],"curies":[{"name":"wp","href":"https:\/\/api.w.org\/{rel}","templated":true}]}}