{"id":350,"date":"2025-11-20T12:33:42","date_gmt":"2025-11-20T11:33:42","guid":{"rendered":"https:\/\/gicd.inf.um.es\/csidper\/usuario33\/?page_id=350"},"modified":"2026-03-17T17:04:23","modified_gmt":"2026-03-17T16:04:23","slug":"cultura","status":"publish","type":"page","link":"https:\/\/gicd.inf.um.es\/csidper\/usuario33\/cultura\/","title":{"rendered":"Espa\u00f1a ya no quiere pantallas ni libros: este fen\u00f3meno cultural arrasa en 2025"},"content":{"rendered":"\n<h2 class=\"wp-block-heading\"><strong>Espa\u00f1a ha cambiado sus h\u00e1bitos culturales<\/strong>\u00a0de forma radical. Seg\u00fan el \u00faltimo informe de la SGAE, mientras sectores tradicionales como el cine o la televisi\u00f3n sufren ca\u00eddas hist\u00f3ricas, hay una industria que no deja de crecer<\/h2>\n\n\n\n<div style=\"height:37px\" aria-hidden=\"true\" class=\"wp-block-spacer\"><\/div>\n\n\n\n<figure class=\"wp-block-gallery has-nested-images columns-default is-cropped wp-block-gallery-1 is-layout-flex wp-block-gallery-is-layout-flex\">\n<figure class=\"wp-block-image size-large\"><img loading=\"lazy\" decoding=\"async\" width=\"860\" height=\"573\" data-id=\"493\" src=\"https:\/\/gicd.inf.um.es\/csidper\/usuario33\/wp-content\/uploads\/2025\/11\/3_1715080776-pexels-wendywei-1190298-1-1-2.jpg\" alt=\"ambiente festival\" class=\"wp-image-493\" srcset=\"https:\/\/gicd.inf.um.es\/csidper\/usuario33\/wp-content\/uploads\/2025\/11\/3_1715080776-pexels-wendywei-1190298-1-1-2.jpg 860w, https:\/\/gicd.inf.um.es\/csidper\/usuario33\/wp-content\/uploads\/2025\/11\/3_1715080776-pexels-wendywei-1190298-1-1-2-300x200.jpg 300w, https:\/\/gicd.inf.um.es\/csidper\/usuario33\/wp-content\/uploads\/2025\/11\/3_1715080776-pexels-wendywei-1190298-1-1-2-768x512.jpg 768w\" sizes=\"auto, (max-width: 860px) 100vw, 860px\" \/><\/figure>\n\n\n\n<figure class=\"wp-block-image size-large\"><img loading=\"lazy\" decoding=\"async\" width=\"960\" height=\"540\" data-id=\"494\" src=\"https:\/\/gicd.inf.um.es\/csidper\/usuario33\/wp-content\/uploads\/2025\/11\/5adec8c34834ee7638cc66af28d4fe4d-1-1.jpeg\" alt=\"burbujas\" class=\"wp-image-494\" srcset=\"https:\/\/gicd.inf.um.es\/csidper\/usuario33\/wp-content\/uploads\/2025\/11\/5adec8c34834ee7638cc66af28d4fe4d-1-1.jpeg 960w, https:\/\/gicd.inf.um.es\/csidper\/usuario33\/wp-content\/uploads\/2025\/11\/5adec8c34834ee7638cc66af28d4fe4d-1-1-300x169.jpeg 300w, https:\/\/gicd.inf.um.es\/csidper\/usuario33\/wp-content\/uploads\/2025\/11\/5adec8c34834ee7638cc66af28d4fe4d-1-1-768x432.jpeg 768w\" sizes=\"auto, (max-width: 960px) 100vw, 960px\" \/><\/figure>\n<\/figure>\n\n\n\n<h3 class=\"wp-block-heading\">Festivales y giras, claves del auge<\/h3>\n\n\n\n<p>Espa\u00f1a cerr\u00f3 2024 con una&nbsp;<strong>facturaci\u00f3n r\u00e9cord de 725,6 millones de euros<\/strong>&nbsp;en venta de entradas, un&nbsp;<strong>25,32% m\u00e1s que el a\u00f1o anterior<\/strong>, seg\u00fan la Asociaci\u00f3n de Promotores Musicales. Los&nbsp;<strong>festivales generaron por s\u00ed solos 398 millones<\/strong>, lo que representa un 30,9% de crecimiento interanual.<\/p>\n\n\n\n<p>Desde 2008, el&nbsp;<strong>salto es a\u00fan m\u00e1s significativo<\/strong>: la recaudaci\u00f3n por&nbsp;<strong>m\u00fasica en vivo<\/strong>&nbsp;se ha triplicado. Este fen\u00f3meno no se limita al pop: la&nbsp;<strong>m\u00fasica cl\u00e1sica<\/strong>&nbsp;tambi\u00e9n presenta una tendencia ascendente, aunque su p\u00fablico a\u00fan es un 9% inferior al de la era prepandemia.<\/p>\n\n\n\n<h3 class=\"wp-block-heading\">La decadencia de la pantalla<\/h3>\n\n\n\n<p>Mientras tanto, el&nbsp;<strong>cine espa\u00f1ol<\/strong>&nbsp;contin\u00faa sin recuperar su nivel previo a la pandemia. Las cifras de 2024 muestran una&nbsp;<strong>ca\u00edda del 5-6% respecto a 2023<\/strong>, con unos&nbsp;<strong>73 millones de espectadores<\/strong>&nbsp;y una recaudaci\u00f3n entre 477 y 485 millones de euros, muy por debajo de los 105 millones de asistentes de 2019.<\/p>\n\n\n\n<p>Factores como la&nbsp;<strong>huelga de guionistas y actores en Hollywood<\/strong>&nbsp;durante 2023 afectaron los estrenos clave, agravando la situaci\u00f3n de las salas durante el primer semestre del a\u00f1o.<\/p>\n\n\n\n<div style=\"height:58px\" aria-hidden=\"true\" class=\"wp-block-spacer\"><\/div>\n","protected":false},"excerpt":{"rendered":"<p>Espa\u00f1a ha cambiado sus h\u00e1bitos culturales\u00a0de forma radical. Seg\u00fan el \u00faltimo informe de la SGAE, mientras sectores tradicionales como el cine o la televisi\u00f3n sufren ca\u00eddas hist\u00f3ricas, hay una industria que no deja de crecer Festivales y giras, claves del auge Espa\u00f1a cerr\u00f3 2024 con una&nbsp;facturaci\u00f3n r\u00e9cord de 725,6 millones de euros&nbsp;en venta de entradas, [&hellip;]<\/p>\n","protected":false},"author":1,"featured_media":388,"parent":0,"menu_order":0,"comment_status":"closed","ping_status":"closed","template":"","meta":{"footnotes":""},"class_list":["post-350","page","type-page","status-publish","has-post-thumbnail","hentry"],"_links":{"self":[{"href":"https:\/\/gicd.inf.um.es\/csidper\/usuario33\/wp-json\/wp\/v2\/pages\/350","targetHints":{"allow":["GET"]}}],"collection":[{"href":"https:\/\/gicd.inf.um.es\/csidper\/usuario33\/wp-json\/wp\/v2\/pages"}],"about":[{"href":"https:\/\/gicd.inf.um.es\/csidper\/usuario33\/wp-json\/wp\/v2\/types\/page"}],"author":[{"embeddable":true,"href":"https:\/\/gicd.inf.um.es\/csidper\/usuario33\/wp-json\/wp\/v2\/users\/1"}],"replies":[{"embeddable":true,"href":"https:\/\/gicd.inf.um.es\/csidper\/usuario33\/wp-json\/wp\/v2\/comments?post=350"}],"version-history":[{"count":2,"href":"https:\/\/gicd.inf.um.es\/csidper\/usuario33\/wp-json\/wp\/v2\/pages\/350\/revisions"}],"predecessor-version":[{"id":495,"href":"https:\/\/gicd.inf.um.es\/csidper\/usuario33\/wp-json\/wp\/v2\/pages\/350\/revisions\/495"}],"wp:featuredmedia":[{"embeddable":true,"href":"https:\/\/gicd.inf.um.es\/csidper\/usuario33\/wp-json\/wp\/v2\/media\/388"}],"wp:attachment":[{"href":"https:\/\/gicd.inf.um.es\/csidper\/usuario33\/wp-json\/wp\/v2\/media?parent=350"}],"curies":[{"name":"wp","href":"https:\/\/api.w.org\/{rel}","templated":true}]}}