{"id":194,"date":"2025-11-11T11:58:32","date_gmt":"2025-11-11T10:58:32","guid":{"rendered":"https:\/\/gicd.inf.um.es\/csidper\/usuario35\/?page_id=194"},"modified":"2025-11-24T16:44:05","modified_gmt":"2025-11-24T15:44:05","slug":"actividad-1","status":"publish","type":"page","link":"https:\/\/gicd.inf.um.es\/csidper\/usuario35\/actividad-1\/","title":{"rendered":"Actividad 1"},"content":{"rendered":"\n<h2 class=\"wp-block-heading has-large-font-size\">DecaNews<\/h2>\n\n\n\n<figure class=\"wp-block-gallery has-nested-images columns-default is-cropped wp-block-gallery-1 is-layout-flex wp-block-gallery-is-layout-flex\">\n<figure class=\"wp-block-image size-large\"><img loading=\"lazy\" decoding=\"async\" width=\"1536\" height=\"1024\" data-id=\"362\" src=\"https:\/\/gicd.inf.um.es\/csidper\/usuario35\/wp-content\/uploads\/2025\/11\/ChatGPT-Image-24-nov-2025-16_16_18.png\" alt=\"cabecera DecaNews\" class=\"wp-image-362\" srcset=\"https:\/\/gicd.inf.um.es\/csidper\/usuario35\/wp-content\/uploads\/2025\/11\/ChatGPT-Image-24-nov-2025-16_16_18.png 1536w, https:\/\/gicd.inf.um.es\/csidper\/usuario35\/wp-content\/uploads\/2025\/11\/ChatGPT-Image-24-nov-2025-16_16_18-300x200.png 300w\" sizes=\"auto, (max-width: 1536px) 100vw, 1536px\" \/><\/figure>\n<\/figure>\n\n\n\n<p>DecaNews es un peri\u00f3dico digital, directo y moderno, pensado para lectores j\u00f3venes y con poco tiempo. En este sitio web se reunen las 10 noticias mas importantes de forma clara, accesible y comprensible. Es el medio ideal para quienes buscan entender lo mas importante de forma r\u00e1pida. Apostamos por la transparencia, la s\u00edntesis y una mirada moderna del mundo actual. <\/p>\n\n\n\n<div class=\"wp-block-query is-layout-flow wp-block-query-is-layout-flow\"><ul class=\"wp-block-post-template is-layout-flow wp-block-post-template-is-layout-flow\"><li class=\"wp-block-post post-344 post type-post status-publish format-standard has-post-thumbnail hentry category-actividad-1 category-sin-categoria\">\n\n<div class=\"wp-block-columns alignwide is-layout-flex wp-container-core-columns-is-layout-9d6595d7 wp-block-columns-is-layout-flex\">\n<div class=\"wp-block-column is-layout-flow wp-block-column-is-layout-flow\" style=\"flex-basis:66.66%\"><figure class=\"wp-block-post-featured-image\"><a href=\"https:\/\/gicd.inf.um.es\/csidper\/usuario35\/cultura-2\/\" target=\"_self\"><img loading=\"lazy\" decoding=\"async\" width=\"550\" height=\"785\" src=\"https:\/\/gicd.inf.um.es\/csidper\/usuario35\/wp-content\/uploads\/2025\/11\/federico-garcia-lorca1_98ab23b3_550x785.jpg\" class=\"attachment-post-thumbnail size-post-thumbnail wp-post-image\" alt=\"Cultura\" style=\"object-fit:cover;\" srcset=\"https:\/\/gicd.inf.um.es\/csidper\/usuario35\/wp-content\/uploads\/2025\/11\/federico-garcia-lorca1_98ab23b3_550x785.jpg 550w, https:\/\/gicd.inf.um.es\/csidper\/usuario35\/wp-content\/uploads\/2025\/11\/federico-garcia-lorca1_98ab23b3_550x785-210x300.jpg 210w\" sizes=\"auto, (max-width: 550px) 100vw, 550px\" \/><\/a><\/figure><\/div>\n\n\n\n<div class=\"wp-block-column is-layout-flow wp-block-column-is-layout-flow\" style=\"flex-basis:33.33%\"><h2 class=\"wp-block-post-title\"><a href=\"https:\/\/gicd.inf.um.es\/csidper\/usuario35\/cultura-2\/\" target=\"_self\">Cultura<\/a><\/h2>\n\n<div class=\"wp-block-post-excerpt\"><p class=\"wp-block-post-excerpt__excerpt\">La historia viva del archivo de Lorca El rescate de manuscritos, fotograf\u00edas, cartas o dibujos del poeta sigue en marcha desde 1936 pero su voz sigue siendo una inc\u00f3gnita En el verano de 1936, tras conocerse la noticia del fusilamiento de\u00a0Federico Garc\u00eda Lorca, arranca el rescate de papeles, manuscritos, cartas, fotograf\u00edas y dibujos del poeta.&hellip; <\/p><\/div><\/div>\n<\/div>\n\n<\/li><li class=\"wp-block-post post-339 post type-post status-publish format-standard has-post-thumbnail hentry category-actividad-1 category-sin-categoria\">\n\n<div class=\"wp-block-columns alignwide is-layout-flex wp-container-core-columns-is-layout-9d6595d7 wp-block-columns-is-layout-flex\">\n<div class=\"wp-block-column is-layout-flow wp-block-column-is-layout-flow\" style=\"flex-basis:66.66%\"><figure class=\"wp-block-post-featured-image\"><a href=\"https:\/\/gicd.inf.um.es\/csidper\/usuario35\/polemica\/\" target=\"_self\"><img loading=\"lazy\" decoding=\"async\" width=\"500\" height=\"581\" src=\"https:\/\/gicd.inf.um.es\/csidper\/usuario35\/wp-content\/uploads\/2025\/11\/foto2polemica.jpg\" class=\"attachment-post-thumbnail size-post-thumbnail wp-post-image\" alt=\"Pol\u00e9mica\" style=\"object-fit:cover;\" srcset=\"https:\/\/gicd.inf.um.es\/csidper\/usuario35\/wp-content\/uploads\/2025\/11\/foto2polemica.jpg 500w, https:\/\/gicd.inf.um.es\/csidper\/usuario35\/wp-content\/uploads\/2025\/11\/foto2polemica-258x300.jpg 258w\" sizes=\"auto, (max-width: 500px) 100vw, 500px\" \/><\/a><\/figure><\/div>\n\n\n\n<div class=\"wp-block-column is-layout-flow wp-block-column-is-layout-flow\" style=\"flex-basis:33.33%\"><h2 class=\"wp-block-post-title\"><a href=\"https:\/\/gicd.inf.um.es\/csidper\/usuario35\/polemica\/\" target=\"_self\">Pol\u00e9mica<\/a><\/h2>\n\n<div class=\"wp-block-post-excerpt\"><p class=\"wp-block-post-excerpt__excerpt\">\u00abM\u00e1s t\u00f3xica que el polonio\u00bb: Xabier Fortes explota y responde a las cr\u00edticas por las pr\u00e1cticas de su hijo en RTVE \u00abLas oposiciones ni siquiera se han convocado. Hay que ser tan t\u00f3xica como el polonio para atacar a un chaval, mintiendo de esa manera, con el fin de difamar a su padre\u00bb La aparici\u00f3n&hellip; <\/p><\/div><\/div>\n<\/div>\n\n<\/li><li class=\"wp-block-post post-334 post type-post status-publish format-standard has-post-thumbnail hentry category-actividad-1 category-sin-categoria\">\n\n<div class=\"wp-block-columns alignwide is-layout-flex wp-container-core-columns-is-layout-9d6595d7 wp-block-columns-is-layout-flex\">\n<div class=\"wp-block-column is-layout-flow wp-block-column-is-layout-flow\" style=\"flex-basis:66.66%\"><figure class=\"wp-block-post-featured-image\"><a href=\"https:\/\/gicd.inf.um.es\/csidper\/usuario35\/especial-50-anos-de-la-muerte-de-franco\/\" target=\"_self\"><img loading=\"lazy\" decoding=\"async\" width=\"208\" height=\"300\" src=\"https:\/\/gicd.inf.um.es\/csidper\/usuario35\/wp-content\/uploads\/2025\/11\/9788417700096.jpg\" class=\"attachment-post-thumbnail size-post-thumbnail wp-post-image\" alt=\"Especial. 50 a\u00f1os de la muerte de Franco\" style=\"object-fit:cover;\" \/><\/a><\/figure><\/div>\n\n\n\n<div class=\"wp-block-column is-layout-flow wp-block-column-is-layout-flow\" style=\"flex-basis:33.33%\"><h2 class=\"wp-block-post-title\"><a href=\"https:\/\/gicd.inf.um.es\/csidper\/usuario35\/especial-50-anos-de-la-muerte-de-franco\/\" target=\"_self\">Especial. 50 a\u00f1os de la muerte de Franco<\/a><\/h2>\n\n<div class=\"wp-block-post-excerpt\"><p class=\"wp-block-post-excerpt__excerpt\">\u00abFranco ha muerto\u00bb: 50 a\u00f1os del inicio del fin del franquismo Seg\u00fan el acta muri\u00f3 a las 5:25 horas del 20 de noviembre de 1975; sin embargo, la noticia fue a las 4:58 h El 20 de noviembre de 1975, a las 4:58 horas, la&nbsp;agencia de noticias Europa Press difund\u00eda en primicia la noticia&nbsp;que llevaban&hellip; <\/p><\/div><\/div>\n<\/div>\n\n<\/li><li class=\"wp-block-post post-330 post type-post status-publish format-standard has-post-thumbnail hentry category-actividad-1 category-sin-categoria\">\n\n<div class=\"wp-block-columns alignwide is-layout-flex wp-container-core-columns-is-layout-9d6595d7 wp-block-columns-is-layout-flex\">\n<div class=\"wp-block-column is-layout-flow wp-block-column-is-layout-flow\" style=\"flex-basis:66.66%\"><figure class=\"wp-block-post-featured-image\"><a href=\"https:\/\/gicd.inf.um.es\/csidper\/usuario35\/medio-ambiente\/\" target=\"_self\"><img loading=\"lazy\" decoding=\"async\" width=\"414\" height=\"276\" src=\"https:\/\/gicd.inf.um.es\/csidper\/usuario35\/wp-content\/uploads\/2025\/11\/JLKGG2D7GQ6E35X5AL35HNN3ZU.avif\" class=\"attachment-post-thumbnail size-post-thumbnail wp-post-image\" alt=\"Medio ambiente\" style=\"object-fit:cover;\" srcset=\"https:\/\/gicd.inf.um.es\/csidper\/usuario35\/wp-content\/uploads\/2025\/11\/JLKGG2D7GQ6E35X5AL35HNN3ZU.avif 414w, https:\/\/gicd.inf.um.es\/csidper\/usuario35\/wp-content\/uploads\/2025\/11\/JLKGG2D7GQ6E35X5AL35HNN3ZU-300x200.jpg 300w\" sizes=\"auto, (max-width: 414px) 100vw, 414px\" \/><\/a><\/figure><\/div>\n\n\n\n<div class=\"wp-block-column is-layout-flow wp-block-column-is-layout-flow\" style=\"flex-basis:33.33%\"><h2 class=\"wp-block-post-title\"><a href=\"https:\/\/gicd.inf.um.es\/csidper\/usuario35\/medio-ambiente\/\" target=\"_self\">Medio ambiente<\/a><\/h2>\n\n<div class=\"wp-block-post-excerpt\"><p class=\"wp-block-post-excerpt__excerpt\">Descubren \u201ctormentas submarinas\u201d que derriten de forma acelerada la Ant\u00e1rtida Son fen\u00f3menos que se generan en solo unos d\u00edas y tienen un impacto sobre el hielo que se desconoc\u00eda hasta ahora Cada vez que los investigadores exploran el comportamiento de la&nbsp;Ant\u00e1rtida, descubren nuevos motivos para la preocupaci\u00f3n. Ahora se&nbsp;han hallado fen\u00f3menos submarinos bajo el hielo,&hellip; <\/p><\/div><\/div>\n<\/div>\n\n<\/li><li class=\"wp-block-post post-317 post type-post status-publish format-standard has-post-thumbnail hentry category-actividad-1 category-sin-categoria\">\n\n<div class=\"wp-block-columns alignwide is-layout-flex wp-container-core-columns-is-layout-9d6595d7 wp-block-columns-is-layout-flex\">\n<div class=\"wp-block-column is-layout-flow wp-block-column-is-layout-flow\" style=\"flex-basis:66.66%\"><figure class=\"wp-block-post-featured-image\"><a href=\"https:\/\/gicd.inf.um.es\/csidper\/usuario35\/salud-y-bienestar\/\" target=\"_self\"><img loading=\"lazy\" decoding=\"async\" width=\"1200\" height=\"630\" src=\"https:\/\/gicd.inf.um.es\/csidper\/usuario35\/wp-content\/uploads\/2025\/11\/V3SDCXQ5CFBYLPS3STDKC6UDA4.avif\" class=\"attachment-post-thumbnail size-post-thumbnail wp-post-image\" alt=\"Salud y bienestar\" style=\"object-fit:cover;\" srcset=\"https:\/\/gicd.inf.um.es\/csidper\/usuario35\/wp-content\/uploads\/2025\/11\/V3SDCXQ5CFBYLPS3STDKC6UDA4.avif 1200w, https:\/\/gicd.inf.um.es\/csidper\/usuario35\/wp-content\/uploads\/2025\/11\/V3SDCXQ5CFBYLPS3STDKC6UDA4-300x158.jpg 300w, https:\/\/gicd.inf.um.es\/csidper\/usuario35\/wp-content\/uploads\/2025\/11\/V3SDCXQ5CFBYLPS3STDKC6UDA4-1024x538.jpg 1024w, https:\/\/gicd.inf.um.es\/csidper\/usuario35\/wp-content\/uploads\/2025\/11\/V3SDCXQ5CFBYLPS3STDKC6UDA4-768x403.jpg 768w\" sizes=\"auto, (max-width: 1200px) 100vw, 1200px\" \/><\/a><\/figure><\/div>\n\n\n\n<div class=\"wp-block-column is-layout-flow wp-block-column-is-layout-flow\" style=\"flex-basis:33.33%\"><h2 class=\"wp-block-post-title\"><a href=\"https:\/\/gicd.inf.um.es\/csidper\/usuario35\/salud-y-bienestar\/\" target=\"_self\">Salud y bienestar<\/a><\/h2>\n\n<div class=\"wp-block-post-excerpt\"><p class=\"wp-block-post-excerpt__excerpt\">Hablar varios idiomas protege al cerebro del deterioro cognitivo por el paso del tiempo Un estudio con datos de miles de personas revela que el multiling\u00fcismo se asocia con un efecto protector contra el envejecimiento Hablar m\u00e1s de un idioma no solo facilita la comunicaci\u00f3n intercultural, tambi\u00e9n fortalece las funciones cognitivas que se debilitan naturalmente&hellip; <\/p><\/div><\/div>\n<\/div>\n\n<\/li><li class=\"wp-block-post post-313 post type-post status-publish format-standard has-post-thumbnail hentry category-actividad-1 category-sin-categoria\">\n\n<div class=\"wp-block-columns alignwide is-layout-flex wp-container-core-columns-is-layout-9d6595d7 wp-block-columns-is-layout-flex\">\n<div class=\"wp-block-column is-layout-flow wp-block-column-is-layout-flow\" style=\"flex-basis:66.66%\"><figure class=\"wp-block-post-featured-image\"><a href=\"https:\/\/gicd.inf.um.es\/csidper\/usuario35\/deportes\/\" target=\"_self\"><img loading=\"lazy\" decoding=\"async\" width=\"912\" height=\"900\" src=\"https:\/\/gicd.inf.um.es\/csidper\/usuario35\/wp-content\/uploads\/2025\/11\/7157I6ieo4L._AC_UY900_.jpg\" class=\"attachment-post-thumbnail size-post-thumbnail wp-post-image\" alt=\"Deportes\" style=\"object-fit:cover;\" srcset=\"https:\/\/gicd.inf.um.es\/csidper\/usuario35\/wp-content\/uploads\/2025\/11\/7157I6ieo4L._AC_UY900_.jpg 912w, https:\/\/gicd.inf.um.es\/csidper\/usuario35\/wp-content\/uploads\/2025\/11\/7157I6ieo4L._AC_UY900_-300x296.jpg 300w, https:\/\/gicd.inf.um.es\/csidper\/usuario35\/wp-content\/uploads\/2025\/11\/7157I6ieo4L._AC_UY900_-768x758.jpg 768w\" sizes=\"auto, (max-width: 912px) 100vw, 912px\" \/><\/a><\/figure><\/div>\n\n\n\n<div class=\"wp-block-column is-layout-flow wp-block-column-is-layout-flow\" style=\"flex-basis:33.33%\"><h2 class=\"wp-block-post-title\"><a href=\"https:\/\/gicd.inf.um.es\/csidper\/usuario35\/deportes\/\" target=\"_self\">Deportes<\/a><\/h2>\n\n<div class=\"wp-block-post-excerpt\"><p class=\"wp-block-post-excerpt__excerpt\">El Real Murcia se frena ante el Teruel Los granas no pasan del empate a cero ante el Teruel La racha victoriosa de Adri\u00e1n Colunga se ha acabado este domingo.&nbsp;No ha perdido el&nbsp;Real Murcia ante el Teruel, pero tampoco ha ganado.&nbsp;No han paso los murcianistas del empate (0-0).&nbsp;Un resultado que ve frenado su ascenso en&hellip; <\/p><\/div><\/div>\n<\/div>\n\n<\/li><li class=\"wp-block-post post-307 post type-post status-publish format-standard has-post-thumbnail hentry category-actividad-1 category-sin-categoria\">\n\n<div class=\"wp-block-columns alignwide is-layout-flex wp-container-core-columns-is-layout-9d6595d7 wp-block-columns-is-layout-flex\">\n<div class=\"wp-block-column is-layout-flow wp-block-column-is-layout-flow\" style=\"flex-basis:66.66%\"><figure class=\"wp-block-post-featured-image\"><a href=\"https:\/\/gicd.inf.um.es\/csidper\/usuario35\/ia-y-tecnologia\/\" target=\"_self\"><img loading=\"lazy\" decoding=\"async\" width=\"1920\" height=\"1280\" src=\"https:\/\/gicd.inf.um.es\/csidper\/usuario35\/wp-content\/uploads\/2025\/11\/artificial-intelligenc-55.jpg\" class=\"attachment-post-thumbnail size-post-thumbnail wp-post-image\" alt=\"IA y tecnolog\u00eda\" style=\"object-fit:cover;\" srcset=\"https:\/\/gicd.inf.um.es\/csidper\/usuario35\/wp-content\/uploads\/2025\/11\/artificial-intelligenc-55.jpg 1920w, https:\/\/gicd.inf.um.es\/csidper\/usuario35\/wp-content\/uploads\/2025\/11\/artificial-intelligenc-55-300x200.jpg 300w, https:\/\/gicd.inf.um.es\/csidper\/usuario35\/wp-content\/uploads\/2025\/11\/artificial-intelligenc-55-1024x683.jpg 1024w, https:\/\/gicd.inf.um.es\/csidper\/usuario35\/wp-content\/uploads\/2025\/11\/artificial-intelligenc-55-768x512.jpg 768w, https:\/\/gicd.inf.um.es\/csidper\/usuario35\/wp-content\/uploads\/2025\/11\/artificial-intelligenc-55-1536x1024.jpg 1536w\" sizes=\"auto, (max-width: 1920px) 100vw, 1920px\" \/><\/a><\/figure><\/div>\n\n\n\n<div class=\"wp-block-column is-layout-flow wp-block-column-is-layout-flow\" style=\"flex-basis:33.33%\"><h2 class=\"wp-block-post-title\"><a href=\"https:\/\/gicd.inf.um.es\/csidper\/usuario35\/ia-y-tecnologia\/\" target=\"_self\">IA y tecnolog\u00eda<\/a><\/h2>\n\n<div class=\"wp-block-post-excerpt\"><p class=\"wp-block-post-excerpt__excerpt\">Justo&nbsp;Hidalgo, doctor en Ciencia de Datos: \u201cExisten capacidades que surgen de la IA a partir de cierta complejidad y son impredecibles\u201d El ingeniero en inform\u00e1tica responsable de inteligencia artificial en Adigital aborda en un nuevo libro las habilidades emergentes, imprevistas y de consecuencias inesperadas de los sistemas La vinculaci\u00f3n entre filosof\u00eda, moral y tecnolog\u00eda vive&hellip; <\/p><\/div><\/div>\n<\/div>\n\n<\/li><li class=\"wp-block-post post-300 post type-post status-publish format-standard has-post-thumbnail hentry category-actividad-1 category-sin-categoria\">\n\n<div class=\"wp-block-columns alignwide is-layout-flex wp-container-core-columns-is-layout-9d6595d7 wp-block-columns-is-layout-flex\">\n<div class=\"wp-block-column is-layout-flow wp-block-column-is-layout-flow\" style=\"flex-basis:66.66%\"><figure class=\"wp-block-post-featured-image\"><a href=\"https:\/\/gicd.inf.um.es\/csidper\/usuario35\/cultura\/\" target=\"_self\"><img loading=\"lazy\" decoding=\"async\" width=\"1068\" height=\"1068\" src=\"https:\/\/gicd.inf.um.es\/csidper\/usuario35\/wp-content\/uploads\/2025\/11\/bad-bunny.jpg\" class=\"attachment-post-thumbnail size-post-thumbnail wp-post-image\" alt=\"Cultura\" style=\"object-fit:cover;\" srcset=\"https:\/\/gicd.inf.um.es\/csidper\/usuario35\/wp-content\/uploads\/2025\/11\/bad-bunny.jpg 1068w, https:\/\/gicd.inf.um.es\/csidper\/usuario35\/wp-content\/uploads\/2025\/11\/bad-bunny-300x300.jpg 300w, https:\/\/gicd.inf.um.es\/csidper\/usuario35\/wp-content\/uploads\/2025\/11\/bad-bunny-1024x1024.jpg 1024w, https:\/\/gicd.inf.um.es\/csidper\/usuario35\/wp-content\/uploads\/2025\/11\/bad-bunny-150x150.jpg 150w, https:\/\/gicd.inf.um.es\/csidper\/usuario35\/wp-content\/uploads\/2025\/11\/bad-bunny-768x768.jpg 768w\" sizes=\"auto, (max-width: 1068px) 100vw, 1068px\" \/><\/a><\/figure><\/div>\n\n\n\n<div class=\"wp-block-column is-layout-flow wp-block-column-is-layout-flow\" style=\"flex-basis:33.33%\"><h2 class=\"wp-block-post-title\"><a href=\"https:\/\/gicd.inf.um.es\/csidper\/usuario35\/cultura\/\" target=\"_self\">Cultura<\/a><\/h2>\n\n<div class=\"wp-block-post-excerpt\"><p class=\"wp-block-post-excerpt__excerpt\">Latin Grammy 2025: Bad Bunny y Ca7riel y Paco Amoroso se ba\u00f1an en premios y abrazos El puertorrique\u00f1o y los argentinos empatan con cinco galardones. \u2018Si antes te hubiera conocido\u2019, de Karol G, mejor canci\u00f3n del a\u00f1o, y \u2018Palmeras en el jard\u00edn\u2019, de Alejandro Sanz, mejor grabaci\u00f3n Gran noche latina en Las Vegas. En el&hellip; <\/p><\/div><\/div>\n<\/div>\n\n<\/li><li class=\"wp-block-post post-295 post type-post status-publish format-standard has-post-thumbnail hentry category-actividad-1 category-sin-categoria\">\n\n<div class=\"wp-block-columns alignwide is-layout-flex wp-container-core-columns-is-layout-9d6595d7 wp-block-columns-is-layout-flex\">\n<div class=\"wp-block-column is-layout-flow wp-block-column-is-layout-flow\" style=\"flex-basis:66.66%\"><figure class=\"wp-block-post-featured-image\"><a href=\"https:\/\/gicd.inf.um.es\/csidper\/usuario35\/educacion\/\" target=\"_self\"><img loading=\"lazy\" decoding=\"async\" width=\"2000\" height=\"1335\" src=\"https:\/\/gicd.inf.um.es\/csidper\/usuario35\/wp-content\/uploads\/2025\/11\/Depositphotos_158195960_L.jpg\" class=\"attachment-post-thumbnail size-post-thumbnail wp-post-image\" alt=\"Educaci\u00f3n\" style=\"object-fit:cover;\" srcset=\"https:\/\/gicd.inf.um.es\/csidper\/usuario35\/wp-content\/uploads\/2025\/11\/Depositphotos_158195960_L.jpg 2000w, https:\/\/gicd.inf.um.es\/csidper\/usuario35\/wp-content\/uploads\/2025\/11\/Depositphotos_158195960_L-300x200.jpg 300w, https:\/\/gicd.inf.um.es\/csidper\/usuario35\/wp-content\/uploads\/2025\/11\/Depositphotos_158195960_L-1024x684.jpg 1024w, https:\/\/gicd.inf.um.es\/csidper\/usuario35\/wp-content\/uploads\/2025\/11\/Depositphotos_158195960_L-768x513.jpg 768w, https:\/\/gicd.inf.um.es\/csidper\/usuario35\/wp-content\/uploads\/2025\/11\/Depositphotos_158195960_L-1536x1025.jpg 1536w\" sizes=\"auto, (max-width: 2000px) 100vw, 2000px\" \/><\/a><\/figure><\/div>\n\n\n\n<div class=\"wp-block-column is-layout-flow wp-block-column-is-layout-flow\" style=\"flex-basis:33.33%\"><h2 class=\"wp-block-post-title\"><a href=\"https:\/\/gicd.inf.um.es\/csidper\/usuario35\/educacion\/\" target=\"_self\">Educaci\u00f3n<\/a><\/h2>\n\n<div class=\"wp-block-post-excerpt\"><p class=\"wp-block-post-excerpt__excerpt\">Los alumnos diagnosticados con autismo aumentan casi un 400% en Espa\u00f1a en la \u00faltima d\u00e9cada La falta de recursos en el sistema ordinario expulsa al alumnado a las escuelas de educaci\u00f3n especial, cuestiona Aprenem Autisme, quien denuncia las altas tasas de abandono escolar de los &#8216;ni\u00f1os TEA&#8217; El alumnado con&nbsp;autismo&nbsp;en las aulas espa\u00f1olas ha crecido&hellip; <\/p><\/div><\/div>\n<\/div>\n\n<\/li><li class=\"wp-block-post post-197 post type-post status-publish format-standard has-post-thumbnail hentry category-actividad-1 category-deporte category-murcia category-naturaleza tag-senderismo tag-turismo-rural\">\n\n<div class=\"wp-block-columns alignwide is-layout-flex wp-container-core-columns-is-layout-9d6595d7 wp-block-columns-is-layout-flex\">\n<div class=\"wp-block-column is-layout-flow wp-block-column-is-layout-flow\" style=\"flex-basis:66.66%\"><figure class=\"wp-block-post-featured-image\"><a href=\"https:\/\/gicd.inf.um.es\/csidper\/usuario35\/actualidad-local\/\" target=\"_self\"><img loading=\"lazy\" decoding=\"async\" width=\"800\" height=\"400\" src=\"https:\/\/gicd.inf.um.es\/csidper\/usuario35\/wp-content\/uploads\/2025\/11\/rutas-senderismo-murcia.jpg\" class=\"attachment-post-thumbnail size-post-thumbnail wp-post-image\" alt=\"Actualidad Local\" style=\"object-fit:cover;\" srcset=\"https:\/\/gicd.inf.um.es\/csidper\/usuario35\/wp-content\/uploads\/2025\/11\/rutas-senderismo-murcia.jpg 800w, https:\/\/gicd.inf.um.es\/csidper\/usuario35\/wp-content\/uploads\/2025\/11\/rutas-senderismo-murcia-300x150.jpg 300w, https:\/\/gicd.inf.um.es\/csidper\/usuario35\/wp-content\/uploads\/2025\/11\/rutas-senderismo-murcia-768x384.jpg 768w\" sizes=\"auto, (max-width: 800px) 100vw, 800px\" \/><\/a><\/figure><\/div>\n\n\n\n<div class=\"wp-block-column is-layout-flow wp-block-column-is-layout-flow\" style=\"flex-basis:33.33%\"><h2 class=\"wp-block-post-title\"><a href=\"https:\/\/gicd.inf.um.es\/csidper\/usuario35\/actualidad-local\/\" target=\"_self\">Actualidad Local<\/a><\/h2>\n\n<div class=\"wp-block-post-excerpt\"><p class=\"wp-block-post-excerpt__excerpt\">Estas son las tres mejores rutas de senderismo para descubrir el para\u00edso oto\u00f1al de La Contraparada en Murcia: f\u00e1ciles y sin desnivel Se trata de un entorno fundamental para el patrimonio de la huerta de Murcia Cuando el calor empieza a dar tregua Murcia se transforma y los mismos caminos que en verano son intransitables&hellip; <\/p><\/div><\/div>\n<\/div>\n\n<\/li><\/ul><\/div>\n","protected":false},"excerpt":{"rendered":"<p>DecaNews DecaNews es un peri\u00f3dico digital, directo y moderno, pensado para lectores j\u00f3venes y con poco tiempo. En este sitio web se reunen las 10 noticias mas importantes de forma clara, accesible y comprensible. Es el medio ideal para quienes buscan entender lo mas importante de forma r\u00e1pida. Apostamos por la transparencia, la s\u00edntesis y [&hellip;]<\/p>\n","protected":false},"author":1,"featured_media":0,"parent":0,"menu_order":6,"comment_status":"closed","ping_status":"closed","template":"","meta":{"footnotes":""},"class_list":["post-194","page","type-page","status-publish","hentry"],"_links":{"self":[{"href":"https:\/\/gicd.inf.um.es\/csidper\/usuario35\/wp-json\/wp\/v2\/pages\/194","targetHints":{"allow":["GET"]}}],"collection":[{"href":"https:\/\/gicd.inf.um.es\/csidper\/usuario35\/wp-json\/wp\/v2\/pages"}],"about":[{"href":"https:\/\/gicd.inf.um.es\/csidper\/usuario35\/wp-json\/wp\/v2\/types\/page"}],"author":[{"embeddable":true,"href":"https:\/\/gicd.inf.um.es\/csidper\/usuario35\/wp-json\/wp\/v2\/users\/1"}],"replies":[{"embeddable":true,"href":"https:\/\/gicd.inf.um.es\/csidper\/usuario35\/wp-json\/wp\/v2\/comments?post=194"}],"version-history":[{"count":4,"href":"https:\/\/gicd.inf.um.es\/csidper\/usuario35\/wp-json\/wp\/v2\/pages\/194\/revisions"}],"predecessor-version":[{"id":365,"href":"https:\/\/gicd.inf.um.es\/csidper\/usuario35\/wp-json\/wp\/v2\/pages\/194\/revisions\/365"}],"wp:attachment":[{"href":"https:\/\/gicd.inf.um.es\/csidper\/usuario35\/wp-json\/wp\/v2\/media?parent=194"}],"curies":[{"name":"wp","href":"https:\/\/api.w.org\/{rel}","templated":true}]}}