{"id":45,"date":"2025-10-14T18:54:04","date_gmt":"2025-10-14T16:54:04","guid":{"rendered":"https:\/\/gicd.inf.um.es\/csidper\/usuario35\/?page_id=45"},"modified":"2025-10-29T16:07:17","modified_gmt":"2025-10-29T15:07:17","slug":"inicio","status":"publish","type":"page","link":"https:\/\/gicd.inf.um.es\/csidper\/usuario35\/","title":{"rendered":"Series \u00c9picas"},"content":{"rendered":"\n<p>Te damos la bienvenida a Series \u00c9picas, donde te ofrecemos informaci\u00f3n sobre series y productos relacionados con ellas. Pensamos que todo lo que nos rodea habla de nosotros, nos diferencia, y es una peque\u00f1a extensi\u00f3n de nuestra personalidad.<\/p>\n\n\n\n<div style=\"height:50px\" aria-hidden=\"true\" class=\"wp-block-spacer\"><\/div>\n\n\n\n<div class=\"wp-block-columns is-layout-flex wp-container-core-columns-is-layout-9d6595d7 wp-block-columns-is-layout-flex\">\n<div class=\"wp-block-column is-layout-flow wp-block-column-is-layout-flow\">\n<h2 class=\"wp-block-heading has-text-align-center\">Regalos \u00c9picos<\/h2>\n\n\n\n<figure class=\"wp-block-image size-medium\"><img loading=\"lazy\" decoding=\"async\" width=\"300\" height=\"225\" src=\"https:\/\/gicd.inf.um.es\/csidper\/usuario35\/wp-content\/uploads\/2025\/10\/regalos-3-300x225.jpg\" alt=\"\" class=\"wp-image-41\" style=\"aspect-ratio:1;object-fit:cover\" srcset=\"https:\/\/gicd.inf.um.es\/csidper\/usuario35\/wp-content\/uploads\/2025\/10\/regalos-3-300x225.jpg 300w, https:\/\/gicd.inf.um.es\/csidper\/usuario35\/wp-content\/uploads\/2025\/10\/regalos-3-768x576.jpg 768w, https:\/\/gicd.inf.um.es\/csidper\/usuario35\/wp-content\/uploads\/2025\/10\/regalos-3.jpg 800w\" sizes=\"auto, (max-width: 300px) 100vw, 300px\" \/><\/figure>\n\n\n\n<div style=\"height:10px\" aria-hidden=\"true\" class=\"wp-block-spacer\"><\/div>\n\n\n\n<p class=\"has-text-align-center\">Te ofrecemos Funko POP,  moda, hogar&#8230; Todo el Universo Friki en un \u00fanico sitio y con los mejores precios para que disfrutes a tope. <\/p>\n<\/div>\n\n\n\n<div class=\"wp-block-column is-layout-flow wp-block-column-is-layout-flow\">\n<h2 class=\"wp-block-heading\">Figuras<\/h2>\n\n\n\n<figure class=\"wp-block-image size-full\"><img loading=\"lazy\" decoding=\"async\" width=\"600\" height=\"600\" src=\"https:\/\/gicd.inf.um.es\/csidper\/usuario35\/wp-content\/uploads\/2025\/10\/figuras-stranger-things.jpg\" alt=\"\" class=\"wp-image-145\" srcset=\"https:\/\/gicd.inf.um.es\/csidper\/usuario35\/wp-content\/uploads\/2025\/10\/figuras-stranger-things.jpg 600w, https:\/\/gicd.inf.um.es\/csidper\/usuario35\/wp-content\/uploads\/2025\/10\/figuras-stranger-things-300x300.jpg 300w, https:\/\/gicd.inf.um.es\/csidper\/usuario35\/wp-content\/uploads\/2025\/10\/figuras-stranger-things-150x150.jpg 150w\" sizes=\"auto, (max-width: 600px) 100vw, 600px\" \/><\/figure>\n\n\n\n<div style=\"height:10px\" aria-hidden=\"true\" class=\"wp-block-spacer\"><\/div>\n\n\n\n<p class=\"has-text-align-center\">Aqu\u00ed tenemos figuras para todos los gustos. No importa de que seas fan, seguro que tenemos algo a lo que no podr\u00e1s resistirte. <\/p>\n<\/div>\n\n\n\n<div class=\"wp-block-column is-layout-flow wp-block-column-is-layout-flow\">\n<h2 class=\"wp-block-heading\">Moda<\/h2>\n\n\n\n<figure class=\"wp-block-image size-large\"><img loading=\"lazy\" decoding=\"async\" width=\"1024\" height=\"1024\" src=\"https:\/\/gicd.inf.um.es\/csidper\/usuario35\/wp-content\/uploads\/2025\/10\/camisetas-breaking-bad-6-1024x1024.jpg\" alt=\"\" class=\"wp-image-43\" srcset=\"https:\/\/gicd.inf.um.es\/csidper\/usuario35\/wp-content\/uploads\/2025\/10\/camisetas-breaking-bad-6-1024x1024.jpg 1024w, https:\/\/gicd.inf.um.es\/csidper\/usuario35\/wp-content\/uploads\/2025\/10\/camisetas-breaking-bad-6-300x300.jpg 300w, https:\/\/gicd.inf.um.es\/csidper\/usuario35\/wp-content\/uploads\/2025\/10\/camisetas-breaking-bad-6-150x150.jpg 150w, https:\/\/gicd.inf.um.es\/csidper\/usuario35\/wp-content\/uploads\/2025\/10\/camisetas-breaking-bad-6-768x768.jpg 768w, https:\/\/gicd.inf.um.es\/csidper\/usuario35\/wp-content\/uploads\/2025\/10\/camisetas-breaking-bad-6.jpg 1080w\" sizes=\"auto, (max-width: 1024px) 100vw, 1024px\" \/><\/figure>\n\n\n\n<div style=\"height:10px\" aria-hidden=\"true\" class=\"wp-block-spacer\"><\/div>\n\n\n\n<p class=\"has-text-align-center\">\u00bfQui\u00e9n dice que ser friki esta re\u00f1ido con ir a la moda? Nosotros no estamos de acuerdo y te lo demostramos con esta  secci\u00f3n. <\/p>\n<\/div>\n\n\n\n<div class=\"wp-block-column is-layout-flow wp-block-column-is-layout-flow\">\n<h2 class=\"wp-block-heading\">Complementos<\/h2>\n\n\n\n<figure class=\"wp-block-image size-large\"><img loading=\"lazy\" decoding=\"async\" width=\"1024\" height=\"1024\" src=\"https:\/\/gicd.inf.um.es\/csidper\/usuario35\/wp-content\/uploads\/2025\/10\/complementos-1024x1024.jpg\" alt=\"\" class=\"wp-image-147\" srcset=\"https:\/\/gicd.inf.um.es\/csidper\/usuario35\/wp-content\/uploads\/2025\/10\/complementos-1024x1024.jpg 1024w, https:\/\/gicd.inf.um.es\/csidper\/usuario35\/wp-content\/uploads\/2025\/10\/complementos-300x300.jpg 300w, https:\/\/gicd.inf.um.es\/csidper\/usuario35\/wp-content\/uploads\/2025\/10\/complementos-150x150.jpg 150w, https:\/\/gicd.inf.um.es\/csidper\/usuario35\/wp-content\/uploads\/2025\/10\/complementos-768x768.jpg 768w, https:\/\/gicd.inf.um.es\/csidper\/usuario35\/wp-content\/uploads\/2025\/10\/complementos.jpg 1080w\" sizes=\"auto, (max-width: 1024px) 100vw, 1024px\" \/><\/figure>\n\n\n\n<p class=\"has-text-align-center\">Todo friki que se precie debe complementar su vida diaria con los accesorios frikis y aqu\u00ed te ofrecemos absolutamente todos. <\/p>\n<\/div>\n<\/div>\n\n\n\n<div class=\"wp-block-cover is-light has-parallax\"><div class=\"wp-block-cover__image-background wp-image-151 size-full has-parallax\" style=\"background-position:50% 50%;background-image:url(https:\/\/gicd.inf.um.es\/csidper\/usuario35\/wp-content\/uploads\/2025\/10\/hombre-con-capa-1.png)\"><\/div><span aria-hidden=\"true\" class=\"wp-block-cover__background has-black-background-color has-background-dim-10 has-background-dim\"><\/span><div class=\"wp-block-cover__inner-container is-layout-constrained wp-block-cover-is-layout-constrained\">\n<p class=\"has-text-align-left has-large-font-size\"><strong>Aprovecha nuestros descuentos <\/strong><\/p>\n\n\n\n<p>Usa el c\u00f3digo <\/p>\n\n\n\n<p class=\"has-text-color has-link-color has-x-large-font-size wp-elements-b82dcdeb7f5613faf3e9e6f9d7bd0631\" style=\"color:#ee1a1a\"><strong>DESCUENTO20<\/strong><\/p>\n<\/div><\/div>\n","protected":false},"excerpt":{"rendered":"<p>Te damos la bienvenida a Series \u00c9picas, donde te ofrecemos informaci\u00f3n sobre series y productos relacionados con ellas. Pensamos que todo lo que nos rodea habla de nosotros, nos diferencia, y es una peque\u00f1a extensi\u00f3n de nuestra personalidad. Regalos \u00c9picos Te ofrecemos Funko POP, moda, hogar&#8230; Todo el Universo Friki en un \u00fanico sitio y [&hellip;]<\/p>\n","protected":false},"author":1,"featured_media":40,"parent":0,"menu_order":9,"comment_status":"closed","ping_status":"closed","template":"","meta":{"footnotes":""},"class_list":["post-45","page","type-page","status-publish","has-post-thumbnail","hentry"],"_links":{"self":[{"href":"https:\/\/gicd.inf.um.es\/csidper\/usuario35\/wp-json\/wp\/v2\/pages\/45","targetHints":{"allow":["GET"]}}],"collection":[{"href":"https:\/\/gicd.inf.um.es\/csidper\/usuario35\/wp-json\/wp\/v2\/pages"}],"about":[{"href":"https:\/\/gicd.inf.um.es\/csidper\/usuario35\/wp-json\/wp\/v2\/types\/page"}],"author":[{"embeddable":true,"href":"https:\/\/gicd.inf.um.es\/csidper\/usuario35\/wp-json\/wp\/v2\/users\/1"}],"replies":[{"embeddable":true,"href":"https:\/\/gicd.inf.um.es\/csidper\/usuario35\/wp-json\/wp\/v2\/comments?post=45"}],"version-history":[{"count":9,"href":"https:\/\/gicd.inf.um.es\/csidper\/usuario35\/wp-json\/wp\/v2\/pages\/45\/revisions"}],"predecessor-version":[{"id":153,"href":"https:\/\/gicd.inf.um.es\/csidper\/usuario35\/wp-json\/wp\/v2\/pages\/45\/revisions\/153"}],"wp:featuredmedia":[{"embeddable":true,"href":"https:\/\/gicd.inf.um.es\/csidper\/usuario35\/wp-json\/wp\/v2\/media\/40"}],"wp:attachment":[{"href":"https:\/\/gicd.inf.um.es\/csidper\/usuario35\/wp-json\/wp\/v2\/media?parent=45"}],"curies":[{"name":"wp","href":"https:\/\/api.w.org\/{rel}","templated":true}]}}