{"id":204,"date":"2025-11-08T10:14:05","date_gmt":"2025-11-08T09:14:05","guid":{"rendered":"https:\/\/gicd.inf.um.es\/csidper\/usuario53\/?page_id=204"},"modified":"2025-11-08T10:15:37","modified_gmt":"2025-11-08T09:15:37","slug":"inicio-2","status":"publish","type":"page","link":"https:\/\/gicd.inf.um.es\/csidper\/usuario53\/inicio-2\/","title":{"rendered":"Voces del Bal\u00f3n"},"content":{"rendered":"\n<p>Te doy la bienvenida a \u00abVoces del Bal\u00f3n\u00bb, un micrositio donde podr\u00e1s estar al tanto de lo que ha sucedido en torno al f\u00fatbol femenino en la \u00faltima semana, tanto a nivel nacional como a nivel internacional.<\/p>\n","protected":false},"excerpt":{"rendered":"<p>Te doy la bienvenida a \u00abVoces del Bal\u00f3n\u00bb, un micrositio donde podr\u00e1s estar al tanto de lo que ha sucedido en torno al f\u00fatbol femenino en la \u00faltima semana, tanto a nivel nacional como a nivel internacional.<\/p>\n","protected":false},"author":1,"featured_media":170,"parent":0,"menu_order":0,"comment_status":"closed","ping_status":"closed","template":"","meta":{"footnotes":""},"class_list":["post-204","page","type-page","status-publish","has-post-thumbnail","hentry"],"_links":{"self":[{"href":"https:\/\/gicd.inf.um.es\/csidper\/usuario53\/wp-json\/wp\/v2\/pages\/204","targetHints":{"allow":["GET"]}}],"collection":[{"href":"https:\/\/gicd.inf.um.es\/csidper\/usuario53\/wp-json\/wp\/v2\/pages"}],"about":[{"href":"https:\/\/gicd.inf.um.es\/csidper\/usuario53\/wp-json\/wp\/v2\/types\/page"}],"author":[{"embeddable":true,"href":"https:\/\/gicd.inf.um.es\/csidper\/usuario53\/wp-json\/wp\/v2\/users\/1"}],"replies":[{"embeddable":true,"href":"https:\/\/gicd.inf.um.es\/csidper\/usuario53\/wp-json\/wp\/v2\/comments?post=204"}],"version-history":[{"count":2,"href":"https:\/\/gicd.inf.um.es\/csidper\/usuario53\/wp-json\/wp\/v2\/pages\/204\/revisions"}],"predecessor-version":[{"id":207,"href":"https:\/\/gicd.inf.um.es\/csidper\/usuario53\/wp-json\/wp\/v2\/pages\/204\/revisions\/207"}],"wp:featuredmedia":[{"embeddable":true,"href":"https:\/\/gicd.inf.um.es\/csidper\/usuario53\/wp-json\/wp\/v2\/media\/170"}],"wp:attachment":[{"href":"https:\/\/gicd.inf.um.es\/csidper\/usuario53\/wp-json\/wp\/v2\/media?parent=204"}],"curies":[{"name":"wp","href":"https:\/\/api.w.org\/{rel}","templated":true}]}}