{"id":240,"date":"2025-11-08T10:38:48","date_gmt":"2025-11-08T09:38:48","guid":{"rendered":"https:\/\/gicd.inf.um.es\/csidper\/usuario53\/?page_id=240"},"modified":"2025-11-08T13:25:00","modified_gmt":"2025-11-08T12:25:00","slug":"futbol-femenino-internacional","status":"publish","type":"page","link":"https:\/\/gicd.inf.um.es\/csidper\/usuario53\/futbol-femenino-internacional\/","title":{"rendered":"F\u00daTBOL FEMENINO INTERNACIONAL"},"content":{"rendered":"\n<p class=\"has-pale-cyan-blue-background-color has-background\">Si nos desplazamos fuera de Espa\u00f1a, tambi\u00e9n podemos apreciar la aparici\u00f3n de noticias sobre f\u00fatbol femenino. Y es que esta \u00faltima semana ha habido novedades que han afectado tanto a nuestra selecci\u00f3n nacional como a las selecciones de Inglaterra y Suiza. Si quieres saber por qu\u00e9, te invito a seguir leyendo esta secci\u00f3n.<\/p>\n","protected":false},"excerpt":{"rendered":"<p>Si nos desplazamos fuera de Espa\u00f1a, tambi\u00e9n podemos apreciar la aparici\u00f3n de noticias sobre f\u00fatbol femenino. Y es que esta \u00faltima semana ha habido novedades que han afectado tanto a nuestra selecci\u00f3n nacional como a las selecciones de Inglaterra y Suiza. Si quieres saber por qu\u00e9, te invito a seguir leyendo esta secci\u00f3n.<\/p>\n","protected":false},"author":1,"featured_media":0,"parent":0,"menu_order":0,"comment_status":"closed","ping_status":"closed","template":"","meta":{"footnotes":""},"class_list":["post-240","page","type-page","status-publish","hentry"],"_links":{"self":[{"href":"https:\/\/gicd.inf.um.es\/csidper\/usuario53\/wp-json\/wp\/v2\/pages\/240","targetHints":{"allow":["GET"]}}],"collection":[{"href":"https:\/\/gicd.inf.um.es\/csidper\/usuario53\/wp-json\/wp\/v2\/pages"}],"about":[{"href":"https:\/\/gicd.inf.um.es\/csidper\/usuario53\/wp-json\/wp\/v2\/types\/page"}],"author":[{"embeddable":true,"href":"https:\/\/gicd.inf.um.es\/csidper\/usuario53\/wp-json\/wp\/v2\/users\/1"}],"replies":[{"embeddable":true,"href":"https:\/\/gicd.inf.um.es\/csidper\/usuario53\/wp-json\/wp\/v2\/comments?post=240"}],"version-history":[{"count":2,"href":"https:\/\/gicd.inf.um.es\/csidper\/usuario53\/wp-json\/wp\/v2\/pages\/240\/revisions"}],"predecessor-version":[{"id":268,"href":"https:\/\/gicd.inf.um.es\/csidper\/usuario53\/wp-json\/wp\/v2\/pages\/240\/revisions\/268"}],"wp:attachment":[{"href":"https:\/\/gicd.inf.um.es\/csidper\/usuario53\/wp-json\/wp\/v2\/media?parent=240"}],"curies":[{"name":"wp","href":"https:\/\/api.w.org\/{rel}","templated":true}]}}