{"id":387,"date":"2026-02-03T15:44:44","date_gmt":"2026-02-03T14:44:44","guid":{"rendered":"https:\/\/gicd.inf.um.es\/csidper\/usuario54\/newsletter\/"},"modified":"2026-02-03T15:44:44","modified_gmt":"2026-02-03T14:44:44","slug":"newsletter","status":"publish","type":"page","link":"https:\/\/gicd.inf.um.es\/csidper\/usuario54\/newsletter\/","title":{"rendered":"Newsletter"},"content":{"rendered":"<p>Tu suscripci\u00f3n ha sido confirmada. Series \u00e9picas es un bolet\u00edn de noticias variadas sobre la actualidad, realizado por los estudiantes de la Facultad de Comunicaci\u00f3n y Documentaci\u00f3n de la Universidad de Murcia<\/p>\n","protected":false},"excerpt":{"rendered":"","protected":false},"author":1,"featured_media":0,"parent":0,"menu_order":0,"comment_status":"closed","ping_status":"closed","template":"","meta":{"footnotes":""},"class_list":["post-387","page","type-page","status-publish","hentry"],"_links":{"self":[{"href":"https:\/\/gicd.inf.um.es\/csidper\/usuario54\/wp-json\/wp\/v2\/pages\/387","targetHints":{"allow":["GET"]}}],"collection":[{"href":"https:\/\/gicd.inf.um.es\/csidper\/usuario54\/wp-json\/wp\/v2\/pages"}],"about":[{"href":"https:\/\/gicd.inf.um.es\/csidper\/usuario54\/wp-json\/wp\/v2\/types\/page"}],"author":[{"embeddable":true,"href":"https:\/\/gicd.inf.um.es\/csidper\/usuario54\/wp-json\/wp\/v2\/users\/1"}],"replies":[{"embeddable":true,"href":"https:\/\/gicd.inf.um.es\/csidper\/usuario54\/wp-json\/wp\/v2\/comments?post=387"}],"version-history":[{"count":0,"href":"https:\/\/gicd.inf.um.es\/csidper\/usuario54\/wp-json\/wp\/v2\/pages\/387\/revisions"}],"wp:attachment":[{"href":"https:\/\/gicd.inf.um.es\/csidper\/usuario54\/wp-json\/wp\/v2\/media?parent=387"}],"curies":[{"name":"wp","href":"https:\/\/api.w.org\/{rel}","templated":true}]}}