{"id":455,"date":"2026-03-10T18:29:42","date_gmt":"2026-03-10T17:29:42","guid":{"rendered":"https:\/\/gicd.inf.um.es\/csidper\/usuario54\/?post_type=product&#038;p=455"},"modified":"2026-03-10T18:48:44","modified_gmt":"2026-03-10T17:48:44","slug":"camiseta-breaking-bad","status":"publish","type":"product","link":"https:\/\/gicd.inf.um.es\/csidper\/usuario54\/producto\/camiseta-breaking-bad\/","title":{"rendered":"Camiseta Breaking Bad"},"content":{"rendered":"<p>Moderna camiseta de hombre en algod\u00f3n en diferentes colores y tallas con tintado de gran calidad. 100 % algod\u00f3n de calidad superior suave al tacto. El estampado est\u00e1 basado en el logotipo e imagen del protagonista de la serie de TV Breaking Bad.<\/p>\n","protected":false},"excerpt":{"rendered":"<p>Camiseta 100% de algod\u00f3n en diferentes colores de Breaking Bad.<\/p>\n","protected":false},"featured_media":0,"comment_status":"closed","ping_status":"closed","template":"","meta":[],"product_brand":[],"product_cat":[66,68],"product_tag":[83,81,82],"class_list":{"0":"post-455","1":"product","2":"type-product","3":"status-publish","5":"product_cat-ropa","6":"product_cat-moda","7":"product_tag-breaking-bad","8":"product_tag-camisetas","9":"product_tag-ropa-de-hombre","11":"first","12":"instock","13":"taxable","14":"shipping-taxable","15":"purchasable","16":"product-type-variable"},"_links":{"self":[{"href":"https:\/\/gicd.inf.um.es\/csidper\/usuario54\/wp-json\/wp\/v2\/product\/455","targetHints":{"allow":["GET"]}}],"collection":[{"href":"https:\/\/gicd.inf.um.es\/csidper\/usuario54\/wp-json\/wp\/v2\/product"}],"about":[{"href":"https:\/\/gicd.inf.um.es\/csidper\/usuario54\/wp-json\/wp\/v2\/types\/product"}],"replies":[{"embeddable":true,"href":"https:\/\/gicd.inf.um.es\/csidper\/usuario54\/wp-json\/wp\/v2\/comments?post=455"}],"wp:attachment":[{"href":"https:\/\/gicd.inf.um.es\/csidper\/usuario54\/wp-json\/wp\/v2\/media?parent=455"}],"wp:term":[{"taxonomy":"product_brand","embeddable":true,"href":"https:\/\/gicd.inf.um.es\/csidper\/usuario54\/wp-json\/wp\/v2\/product_brand?post=455"},{"taxonomy":"product_cat","embeddable":true,"href":"https:\/\/gicd.inf.um.es\/csidper\/usuario54\/wp-json\/wp\/v2\/product_cat?post=455"},{"taxonomy":"product_tag","embeddable":true,"href":"https:\/\/gicd.inf.um.es\/csidper\/usuario54\/wp-json\/wp\/v2\/product_tag?post=455"}],"curies":[{"name":"wp","href":"https:\/\/api.w.org\/{rel}","templated":true}]}}