{"id":292,"date":"2025-11-15T17:22:21","date_gmt":"2025-11-15T16:22:21","guid":{"rendered":"https:\/\/gicd.inf.um.es\/csidper\/usuario58\/?page_id=292"},"modified":"2025-11-22T17:27:45","modified_gmt":"2025-11-22T16:27:45","slug":"los-10-lugares-mas-hermosos-de-bretana","status":"publish","type":"page","link":"https:\/\/gicd.inf.um.es\/csidper\/usuario58\/los-10-lugares-mas-hermosos-de-bretana\/","title":{"rendered":"Bretagne \u2014 Bienvenue \/ Bienvenida"},"content":{"rendered":"\n<div class=\"wp-block-group alignfull is-content-justification-center\" style=\"margin-top:0;margin-bottom:0\"><div class=\"wp-block-group__inner-container is-layout-constrained wp-block-group-is-layout-constrained\">\n<div style=\"height:var(--wp--preset--spacing--20)\" aria-hidden=\"true\" class=\"wp-block-spacer\"><\/div>\n\n\n\n<div class=\"wp-block-group alignwide\"><div class=\"wp-block-group__inner-container is-layout-flow wp-block-group-is-layout-flow\">\n<div class=\"wp-block-columns alignwide are-vertically-aligned-top is-layout-flex wp-container-core-columns-is-layout-ac3ebc3b wp-block-columns-is-layout-flex\">\n<div class=\"wp-block-column is-vertically-aligned-top is-content-justification-left is-layout-constrained wp-container-core-column-is-layout-02d07192 wp-block-column-is-layout-constrained\">\n<h2 class=\"wp-block-heading has-text-align-center\">Descubre Breta\u00f1a: una tierra de mar, leyendas y paisajes \u00fanicos<\/h2>\n<\/div>\n\n\n\n<div class=\"wp-block-column is-vertically-aligned-top is-layout-flow wp-block-column-is-layout-flow\" style=\"flex-basis:55%\">\n<p class=\"has-text-align-left\">Breta\u00f1a es una regi\u00f3n fascinante situada en el noroeste de Francia, donde la fuerza del oc\u00e9ano, la historia milenaria y la belleza natural se unen para crear un destino verdaderamente inolvidable. <\/p>\n<\/div>\n<\/div>\n\n\n\n<div style=\"height:var(--wp--preset--spacing--20)\" aria-hidden=\"true\" class=\"wp-block-spacer\"><\/div>\n\n\n\n<figure class=\"wp-block-gallery has-nested-images columns-default is-cropped wp-block-gallery-1 is-layout-flex wp-block-gallery-is-layout-flex\">\n<figure class=\"wp-block-image size-large\"><img loading=\"lazy\" decoding=\"async\" width=\"1024\" height=\"682\" data-id=\"296\" src=\"https:\/\/gicd.inf.um.es\/csidper\/usuario58\/wp-content\/uploads\/2025\/11\/bretagne-1-1024x682.jpg\" alt=\"\" class=\"wp-image-296\" srcset=\"https:\/\/gicd.inf.um.es\/csidper\/usuario58\/wp-content\/uploads\/2025\/11\/bretagne-1-1024x682.jpg 1024w, https:\/\/gicd.inf.um.es\/csidper\/usuario58\/wp-content\/uploads\/2025\/11\/bretagne-1-300x200.jpg 300w, https:\/\/gicd.inf.um.es\/csidper\/usuario58\/wp-content\/uploads\/2025\/11\/bretagne-1-768x512.jpg 768w, https:\/\/gicd.inf.um.es\/csidper\/usuario58\/wp-content\/uploads\/2025\/11\/bretagne-1.jpg 1280w\" sizes=\"auto, (max-width: 1024px) 100vw, 1024px\" \/><\/figure>\n<\/figure>\n<\/div><\/div>\n\n\n\n<div style=\"height:var(--wp--preset--spacing--30)\" aria-hidden=\"true\" class=\"wp-block-spacer\"><\/div>\n<\/div><\/div>\n\n\n\n<div class=\"wp-block-columns is-layout-flex wp-container-core-columns-is-layout-9d6595d7 wp-block-columns-is-layout-flex\">\n<div class=\"wp-block-column is-layout-flow wp-block-column-is-layout-flow\" style=\"flex-basis:66.66%\">\n<figure class=\"wp-block-gallery has-nested-images columns-default is-cropped wp-block-gallery-2 is-layout-flex wp-block-gallery-is-layout-flex\">\n<figure class=\"wp-block-image size-large\"><img loading=\"lazy\" decoding=\"async\" width=\"360\" height=\"240\" data-id=\"299\" src=\"https:\/\/gicd.inf.um.es\/csidper\/usuario58\/wp-content\/uploads\/2025\/11\/drapeau.jpg\" alt=\"\" class=\"wp-image-299\" srcset=\"https:\/\/gicd.inf.um.es\/csidper\/usuario58\/wp-content\/uploads\/2025\/11\/drapeau.jpg 360w, https:\/\/gicd.inf.um.es\/csidper\/usuario58\/wp-content\/uploads\/2025\/11\/drapeau-300x200.jpg 300w\" sizes=\"auto, (max-width: 360px) 100vw, 360px\" \/><\/figure>\n<\/figure>\n<\/div>\n\n\n\n<div class=\"wp-block-column is-layout-flow wp-block-column-is-layout-flow\" style=\"flex-basis:33.33%\">\n<p>Entre acantilados salvajes, playas infinitas, bosques encantados y pueblos de piedra, cada rinc\u00f3n de Breta\u00f1a cuenta una historia. Aqu\u00ed conviven antiguas tradiciones celtas, ciudades cargadas de patrimonio y paisajes que cambian con las mareas y la luz del Atl\u00e1ntico. La regi\u00f3n invita al viajero a dejarse llevar por la magia de sus costas, la autenticidad de sus peque\u00f1as ciudades y la serenidad de sus bosques legendarios. Desde las formaciones rosadas de la C\u00f4te de Granit Rose hasta los faros enfrentados al viento, pasando por pueblos medievales y bah\u00edas m\u00edticas, Breta\u00f1a ofrece una experiencia intensa y profundamente inspiradora.<\/p>\n<\/div>\n<\/div>\n\n\n\n<div class=\"wp-block-group\"><div class=\"wp-block-group__inner-container is-layout-constrained wp-block-group-is-layout-constrained\">\n<h3 class=\"wp-block-heading\">Mapa interractiva<\/h3>\n\n\n\n<div class=\"wp-block-interactive-geo-maps-display-map\"><div class=\"map_wrapper\" id=\"map_wrapper_323\">\n<div class=\"map_box\" style=\"max-width:2000px\">\n<div class=\"map_aspect_ratio\" style=\"padding-top:56%\" data-padding-top=\"56%\" data-padding-top-mobile=\"0%\">\n<div class=\"map_container\">\n<div class=\"map_render map_loading\" id=\"map_323\"><\/div>\n<\/div>\n<\/div>\n<\/div>\n<\/div><\/div>\n<\/div><\/div>\n","protected":false},"excerpt":{"rendered":"<p>Descubre Breta\u00f1a: una tierra de mar, leyendas y paisajes \u00fanicos Breta\u00f1a es una regi\u00f3n fascinante situada en el noroeste de Francia, donde la fuerza del oc\u00e9ano, la historia milenaria y la belleza natural se unen para crear un destino verdaderamente inolvidable. Entre acantilados salvajes, playas infinitas, bosques encantados y pueblos de piedra, cada rinc\u00f3n de [&hellip;]<\/p>\n","protected":false},"author":1,"featured_media":0,"parent":0,"menu_order":0,"comment_status":"closed","ping_status":"closed","template":"","meta":{"footnotes":""},"class_list":["post-292","page","type-page","status-publish","hentry"],"_links":{"self":[{"href":"https:\/\/gicd.inf.um.es\/csidper\/usuario58\/wp-json\/wp\/v2\/pages\/292","targetHints":{"allow":["GET"]}}],"collection":[{"href":"https:\/\/gicd.inf.um.es\/csidper\/usuario58\/wp-json\/wp\/v2\/pages"}],"about":[{"href":"https:\/\/gicd.inf.um.es\/csidper\/usuario58\/wp-json\/wp\/v2\/types\/page"}],"author":[{"embeddable":true,"href":"https:\/\/gicd.inf.um.es\/csidper\/usuario58\/wp-json\/wp\/v2\/users\/1"}],"replies":[{"embeddable":true,"href":"https:\/\/gicd.inf.um.es\/csidper\/usuario58\/wp-json\/wp\/v2\/comments?post=292"}],"version-history":[{"count":8,"href":"https:\/\/gicd.inf.um.es\/csidper\/usuario58\/wp-json\/wp\/v2\/pages\/292\/revisions"}],"predecessor-version":[{"id":327,"href":"https:\/\/gicd.inf.um.es\/csidper\/usuario58\/wp-json\/wp\/v2\/pages\/292\/revisions\/327"}],"wp:attachment":[{"href":"https:\/\/gicd.inf.um.es\/csidper\/usuario58\/wp-json\/wp\/v2\/media?parent=292"}],"curies":[{"name":"wp","href":"https:\/\/api.w.org\/{rel}","templated":true}]}}