{"id":144,"date":"2026-05-01T00:09:02","date_gmt":"2026-04-30T22:09:02","guid":{"rendered":"https:\/\/gicd.inf.um.es\/csidpub\/gpub01\/?page_id=144"},"modified":"2026-05-01T18:02:19","modified_gmt":"2026-05-01T16:02:19","slug":"videos-y-podcasts","status":"publish","type":"page","link":"https:\/\/gicd.inf.um.es\/csidpub\/gpub01\/?page_id=144","title":{"rendered":"V\u00eddeos y Podcasts"},"content":{"rendered":"\n<blockquote class=\"wp-block-quote is-layout-flow wp-block-quote-is-layout-flow\">\n<h2 class=\"wp-block-heading has-text-align-center has-white-color has-text-color has-background has-link-color wp-elements-b1ac4c3a59e28ef9433f19214cff0728\" style=\"background-color:#671010\">\u00a1Sum\u00e9rgete en nuestro universo de contenido: v\u00eddeos din\u00e1micos y podcasts que te acompa\u00f1ar\u00e1n en cualquier momento! <\/h2>\n<\/blockquote>\n\n\n\n<hr class=\"wp-block-separator has-alpha-channel-opacity is-style-wide\"\/>\n\n\n\n<p>Sabemos que no siempre consumes contenido de la misma forma. Por eso, aqu\u00ed encontrar\u00e1s tanto v\u00eddeos como podcasts, para que elijas la experiencia que mejor encaje contigo.<\/p>\n\n\n\n<hr class=\"wp-block-separator has-alpha-channel-opacity is-style-wide\"\/>\n\n\n\n<div class=\"wp-block-columns is-layout-flex wp-container-core-columns-is-layout-28f84493 wp-block-columns-is-layout-flex\">\n<div class=\"wp-block-column is-layout-flow wp-block-column-is-layout-flow\" style=\"flex-basis:100%\">\n<div class=\"wp-block-columns is-layout-flex wp-container-core-columns-is-layout-28f84493 wp-block-columns-is-layout-flex\">\n<div class=\"wp-block-column is-layout-flow wp-block-column-is-layout-flow\" style=\"flex-basis:100%\"><\/div>\n<\/div>\n<\/div>\n<\/div>\n\n\n\n<figure class=\"wp-block-gallery alignwide has-nested-images columns-default is-cropped wp-block-gallery-1 is-layout-flex wp-block-gallery-is-layout-flex\">\n<figure class=\"wp-block-image size-full\"><img loading=\"lazy\" decoding=\"async\" width=\"800\" height=\"800\" data-id=\"181\" src=\"https:\/\/gicd.inf.um.es\/csidpub\/gpub01\/wp-content\/uploads\/2026\/05\/Diseno-sin-titulo-11.png\" alt=\"Dise\u00f1o sin t\u00edtulo (11)\" class=\"wp-image-181\" srcset=\"https:\/\/gicd.inf.um.es\/csidpub\/gpub01\/wp-content\/uploads\/2026\/05\/Diseno-sin-titulo-11.png 800w, https:\/\/gicd.inf.um.es\/csidpub\/gpub01\/wp-content\/uploads\/2026\/05\/Diseno-sin-titulo-11-300x300.png 300w, https:\/\/gicd.inf.um.es\/csidpub\/gpub01\/wp-content\/uploads\/2026\/05\/Diseno-sin-titulo-11-150x150.png 150w, https:\/\/gicd.inf.um.es\/csidpub\/gpub01\/wp-content\/uploads\/2026\/05\/Diseno-sin-titulo-11-768x768.png 768w, https:\/\/gicd.inf.um.es\/csidpub\/gpub01\/wp-content\/uploads\/2026\/05\/Diseno-sin-titulo-11-600x600.png 600w, https:\/\/gicd.inf.um.es\/csidpub\/gpub01\/wp-content\/uploads\/2026\/05\/Diseno-sin-titulo-11-100x100.png 100w\" sizes=\"auto, (max-width: 800px) 100vw, 800px\" \/><\/figure>\n\n\n\n<figure class=\"wp-block-image size-full\"><img loading=\"lazy\" decoding=\"async\" width=\"440\" height=\"442\" data-id=\"169\" src=\"https:\/\/gicd.inf.um.es\/csidpub\/gpub01\/wp-content\/uploads\/2026\/05\/image.png\" alt=\"\" class=\"wp-image-169\" srcset=\"https:\/\/gicd.inf.um.es\/csidpub\/gpub01\/wp-content\/uploads\/2026\/05\/image.png 440w, https:\/\/gicd.inf.um.es\/csidpub\/gpub01\/wp-content\/uploads\/2026\/05\/image-300x300.png 300w, https:\/\/gicd.inf.um.es\/csidpub\/gpub01\/wp-content\/uploads\/2026\/05\/image-150x150.png 150w, https:\/\/gicd.inf.um.es\/csidpub\/gpub01\/wp-content\/uploads\/2026\/05\/image-100x100.png 100w\" sizes=\"auto, (max-width: 440px) 100vw, 440px\" \/><\/figure>\n<\/figure>\n\n\n\n<h2 class=\"wp-block-heading\"><a href=\"https:\/\/gicd.inf.um.es\/csidpub\/gpub01\/?page_id=191\" data-type=\"page\" data-id=\"191\">V\u00eddeos<\/a><\/h2>\n\n\n\n<h2 class=\"wp-block-heading\"><a href=\"https:\/\/gicd.inf.um.es\/csidpub\/gpub01\/?page_id=235\" data-type=\"page\" data-id=\"235\">Podcasts Murmitos<\/a><\/h2>\n","protected":false},"excerpt":{"rendered":"<p>\u00a1Sum\u00e9rgete en nuestro universo de contenido: v\u00eddeos din\u00e1micos y podcasts que te acompa\u00f1ar\u00e1n en cualquier momento! Sabemos que no siempre consumes contenido de la misma forma. Por eso, aqu\u00ed encontrar\u00e1s tanto v\u00eddeos como podcasts, para que elijas la experiencia que mejor encaje contigo. V\u00eddeos Podcasts Murmitos<\/p>\n","protected":false},"author":6,"featured_media":0,"parent":0,"menu_order":0,"comment_status":"closed","ping_status":"closed","template":"","meta":{"footnotes":""},"class_list":["post-144","page","type-page","status-publish","hentry"],"_links":{"self":[{"href":"https:\/\/gicd.inf.um.es\/csidpub\/gpub01\/index.php?rest_route=\/wp\/v2\/pages\/144","targetHints":{"allow":["GET"]}}],"collection":[{"href":"https:\/\/gicd.inf.um.es\/csidpub\/gpub01\/index.php?rest_route=\/wp\/v2\/pages"}],"about":[{"href":"https:\/\/gicd.inf.um.es\/csidpub\/gpub01\/index.php?rest_route=\/wp\/v2\/types\/page"}],"author":[{"embeddable":true,"href":"https:\/\/gicd.inf.um.es\/csidpub\/gpub01\/index.php?rest_route=\/wp\/v2\/users\/6"}],"replies":[{"embeddable":true,"href":"https:\/\/gicd.inf.um.es\/csidpub\/gpub01\/index.php?rest_route=%2Fwp%2Fv2%2Fcomments&post=144"}],"version-history":[{"count":4,"href":"https:\/\/gicd.inf.um.es\/csidpub\/gpub01\/index.php?rest_route=\/wp\/v2\/pages\/144\/revisions"}],"predecessor-version":[{"id":405,"href":"https:\/\/gicd.inf.um.es\/csidpub\/gpub01\/index.php?rest_route=\/wp\/v2\/pages\/144\/revisions\/405"}],"wp:attachment":[{"href":"https:\/\/gicd.inf.um.es\/csidpub\/gpub01\/index.php?rest_route=%2Fwp%2Fv2%2Fmedia&parent=144"}],"curies":[{"name":"wp","href":"https:\/\/api.w.org\/{rel}","templated":true}]}}