{"id":191,"date":"2026-05-01T01:21:34","date_gmt":"2026-04-30T23:21:34","guid":{"rendered":"https:\/\/gicd.inf.um.es\/csidpub\/gpub01\/?page_id=191"},"modified":"2026-05-01T18:06:34","modified_gmt":"2026-05-01T16:06:34","slug":"videos","status":"publish","type":"page","link":"https:\/\/gicd.inf.um.es\/csidpub\/gpub01\/?page_id=191","title":{"rendered":"V\u00eddeos"},"content":{"rendered":"\n<hr class=\"wp-block-separator has-alpha-channel-opacity is-style-wide\"\/>\n\n\n\n<p class=\"has-text-align-center has-white-color has-text-color has-background has-link-color wp-elements-92c4339511a8800f29aef3608ca40f53\" style=\"background-color:#671010\">\u00a1No te pierdas nuestros v\u00eddeos en YouTube!<\/p>\n\n\n\n<hr class=\"wp-block-separator has-alpha-channel-opacity is-style-wide\"\/>\n\n\n\n<p><br>Aqu\u00ed encontrar\u00e1s todos los v\u00eddeos de YouTube que hemos subido a nuestro canal de Murmitos para que puedas conocer m\u00e1s acerca de la historia y cultura de los diferentes lugares de las Regi\u00f3n de Murcia, as\u00ed como para conocernos a nosotros, qui\u00e9nes os contamos estas incre\u00edbles historias.<\/p>\n\n\n\n<hr class=\"wp-block-separator has-alpha-channel-opacity is-style-wide\"\/>\n\n\n\n<h2 class=\"wp-block-heading has-text-color has-link-color wp-elements-5aac82dd21441b0e7f0c3d16645a1606\" style=\"color:#671010\">\u00bfCU\u00c1L ES TU MITO O LEYENDA FAVORITOS?<\/h2>\n\n\n\n<figure class=\"wp-block-embed is-type-video is-provider-youtube wp-block-embed-youtube wp-embed-aspect-16-9 wp-has-aspect-ratio\"><div class=\"wp-block-embed__wrapper\">\n<iframe loading=\"lazy\" title=\"\u00bfCU\u00c1L ES TU MITO O LEYENDA FAVORITO? | MURMITOS\" width=\"640\" height=\"360\" src=\"https:\/\/www.youtube.com\/embed\/KoxmGobnl8U?feature=oembed\" frameborder=\"0\" allow=\"accelerometer; autoplay; clipboard-write; encrypted-media; gyroscope; picture-in-picture; web-share\" referrerpolicy=\"strict-origin-when-cross-origin\" allowfullscreen><\/iframe>\n<\/div><\/figure>\n\n\n\n<p><br>En nuestro primer v\u00eddeo hemos querido salir a la calle a preguntar a la gente cu\u00e1l es su mito o leyenda favorita, o si conoce una en especial que nos quiera contar, donde la escucharon y si alguna vez se han puesto a investigar si era verdad.<\/p>\n\n\n\n<hr class=\"wp-block-separator has-alpha-channel-opacity is-style-wide\"\/>\n\n\n\n<h2 class=\"wp-block-heading has-text-color has-link-color wp-elements-5c10155829235c2ec5b5885bc2ba2116\" style=\"color:#671010\">\u00bfQU\u00c9 LLEVA LA MORA EN SU BOLSO? LA NOCHE DE SAN JUAN, BULLAS<\/h2>\n\n\n\n<figure class=\"wp-block-embed is-type-video is-provider-youtube wp-block-embed-youtube wp-embed-aspect-16-9 wp-has-aspect-ratio\"><div class=\"wp-block-embed__wrapper\">\n<iframe loading=\"lazy\" title=\"\u00bfQU\u00c9 LLEVA LA MORA EN SU BOLSO? LA NOCHE DE SAN JUAN, BULLAS | MURMITOS\" width=\"640\" height=\"360\" src=\"https:\/\/www.youtube.com\/embed\/MPnw0CTISu4?feature=oembed\" frameborder=\"0\" allow=\"accelerometer; autoplay; clipboard-write; encrypted-media; gyroscope; picture-in-picture; web-share\" referrerpolicy=\"strict-origin-when-cross-origin\" allowfullscreen><\/iframe>\n<\/div><\/figure>\n\n\n\n<p><br>En este v\u00eddeo nos hemos desplazado hasta el Salto del Usero en Bullas, donde Diego Jim\u00e9nez, miembro de la Asociaci\u00f3n Bajada de la Mora, nos explica la funci\u00f3n que tienen los objetos que usan en la recreaci\u00f3n de la leyenda en la Noche de San Juan. <\/p>\n\n\n\n<hr class=\"wp-block-separator has-alpha-channel-opacity is-style-wide\"\/>\n\n\n\n<h2 class=\"wp-block-heading has-text-color has-link-color wp-elements-b6bd7285d03012f454dcd067b9398430\" style=\"color:#671010\">UN D\u00cdA CON MURMITOS<\/h2>\n\n\n\n<figure class=\"wp-block-embed is-type-video is-provider-youtube wp-block-embed-youtube wp-embed-aspect-16-9 wp-has-aspect-ratio\"><div class=\"wp-block-embed__wrapper\">\n<iframe loading=\"lazy\" title=\"UN D\u00cdA CON MURMITOS | MURMITOS\" width=\"640\" height=\"360\" src=\"https:\/\/www.youtube.com\/embed\/2SX7Mte6bK0?feature=oembed\" frameborder=\"0\" allow=\"accelerometer; autoplay; clipboard-write; encrypted-media; gyroscope; picture-in-picture; web-share\" referrerpolicy=\"strict-origin-when-cross-origin\" allowfullscreen><\/iframe>\n<\/div><\/figure>\n\n\n\n<p>En este v\u00eddeo nos acompa\u00f1ar\u00e9is en un d\u00eda de grabaci\u00f3n con nosotros. Adem\u00e1s, haremos una peque\u00f1a entrevista a Diego Jim\u00e9nez, miembro de la Asociaci\u00f3n Bajada de la Mora, y a Fernando, del Bar Caracoles de Bullas,  que nos cuenta como hace su alternativa a la tan famosa marinera: el grumete.<\/p>\n\n\n\n<hr class=\"wp-block-separator has-text-color has-alpha-channel-opacity has-background is-style-dots\" style=\"background-color:#671010;color:#671010\"\/>\n\n\n\n<p class=\"has-text-align-center has-white-color has-text-color has-background has-link-color wp-elements-236745f7cd1ae94038d07e9fe81624f8\" style=\"background-color:#671010\">Porque cada historia merece ser contada<\/p>\n\n\n\n<h2 class=\"wp-block-heading\"><a href=\"https:\/\/gicd.inf.um.es\/csidpub\/gpub01\/?page_id=235\" data-type=\"page\" data-id=\"235\">Podcasts<\/a><\/h2>\n","protected":false},"excerpt":{"rendered":"<p>\u00a1No te pierdas nuestros v\u00eddeos en YouTube! Aqu\u00ed encontrar\u00e1s todos los v\u00eddeos de YouTube que hemos subido a nuestro canal de Murmitos para que puedas conocer m\u00e1s acerca de la historia y cultura de los diferentes lugares de las Regi\u00f3n de Murcia, as\u00ed como para conocernos a nosotros, qui\u00e9nes os contamos estas incre\u00edbles historias. \u00bfCU\u00c1L [&hellip;]<\/p>\n","protected":false},"author":6,"featured_media":92,"parent":0,"menu_order":0,"comment_status":"closed","ping_status":"closed","template":"","meta":{"footnotes":""},"class_list":["post-191","page","type-page","status-publish","has-post-thumbnail","hentry"],"_links":{"self":[{"href":"https:\/\/gicd.inf.um.es\/csidpub\/gpub01\/index.php?rest_route=\/wp\/v2\/pages\/191","targetHints":{"allow":["GET"]}}],"collection":[{"href":"https:\/\/gicd.inf.um.es\/csidpub\/gpub01\/index.php?rest_route=\/wp\/v2\/pages"}],"about":[{"href":"https:\/\/gicd.inf.um.es\/csidpub\/gpub01\/index.php?rest_route=\/wp\/v2\/types\/page"}],"author":[{"embeddable":true,"href":"https:\/\/gicd.inf.um.es\/csidpub\/gpub01\/index.php?rest_route=\/wp\/v2\/users\/6"}],"replies":[{"embeddable":true,"href":"https:\/\/gicd.inf.um.es\/csidpub\/gpub01\/index.php?rest_route=%2Fwp%2Fv2%2Fcomments&post=191"}],"version-history":[{"count":4,"href":"https:\/\/gicd.inf.um.es\/csidpub\/gpub01\/index.php?rest_route=\/wp\/v2\/pages\/191\/revisions"}],"predecessor-version":[{"id":407,"href":"https:\/\/gicd.inf.um.es\/csidpub\/gpub01\/index.php?rest_route=\/wp\/v2\/pages\/191\/revisions\/407"}],"wp:featuredmedia":[{"embeddable":true,"href":"https:\/\/gicd.inf.um.es\/csidpub\/gpub01\/index.php?rest_route=\/wp\/v2\/media\/92"}],"wp:attachment":[{"href":"https:\/\/gicd.inf.um.es\/csidpub\/gpub01\/index.php?rest_route=%2Fwp%2Fv2%2Fmedia&parent=191"}],"curies":[{"name":"wp","href":"https:\/\/api.w.org\/{rel}","templated":true}]}}