{"id":235,"date":"2026-05-01T01:31:00","date_gmt":"2026-04-30T23:31:00","guid":{"rendered":"https:\/\/gicd.inf.um.es\/csidpub\/gpub01\/?page_id=235"},"modified":"2026-05-01T03:17:54","modified_gmt":"2026-05-01T01:17:54","slug":"podcasts","status":"publish","type":"page","link":"https:\/\/gicd.inf.um.es\/csidpub\/gpub01\/?page_id=235","title":{"rendered":"Podcasts Murmitos"},"content":{"rendered":"\n<hr class=\"wp-block-separator has-alpha-channel-opacity is-style-wide\"\/>\n\n\n\n<p class=\"has-text-align-center has-white-color has-text-color has-background has-link-color wp-elements-e978efec7d662eff49900132c680ac0c\" style=\"background-color:#671010\">Todos nuestros podcasts disponibles <strong>AQU\u00cd<\/strong><\/p>\n\n\n\n<hr class=\"wp-block-separator has-alpha-channel-opacity is-style-wide\"\/>\n\n\n\n<p>Aqu\u00ed encontrar\u00e1s todos nuestros podcasts de Murmitos disponibles en Spotify, donde damos voz a las historias, la cultura y los rincones de la Regi\u00f3n de Murcia. Un espacio para escuchar, descubrir y acompa\u00f1arte mientras te contamos, desde dentro, todo aquello que hace \u00fanicos a estos lugares\u2026 y tambi\u00e9n qui\u00e9nes somos nosotros, quienes ponemos voz a cada historia.<\/p>\n\n\n\n<hr class=\"wp-block-separator has-alpha-channel-opacity is-style-wide\"\/>\n\n\n\n<h2 class=\"wp-block-heading has-text-color has-link-color wp-elements-11090fc090ae7cffd3ae3132df0d8ceb\" style=\"color:#671010\">ESPECIAL HALLOWEEN<\/h2>\n\n\n\n<figure class=\"wp-block-embed is-type-rich is-provider-spotify wp-block-embed-spotify wp-embed-aspect-21-9 wp-has-aspect-ratio\"><div class=\"wp-block-embed__wrapper\">\n<iframe title=\"Spotify Embed: ESPECIAL HALLOWEEN - Murmitos | EPISODIO 1\" style=\"border-radius: 12px\" width=\"100%\" height=\"152\" frameborder=\"0\" allowfullscreen allow=\"autoplay; clipboard-write; encrypted-media; fullscreen; picture-in-picture\" loading=\"lazy\" src=\"https:\/\/open.spotify.com\/embed\/episode\/7iDxieQjZzU2DNUFp6LIwb?si=1VVIrdJwQ3avTUjDxPcqdg&amp;utm_source=oembed\"><\/iframe>\n<\/div><\/figure>\n\n\n\n<p>En esta entrega te contaremos una serie de mitos y leyendas de la Regi\u00f3n de Murcia, en esta ocasi\u00f3n ser\u00e1n de terror, como programa especial de Halloween.<\/p>\n\n\n\n<hr class=\"wp-block-separator has-alpha-channel-opacity is-style-wide\"\/>\n\n\n\n<h2 class=\"wp-block-heading has-text-color has-link-color wp-elements-10a66b34a6e19580c5c14a5c8fa074ee\" style=\"color:#671010\">MITOS Y LEYENDAS DE CARTAGENA<\/h2>\n\n\n\n<figure class=\"wp-block-embed is-type-rich is-provider-spotify wp-block-embed-spotify wp-embed-aspect-21-9 wp-has-aspect-ratio\"><div class=\"wp-block-embed__wrapper\">\n<iframe title=\"Spotify Embed: MITOS Y LEYENDAS DE CARTAGENA - Murmitos | EPISODIO 2 \" style=\"border-radius: 12px\" width=\"100%\" height=\"152\" frameborder=\"0\" allowfullscreen allow=\"autoplay; clipboard-write; encrypted-media; fullscreen; picture-in-picture\" loading=\"lazy\" src=\"https:\/\/open.spotify.com\/embed\/episode\/4nx1oTYfHbTXY0t9LpaczU?si=MWf30MOgQPWNuVGKlkKa5w&amp;utm_source=oembed\"><\/iframe>\n<\/div><\/figure>\n\n\n\n<p>En este otro cap\u00edtulo nos vamos hasta Cartagena, donde contamos con cuatro mitos y leyendas de la ciudad en la que encontrar\u00e1s muchas historias y mucho misterio.<\/p>\n\n\n\n<hr class=\"wp-block-separator has-alpha-channel-opacity is-style-wide\"\/>\n\n\n\n<h2 class=\"wp-block-heading has-text-color has-link-color wp-elements-3fbc80645595075b6cc880e58cdf802b\" style=\"color:#671010\">MITOS Y LEYENDAS DE BULLAS, LORCA Y MOLINA<\/h2>\n\n\n\n<figure class=\"wp-block-embed is-type-rich is-provider-spotify wp-block-embed-spotify wp-embed-aspect-21-9 wp-has-aspect-ratio\"><div class=\"wp-block-embed__wrapper\">\n<iframe title=\"Spotify Embed: MITOS Y LEYENDAS DE BULLAS, LORCA Y MOLINA - Murmitos | EPISODIO 3\" style=\"border-radius: 12px\" width=\"100%\" height=\"152\" frameborder=\"0\" allowfullscreen allow=\"autoplay; clipboard-write; encrypted-media; fullscreen; picture-in-picture\" loading=\"lazy\" src=\"https:\/\/open.spotify.com\/embed\/episode\/6SVnPOTllbUfWaiOqHlK0R?si=TqM66ZPXR9yi8GPGzj9UDg&amp;utm_source=oembed\"><\/iframe>\n<\/div><\/figure>\n\n\n\n<p>Esperamos que os guste viajar, porque en este podcast viajaremos hasta 3 grandes ciudades de nuestra Regi\u00f3n: Bullas, Lorca y Molina de Segura. En esta ocasi\u00f3n, contaremos 3 leyendas sobre el amor, con un toque tr\u00e1gico y dram\u00e1tico, que obviamente no puede faltar nunca en una buena historia.<\/p>\n\n\n\n<hr class=\"wp-block-separator has-alpha-channel-opacity is-style-wide\"\/>\n\n\n\n<h2 class=\"wp-block-heading has-text-color has-link-color wp-elements-01b5cb84c1f8cb70bd4ae31ec24384c1\" style=\"color:#671010\">LEYENDAS DE BULLAS CONTADAS POR JOS\u00c9 LUIS GARC\u00cdA<\/h2>\n\n\n\n<figure class=\"wp-block-embed is-type-rich is-provider-spotify wp-block-embed-spotify wp-embed-aspect-21-9 wp-has-aspect-ratio\"><div class=\"wp-block-embed__wrapper\">\n<iframe title=\"Spotify Embed: LEYENDAS DE BULLAS CONTADAS POR JOS\u00c9 LUIS GARC\u00cdA - Murmitos | EPISODIO 4\" style=\"border-radius: 12px\" width=\"100%\" height=\"152\" frameborder=\"0\" allowfullscreen allow=\"autoplay; clipboard-write; encrypted-media; fullscreen; picture-in-picture\" loading=\"lazy\" src=\"https:\/\/open.spotify.com\/embed\/episode\/1Von6iMXtsw4MmO8Vb03VU?si=v639uojWR26U4032ISmMBQ&amp;utm_source=oembed\"><\/iframe>\n<\/div><\/figure>\n\n\n\n<p>En esta ocasi\u00f3n volvemos a Bullas. Gracias a Jos\u00e9 Lu\u00eds Garc\u00eda Caballero, vecino del pueblo, que nos ha proporcionado distintas historias y leyendas para contaroslas a vosotros. En este episodio contaremos 4 de estas historias, pero si quer\u00e9is saber m\u00e1s acerca de ellas os recomendamos leer los 3 libros que Jos\u00e9 Luis ha publicado.<\/p>\n\n\n\n<hr class=\"wp-block-separator has-text-color has-alpha-channel-opacity has-background is-style-dots\" style=\"background-color:#671010;color:#671010\"\/>\n\n\n\n<p><a href=\"https:\/\/gicd.inf.um.es\/csidpub\/gpub01\/?page_id=191\" data-type=\"page\" data-id=\"191\">V\u00eddeos<\/a><\/p>\n\n\n\n<p class=\"has-text-align-center has-white-color has-text-color has-background has-link-color wp-elements-38340c633299b422b032be2a034ee8b0\" style=\"background-color:#671010\">Porque cada historia merece ser contada\u2026 y tambi\u00e9n escuchada.<\/p>\n","protected":false},"excerpt":{"rendered":"<p>Todos nuestros podcasts disponibles AQU\u00cd Aqu\u00ed encontrar\u00e1s todos nuestros podcasts de Murmitos disponibles en Spotify, donde damos voz a las historias, la cultura y los rincones de la Regi\u00f3n de Murcia. Un espacio para escuchar, descubrir y acompa\u00f1arte mientras te contamos, desde dentro, todo aquello que hace \u00fanicos a estos lugares\u2026 y tambi\u00e9n qui\u00e9nes somos [&hellip;]<\/p>\n","protected":false},"author":6,"featured_media":0,"parent":0,"menu_order":0,"comment_status":"closed","ping_status":"closed","template":"","meta":{"footnotes":""},"class_list":["post-235","page","type-page","status-publish","hentry"],"_links":{"self":[{"href":"https:\/\/gicd.inf.um.es\/csidpub\/gpub01\/index.php?rest_route=\/wp\/v2\/pages\/235","targetHints":{"allow":["GET"]}}],"collection":[{"href":"https:\/\/gicd.inf.um.es\/csidpub\/gpub01\/index.php?rest_route=\/wp\/v2\/pages"}],"about":[{"href":"https:\/\/gicd.inf.um.es\/csidpub\/gpub01\/index.php?rest_route=\/wp\/v2\/types\/page"}],"author":[{"embeddable":true,"href":"https:\/\/gicd.inf.um.es\/csidpub\/gpub01\/index.php?rest_route=\/wp\/v2\/users\/6"}],"replies":[{"embeddable":true,"href":"https:\/\/gicd.inf.um.es\/csidpub\/gpub01\/index.php?rest_route=%2Fwp%2Fv2%2Fcomments&post=235"}],"version-history":[{"count":10,"href":"https:\/\/gicd.inf.um.es\/csidpub\/gpub01\/index.php?rest_route=\/wp\/v2\/pages\/235\/revisions"}],"predecessor-version":[{"id":347,"href":"https:\/\/gicd.inf.um.es\/csidpub\/gpub01\/index.php?rest_route=\/wp\/v2\/pages\/235\/revisions\/347"}],"wp:attachment":[{"href":"https:\/\/gicd.inf.um.es\/csidpub\/gpub01\/index.php?rest_route=%2Fwp%2Fv2%2Fmedia&parent=235"}],"curies":[{"name":"wp","href":"https:\/\/api.w.org\/{rel}","templated":true}]}}