{"id":32,"date":"2026-04-24T16:03:22","date_gmt":"2026-04-24T14:03:22","guid":{"rendered":"https:\/\/gicd.inf.um.es\/csidpub\/gpub01\/?page_id=32"},"modified":"2026-05-01T17:58:37","modified_gmt":"2026-05-01T15:58:37","slug":"mitos-y-leyendas-de-bullas","status":"publish","type":"page","link":"https:\/\/gicd.inf.um.es\/csidpub\/gpub01\/?page_id=32","title":{"rendered":"Mitos y leyendas de Bullas"},"content":{"rendered":"\n<p class=\"has-text-align-center has-white-color has-text-color has-background has-link-color has-medium-font-size wp-elements-b85352a7ca4767b3b318c4bae717b1ab\" style=\"background-color:#6b0c0c\"><strong>La leyenda de la mora<\/strong><\/p>\n\n\n\n<h2 class=\"wp-block-heading\">La historia<\/h2>\n\n\n\n<p>La leyenda de la Mora del Salto del Usero es una de las historias m\u00e1s conocidas del noroeste murciano y mezcla amor, tragedia y misterio. Cuenta que, hace siglos, en tiempos de convivencia entre culturas, una joven musulmana \u2014\u201cla mora\u201d\u2014 viv\u00eda cerca de este paraje natural escondido entre rocas y agua cristalina. Era un lugar tan bello como aislado, pero tambi\u00e9n lleno de secretos.<\/p>\n\n\n\n<p>Seg\u00fan la leyenda, la joven se enamor\u00f3 de alguien con quien no pod\u00eda estar, y ese amor prohibido termin\u00f3 convirti\u00e9ndose en una huida desesperada. Perseguida y sin salida, lleg\u00f3 hasta el Salto del Usero, donde el agua cae entre rocas formando pozas profundas. All\u00ed, en lugar de ser capturada, decidi\u00f3 lanzarse al agua para escapar de su destino, desapareciendo bajo la cascada.<\/p>\n\n\n\n<p>Desde entonces, se dice que en ciertas noches tranquilas, cuando el agua est\u00e1 en calma y la luna ilumina las rocas, puede verse la silueta de una joven entre las corrientes o escucharse un leve murmullo entre el agua. En el Salto del Usero, muchos aseguran que no es solo un paraje natural\u2026 sino un lugar donde la historia todav\u00eda respira bajo el agua.<\/p>\n\n\n\n<h2 class=\"wp-block-heading\">La mora de Bullas<\/h2>\n\n\n\n<figure class=\"wp-block-gallery has-nested-images columns-default is-cropped wp-block-gallery-1 is-layout-flex wp-block-gallery-is-layout-flex\">\n<figure data-wp-context=\"{&quot;imageId&quot;:&quot;6a03c6dd89266&quot;}\" data-wp-interactive=\"core\/image\" class=\"wp-block-image alignfull size-large wp-lightbox-container\"><img loading=\"lazy\" decoding=\"async\" width=\"623\" height=\"385\" data-wp-class--hide=\"state.isContentHidden\" data-wp-class--show=\"state.isContentVisible\" data-wp-init=\"callbacks.setButtonStyles\" data-wp-on-async--click=\"actions.showLightbox\" data-wp-on-async--load=\"callbacks.setButtonStyles\" data-wp-on-async-window--resize=\"callbacks.setButtonStyles\" data-id=\"34\" src=\"https:\/\/gicd.inf.um.es\/csidpub\/gpub01\/wp-content\/uploads\/2026\/04\/bajada-kPgB-U601440554131N-624x385@La-Verdad.webp\" alt=\"bajada-kPgB-U601440554131N-624x385@La Verdad\" class=\"wp-image-34\" srcset=\"https:\/\/gicd.inf.um.es\/csidpub\/gpub01\/wp-content\/uploads\/2026\/04\/bajada-kPgB-U601440554131N-624x385@La-Verdad.webp 623w, https:\/\/gicd.inf.um.es\/csidpub\/gpub01\/wp-content\/uploads\/2026\/04\/bajada-kPgB-U601440554131N-624x385@La-Verdad-300x185.webp 300w\" sizes=\"auto, (max-width: 623px) 100vw, 623px\" \/><button\n\t\t\tclass=\"lightbox-trigger\"\n\t\t\ttype=\"button\"\n\t\t\taria-haspopup=\"dialog\"\n\t\t\taria-label=\"Agrandar\"\n\t\t\tdata-wp-init=\"callbacks.initTriggerButton\"\n\t\t\tdata-wp-on-async--click=\"actions.showLightbox\"\n\t\t\tdata-wp-style--right=\"state.imageButtonRight\"\n\t\t\tdata-wp-style--top=\"state.imageButtonTop\"\n\t\t>\n\t\t\t<svg xmlns=\"http:\/\/www.w3.org\/2000\/svg\" width=\"12\" height=\"12\" fill=\"none\" viewBox=\"0 0 12 12\">\n\t\t\t\t<path fill=\"#fff\" d=\"M2 0a2 2 0 0 0-2 2v2h1.5V2a.5.5 0 0 1 .5-.5h2V0H2Zm2 10.5H2a.5.5 0 0 1-.5-.5V8H0v2a2 2 0 0 0 2 2h2v-1.5ZM8 12v-1.5h2a.5.5 0 0 0 .5-.5V8H12v2a2 2 0 0 1-2 2H8Zm2-12a2 2 0 0 1 2 2v2h-1.5V2a.5.5 0 0 0-.5-.5H8V0h2Z\" \/>\n\t\t\t<\/svg>\n\t\t<\/button><\/figure>\n\n\n\n<figure class=\"wp-block-image size-large\"><img loading=\"lazy\" decoding=\"async\" width=\"242\" height=\"208\" data-id=\"35\" src=\"https:\/\/gicd.inf.um.es\/csidpub\/gpub01\/wp-content\/uploads\/2026\/04\/images-7.jpg\" alt=\"images (7)\" class=\"wp-image-35\"\/><\/figure>\n\n\n\n<figure class=\"wp-block-image size-large\"><img loading=\"lazy\" decoding=\"async\" width=\"768\" height=\"1024\" data-id=\"36\" src=\"https:\/\/gicd.inf.um.es\/csidpub\/gpub01\/wp-content\/uploads\/2026\/04\/WhatsApp-Image-2026-04-24-at-12.55.29-3-768x1024.jpeg\" alt=\"WhatsApp Image 2026-04-24 at 12.55.29 (3)\" class=\"wp-image-36\" srcset=\"https:\/\/gicd.inf.um.es\/csidpub\/gpub01\/wp-content\/uploads\/2026\/04\/WhatsApp-Image-2026-04-24-at-12.55.29-3-768x1024.jpeg 768w, https:\/\/gicd.inf.um.es\/csidpub\/gpub01\/wp-content\/uploads\/2026\/04\/WhatsApp-Image-2026-04-24-at-12.55.29-3-225x300.jpeg 225w, https:\/\/gicd.inf.um.es\/csidpub\/gpub01\/wp-content\/uploads\/2026\/04\/WhatsApp-Image-2026-04-24-at-12.55.29-3-1152x1536.jpeg 1152w, https:\/\/gicd.inf.um.es\/csidpub\/gpub01\/wp-content\/uploads\/2026\/04\/WhatsApp-Image-2026-04-24-at-12.55.29-3-1024x1365.jpeg 1024w, https:\/\/gicd.inf.um.es\/csidpub\/gpub01\/wp-content\/uploads\/2026\/04\/WhatsApp-Image-2026-04-24-at-12.55.29-3.jpeg 1200w\" sizes=\"auto, (max-width: 768px) 100vw, 768px\" \/><\/figure>\n\n\n\n<figure class=\"wp-block-image size-large\"><img loading=\"lazy\" decoding=\"async\" width=\"1024\" height=\"768\" data-id=\"37\" src=\"https:\/\/gicd.inf.um.es\/csidpub\/gpub01\/wp-content\/uploads\/2026\/04\/WhatsApp-Image-2026-04-24-at-12.55.29-2-1024x768.jpeg\" alt=\"WhatsApp Image 2026-04-24 at 12.55.29 (2)\" class=\"wp-image-37\" srcset=\"https:\/\/gicd.inf.um.es\/csidpub\/gpub01\/wp-content\/uploads\/2026\/04\/WhatsApp-Image-2026-04-24-at-12.55.29-2-1024x768.jpeg 1024w, https:\/\/gicd.inf.um.es\/csidpub\/gpub01\/wp-content\/uploads\/2026\/04\/WhatsApp-Image-2026-04-24-at-12.55.29-2-300x225.jpeg 300w, https:\/\/gicd.inf.um.es\/csidpub\/gpub01\/wp-content\/uploads\/2026\/04\/WhatsApp-Image-2026-04-24-at-12.55.29-2-768x576.jpeg 768w, https:\/\/gicd.inf.um.es\/csidpub\/gpub01\/wp-content\/uploads\/2026\/04\/WhatsApp-Image-2026-04-24-at-12.55.29-2-1536x1152.jpeg 1536w, https:\/\/gicd.inf.um.es\/csidpub\/gpub01\/wp-content\/uploads\/2026\/04\/WhatsApp-Image-2026-04-24-at-12.55.29-2.jpeg 1600w\" sizes=\"auto, (max-width: 1024px) 100vw, 1024px\" \/><\/figure>\n<\/figure>\n\n\n\n<p class=\"has-text-align-center has-white-color has-text-color has-background has-link-color has-medium-font-size wp-elements-2c09de4d085c8fee1221a2dbd3abf32d\" style=\"background-color:#6b0c0c\"><strong>Las casas antiguas del Casco Viejo<\/strong><\/p>\n\n\n\n<h2 class=\"wp-block-heading\">La historia<\/h2>\n\n\n\n<p>En Bullas tambi\u00e9n se cuenta una leyenda m\u00e1s \u00edntima y cotidiana, menos espectacular pero igual de inquietante, que habla de ciertas casas antiguas del casco viejo y de lo que ocurre cuando todo el pueblo se queda en silencio.<\/p>\n\n\n\n<p>Dicen que en algunas noches muy concretas, cuando el viento baja desde la sierra y no hay apenas ruido en las calles, se pueden escuchar sonidos dentro de casas que llevan tiempo cerradas. Pasos suaves, como si alguien a\u00fan viviera all\u00ed, o puertas que se cierran sin corriente de aire. Nadie entra, nadie sale, pero el sonido existe.<\/p>\n\n\n\n<p>Los m\u00e1s mayores del lugar cuentan que no es nada sobrenatural como tal, sino \u201cecos del pasado\u201d, recuerdos del pueblo que se quedan atrapados en las paredes con los a\u00f1os. Otros, en cambio, creen que son presencias que simplemente no se han ido del todo, porque hay lugares que no terminan de vaciarse nunca.<\/p>\n\n\n\n<p>En el Salto del Usero y sus alrededores, esta historia se mezcla con el resto de murmitos del pueblo: cosas que nadie puede demostrar, pero que hacen que por la noche, en Bullas, siempre haya alguien que cierre la puerta un poco m\u00e1s fuerte de lo normal.<\/p>\n\n\n\n<h2 class=\"wp-block-heading\">El Casco Viejo<\/h2>\n\n\n\n<figure class=\"wp-block-gallery has-nested-images columns-default is-cropped wp-block-gallery-2 is-layout-flex wp-block-gallery-is-layout-flex\">\n<figure data-wp-context=\"{&quot;imageId&quot;:&quot;6a03c6dd8ad7f&quot;}\" data-wp-interactive=\"core\/image\" class=\"wp-block-image alignfull size-large wp-lightbox-container\"><img loading=\"lazy\" decoding=\"async\" width=\"275\" height=\"183\" data-wp-class--hide=\"state.isContentHidden\" data-wp-class--show=\"state.isContentVisible\" data-wp-init=\"callbacks.setButtonStyles\" data-wp-on-async--click=\"actions.showLightbox\" data-wp-on-async--load=\"callbacks.setButtonStyles\" data-wp-on-async-window--resize=\"callbacks.setButtonStyles\" data-id=\"38\" src=\"https:\/\/gicd.inf.um.es\/csidpub\/gpub01\/wp-content\/uploads\/2026\/04\/images-9.jpg\" alt=\"images (9)\" class=\"wp-image-38\"\/><button\n\t\t\tclass=\"lightbox-trigger\"\n\t\t\ttype=\"button\"\n\t\t\taria-haspopup=\"dialog\"\n\t\t\taria-label=\"Agrandar\"\n\t\t\tdata-wp-init=\"callbacks.initTriggerButton\"\n\t\t\tdata-wp-on-async--click=\"actions.showLightbox\"\n\t\t\tdata-wp-style--right=\"state.imageButtonRight\"\n\t\t\tdata-wp-style--top=\"state.imageButtonTop\"\n\t\t>\n\t\t\t<svg xmlns=\"http:\/\/www.w3.org\/2000\/svg\" width=\"12\" height=\"12\" fill=\"none\" viewBox=\"0 0 12 12\">\n\t\t\t\t<path fill=\"#fff\" d=\"M2 0a2 2 0 0 0-2 2v2h1.5V2a.5.5 0 0 1 .5-.5h2V0H2Zm2 10.5H2a.5.5 0 0 1-.5-.5V8H0v2a2 2 0 0 0 2 2h2v-1.5ZM8 12v-1.5h2a.5.5 0 0 0 .5-.5V8H12v2a2 2 0 0 1-2 2H8Zm2-12a2 2 0 0 1 2 2v2h-1.5V2a.5.5 0 0 0-.5-.5H8V0h2Z\" \/>\n\t\t\t<\/svg>\n\t\t<\/button><\/figure>\n\n\n\n<figure class=\"wp-block-image alignfull size-large\"><img loading=\"lazy\" decoding=\"async\" width=\"950\" height=\"633\" data-id=\"39\" src=\"https:\/\/gicd.inf.um.es\/csidpub\/gpub01\/wp-content\/uploads\/2026\/04\/Bullas.jpg\" alt=\"Bullas\" class=\"wp-image-39\" srcset=\"https:\/\/gicd.inf.um.es\/csidpub\/gpub01\/wp-content\/uploads\/2026\/04\/Bullas.jpg 950w, https:\/\/gicd.inf.um.es\/csidpub\/gpub01\/wp-content\/uploads\/2026\/04\/Bullas-300x200.jpg 300w, https:\/\/gicd.inf.um.es\/csidpub\/gpub01\/wp-content\/uploads\/2026\/04\/Bullas-768x512.jpg 768w\" sizes=\"auto, (max-width: 950px) 100vw, 950px\" \/><\/figure>\n\n\n\n<figure class=\"wp-block-image size-large\"><img loading=\"lazy\" decoding=\"async\" width=\"259\" height=\"194\" data-id=\"40\" src=\"https:\/\/gicd.inf.um.es\/csidpub\/gpub01\/wp-content\/uploads\/2026\/04\/images-8.jpg\" alt=\"images (8)\" class=\"wp-image-40\"\/><\/figure>\n\n\n\n<figure class=\"wp-block-image size-full\"><img loading=\"lazy\" decoding=\"async\" width=\"570\" height=\"459\" data-id=\"43\" src=\"https:\/\/gicd.inf.um.es\/csidpub\/gpub01\/wp-content\/uploads\/2026\/04\/iglesia-nuestra-senora-rosario.jpg\" alt=\"\" class=\"wp-image-43\" srcset=\"https:\/\/gicd.inf.um.es\/csidpub\/gpub01\/wp-content\/uploads\/2026\/04\/iglesia-nuestra-senora-rosario.jpg 570w, https:\/\/gicd.inf.um.es\/csidpub\/gpub01\/wp-content\/uploads\/2026\/04\/iglesia-nuestra-senora-rosario-300x242.jpg 300w\" sizes=\"auto, (max-width: 570px) 100vw, 570px\" \/><\/figure>\n<\/figure>\n\n\n\n<p class=\"has-text-align-center has-white-color has-text-color has-background has-link-color has-small-font-size wp-elements-fa093db32c9715ced189ccdc8f50522d\" style=\"background-color:#6b0c0c\"><\/p>\n\n\n\n<h2 class=\"wp-block-heading has-text-color has-link-color has-medium-font-size wp-elements-35ecc965a738463119f08d948f74a84f\" style=\"color:#6b0c0c\"><strong>\u00bfQuieres saber&nbsp; m\u00e1s sobre estos Mitos y Leyendas?<\/strong><br><\/h2>\n\n\n\n<p>S\u00edguenos en nuestras redes sociales para no perderte nada<br><\/p>\n\n\n\n<ul class=\"wp-block-social-links is-layout-flex wp-block-social-links-is-layout-flex\"><li class=\"wp-social-link wp-social-link-spotify  wp-block-social-link\"><a href=\"https:\/\/open.spotify.com\/show\/2JC992uqBtuXHGayHwCdIj\" class=\"wp-block-social-link-anchor\" rel=\"noopener\"><svg width=\"24\" height=\"24\" viewBox=\"0 0 24 24\" version=\"1.1\" xmlns=\"http:\/\/www.w3.org\/2000\/svg\" aria-hidden=\"true\" focusable=\"false\"><path d=\"M12,2C6.477,2,2,6.477,2,12c0,5.523,4.477,10,10,10c5.523,0,10-4.477,10-10C22,6.477,17.523,2,12,2 M16.586,16.424 c-0.18,0.295-0.563,0.387-0.857,0.207c-2.348-1.435-5.304-1.76-8.785-0.964c-0.335,0.077-0.67-0.133-0.746-0.469 c-0.077-0.335,0.132-0.67,0.469-0.746c3.809-0.871,7.077-0.496,9.713,1.115C16.673,15.746,16.766,16.13,16.586,16.424 M17.81,13.7 c-0.226,0.367-0.706,0.482-1.072,0.257c-2.687-1.652-6.785-2.131-9.965-1.166C6.36,12.917,5.925,12.684,5.8,12.273 C5.675,11.86,5.908,11.425,6.32,11.3c3.632-1.102,8.147-0.568,11.234,1.328C17.92,12.854,18.035,13.335,17.81,13.7 M17.915,10.865 c-3.223-1.914-8.54-2.09-11.618-1.156C5.804,9.859,5.281,9.58,5.131,9.086C4.982,8.591,5.26,8.069,5.755,7.919 c3.532-1.072,9.404-0.865,13.115,1.338c0.445,0.264,0.59,0.838,0.327,1.282C18.933,10.983,18.359,11.129,17.915,10.865\"><\/path><\/svg><span class=\"wp-block-social-link-label screen-reader-text\">Spotify<\/span><\/a><\/li>\n\n<li class=\"wp-social-link wp-social-link-youtube  wp-block-social-link\"><a href=\"https:\/\/www.youtube.com\/@murmitos\" class=\"wp-block-social-link-anchor\" rel=\"noopener\"><svg width=\"24\" height=\"24\" viewBox=\"0 0 24 24\" version=\"1.1\" xmlns=\"http:\/\/www.w3.org\/2000\/svg\" aria-hidden=\"true\" focusable=\"false\"><path d=\"M21.8,8.001c0,0-0.195-1.378-0.795-1.985c-0.76-0.797-1.613-0.801-2.004-0.847c-2.799-0.202-6.997-0.202-6.997-0.202 h-0.009c0,0-4.198,0-6.997,0.202C4.608,5.216,3.756,5.22,2.995,6.016C2.395,6.623,2.2,8.001,2.2,8.001S2,9.62,2,11.238v1.517 c0,1.618,0.2,3.237,0.2,3.237s0.195,1.378,0.795,1.985c0.761,0.797,1.76,0.771,2.205,0.855c1.6,0.153,6.8,0.201,6.8,0.201 s4.203-0.006,7.001-0.209c0.391-0.047,1.243-0.051,2.004-0.847c0.6-0.607,0.795-1.985,0.795-1.985s0.2-1.618,0.2-3.237v-1.517 C22,9.62,21.8,8.001,21.8,8.001z M9.935,14.594l-0.001-5.62l5.404,2.82L9.935,14.594z\"><\/path><\/svg><span class=\"wp-block-social-link-label screen-reader-text\">YouTube<\/span><\/a><\/li>\n\n<li class=\"wp-social-link wp-social-link-tiktok  wp-block-social-link\"><a href=\"https:\/\/www.tiktok.com\/@murmitos?lang=es\" class=\"wp-block-social-link-anchor\" rel=\"noopener\"><svg width=\"24\" height=\"24\" viewBox=\"0 0 32 32\" version=\"1.1\" xmlns=\"http:\/\/www.w3.org\/2000\/svg\" aria-hidden=\"true\" focusable=\"false\"><path d=\"M16.708 0.027c1.745-0.027 3.48-0.011 5.213-0.027 0.105 2.041 0.839 4.12 2.333 5.563 1.491 1.479 3.6 2.156 5.652 2.385v5.369c-1.923-0.063-3.855-0.463-5.6-1.291-0.76-0.344-1.468-0.787-2.161-1.24-0.009 3.896 0.016 7.787-0.025 11.667-0.104 1.864-0.719 3.719-1.803 5.255-1.744 2.557-4.771 4.224-7.88 4.276-1.907 0.109-3.812-0.411-5.437-1.369-2.693-1.588-4.588-4.495-4.864-7.615-0.032-0.667-0.043-1.333-0.016-1.984 0.24-2.537 1.495-4.964 3.443-6.615 2.208-1.923 5.301-2.839 8.197-2.297 0.027 1.975-0.052 3.948-0.052 5.923-1.323-0.428-2.869-0.308-4.025 0.495-0.844 0.547-1.485 1.385-1.819 2.333-0.276 0.676-0.197 1.427-0.181 2.145 0.317 2.188 2.421 4.027 4.667 3.828 1.489-0.016 2.916-0.88 3.692-2.145 0.251-0.443 0.532-0.896 0.547-1.417 0.131-2.385 0.079-4.76 0.095-7.145 0.011-5.375-0.016-10.735 0.025-16.093z\" \/><\/svg><span class=\"wp-block-social-link-label screen-reader-text\">TikTok<\/span><\/a><\/li>\n\n<li class=\"wp-social-link wp-social-link-instagram  wp-block-social-link\"><a href=\"https:\/\/www.instagram.com\/murmitos\/\" class=\"wp-block-social-link-anchor\" rel=\"noopener\"><svg width=\"24\" height=\"24\" viewBox=\"0 0 24 24\" version=\"1.1\" xmlns=\"http:\/\/www.w3.org\/2000\/svg\" aria-hidden=\"true\" focusable=\"false\"><path d=\"M12,4.622c2.403,0,2.688,0.009,3.637,0.052c0.877,0.04,1.354,0.187,1.671,0.31c0.42,0.163,0.72,0.358,1.035,0.673 c0.315,0.315,0.51,0.615,0.673,1.035c0.123,0.317,0.27,0.794,0.31,1.671c0.043,0.949,0.052,1.234,0.052,3.637 s-0.009,2.688-0.052,3.637c-0.04,0.877-0.187,1.354-0.31,1.671c-0.163,0.42-0.358,0.72-0.673,1.035 c-0.315,0.315-0.615,0.51-1.035,0.673c-0.317,0.123-0.794,0.27-1.671,0.31c-0.949,0.043-1.233,0.052-3.637,0.052 s-2.688-0.009-3.637-0.052c-0.877-0.04-1.354-0.187-1.671-0.31c-0.42-0.163-0.72-0.358-1.035-0.673 c-0.315-0.315-0.51-0.615-0.673-1.035c-0.123-0.317-0.27-0.794-0.31-1.671C4.631,14.688,4.622,14.403,4.622,12 s0.009-2.688,0.052-3.637c0.04-0.877,0.187-1.354,0.31-1.671c0.163-0.42,0.358-0.72,0.673-1.035 c0.315-0.315,0.615-0.51,1.035-0.673c0.317-0.123,0.794-0.27,1.671-0.31C9.312,4.631,9.597,4.622,12,4.622 M12,3 C9.556,3,9.249,3.01,8.289,3.054C7.331,3.098,6.677,3.25,6.105,3.472C5.513,3.702,5.011,4.01,4.511,4.511 c-0.5,0.5-0.808,1.002-1.038,1.594C3.25,6.677,3.098,7.331,3.054,8.289C3.01,9.249,3,9.556,3,12c0,2.444,0.01,2.751,0.054,3.711 c0.044,0.958,0.196,1.612,0.418,2.185c0.23,0.592,0.538,1.094,1.038,1.594c0.5,0.5,1.002,0.808,1.594,1.038 c0.572,0.222,1.227,0.375,2.185,0.418C9.249,20.99,9.556,21,12,21s2.751-0.01,3.711-0.054c0.958-0.044,1.612-0.196,2.185-0.418 c0.592-0.23,1.094-0.538,1.594-1.038c0.5-0.5,0.808-1.002,1.038-1.594c0.222-0.572,0.375-1.227,0.418-2.185 C20.99,14.751,21,14.444,21,12s-0.01-2.751-0.054-3.711c-0.044-0.958-0.196-1.612-0.418-2.185c-0.23-0.592-0.538-1.094-1.038-1.594 c-0.5-0.5-1.002-0.808-1.594-1.038c-0.572-0.222-1.227-0.375-2.185-0.418C14.751,3.01,14.444,3,12,3L12,3z M12,7.378 c-2.552,0-4.622,2.069-4.622,4.622S9.448,16.622,12,16.622s4.622-2.069,4.622-4.622S14.552,7.378,12,7.378z M12,15 c-1.657,0-3-1.343-3-3s1.343-3,3-3s3,1.343,3,3S13.657,15,12,15z M16.804,6.116c-0.596,0-1.08,0.484-1.08,1.08 s0.484,1.08,1.08,1.08c0.596,0,1.08-0.484,1.08-1.08S17.401,6.116,16.804,6.116z\"><\/path><\/svg><span class=\"wp-block-social-link-label screen-reader-text\">Instagram<\/span><\/a><\/li><\/ul>\n\n\n\n<h2 class=\"wp-block-heading\"><a href=\"https:\/\/gicd.inf.um.es\/csidpub\/gpub01\/?page_id=15\" data-type=\"page\" data-id=\"15\">Mitos y leyendas de Murcia centro<\/a><\/h2>\n","protected":false},"excerpt":{"rendered":"<p>La leyenda de la mora La historia La leyenda de la Mora del Salto del Usero es una de las historias m\u00e1s conocidas del noroeste murciano y mezcla amor, tragedia y misterio. Cuenta que, hace siglos, en tiempos de convivencia entre culturas, una joven musulmana \u2014\u201cla mora\u201d\u2014 viv\u00eda cerca de este paraje natural escondido entre [&hellip;]<\/p>\n","protected":false},"author":3,"featured_media":33,"parent":0,"menu_order":0,"comment_status":"closed","ping_status":"closed","template":"","meta":{"footnotes":""},"class_list":["post-32","page","type-page","status-publish","has-post-thumbnail","hentry"],"_links":{"self":[{"href":"https:\/\/gicd.inf.um.es\/csidpub\/gpub01\/index.php?rest_route=\/wp\/v2\/pages\/32","targetHints":{"allow":["GET"]}}],"collection":[{"href":"https:\/\/gicd.inf.um.es\/csidpub\/gpub01\/index.php?rest_route=\/wp\/v2\/pages"}],"about":[{"href":"https:\/\/gicd.inf.um.es\/csidpub\/gpub01\/index.php?rest_route=\/wp\/v2\/types\/page"}],"author":[{"embeddable":true,"href":"https:\/\/gicd.inf.um.es\/csidpub\/gpub01\/index.php?rest_route=\/wp\/v2\/users\/3"}],"replies":[{"embeddable":true,"href":"https:\/\/gicd.inf.um.es\/csidpub\/gpub01\/index.php?rest_route=%2Fwp%2Fv2%2Fcomments&post=32"}],"version-history":[{"count":3,"href":"https:\/\/gicd.inf.um.es\/csidpub\/gpub01\/index.php?rest_route=\/wp\/v2\/pages\/32\/revisions"}],"predecessor-version":[{"id":401,"href":"https:\/\/gicd.inf.um.es\/csidpub\/gpub01\/index.php?rest_route=\/wp\/v2\/pages\/32\/revisions\/401"}],"wp:featuredmedia":[{"embeddable":true,"href":"https:\/\/gicd.inf.um.es\/csidpub\/gpub01\/index.php?rest_route=\/wp\/v2\/media\/33"}],"wp:attachment":[{"href":"https:\/\/gicd.inf.um.es\/csidpub\/gpub01\/index.php?rest_route=%2Fwp%2Fv2%2Fmedia&parent=32"}],"curies":[{"name":"wp","href":"https:\/\/api.w.org\/{rel}","templated":true}]}}