{"id":48,"date":"2026-04-24T16:30:27","date_gmt":"2026-04-24T14:30:27","guid":{"rendered":"https:\/\/gicd.inf.um.es\/csidpub\/gpub01\/?page_id=48"},"modified":"2026-05-01T17:55:19","modified_gmt":"2026-05-01T15:55:19","slug":"mitos-y-leyendas-de-cartagena","status":"publish","type":"page","link":"https:\/\/gicd.inf.um.es\/csidpub\/gpub01\/?page_id=48","title":{"rendered":"Mitos y Leyendas de Cartagena"},"content":{"rendered":"\n<p class=\"has-text-align-center has-white-color has-text-color has-background has-link-color has-medium-font-size wp-elements-60cd739bbd4feb719e680f6e64c257d8\" style=\"background-color:#6b0c0c\"><strong>La Leyenda de la Marinera<\/strong><\/p>\n\n\n\n<h2 class=\"wp-block-heading\">La historia<\/h2>\n\n\n\n<p>Cuentan en Cartagena que la famosa \u201ctapa marinera\u201d \u2014esa rosquilla con ensaladilla rusa y una anchoa encima\u2014 no es solo comida, sino casi un s\u00edmbolo del puerto. La historia popular dice que naci\u00f3 entre marineros y tabernas del centro, como una forma r\u00e1pida y barata de comer algo \u201cque llenara\u201d antes o despu\u00e9s de salir a faenar o trabajar en el puerto.<\/p>\n\n\n\n<p>Con el tiempo, la tapa se hizo tan famosa que empez\u00f3 a decirse en tono medio de broma que \u201cno eres de Cartagena si no has pedido una marinera a las dos de la ma\u00f1ana\u201d. Y as\u00ed, lo que empez\u00f3 como comida de bar acab\u00f3 convirti\u00e9ndose en identidad, casi como si tuviera vida propia entre terrazas, ca\u00f1as y conversaciones infinitas.<\/p>\n\n\n\n<p>Hoy, m\u00e1s que una leyenda en sentido cl\u00e1sico, la marinera es un murmito gastron\u00f3mico: una historia que no da miedo, pero que conecta a todo el mundo en el mismo punto exacto de la ciudad\u2026 una barra, una cerveza fr\u00eda y una tapa que siempre sabe mejor de lo que deber\u00eda.<\/p>\n\n\n\n<h2 class=\"wp-block-heading\">La Marinera<\/h2>\n\n\n\n<figure class=\"wp-block-gallery has-nested-images columns-default is-cropped wp-block-gallery-1 is-layout-flex wp-block-gallery-is-layout-flex\">\n<figure data-wp-context=\"{&quot;imageId&quot;:&quot;6a04e1bba2a2e&quot;}\" data-wp-interactive=\"core\/image\" class=\"wp-block-image alignfull size-large wp-lightbox-container\"><img loading=\"lazy\" decoding=\"async\" width=\"512\" height=\"210\" data-wp-class--hide=\"state.isContentHidden\" data-wp-class--show=\"state.isContentVisible\" data-wp-init=\"callbacks.setButtonStyles\" data-wp-on-async--click=\"actions.showLightbox\" data-wp-on-async--load=\"callbacks.setButtonStyles\" data-wp-on-async-window--resize=\"callbacks.setButtonStyles\" data-id=\"50\" src=\"https:\/\/gicd.inf.um.es\/csidpub\/gpub01\/wp-content\/uploads\/2026\/04\/2025-09-06.jpg\" alt=\"2025-09-06\" class=\"wp-image-50\" srcset=\"https:\/\/gicd.inf.um.es\/csidpub\/gpub01\/wp-content\/uploads\/2026\/04\/2025-09-06.jpg 512w, https:\/\/gicd.inf.um.es\/csidpub\/gpub01\/wp-content\/uploads\/2026\/04\/2025-09-06-300x123.jpg 300w\" sizes=\"auto, (max-width: 512px) 100vw, 512px\" \/><button\n\t\t\tclass=\"lightbox-trigger\"\n\t\t\ttype=\"button\"\n\t\t\taria-haspopup=\"dialog\"\n\t\t\taria-label=\"Agrandar\"\n\t\t\tdata-wp-init=\"callbacks.initTriggerButton\"\n\t\t\tdata-wp-on-async--click=\"actions.showLightbox\"\n\t\t\tdata-wp-style--right=\"state.imageButtonRight\"\n\t\t\tdata-wp-style--top=\"state.imageButtonTop\"\n\t\t>\n\t\t\t<svg xmlns=\"http:\/\/www.w3.org\/2000\/svg\" width=\"12\" height=\"12\" fill=\"none\" viewBox=\"0 0 12 12\">\n\t\t\t\t<path fill=\"#fff\" d=\"M2 0a2 2 0 0 0-2 2v2h1.5V2a.5.5 0 0 1 .5-.5h2V0H2Zm2 10.5H2a.5.5 0 0 1-.5-.5V8H0v2a2 2 0 0 0 2 2h2v-1.5ZM8 12v-1.5h2a.5.5 0 0 0 .5-.5V8H12v2a2 2 0 0 1-2 2H8Zm2-12a2 2 0 0 1 2 2v2h-1.5V2a.5.5 0 0 0-.5-.5H8V0h2Z\" \/>\n\t\t\t<\/svg>\n\t\t<\/button><\/figure>\n\n\n\n<figure class=\"wp-block-image size-large\"><img loading=\"lazy\" decoding=\"async\" width=\"900\" height=\"500\" data-id=\"51\" src=\"https:\/\/gicd.inf.um.es\/csidpub\/gpub01\/wp-content\/uploads\/2026\/04\/photo-prise-sur-le-quai.jpg\" alt=\"photo-prise-sur-le-quai\" class=\"wp-image-51\" srcset=\"https:\/\/gicd.inf.um.es\/csidpub\/gpub01\/wp-content\/uploads\/2026\/04\/photo-prise-sur-le-quai.jpg 900w, https:\/\/gicd.inf.um.es\/csidpub\/gpub01\/wp-content\/uploads\/2026\/04\/photo-prise-sur-le-quai-300x167.jpg 300w, https:\/\/gicd.inf.um.es\/csidpub\/gpub01\/wp-content\/uploads\/2026\/04\/photo-prise-sur-le-quai-768x427.jpg 768w\" sizes=\"auto, (max-width: 900px) 100vw, 900px\" \/><\/figure>\n\n\n\n<figure class=\"wp-block-image size-large\"><img loading=\"lazy\" decoding=\"async\" width=\"259\" height=\"194\" data-id=\"52\" src=\"https:\/\/gicd.inf.um.es\/csidpub\/gpub01\/wp-content\/uploads\/2026\/04\/images-12.jpg\" alt=\"images (12)\" class=\"wp-image-52\"\/><\/figure>\n\n\n\n<figure class=\"wp-block-image size-large\"><img loading=\"lazy\" decoding=\"async\" width=\"768\" height=\"1024\" data-id=\"53\" src=\"https:\/\/gicd.inf.um.es\/csidpub\/gpub01\/wp-content\/uploads\/2026\/04\/WhatsApp-Image-2026-04-24-at-12.55.29-4-768x1024.jpeg\" alt=\"WhatsApp Image 2026-04-24 at 12.55.29 (4)\" class=\"wp-image-53\" srcset=\"https:\/\/gicd.inf.um.es\/csidpub\/gpub01\/wp-content\/uploads\/2026\/04\/WhatsApp-Image-2026-04-24-at-12.55.29-4-768x1024.jpeg 768w, https:\/\/gicd.inf.um.es\/csidpub\/gpub01\/wp-content\/uploads\/2026\/04\/WhatsApp-Image-2026-04-24-at-12.55.29-4-225x300.jpeg 225w, https:\/\/gicd.inf.um.es\/csidpub\/gpub01\/wp-content\/uploads\/2026\/04\/WhatsApp-Image-2026-04-24-at-12.55.29-4-1152x1536.jpeg 1152w, https:\/\/gicd.inf.um.es\/csidpub\/gpub01\/wp-content\/uploads\/2026\/04\/WhatsApp-Image-2026-04-24-at-12.55.29-4-1024x1365.jpeg 1024w, https:\/\/gicd.inf.um.es\/csidpub\/gpub01\/wp-content\/uploads\/2026\/04\/WhatsApp-Image-2026-04-24-at-12.55.29-4.jpeg 1200w\" sizes=\"auto, (max-width: 768px) 100vw, 768px\" \/><\/figure>\n<\/figure>\n\n\n\n<p class=\"has-text-align-center has-white-color has-text-color has-background has-link-color has-medium-font-size wp-elements-08224726d149bcf6ce81ac4df75b27ec\" style=\"background-color:#6b0c0c\"><strong>La Leyenda de la Nao Fantasma<\/strong><\/p>\n\n\n\n<h2 class=\"wp-block-heading\">La historia<\/h2>\n\n\n\n<p>La leyenda de la \u201cnao fantasma\u201d de Cartagena forma parte de los relatos marineros que han circulado durante siglos en el puerto. Se dice que, en ciertas noches de niebla espesa, algunos pescadores y trabajadores del mar han visto aparecer un antiguo barco de vela entrando silenciosamente en la bah\u00eda, sin luces, sin sonido de tripulaci\u00f3n y sin se\u00f1ales de vida a bordo.<\/p>\n\n\n\n<p>Seg\u00fan el murmito, no se trata de un barco cualquiera, sino de una embarcaci\u00f3n perdida hace siglos en el Mediterr\u00e1neo que nunca lleg\u00f3 a puerto. Algunos dicen que es una nave que sigue \u201crepitiendo\u201d su llegada una y otra vez, como si estuviera atrapada en el tiempo, apareciendo solo cuando el mar est\u00e1 completamente en calma o cuando la niebla borra la l\u00ednea entre el agua y el cielo.<\/p>\n\n\n\n<p>Lo m\u00e1s inquietante es que hay testigos que aseguran haberlo visto desvanecerse lentamente antes de tocar tierra, como si el barco no pudiera pertenecer del todo al mundo real. En Cartagena, la historia sigue viva entre marineros: nadie sabe si es un reflejo, una ilusi\u00f3n\u2026 o un recordatorio de que el mar nunca devuelve todo lo que se lleva.<\/p>\n\n\n\n<h2 class=\"wp-block-heading\">Nao Fantasma<\/h2>\n\n\n\n<figure class=\"wp-block-gallery has-nested-images columns-default is-cropped wp-block-gallery-2 is-layout-flex wp-block-gallery-is-layout-flex\">\n<figure data-wp-context=\"{&quot;imageId&quot;:&quot;6a04e1bba438b&quot;}\" data-wp-interactive=\"core\/image\" class=\"wp-block-image alignwide size-large wp-lightbox-container\"><img loading=\"lazy\" decoding=\"async\" width=\"259\" height=\"194\" data-wp-class--hide=\"state.isContentHidden\" data-wp-class--show=\"state.isContentVisible\" data-wp-init=\"callbacks.setButtonStyles\" data-wp-on-async--click=\"actions.showLightbox\" data-wp-on-async--load=\"callbacks.setButtonStyles\" data-wp-on-async-window--resize=\"callbacks.setButtonStyles\" data-id=\"54\" src=\"https:\/\/gicd.inf.um.es\/csidpub\/gpub01\/wp-content\/uploads\/2026\/04\/images-13.jpg\" alt=\"images (13)\" class=\"wp-image-54\"\/><button\n\t\t\tclass=\"lightbox-trigger\"\n\t\t\ttype=\"button\"\n\t\t\taria-haspopup=\"dialog\"\n\t\t\taria-label=\"Agrandar\"\n\t\t\tdata-wp-init=\"callbacks.initTriggerButton\"\n\t\t\tdata-wp-on-async--click=\"actions.showLightbox\"\n\t\t\tdata-wp-style--right=\"state.imageButtonRight\"\n\t\t\tdata-wp-style--top=\"state.imageButtonTop\"\n\t\t>\n\t\t\t<svg xmlns=\"http:\/\/www.w3.org\/2000\/svg\" width=\"12\" height=\"12\" fill=\"none\" viewBox=\"0 0 12 12\">\n\t\t\t\t<path fill=\"#fff\" d=\"M2 0a2 2 0 0 0-2 2v2h1.5V2a.5.5 0 0 1 .5-.5h2V0H2Zm2 10.5H2a.5.5 0 0 1-.5-.5V8H0v2a2 2 0 0 0 2 2h2v-1.5ZM8 12v-1.5h2a.5.5 0 0 0 .5-.5V8H12v2a2 2 0 0 1-2 2H8Zm2-12a2 2 0 0 1 2 2v2h-1.5V2a.5.5 0 0 0-.5-.5H8V0h2Z\" \/>\n\t\t\t<\/svg>\n\t\t<\/button><\/figure>\n\n\n\n<figure class=\"wp-block-image size-large\"><img loading=\"lazy\" decoding=\"async\" width=\"1024\" height=\"683\" data-id=\"55\" src=\"https:\/\/gicd.inf.um.es\/csidpub\/gpub01\/wp-content\/uploads\/2026\/04\/299039-1024x683.png\" alt=\"299039\" class=\"wp-image-55\" srcset=\"https:\/\/gicd.inf.um.es\/csidpub\/gpub01\/wp-content\/uploads\/2026\/04\/299039-1024x683.png 1024w, https:\/\/gicd.inf.um.es\/csidpub\/gpub01\/wp-content\/uploads\/2026\/04\/299039-300x200.png 300w, https:\/\/gicd.inf.um.es\/csidpub\/gpub01\/wp-content\/uploads\/2026\/04\/299039-768x512.png 768w, https:\/\/gicd.inf.um.es\/csidpub\/gpub01\/wp-content\/uploads\/2026\/04\/299039.png 1200w\" sizes=\"auto, (max-width: 1024px) 100vw, 1024px\" \/><\/figure>\n\n\n\n<figure class=\"wp-block-image size-large\"><img loading=\"lazy\" decoding=\"async\" width=\"640\" height=\"426\" data-id=\"56\" src=\"https:\/\/gicd.inf.um.es\/csidpub\/gpub01\/wp-content\/uploads\/2026\/04\/16933266527290.jpg\" alt=\"16933266527290\" class=\"wp-image-56\" srcset=\"https:\/\/gicd.inf.um.es\/csidpub\/gpub01\/wp-content\/uploads\/2026\/04\/16933266527290.jpg 640w, https:\/\/gicd.inf.um.es\/csidpub\/gpub01\/wp-content\/uploads\/2026\/04\/16933266527290-300x200.jpg 300w\" sizes=\"auto, (max-width: 640px) 100vw, 640px\" \/><\/figure>\n\n\n\n<figure class=\"wp-block-image size-large\"><img loading=\"lazy\" decoding=\"async\" width=\"750\" height=\"453\" data-id=\"57\" src=\"https:\/\/gicd.inf.um.es\/csidpub\/gpub01\/wp-content\/uploads\/2026\/04\/Figura01.jpg\" alt=\"Figura01\" class=\"wp-image-57\" srcset=\"https:\/\/gicd.inf.um.es\/csidpub\/gpub01\/wp-content\/uploads\/2026\/04\/Figura01.jpg 750w, https:\/\/gicd.inf.um.es\/csidpub\/gpub01\/wp-content\/uploads\/2026\/04\/Figura01-300x181.jpg 300w\" sizes=\"auto, (max-width: 750px) 100vw, 750px\" \/><\/figure>\n<\/figure>\n\n\n\n<p class=\"has-text-align-center has-white-color has-text-color has-background has-link-color has-medium-font-size wp-elements-5f4f90ba8a4f95039a5c0b0e400aca7d\" style=\"background-color:#6b0c0c\"><strong>La Leyenda de la Dama de Blanco<\/strong><\/p>\n\n\n\n<p>Antiguamente, tras la reconquista de Cartagena por las tropas castellanas, la ciudad qued\u00f3 gobernada desde el Castillo de la Concepci\u00f3n por un noble, orgulloso y ambicioso que deseaba poseer todo lo que su rango le promet\u00eda. Se cuenta que este noble se enamor\u00f3 de una joven noble cartagenera llamada Do\u00f1a Sol, famosa por su belleza y virtudes, pero cuyo coraz\u00f3n ya estaba entregado a otro hombre, cuya posici\u00f3n social no era la de la nobleza y por ello su uni\u00f3n resultaba \u201cimposible\u201d a ojos de esa sociedad.&nbsp;<\/p>\n\n\n\n<p>El noble insist\u00eda, cortejaba, pero la chica rechazaba sus proposiciones una y otra vez, pues su amor verdadero era el joven humilde al que amaba sinceramente. Cuando el noble vio que no ten\u00eda otra opci\u00f3n, urdi\u00f3 una trampa: hizo que el amado de Do\u00f1a Sol fuera asesinado.&nbsp;<\/p>\n\n\n\n<p>A pesar de la muerte de su amado, Do\u00f1a Sol reh\u00fasa casarse con el noble. Entonces, \u00e9l la encierra en una estancia del Castillo de la Concepci\u00f3n, e incluso \u2014seg\u00fan algunas versiones\u2014 la empareda, dej\u00e1ndola entre los muros, sin posibilidad de salir. Ella, angustiada, maldice al noble, anunciando que su orgullo traer\u00eda su propia ruina.&nbsp;<\/p>\n\n\n\n<p>Pocos d\u00edas despu\u00e9s, la maldici\u00f3n parece cumplirse: el noble enferma de forma r\u00e1pida y mortal, atormentado por remordimientos, presencias inexplicables, o simplemente por el peso de su culpa, y acaba muriendo. Desde entonces se dice que el esp\u00edritu de Do\u00f1a Sol \u2014la Dama Blanca\u2014 vaga por los muros y estancias del Castillo de la Concepci\u00f3n, especialmente al caer la noche. Quienes han pasado por all\u00ed aseguran o\u00edr lamentos, sentir pisadas o ver una figura blanca entre la penumbra.&nbsp;<\/p>\n\n\n\n<p>El Castillo, con sus piedras antiguas y sus pasadizos, se ha convertido con el tiempo en epicentro de testimonios extra\u00f1os: puertas que chirr\u00edan sin viento, luces que se apagan solas, una silueta femenina vestida de blanco que aparece en rincones y luego desaparece. Para muchos es un recuerdo del amor no correspondido, de la injusticia social de aquella \u00e9poca, y una advertencia acerca de la soberbia y la pasi\u00f3n mal dirigida.<\/p>\n\n\n\n<h2 class=\"wp-block-heading\">Dama de Blanco<\/h2>\n\n\n\n<figure class=\"wp-block-gallery has-nested-images columns-default is-cropped wp-block-gallery-3 is-layout-flex wp-block-gallery-is-layout-flex\">\n<figure data-wp-context=\"{&quot;imageId&quot;:&quot;6a04e1bba538d&quot;}\" data-wp-interactive=\"core\/image\" class=\"wp-block-image alignfull size-large wp-lightbox-container\"><img loading=\"lazy\" decoding=\"async\" width=\"1024\" height=\"681\" data-wp-class--hide=\"state.isContentHidden\" data-wp-class--show=\"state.isContentVisible\" data-wp-init=\"callbacks.setButtonStyles\" data-wp-on-async--click=\"actions.showLightbox\" data-wp-on-async--load=\"callbacks.setButtonStyles\" data-wp-on-async-window--resize=\"callbacks.setButtonStyles\" data-id=\"58\" src=\"https:\/\/gicd.inf.um.es\/csidpub\/gpub01\/wp-content\/uploads\/2026\/04\/67260-1024x681.jpg\" alt=\"67260\" class=\"wp-image-58\" srcset=\"https:\/\/gicd.inf.um.es\/csidpub\/gpub01\/wp-content\/uploads\/2026\/04\/67260-1024x681.jpg 1024w, https:\/\/gicd.inf.um.es\/csidpub\/gpub01\/wp-content\/uploads\/2026\/04\/67260-300x200.jpg 300w, https:\/\/gicd.inf.um.es\/csidpub\/gpub01\/wp-content\/uploads\/2026\/04\/67260-768x511.jpg 768w, https:\/\/gicd.inf.um.es\/csidpub\/gpub01\/wp-content\/uploads\/2026\/04\/67260-1536x1022.jpg 1536w, https:\/\/gicd.inf.um.es\/csidpub\/gpub01\/wp-content\/uploads\/2026\/04\/67260-2048x1363.jpg 2048w\" sizes=\"auto, (max-width: 1024px) 100vw, 1024px\" \/><button\n\t\t\tclass=\"lightbox-trigger\"\n\t\t\ttype=\"button\"\n\t\t\taria-haspopup=\"dialog\"\n\t\t\taria-label=\"Agrandar\"\n\t\t\tdata-wp-init=\"callbacks.initTriggerButton\"\n\t\t\tdata-wp-on-async--click=\"actions.showLightbox\"\n\t\t\tdata-wp-style--right=\"state.imageButtonRight\"\n\t\t\tdata-wp-style--top=\"state.imageButtonTop\"\n\t\t>\n\t\t\t<svg xmlns=\"http:\/\/www.w3.org\/2000\/svg\" width=\"12\" height=\"12\" fill=\"none\" viewBox=\"0 0 12 12\">\n\t\t\t\t<path fill=\"#fff\" d=\"M2 0a2 2 0 0 0-2 2v2h1.5V2a.5.5 0 0 1 .5-.5h2V0H2Zm2 10.5H2a.5.5 0 0 1-.5-.5V8H0v2a2 2 0 0 0 2 2h2v-1.5ZM8 12v-1.5h2a.5.5 0 0 0 .5-.5V8H12v2a2 2 0 0 1-2 2H8Zm2-12a2 2 0 0 1 2 2v2h-1.5V2a.5.5 0 0 0-.5-.5H8V0h2Z\" \/>\n\t\t\t<\/svg>\n\t\t<\/button><\/figure>\n\n\n\n<figure class=\"wp-block-image size-large\"><img loading=\"lazy\" decoding=\"async\" width=\"1024\" height=\"576\" data-id=\"59\" src=\"https:\/\/gicd.inf.um.es\/csidpub\/gpub01\/wp-content\/uploads\/2026\/04\/98-1024x576.webp\" alt=\"98\" class=\"wp-image-59\" srcset=\"https:\/\/gicd.inf.um.es\/csidpub\/gpub01\/wp-content\/uploads\/2026\/04\/98-1024x576.webp 1024w, https:\/\/gicd.inf.um.es\/csidpub\/gpub01\/wp-content\/uploads\/2026\/04\/98-300x169.webp 300w, https:\/\/gicd.inf.um.es\/csidpub\/gpub01\/wp-content\/uploads\/2026\/04\/98-768x432.webp 768w, https:\/\/gicd.inf.um.es\/csidpub\/gpub01\/wp-content\/uploads\/2026\/04\/98-1536x864.webp 1536w, https:\/\/gicd.inf.um.es\/csidpub\/gpub01\/wp-content\/uploads\/2026\/04\/98-1280x720.webp 1280w, https:\/\/gicd.inf.um.es\/csidpub\/gpub01\/wp-content\/uploads\/2026\/04\/98.webp 1900w\" sizes=\"auto, (max-width: 1024px) 100vw, 1024px\" \/><\/figure>\n\n\n\n<figure class=\"wp-block-image size-large\"><img loading=\"lazy\" decoding=\"async\" width=\"275\" height=\"183\" data-id=\"60\" src=\"https:\/\/gicd.inf.um.es\/csidpub\/gpub01\/wp-content\/uploads\/2026\/04\/images-14.jpg\" alt=\"images (14)\" class=\"wp-image-60\"\/><\/figure>\n\n\n\n<figure class=\"wp-block-image size-large\"><img loading=\"lazy\" decoding=\"async\" width=\"1024\" height=\"681\" data-id=\"61\" src=\"https:\/\/gicd.inf.um.es\/csidpub\/gpub01\/wp-content\/uploads\/2026\/04\/67256-1024x681.jpg\" alt=\"67256\" class=\"wp-image-61\" srcset=\"https:\/\/gicd.inf.um.es\/csidpub\/gpub01\/wp-content\/uploads\/2026\/04\/67256-1024x681.jpg 1024w, https:\/\/gicd.inf.um.es\/csidpub\/gpub01\/wp-content\/uploads\/2026\/04\/67256-300x200.jpg 300w, https:\/\/gicd.inf.um.es\/csidpub\/gpub01\/wp-content\/uploads\/2026\/04\/67256-768x511.jpg 768w, https:\/\/gicd.inf.um.es\/csidpub\/gpub01\/wp-content\/uploads\/2026\/04\/67256-1536x1022.jpg 1536w, https:\/\/gicd.inf.um.es\/csidpub\/gpub01\/wp-content\/uploads\/2026\/04\/67256-2048x1363.jpg 2048w\" sizes=\"auto, (max-width: 1024px) 100vw, 1024px\" \/><\/figure>\n<\/figure>\n\n\n\n<p class=\"has-text-align-center has-white-color has-text-color has-background has-link-color has-small-font-size wp-elements-fa093db32c9715ced189ccdc8f50522d\" style=\"background-color:#6b0c0c\"><\/p>\n\n\n\n<h2 class=\"wp-block-heading has-text-color has-link-color has-medium-font-size wp-elements-5f2bac6e46e15a4a82ded019de8a9455\" style=\"color:#6b0c0c\">\u00bfQuieres saber&nbsp; m\u00e1s sobre estos Mitos y Leyendas?<\/h2>\n\n\n\n<p>S\u00edguenos en nuestras redes sociales para no perderte nada.<\/p>\n\n\n\n<ul class=\"wp-block-social-links is-layout-flex wp-block-social-links-is-layout-flex\"><li class=\"wp-social-link wp-social-link-spotify  wp-block-social-link\"><a href=\"https:\/\/%20https:\/\/open.spotify.com\/show\/2JC992uqBtuXHGayHwCdIj%20\" class=\"wp-block-social-link-anchor\"><svg width=\"24\" height=\"24\" viewBox=\"0 0 24 24\" version=\"1.1\" xmlns=\"http:\/\/www.w3.org\/2000\/svg\" aria-hidden=\"true\" focusable=\"false\"><path d=\"M12,2C6.477,2,2,6.477,2,12c0,5.523,4.477,10,10,10c5.523,0,10-4.477,10-10C22,6.477,17.523,2,12,2 M16.586,16.424 c-0.18,0.295-0.563,0.387-0.857,0.207c-2.348-1.435-5.304-1.76-8.785-0.964c-0.335,0.077-0.67-0.133-0.746-0.469 c-0.077-0.335,0.132-0.67,0.469-0.746c3.809-0.871,7.077-0.496,9.713,1.115C16.673,15.746,16.766,16.13,16.586,16.424 M17.81,13.7 c-0.226,0.367-0.706,0.482-1.072,0.257c-2.687-1.652-6.785-2.131-9.965-1.166C6.36,12.917,5.925,12.684,5.8,12.273 C5.675,11.86,5.908,11.425,6.32,11.3c3.632-1.102,8.147-0.568,11.234,1.328C17.92,12.854,18.035,13.335,17.81,13.7 M17.915,10.865 c-3.223-1.914-8.54-2.09-11.618-1.156C5.804,9.859,5.281,9.58,5.131,9.086C4.982,8.591,5.26,8.069,5.755,7.919 c3.532-1.072,9.404-0.865,13.115,1.338c0.445,0.264,0.59,0.838,0.327,1.282C18.933,10.983,18.359,11.129,17.915,10.865\"><\/path><\/svg><span class=\"wp-block-social-link-label screen-reader-text\">Spotify<\/span><\/a><\/li>\n\n<li class=\"wp-social-link wp-social-link-youtube  wp-block-social-link\"><a href=\"https:\/\/www.youtube.com\/@murmitos%20\" class=\"wp-block-social-link-anchor\" rel=\"noopener\"><svg width=\"24\" height=\"24\" viewBox=\"0 0 24 24\" version=\"1.1\" xmlns=\"http:\/\/www.w3.org\/2000\/svg\" aria-hidden=\"true\" focusable=\"false\"><path d=\"M21.8,8.001c0,0-0.195-1.378-0.795-1.985c-0.76-0.797-1.613-0.801-2.004-0.847c-2.799-0.202-6.997-0.202-6.997-0.202 h-0.009c0,0-4.198,0-6.997,0.202C4.608,5.216,3.756,5.22,2.995,6.016C2.395,6.623,2.2,8.001,2.2,8.001S2,9.62,2,11.238v1.517 c0,1.618,0.2,3.237,0.2,3.237s0.195,1.378,0.795,1.985c0.761,0.797,1.76,0.771,2.205,0.855c1.6,0.153,6.8,0.201,6.8,0.201 s4.203-0.006,7.001-0.209c0.391-0.047,1.243-0.051,2.004-0.847c0.6-0.607,0.795-1.985,0.795-1.985s0.2-1.618,0.2-3.237v-1.517 C22,9.62,21.8,8.001,21.8,8.001z M9.935,14.594l-0.001-5.62l5.404,2.82L9.935,14.594z\"><\/path><\/svg><span class=\"wp-block-social-link-label screen-reader-text\">YouTube<\/span><\/a><\/li>\n\n<li class=\"wp-social-link wp-social-link-tiktok  wp-block-social-link\"><a href=\"https:\/\/www.tiktok.com\/@murmitos?lang=es\" class=\"wp-block-social-link-anchor\" rel=\"noopener\"><svg width=\"24\" height=\"24\" viewBox=\"0 0 32 32\" version=\"1.1\" xmlns=\"http:\/\/www.w3.org\/2000\/svg\" aria-hidden=\"true\" focusable=\"false\"><path d=\"M16.708 0.027c1.745-0.027 3.48-0.011 5.213-0.027 0.105 2.041 0.839 4.12 2.333 5.563 1.491 1.479 3.6 2.156 5.652 2.385v5.369c-1.923-0.063-3.855-0.463-5.6-1.291-0.76-0.344-1.468-0.787-2.161-1.24-0.009 3.896 0.016 7.787-0.025 11.667-0.104 1.864-0.719 3.719-1.803 5.255-1.744 2.557-4.771 4.224-7.88 4.276-1.907 0.109-3.812-0.411-5.437-1.369-2.693-1.588-4.588-4.495-4.864-7.615-0.032-0.667-0.043-1.333-0.016-1.984 0.24-2.537 1.495-4.964 3.443-6.615 2.208-1.923 5.301-2.839 8.197-2.297 0.027 1.975-0.052 3.948-0.052 5.923-1.323-0.428-2.869-0.308-4.025 0.495-0.844 0.547-1.485 1.385-1.819 2.333-0.276 0.676-0.197 1.427-0.181 2.145 0.317 2.188 2.421 4.027 4.667 3.828 1.489-0.016 2.916-0.88 3.692-2.145 0.251-0.443 0.532-0.896 0.547-1.417 0.131-2.385 0.079-4.76 0.095-7.145 0.011-5.375-0.016-10.735 0.025-16.093z\" \/><\/svg><span class=\"wp-block-social-link-label screen-reader-text\">TikTok<\/span><\/a><\/li>\n\n<li class=\"wp-social-link wp-social-link-instagram  wp-block-social-link\"><a href=\"https:\/\/www.instagram.com\/murmitos\/%20\" class=\"wp-block-social-link-anchor\" rel=\"noopener\"><svg width=\"24\" height=\"24\" viewBox=\"0 0 24 24\" version=\"1.1\" xmlns=\"http:\/\/www.w3.org\/2000\/svg\" aria-hidden=\"true\" focusable=\"false\"><path d=\"M12,4.622c2.403,0,2.688,0.009,3.637,0.052c0.877,0.04,1.354,0.187,1.671,0.31c0.42,0.163,0.72,0.358,1.035,0.673 c0.315,0.315,0.51,0.615,0.673,1.035c0.123,0.317,0.27,0.794,0.31,1.671c0.043,0.949,0.052,1.234,0.052,3.637 s-0.009,2.688-0.052,3.637c-0.04,0.877-0.187,1.354-0.31,1.671c-0.163,0.42-0.358,0.72-0.673,1.035 c-0.315,0.315-0.615,0.51-1.035,0.673c-0.317,0.123-0.794,0.27-1.671,0.31c-0.949,0.043-1.233,0.052-3.637,0.052 s-2.688-0.009-3.637-0.052c-0.877-0.04-1.354-0.187-1.671-0.31c-0.42-0.163-0.72-0.358-1.035-0.673 c-0.315-0.315-0.51-0.615-0.673-1.035c-0.123-0.317-0.27-0.794-0.31-1.671C4.631,14.688,4.622,14.403,4.622,12 s0.009-2.688,0.052-3.637c0.04-0.877,0.187-1.354,0.31-1.671c0.163-0.42,0.358-0.72,0.673-1.035 c0.315-0.315,0.615-0.51,1.035-0.673c0.317-0.123,0.794-0.27,1.671-0.31C9.312,4.631,9.597,4.622,12,4.622 M12,3 C9.556,3,9.249,3.01,8.289,3.054C7.331,3.098,6.677,3.25,6.105,3.472C5.513,3.702,5.011,4.01,4.511,4.511 c-0.5,0.5-0.808,1.002-1.038,1.594C3.25,6.677,3.098,7.331,3.054,8.289C3.01,9.249,3,9.556,3,12c0,2.444,0.01,2.751,0.054,3.711 c0.044,0.958,0.196,1.612,0.418,2.185c0.23,0.592,0.538,1.094,1.038,1.594c0.5,0.5,1.002,0.808,1.594,1.038 c0.572,0.222,1.227,0.375,2.185,0.418C9.249,20.99,9.556,21,12,21s2.751-0.01,3.711-0.054c0.958-0.044,1.612-0.196,2.185-0.418 c0.592-0.23,1.094-0.538,1.594-1.038c0.5-0.5,0.808-1.002,1.038-1.594c0.222-0.572,0.375-1.227,0.418-2.185 C20.99,14.751,21,14.444,21,12s-0.01-2.751-0.054-3.711c-0.044-0.958-0.196-1.612-0.418-2.185c-0.23-0.592-0.538-1.094-1.038-1.594 c-0.5-0.5-1.002-0.808-1.594-1.038c-0.572-0.222-1.227-0.375-2.185-0.418C14.751,3.01,14.444,3,12,3L12,3z M12,7.378 c-2.552,0-4.622,2.069-4.622,4.622S9.448,16.622,12,16.622s4.622-2.069,4.622-4.622S14.552,7.378,12,7.378z M12,15 c-1.657,0-3-1.343-3-3s1.343-3,3-3s3,1.343,3,3S13.657,15,12,15z M16.804,6.116c-0.596,0-1.08,0.484-1.08,1.08 s0.484,1.08,1.08,1.08c0.596,0,1.08-0.484,1.08-1.08S17.401,6.116,16.804,6.116z\"><\/path><\/svg><span class=\"wp-block-social-link-label screen-reader-text\">Instagram<\/span><\/a><\/li><\/ul>\n\n\n\n<h2 class=\"wp-block-heading\"><a href=\"https:\/\/gicd.inf.um.es\/csidpub\/gpub01\/?page_id=32\" data-type=\"page\" data-id=\"32\">Mitos y leyendas de Bullas<\/a><\/h2>\n","protected":false},"excerpt":{"rendered":"<p>La Leyenda de la Marinera La historia Cuentan en Cartagena que la famosa \u201ctapa marinera\u201d \u2014esa rosquilla con ensaladilla rusa y una anchoa encima\u2014 no es solo comida, sino casi un s\u00edmbolo del puerto. La historia popular dice que naci\u00f3 entre marineros y tabernas del centro, como una forma r\u00e1pida y barata de comer algo [&hellip;]<\/p>\n","protected":false},"author":3,"featured_media":49,"parent":0,"menu_order":0,"comment_status":"closed","ping_status":"closed","template":"","meta":{"footnotes":""},"class_list":["post-48","page","type-page","status-publish","has-post-thumbnail","hentry"],"_links":{"self":[{"href":"https:\/\/gicd.inf.um.es\/csidpub\/gpub01\/index.php?rest_route=\/wp\/v2\/pages\/48","targetHints":{"allow":["GET"]}}],"collection":[{"href":"https:\/\/gicd.inf.um.es\/csidpub\/gpub01\/index.php?rest_route=\/wp\/v2\/pages"}],"about":[{"href":"https:\/\/gicd.inf.um.es\/csidpub\/gpub01\/index.php?rest_route=\/wp\/v2\/types\/page"}],"author":[{"embeddable":true,"href":"https:\/\/gicd.inf.um.es\/csidpub\/gpub01\/index.php?rest_route=\/wp\/v2\/users\/3"}],"replies":[{"embeddable":true,"href":"https:\/\/gicd.inf.um.es\/csidpub\/gpub01\/index.php?rest_route=%2Fwp%2Fv2%2Fcomments&post=48"}],"version-history":[{"count":2,"href":"https:\/\/gicd.inf.um.es\/csidpub\/gpub01\/index.php?rest_route=\/wp\/v2\/pages\/48\/revisions"}],"predecessor-version":[{"id":398,"href":"https:\/\/gicd.inf.um.es\/csidpub\/gpub01\/index.php?rest_route=\/wp\/v2\/pages\/48\/revisions\/398"}],"wp:featuredmedia":[{"embeddable":true,"href":"https:\/\/gicd.inf.um.es\/csidpub\/gpub01\/index.php?rest_route=\/wp\/v2\/media\/49"}],"wp:attachment":[{"href":"https:\/\/gicd.inf.um.es\/csidpub\/gpub01\/index.php?rest_route=%2Fwp%2Fv2%2Fmedia&parent=48"}],"curies":[{"name":"wp","href":"https:\/\/api.w.org\/{rel}","templated":true}]}}