{"id":250,"date":"2026-05-01T01:50:32","date_gmt":"2026-04-30T23:50:32","guid":{"rendered":"https:\/\/gicd.inf.um.es\/csidpub\/gpub01\/?post_type=product&#038;p=250"},"modified":"2026-05-01T03:06:03","modified_gmt":"2026-05-01T01:06:03","slug":"camiseta-catedral","status":"publish","type":"product","link":"https:\/\/gicd.inf.um.es\/csidpub\/gpub01\/?product=camiseta-catedral","title":{"rendered":"Camiseta \u00bb Catedral\u00bb"},"content":{"rendered":"<p>Lleva contigo un pedacito de historia y el orgullo de nuestra tierra con la camiseta \u00abCatedral<b data-path-to-node=\"0\" data-index-in-node=\"85\">\u00ab<\/b>, una prenda en tono crema suave; burdeos; o negra que combina a la perfecci\u00f3n elegancia y tradici\u00f3n, 100% algod\u00f3n. Confeccionada con tejido premium de tacto muy agradable, destaca por su dise\u00f1o minimalista con un sutil detalle en el pecho y, como protagonista en la espalda, una espectacular ilustraci\u00f3n lineal de la imponente Catedral de Murcia que captura toda la esencia y el encanto de la ciudad. Es suave, transpirable y perfecta para el d\u00eda a d\u00eda. <b data-path-to-node=\"0\" data-index-in-node=\"528\">\u00a1Demuestra tus ra\u00edces con estilo y lleva siempre contigo el alma de Murcia!<\/b><\/p>\n","protected":false},"excerpt":{"rendered":"<p>Camiseta Catedral, 100 % algod\u00f3n<\/p>\n","protected":false},"featured_media":269,"comment_status":"open","ping_status":"closed","template":"","meta":[],"product_brand":[],"product_cat":[18],"product_tag":[23,25,24],"class_list":{"0":"post-250","1":"product","2":"type-product","3":"status-publish","4":"has-post-thumbnail","6":"product_cat-moda","7":"product_tag-camisetas","8":"product_tag-catedral","9":"product_tag-ropa","11":"first","12":"instock","13":"taxable","14":"shipping-taxable","15":"purchasable","16":"product-type-variable"},"_links":{"self":[{"href":"https:\/\/gicd.inf.um.es\/csidpub\/gpub01\/index.php?rest_route=\/wp\/v2\/product\/250","targetHints":{"allow":["GET"]}}],"collection":[{"href":"https:\/\/gicd.inf.um.es\/csidpub\/gpub01\/index.php?rest_route=\/wp\/v2\/product"}],"about":[{"href":"https:\/\/gicd.inf.um.es\/csidpub\/gpub01\/index.php?rest_route=\/wp\/v2\/types\/product"}],"replies":[{"embeddable":true,"href":"https:\/\/gicd.inf.um.es\/csidpub\/gpub01\/index.php?rest_route=%2Fwp%2Fv2%2Fcomments&post=250"}],"wp:featuredmedia":[{"embeddable":true,"href":"https:\/\/gicd.inf.um.es\/csidpub\/gpub01\/index.php?rest_route=\/wp\/v2\/media\/269"}],"wp:attachment":[{"href":"https:\/\/gicd.inf.um.es\/csidpub\/gpub01\/index.php?rest_route=%2Fwp%2Fv2%2Fmedia&parent=250"}],"wp:term":[{"taxonomy":"product_brand","embeddable":true,"href":"https:\/\/gicd.inf.um.es\/csidpub\/gpub01\/index.php?rest_route=%2Fwp%2Fv2%2Fproduct_brand&post=250"},{"taxonomy":"product_cat","embeddable":true,"href":"https:\/\/gicd.inf.um.es\/csidpub\/gpub01\/index.php?rest_route=%2Fwp%2Fv2%2Fproduct_cat&post=250"},{"taxonomy":"product_tag","embeddable":true,"href":"https:\/\/gicd.inf.um.es\/csidpub\/gpub01\/index.php?rest_route=%2Fwp%2Fv2%2Fproduct_tag&post=250"}],"curies":[{"name":"wp","href":"https:\/\/api.w.org\/{rel}","templated":true}]}}