{"id":272,"date":"2026-05-01T01:57:40","date_gmt":"2026-04-30T23:57:40","guid":{"rendered":"https:\/\/gicd.inf.um.es\/csidpub\/gpub01\/?post_type=product&#038;p=272"},"modified":"2026-05-01T03:05:24","modified_gmt":"2026-05-01T01:05:24","slug":"totebag-catedral","status":"publish","type":"product","link":"https:\/\/gicd.inf.um.es\/csidpub\/gpub01\/?product=totebag-catedral","title":{"rendered":"Totebag \u00bb Catedral\u00bb"},"content":{"rendered":"<p>Lleva contigo el encanto de Murcia a todas partes con esta tote bag exclusiva de la colecci\u00f3n <b data-path-to-node=\"0\" data-index-in-node=\"94\">MURMITOS<\/b>. Confeccionada en un elegante y profundo tono burdeos; beige, esta pr\u00e1ctica bolsa destaca por su sofisticada ilustraci\u00f3n de la imponente Catedral de Murcia en contraste blanco, acompa\u00f1ada de la firma de nuestra marca en la parte inferior. Fabricada con lona de algod\u00f3n de alta calidad y resistente al uso diario, cuenta con unas c\u00f3modas asas largas ideales para llevar al hombro, convirti\u00e9ndose en el accesorio perfecto y espacioso para tus compras, paseos o el d\u00eda a d\u00eda. <b data-path-to-node=\"0\" data-index-in-node=\"569\">\u00a1Presume de ra\u00edces y lleva tu orgullo murciano con el m\u00e1ximo estilo!<\/b><\/p>\n","protected":false},"excerpt":{"rendered":"<p>Totebag de tela.<\/p>\n","protected":false},"featured_media":273,"comment_status":"open","ping_status":"closed","template":"","meta":[],"product_brand":[],"product_cat":[21],"product_tag":[25,26],"class_list":{"0":"post-272","1":"product","2":"type-product","3":"status-publish","4":"has-post-thumbnail","6":"product_cat-totebag","7":"product_tag-catedral","8":"product_tag-totebag","10":"first","11":"instock","12":"taxable","13":"shipping-taxable","14":"purchasable","15":"product-type-variable"},"_links":{"self":[{"href":"https:\/\/gicd.inf.um.es\/csidpub\/gpub01\/index.php?rest_route=\/wp\/v2\/product\/272","targetHints":{"allow":["GET"]}}],"collection":[{"href":"https:\/\/gicd.inf.um.es\/csidpub\/gpub01\/index.php?rest_route=\/wp\/v2\/product"}],"about":[{"href":"https:\/\/gicd.inf.um.es\/csidpub\/gpub01\/index.php?rest_route=\/wp\/v2\/types\/product"}],"replies":[{"embeddable":true,"href":"https:\/\/gicd.inf.um.es\/csidpub\/gpub01\/index.php?rest_route=%2Fwp%2Fv2%2Fcomments&post=272"}],"wp:featuredmedia":[{"embeddable":true,"href":"https:\/\/gicd.inf.um.es\/csidpub\/gpub01\/index.php?rest_route=\/wp\/v2\/media\/273"}],"wp:attachment":[{"href":"https:\/\/gicd.inf.um.es\/csidpub\/gpub01\/index.php?rest_route=%2Fwp%2Fv2%2Fmedia&parent=272"}],"wp:term":[{"taxonomy":"product_brand","embeddable":true,"href":"https:\/\/gicd.inf.um.es\/csidpub\/gpub01\/index.php?rest_route=%2Fwp%2Fv2%2Fproduct_brand&post=272"},{"taxonomy":"product_cat","embeddable":true,"href":"https:\/\/gicd.inf.um.es\/csidpub\/gpub01\/index.php?rest_route=%2Fwp%2Fv2%2Fproduct_cat&post=272"},{"taxonomy":"product_tag","embeddable":true,"href":"https:\/\/gicd.inf.um.es\/csidpub\/gpub01\/index.php?rest_route=%2Fwp%2Fv2%2Fproduct_tag&post=272"}],"curies":[{"name":"wp","href":"https:\/\/api.w.org\/{rel}","templated":true}]}}