{"id":304,"date":"2026-05-01T02:02:42","date_gmt":"2026-05-01T00:02:42","guid":{"rendered":"https:\/\/gicd.inf.um.es\/csidpub\/gpub01\/?post_type=product&#038;p=304"},"modified":"2026-05-01T02:57:06","modified_gmt":"2026-05-01T00:57:06","slug":"camiseta-murmito","status":"publish","type":"product","link":"https:\/\/gicd.inf.um.es\/csidpub\/gpub01\/?product=camiseta-murmito","title":{"rendered":"Camiseta Murmito"},"content":{"rendered":"<p>Lleva contigo el sabor y la alegr\u00eda de nuestra tierra con la camiseta <b data-path-to-node=\"0\" data-index-in-node=\"70\">\u00ab\u00a1Acho, MUr-mitos!\u00bb<\/b>, una prenda fresca y muy original en tono crema que destaca por su dise\u00f1o de doble cara. Confeccionada con tejido de algod\u00f3n 100% org\u00e1nico, ofrece un tacto suave y un corte de lo m\u00e1s c\u00f3modo para tu d\u00eda a d\u00eda. En la parte frontal luce un sutil y elegante dibujo lineal de la imponente Catedral de Murcia, mientras que en la espalda sorprende con un dise\u00f1o divertido y lleno de color que rinde homenaje a nuestro c\u00edtrico m\u00e1s querido bajo el lema <i data-path-to-node=\"0\" data-index-in-node=\"534\">\u00a1Acho, MUr-mitos!<\/i>. Es la opci\u00f3n perfecta para presumir de ra\u00edces con un toque de humor y mucho estilo.<\/p>\n","protected":false},"excerpt":{"rendered":"<p>Camiseta Murmito beige 100% algod\u00f3n.<\/p>\n","protected":false},"featured_media":297,"comment_status":"open","ping_status":"closed","template":"","meta":[],"product_brand":[],"product_cat":[18],"product_tag":[23,27,24],"class_list":{"0":"post-304","1":"product","2":"type-product","3":"status-publish","4":"has-post-thumbnail","6":"product_cat-moda","7":"product_tag-camisetas","8":"product_tag-murmito","9":"product_tag-ropa","11":"first","12":"instock","13":"taxable","14":"shipping-taxable","15":"purchasable","16":"product-type-variable"},"_links":{"self":[{"href":"https:\/\/gicd.inf.um.es\/csidpub\/gpub01\/index.php?rest_route=\/wp\/v2\/product\/304","targetHints":{"allow":["GET"]}}],"collection":[{"href":"https:\/\/gicd.inf.um.es\/csidpub\/gpub01\/index.php?rest_route=\/wp\/v2\/product"}],"about":[{"href":"https:\/\/gicd.inf.um.es\/csidpub\/gpub01\/index.php?rest_route=\/wp\/v2\/types\/product"}],"replies":[{"embeddable":true,"href":"https:\/\/gicd.inf.um.es\/csidpub\/gpub01\/index.php?rest_route=%2Fwp%2Fv2%2Fcomments&post=304"}],"wp:featuredmedia":[{"embeddable":true,"href":"https:\/\/gicd.inf.um.es\/csidpub\/gpub01\/index.php?rest_route=\/wp\/v2\/media\/297"}],"wp:attachment":[{"href":"https:\/\/gicd.inf.um.es\/csidpub\/gpub01\/index.php?rest_route=%2Fwp%2Fv2%2Fmedia&parent=304"}],"wp:term":[{"taxonomy":"product_brand","embeddable":true,"href":"https:\/\/gicd.inf.um.es\/csidpub\/gpub01\/index.php?rest_route=%2Fwp%2Fv2%2Fproduct_brand&post=304"},{"taxonomy":"product_cat","embeddable":true,"href":"https:\/\/gicd.inf.um.es\/csidpub\/gpub01\/index.php?rest_route=%2Fwp%2Fv2%2Fproduct_cat&post=304"},{"taxonomy":"product_tag","embeddable":true,"href":"https:\/\/gicd.inf.um.es\/csidpub\/gpub01\/index.php?rest_route=%2Fwp%2Fv2%2Fproduct_tag&post=304"}],"curies":[{"name":"wp","href":"https:\/\/api.w.org\/{rel}","templated":true}]}}