{"id":316,"date":"2026-05-01T02:11:56","date_gmt":"2026-05-01T00:11:56","guid":{"rendered":"https:\/\/gicd.inf.um.es\/csidpub\/gpub01\/?post_type=product&#038;p=316"},"modified":"2026-05-01T03:04:39","modified_gmt":"2026-05-01T01:04:39","slug":"totebag-clasica-murmitos","status":"publish","type":"product","link":"https:\/\/gicd.inf.um.es\/csidpub\/gpub01\/?product=totebag-clasica-murmitos","title":{"rendered":"Totebag Cl\u00e1sica \u00bb Murmitos\u00bb"},"content":{"rendered":"<p>Lleva contigo el encanto de nuestra historia con la nueva tote bag <b data-path-to-node=\"0\" data-index-in-node=\"67\">\u00abMURMATOS: Mitos &amp; Leyendas\u00bb<\/b>. Confeccionada en un elegante y profundo tono burdeos o beige, esta bolsa destaca por su sofisticado dise\u00f1o frontal que integra el nombre de la marca junto a la ic\u00f3nica silueta de la Catedral de Murcia. Fabricada con lona de algod\u00f3n de alta calidad y resistente al uso diario, cuenta con unas c\u00f3modas asas largas ideales para llevar al hombro, convirti\u00e9ndose en el accesorio perfecto y espacioso para tus libros, compras o el d\u00eda a d\u00eda. <b data-path-to-node=\"0\" data-index-in-node=\"525\">\u00a1Presume de cultura y ponle un toque literario y castizo a cualquier look!<\/b><\/p>\n","protected":false},"excerpt":{"rendered":"<p>Totebag cl\u00e1sica catedral de tela.<\/p>\n","protected":false},"featured_media":278,"comment_status":"open","ping_status":"closed","template":"","meta":[],"product_brand":[],"product_cat":[21],"product_tag":[25,27,26],"class_list":{"0":"post-316","1":"product","2":"type-product","3":"status-publish","4":"has-post-thumbnail","6":"product_cat-totebag","7":"product_tag-catedral","8":"product_tag-murmito","9":"product_tag-totebag","11":"first","12":"instock","13":"taxable","14":"shipping-taxable","15":"purchasable","16":"product-type-variable"},"_links":{"self":[{"href":"https:\/\/gicd.inf.um.es\/csidpub\/gpub01\/index.php?rest_route=\/wp\/v2\/product\/316","targetHints":{"allow":["GET"]}}],"collection":[{"href":"https:\/\/gicd.inf.um.es\/csidpub\/gpub01\/index.php?rest_route=\/wp\/v2\/product"}],"about":[{"href":"https:\/\/gicd.inf.um.es\/csidpub\/gpub01\/index.php?rest_route=\/wp\/v2\/types\/product"}],"replies":[{"embeddable":true,"href":"https:\/\/gicd.inf.um.es\/csidpub\/gpub01\/index.php?rest_route=%2Fwp%2Fv2%2Fcomments&post=316"}],"wp:featuredmedia":[{"embeddable":true,"href":"https:\/\/gicd.inf.um.es\/csidpub\/gpub01\/index.php?rest_route=\/wp\/v2\/media\/278"}],"wp:attachment":[{"href":"https:\/\/gicd.inf.um.es\/csidpub\/gpub01\/index.php?rest_route=%2Fwp%2Fv2%2Fmedia&parent=316"}],"wp:term":[{"taxonomy":"product_brand","embeddable":true,"href":"https:\/\/gicd.inf.um.es\/csidpub\/gpub01\/index.php?rest_route=%2Fwp%2Fv2%2Fproduct_brand&post=316"},{"taxonomy":"product_cat","embeddable":true,"href":"https:\/\/gicd.inf.um.es\/csidpub\/gpub01\/index.php?rest_route=%2Fwp%2Fv2%2Fproduct_cat&post=316"},{"taxonomy":"product_tag","embeddable":true,"href":"https:\/\/gicd.inf.um.es\/csidpub\/gpub01\/index.php?rest_route=%2Fwp%2Fv2%2Fproduct_tag&post=316"}],"curies":[{"name":"wp","href":"https:\/\/api.w.org\/{rel}","templated":true}]}}