{"id":319,"date":"2026-05-01T02:15:33","date_gmt":"2026-05-01T00:15:33","guid":{"rendered":"https:\/\/gicd.inf.um.es\/csidpub\/gpub01\/?post_type=product&#038;p=319"},"modified":"2026-05-01T03:04:00","modified_gmt":"2026-05-01T01:04:00","slug":"botella-murmitos-clasica","status":"publish","type":"product","link":"https:\/\/gicd.inf.um.es\/csidpub\/gpub01\/?product=botella-murmitos-clasica","title":{"rendered":"Botella Murmitos Cl\u00e1sica"},"content":{"rendered":"<p>Mantente hidratado con estilo y presume de ra\u00edces con la botella t\u00e9rmica <b data-path-to-node=\"0\" data-index-in-node=\"73\">\u00abMURMATOS: Mitos &amp; Leyendas\u00bb<\/b>. Dise\u00f1ada en un elegante tono burdeos mate, esta botella de acero inoxidable de alta calidad mantiene tus bebidas fr\u00edas hasta 24 horas o calientes hasta 12 horas. Su dise\u00f1o frontal destaca por el nombre de la marca coronado por la silueta de la imponente Catedral de Murcia, integrando tradici\u00f3n y modernidad en un solo producto. Es resistente, reutilizable y perfecta para llevarla al trabajo, al gimnasio o en tus excursiones. <b data-path-to-node=\"0\" data-index-in-node=\"531\">\u00a1Lleva el alma y la historia de Murcia siempre contigo de forma sostenible!<\/b><\/p>\n","protected":false},"excerpt":{"rendered":"<p>Botella cantimplora murmitos cl\u00e1sica<\/p>\n","protected":false},"featured_media":276,"comment_status":"open","ping_status":"closed","template":"","meta":[],"product_brand":[],"product_cat":[20],"product_tag":[28,25,27],"class_list":{"0":"post-319","1":"product","2":"type-product","3":"status-publish","4":"has-post-thumbnail","6":"product_cat-botellas-y-tazas","7":"product_tag-botella","8":"product_tag-catedral","9":"product_tag-murmito","11":"first","12":"instock","13":"taxable","14":"shipping-taxable","15":"purchasable","16":"product-type-simple"},"_links":{"self":[{"href":"https:\/\/gicd.inf.um.es\/csidpub\/gpub01\/index.php?rest_route=\/wp\/v2\/product\/319","targetHints":{"allow":["GET"]}}],"collection":[{"href":"https:\/\/gicd.inf.um.es\/csidpub\/gpub01\/index.php?rest_route=\/wp\/v2\/product"}],"about":[{"href":"https:\/\/gicd.inf.um.es\/csidpub\/gpub01\/index.php?rest_route=\/wp\/v2\/types\/product"}],"replies":[{"embeddable":true,"href":"https:\/\/gicd.inf.um.es\/csidpub\/gpub01\/index.php?rest_route=%2Fwp%2Fv2%2Fcomments&post=319"}],"wp:featuredmedia":[{"embeddable":true,"href":"https:\/\/gicd.inf.um.es\/csidpub\/gpub01\/index.php?rest_route=\/wp\/v2\/media\/276"}],"wp:attachment":[{"href":"https:\/\/gicd.inf.um.es\/csidpub\/gpub01\/index.php?rest_route=%2Fwp%2Fv2%2Fmedia&parent=319"}],"wp:term":[{"taxonomy":"product_brand","embeddable":true,"href":"https:\/\/gicd.inf.um.es\/csidpub\/gpub01\/index.php?rest_route=%2Fwp%2Fv2%2Fproduct_brand&post=319"},{"taxonomy":"product_cat","embeddable":true,"href":"https:\/\/gicd.inf.um.es\/csidpub\/gpub01\/index.php?rest_route=%2Fwp%2Fv2%2Fproduct_cat&post=319"},{"taxonomy":"product_tag","embeddable":true,"href":"https:\/\/gicd.inf.um.es\/csidpub\/gpub01\/index.php?rest_route=%2Fwp%2Fv2%2Fproduct_tag&post=319"}],"curies":[{"name":"wp","href":"https:\/\/api.w.org\/{rel}","templated":true}]}}