{"id":320,"date":"2026-05-01T02:17:45","date_gmt":"2026-05-01T00:17:45","guid":{"rendered":"https:\/\/gicd.inf.um.es\/csidpub\/gpub01\/?post_type=product&#038;p=320"},"modified":"2026-05-01T03:03:29","modified_gmt":"2026-05-01T01:03:29","slug":"taza-murmitos-clasica","status":"publish","type":"product","link":"https:\/\/gicd.inf.um.es\/csidpub\/gpub01\/?product=taza-murmitos-clasica","title":{"rendered":"Taza Murmitos Cl\u00e1sica"},"content":{"rendered":"<p>Empieza el d\u00eda con la energ\u00eda y el encanto de nuestra tierra con la taza <b data-path-to-node=\"0\" data-index-in-node=\"73\">\u00abMURMATOS: Mitos &amp; Leyendas\u00bb<\/b>. Fabricada en cer\u00e1mica de alta calidad con un elegante acabado mate en tono burdeos, esta taza destaca por su dise\u00f1o frontal que integra el nombre de la marca coronado por la silueta de la imponente Catedral de Murcia. Con una capacidad ideal para tu caf\u00e9, infusi\u00f3n o desayuno favorito, es resistente tanto al microondas como al lavavajillas, convirti\u00e9ndose en el detalle perfecto para disfrutar de tus momentos de relax. <b data-path-to-node=\"0\" data-index-in-node=\"524\">\u00a1Siente el alma y la historia de Murcia en cada sorbo!<\/b><\/p>\n","protected":false},"excerpt":{"rendered":"<p>Taza cl\u00e1sica Murmitos.<\/p>\n","protected":false},"featured_media":277,"comment_status":"open","ping_status":"closed","template":"","meta":[],"product_brand":[],"product_cat":[20],"product_tag":[25,30,29],"class_list":{"0":"post-320","1":"product","2":"type-product","3":"status-publish","4":"has-post-thumbnail","6":"product_cat-botellas-y-tazas","7":"product_tag-catedral","8":"product_tag-murmitos","9":"product_tag-taza","11":"first","12":"instock","13":"taxable","14":"shipping-taxable","15":"purchasable","16":"product-type-simple"},"_links":{"self":[{"href":"https:\/\/gicd.inf.um.es\/csidpub\/gpub01\/index.php?rest_route=\/wp\/v2\/product\/320","targetHints":{"allow":["GET"]}}],"collection":[{"href":"https:\/\/gicd.inf.um.es\/csidpub\/gpub01\/index.php?rest_route=\/wp\/v2\/product"}],"about":[{"href":"https:\/\/gicd.inf.um.es\/csidpub\/gpub01\/index.php?rest_route=\/wp\/v2\/types\/product"}],"replies":[{"embeddable":true,"href":"https:\/\/gicd.inf.um.es\/csidpub\/gpub01\/index.php?rest_route=%2Fwp%2Fv2%2Fcomments&post=320"}],"wp:featuredmedia":[{"embeddable":true,"href":"https:\/\/gicd.inf.um.es\/csidpub\/gpub01\/index.php?rest_route=\/wp\/v2\/media\/277"}],"wp:attachment":[{"href":"https:\/\/gicd.inf.um.es\/csidpub\/gpub01\/index.php?rest_route=%2Fwp%2Fv2%2Fmedia&parent=320"}],"wp:term":[{"taxonomy":"product_brand","embeddable":true,"href":"https:\/\/gicd.inf.um.es\/csidpub\/gpub01\/index.php?rest_route=%2Fwp%2Fv2%2Fproduct_brand&post=320"},{"taxonomy":"product_cat","embeddable":true,"href":"https:\/\/gicd.inf.um.es\/csidpub\/gpub01\/index.php?rest_route=%2Fwp%2Fv2%2Fproduct_cat&post=320"},{"taxonomy":"product_tag","embeddable":true,"href":"https:\/\/gicd.inf.um.es\/csidpub\/gpub01\/index.php?rest_route=%2Fwp%2Fv2%2Fproduct_tag&post=320"}],"curies":[{"name":"wp","href":"https:\/\/api.w.org\/{rel}","templated":true}]}}