{"id":322,"date":"2026-05-01T02:22:24","date_gmt":"2026-05-01T00:22:24","guid":{"rendered":"https:\/\/gicd.inf.um.es\/csidpub\/gpub01\/?post_type=product&#038;p=322"},"modified":"2026-05-01T03:11:15","modified_gmt":"2026-05-01T01:11:15","slug":"taza-acho-que-bonico","status":"publish","type":"product","link":"https:\/\/gicd.inf.um.es\/csidpub\/gpub01\/?product=taza-acho-que-bonico","title":{"rendered":"Taza \u00a1 Acho qu\u00e9 bonico!"},"content":{"rendered":"<p>Empieza el d\u00eda con la alegr\u00eda y el encanto de nuestra tierra con la taza <b data-path-to-node=\"0\" data-index-in-node=\"73\">\u00ab\u00a1Acho, qu\u00e9 bonico!\u00bb<\/b>. Fabricada en cer\u00e1mica blanca de alta calidad, destaca por su divertido y colorido dise\u00f1o que rinde homenaje a los iconos m\u00e1s tradicionales de nuestra cultura, como el sol, el mar, el buen vino y las cl\u00e1sicas alpargatas. Con una capacidad ideal para tu caf\u00e9, infusi\u00f3n o desayuno favorito, es resistente tanto al microondas como al lavavajillas, convirti\u00e9ndose en el detalle perfecto para disfrutar de tus momentos de relax. <b data-path-to-node=\"0\" data-index-in-node=\"518\">\u00a1Siente el alma y la alegr\u00eda del sur en cada sorbo!<\/b><\/p>\n","protected":false},"excerpt":{"rendered":"<p>Taza \u00a1Acho qu\u00e9 bonico!<\/p>\n","protected":false},"featured_media":289,"comment_status":"open","ping_status":"closed","template":"","meta":[],"product_brand":[],"product_cat":[20],"product_tag":[29],"class_list":{"0":"post-322","1":"product","2":"type-product","3":"status-publish","4":"has-post-thumbnail","6":"product_cat-botellas-y-tazas","7":"product_tag-taza","9":"first","10":"instock","11":"taxable","12":"shipping-taxable","13":"purchasable","14":"product-type-simple"},"_links":{"self":[{"href":"https:\/\/gicd.inf.um.es\/csidpub\/gpub01\/index.php?rest_route=\/wp\/v2\/product\/322","targetHints":{"allow":["GET"]}}],"collection":[{"href":"https:\/\/gicd.inf.um.es\/csidpub\/gpub01\/index.php?rest_route=\/wp\/v2\/product"}],"about":[{"href":"https:\/\/gicd.inf.um.es\/csidpub\/gpub01\/index.php?rest_route=\/wp\/v2\/types\/product"}],"replies":[{"embeddable":true,"href":"https:\/\/gicd.inf.um.es\/csidpub\/gpub01\/index.php?rest_route=%2Fwp%2Fv2%2Fcomments&post=322"}],"wp:featuredmedia":[{"embeddable":true,"href":"https:\/\/gicd.inf.um.es\/csidpub\/gpub01\/index.php?rest_route=\/wp\/v2\/media\/289"}],"wp:attachment":[{"href":"https:\/\/gicd.inf.um.es\/csidpub\/gpub01\/index.php?rest_route=%2Fwp%2Fv2%2Fmedia&parent=322"}],"wp:term":[{"taxonomy":"product_brand","embeddable":true,"href":"https:\/\/gicd.inf.um.es\/csidpub\/gpub01\/index.php?rest_route=%2Fwp%2Fv2%2Fproduct_brand&post=322"},{"taxonomy":"product_cat","embeddable":true,"href":"https:\/\/gicd.inf.um.es\/csidpub\/gpub01\/index.php?rest_route=%2Fwp%2Fv2%2Fproduct_cat&post=322"},{"taxonomy":"product_tag","embeddable":true,"href":"https:\/\/gicd.inf.um.es\/csidpub\/gpub01\/index.php?rest_route=%2Fwp%2Fv2%2Fproduct_tag&post=322"}],"curies":[{"name":"wp","href":"https:\/\/api.w.org\/{rel}","templated":true}]}}