{"id":323,"date":"2026-05-01T02:24:48","date_gmt":"2026-05-01T00:24:48","guid":{"rendered":"https:\/\/gicd.inf.um.es\/csidpub\/gpub01\/?post_type=product&#038;p=323"},"modified":"2026-05-01T02:57:38","modified_gmt":"2026-05-01T00:57:38","slug":"botella-murmito","status":"publish","type":"product","link":"https:\/\/gicd.inf.um.es\/csidpub\/gpub01\/?product=botella-murmito","title":{"rendered":"Botella \u00abMurmito\u00bb"},"content":{"rendered":"<p>Mantente hidratado con el mejor rollo y el aut\u00e9ntico sabor de nuestra tierra con la botella t\u00e9rmica <b data-path-to-node=\"0\" data-index-in-node=\"100\">\u00abMitos, Limones y Leyendas\u00bb<\/b>. Dise\u00f1ada en un elegante tono blanco mate, esta botella de acero inoxidable de alta calidad mantiene tus bebidas fr\u00edas hasta 24 horas o calientes hasta 12 horas. Su parte frontal destaca por el divertido dise\u00f1o de nuestro c\u00edtrico m\u00e1s emblem\u00e1tico con el lema grabado en su interior. Es resistente, reutilizable y perfecta para llevarla al trabajo, al gimnasio o en tus excursiones. <b data-path-to-node=\"0\" data-index-in-node=\"509\">\u00a1Ponle un toque de humor y frescura a tu d\u00eda a d\u00eda de forma sostenible!<\/b><\/p>\n","protected":false},"excerpt":{"rendered":"<p>Botella cantimplora Murmito.<\/p>\n","protected":false},"featured_media":287,"comment_status":"open","ping_status":"closed","template":"","meta":[],"product_brand":[],"product_cat":[20],"product_tag":[28,27],"class_list":{"0":"post-323","1":"product","2":"type-product","3":"status-publish","4":"has-post-thumbnail","6":"product_cat-botellas-y-tazas","7":"product_tag-botella","8":"product_tag-murmito","10":"first","11":"instock","12":"taxable","13":"shipping-taxable","14":"purchasable","15":"product-type-simple"},"_links":{"self":[{"href":"https:\/\/gicd.inf.um.es\/csidpub\/gpub01\/index.php?rest_route=\/wp\/v2\/product\/323","targetHints":{"allow":["GET"]}}],"collection":[{"href":"https:\/\/gicd.inf.um.es\/csidpub\/gpub01\/index.php?rest_route=\/wp\/v2\/product"}],"about":[{"href":"https:\/\/gicd.inf.um.es\/csidpub\/gpub01\/index.php?rest_route=\/wp\/v2\/types\/product"}],"replies":[{"embeddable":true,"href":"https:\/\/gicd.inf.um.es\/csidpub\/gpub01\/index.php?rest_route=%2Fwp%2Fv2%2Fcomments&post=323"}],"wp:featuredmedia":[{"embeddable":true,"href":"https:\/\/gicd.inf.um.es\/csidpub\/gpub01\/index.php?rest_route=\/wp\/v2\/media\/287"}],"wp:attachment":[{"href":"https:\/\/gicd.inf.um.es\/csidpub\/gpub01\/index.php?rest_route=%2Fwp%2Fv2%2Fmedia&parent=323"}],"wp:term":[{"taxonomy":"product_brand","embeddable":true,"href":"https:\/\/gicd.inf.um.es\/csidpub\/gpub01\/index.php?rest_route=%2Fwp%2Fv2%2Fproduct_brand&post=323"},{"taxonomy":"product_cat","embeddable":true,"href":"https:\/\/gicd.inf.um.es\/csidpub\/gpub01\/index.php?rest_route=%2Fwp%2Fv2%2Fproduct_cat&post=323"},{"taxonomy":"product_tag","embeddable":true,"href":"https:\/\/gicd.inf.um.es\/csidpub\/gpub01\/index.php?rest_route=%2Fwp%2Fv2%2Fproduct_tag&post=323"}],"curies":[{"name":"wp","href":"https:\/\/api.w.org\/{rel}","templated":true}]}}