{"id":325,"date":"2026-05-01T02:29:26","date_gmt":"2026-05-01T00:29:26","guid":{"rendered":"https:\/\/gicd.inf.um.es\/csidpub\/gpub01\/?post_type=product&#038;p=325"},"modified":"2026-05-01T03:02:53","modified_gmt":"2026-05-01T01:02:53","slug":"marcapagina-catedral","status":"publish","type":"product","link":"https:\/\/gicd.inf.um.es\/csidpub\/gpub01\/?product=marcapagina-catedral","title":{"rendered":"Marcap\u00e1gina \u00abCatedral\u00bb"},"content":{"rendered":"<p>Sum\u00e9rgete en la lectura con el marcap\u00e1ginas de cer\u00e1mica <b data-path-to-node=\"0\" data-index-in-node=\"56\">\u00abCatedral\u00bb<\/b>, una pieza \u00fanica y artesanal de la colecci\u00f3n <b data-path-to-node=\"0\" data-index-in-node=\"122\">MURMITOS<\/b>. Con un acabado brillante en un elegante tono burdeos, esta pieza destaca por su delicado grabado en relieve de la imponente Catedral de Murcia. Incluye un cord\u00f3n a juego con borlas decorativas, ideal para acompa\u00f1ar tus libros favoritos con un toque sofisticado y tradicional. <b data-path-to-node=\"0\" data-index-in-node=\"408\">\u00a1El regalo perfecto para los amantes de la lectura y las ra\u00edces de nuestra tierra!<\/b><\/p>\n","protected":false},"excerpt":{"rendered":"<p>Marcap\u00e1ginas Catedral.<\/p>\n","protected":false},"featured_media":283,"comment_status":"open","ping_status":"closed","template":"","meta":[],"product_brand":[],"product_cat":[22],"product_tag":[25,31],"class_list":{"0":"post-325","1":"product","2":"type-product","3":"status-publish","4":"has-post-thumbnail","6":"product_cat-marcapaginas","7":"product_tag-catedral","8":"product_tag-marcapaginas","10":"first","11":"instock","12":"taxable","13":"shipping-taxable","14":"purchasable","15":"product-type-simple"},"_links":{"self":[{"href":"https:\/\/gicd.inf.um.es\/csidpub\/gpub01\/index.php?rest_route=\/wp\/v2\/product\/325","targetHints":{"allow":["GET"]}}],"collection":[{"href":"https:\/\/gicd.inf.um.es\/csidpub\/gpub01\/index.php?rest_route=\/wp\/v2\/product"}],"about":[{"href":"https:\/\/gicd.inf.um.es\/csidpub\/gpub01\/index.php?rest_route=\/wp\/v2\/types\/product"}],"replies":[{"embeddable":true,"href":"https:\/\/gicd.inf.um.es\/csidpub\/gpub01\/index.php?rest_route=%2Fwp%2Fv2%2Fcomments&post=325"}],"wp:featuredmedia":[{"embeddable":true,"href":"https:\/\/gicd.inf.um.es\/csidpub\/gpub01\/index.php?rest_route=\/wp\/v2\/media\/283"}],"wp:attachment":[{"href":"https:\/\/gicd.inf.um.es\/csidpub\/gpub01\/index.php?rest_route=%2Fwp%2Fv2%2Fmedia&parent=325"}],"wp:term":[{"taxonomy":"product_brand","embeddable":true,"href":"https:\/\/gicd.inf.um.es\/csidpub\/gpub01\/index.php?rest_route=%2Fwp%2Fv2%2Fproduct_brand&post=325"},{"taxonomy":"product_cat","embeddable":true,"href":"https:\/\/gicd.inf.um.es\/csidpub\/gpub01\/index.php?rest_route=%2Fwp%2Fv2%2Fproduct_cat&post=325"},{"taxonomy":"product_tag","embeddable":true,"href":"https:\/\/gicd.inf.um.es\/csidpub\/gpub01\/index.php?rest_route=%2Fwp%2Fv2%2Fproduct_tag&post=325"}],"curies":[{"name":"wp","href":"https:\/\/api.w.org\/{rel}","templated":true}]}}