{"id":329,"date":"2026-05-01T02:40:30","date_gmt":"2026-05-01T00:40:30","guid":{"rendered":"https:\/\/gicd.inf.um.es\/csidpub\/gpub01\/?post_type=product&#038;p=329"},"modified":"2026-05-01T02:40:32","modified_gmt":"2026-05-01T00:40:32","slug":"peluche-limon-sonriente","status":"publish","type":"product","link":"https:\/\/gicd.inf.um.es\/csidpub\/gpub01\/?product=peluche-limon-sonriente","title":{"rendered":"Peluche lim\u00f3n sonriente"},"content":{"rendered":"<p>Lleva a casa el encanto y la frescura de nuestra tierra con el peluche <b data-path-to-node=\"0\" data-index-in-node=\"71\">\u00abMurmito Sonriente\u00bb<\/b>, el personaje m\u00e1s alegre de la colecci\u00f3n. Confeccionado con un tejido extrasuave y mullido de primera calidad, este adorable lim\u00f3n destaca por su dise\u00f1o s\u00faper achuchable, coronado con un peque\u00f1o tallo y hoja verde, y una dulce sonrisa bordada que ilumina cualquier estancia. Con unas medidas aproximadas de 25 cm de alto y 20 cm de ancho, es el compa\u00f1ero perfecto tanto para decorar tu sof\u00e1 o habitaci\u00f3n, como para los abrazos m\u00e1s tiernos. <b data-path-to-node=\"0\" data-index-in-node=\"531\">\u00a1Un regalo \u00fanico, blandito y lleno de alegr\u00eda murciana para toda la familia, acho!<\/b><\/p>\n","protected":false},"excerpt":{"rendered":"<p>Peluche lim\u00f3n sonriente.<\/p>\n","protected":false},"featured_media":294,"comment_status":"open","ping_status":"closed","template":"","meta":[],"product_brand":[],"product_cat":[19],"product_tag":[34,32],"class_list":{"0":"post-329","1":"product","2":"type-product","3":"status-publish","4":"has-post-thumbnail","6":"product_cat-peluches","7":"product_tag-limon","8":"product_tag-peluche","10":"first","11":"instock","12":"taxable","13":"shipping-taxable","14":"purchasable","15":"product-type-simple"},"_links":{"self":[{"href":"https:\/\/gicd.inf.um.es\/csidpub\/gpub01\/index.php?rest_route=\/wp\/v2\/product\/329","targetHints":{"allow":["GET"]}}],"collection":[{"href":"https:\/\/gicd.inf.um.es\/csidpub\/gpub01\/index.php?rest_route=\/wp\/v2\/product"}],"about":[{"href":"https:\/\/gicd.inf.um.es\/csidpub\/gpub01\/index.php?rest_route=\/wp\/v2\/types\/product"}],"replies":[{"embeddable":true,"href":"https:\/\/gicd.inf.um.es\/csidpub\/gpub01\/index.php?rest_route=%2Fwp%2Fv2%2Fcomments&post=329"}],"wp:featuredmedia":[{"embeddable":true,"href":"https:\/\/gicd.inf.um.es\/csidpub\/gpub01\/index.php?rest_route=\/wp\/v2\/media\/294"}],"wp:attachment":[{"href":"https:\/\/gicd.inf.um.es\/csidpub\/gpub01\/index.php?rest_route=%2Fwp%2Fv2%2Fmedia&parent=329"}],"wp:term":[{"taxonomy":"product_brand","embeddable":true,"href":"https:\/\/gicd.inf.um.es\/csidpub\/gpub01\/index.php?rest_route=%2Fwp%2Fv2%2Fproduct_brand&post=329"},{"taxonomy":"product_cat","embeddable":true,"href":"https:\/\/gicd.inf.um.es\/csidpub\/gpub01\/index.php?rest_route=%2Fwp%2Fv2%2Fproduct_cat&post=329"},{"taxonomy":"product_tag","embeddable":true,"href":"https:\/\/gicd.inf.um.es\/csidpub\/gpub01\/index.php?rest_route=%2Fwp%2Fv2%2Fproduct_tag&post=329"}],"curies":[{"name":"wp","href":"https:\/\/api.w.org\/{rel}","templated":true}]}}