{"id":330,"date":"2026-05-01T02:43:01","date_gmt":"2026-05-01T00:43:01","guid":{"rendered":"https:\/\/gicd.inf.um.es\/csidpub\/gpub01\/?post_type=product&#038;p=330"},"modified":"2026-05-01T02:43:02","modified_gmt":"2026-05-01T00:43:02","slug":"peluche-murmito-serigrafia","status":"publish","type":"product","link":"https:\/\/gicd.inf.um.es\/csidpub\/gpub01\/?product=peluche-murmito-serigrafia","title":{"rendered":"Peluche Murmito Serigraf\u00eda"},"content":{"rendered":"<p>Lleva a casa el encanto y la alegr\u00eda de nuestra tierra con el peluche del <b data-path-to-node=\"0\" data-index-in-node=\"74\">Murmito<\/b>, el personaje m\u00e1s tierno y simp\u00e1tico de la colecci\u00f3n. Confeccionado con un tejido extrasuave y mullido de primera calidad, este adorable lim\u00f3n destaca por su dise\u00f1o s\u00faper achuchable, coronado con un tallo y hoja verde, ojitos brillantes, mofletes sonrojados y una dulce sonrisa, adem\u00e1s de lucir el nombre de la marca bordado en su barriguita. Con unas medidas aproximadas de 25 cm de alto y 20 cm de ancho, es el compa\u00f1ero perfecto tanto para decorar tu sof\u00e1 o habitaci\u00f3n, como para los abrazos m\u00e1s tiernos. <b data-path-to-node=\"0\" data-index-in-node=\"590\">\u00a1Un regalo \u00fanico, blandito y lleno de alegr\u00eda murciana para toda la familia, acho!<\/b><\/p>\n","protected":false},"excerpt":{"rendered":"<p>Peluche Murmito serigraf\u00eda.<\/p>\n","protected":false},"featured_media":291,"comment_status":"open","ping_status":"closed","template":"","meta":[],"product_brand":[],"product_cat":[19],"product_tag":[27,32],"class_list":{"0":"post-330","1":"product","2":"type-product","3":"status-publish","4":"has-post-thumbnail","6":"product_cat-peluches","7":"product_tag-murmito","8":"product_tag-peluche","10":"first","11":"instock","12":"taxable","13":"shipping-taxable","14":"purchasable","15":"product-type-simple"},"_links":{"self":[{"href":"https:\/\/gicd.inf.um.es\/csidpub\/gpub01\/index.php?rest_route=\/wp\/v2\/product\/330","targetHints":{"allow":["GET"]}}],"collection":[{"href":"https:\/\/gicd.inf.um.es\/csidpub\/gpub01\/index.php?rest_route=\/wp\/v2\/product"}],"about":[{"href":"https:\/\/gicd.inf.um.es\/csidpub\/gpub01\/index.php?rest_route=\/wp\/v2\/types\/product"}],"replies":[{"embeddable":true,"href":"https:\/\/gicd.inf.um.es\/csidpub\/gpub01\/index.php?rest_route=%2Fwp%2Fv2%2Fcomments&post=330"}],"wp:featuredmedia":[{"embeddable":true,"href":"https:\/\/gicd.inf.um.es\/csidpub\/gpub01\/index.php?rest_route=\/wp\/v2\/media\/291"}],"wp:attachment":[{"href":"https:\/\/gicd.inf.um.es\/csidpub\/gpub01\/index.php?rest_route=%2Fwp%2Fv2%2Fmedia&parent=330"}],"wp:term":[{"taxonomy":"product_brand","embeddable":true,"href":"https:\/\/gicd.inf.um.es\/csidpub\/gpub01\/index.php?rest_route=%2Fwp%2Fv2%2Fproduct_brand&post=330"},{"taxonomy":"product_cat","embeddable":true,"href":"https:\/\/gicd.inf.um.es\/csidpub\/gpub01\/index.php?rest_route=%2Fwp%2Fv2%2Fproduct_cat&post=330"},{"taxonomy":"product_tag","embeddable":true,"href":"https:\/\/gicd.inf.um.es\/csidpub\/gpub01\/index.php?rest_route=%2Fwp%2Fv2%2Fproduct_tag&post=330"}],"curies":[{"name":"wp","href":"https:\/\/api.w.org\/{rel}","templated":true}]}}