{"id":332,"date":"2026-05-01T02:46:54","date_gmt":"2026-05-01T00:46:54","guid":{"rendered":"https:\/\/gicd.inf.um.es\/csidpub\/gpub01\/?post_type=product&#038;p=332"},"modified":"2026-05-01T02:46:55","modified_gmt":"2026-05-01T00:46:55","slug":"peluche-murmito-clasico","status":"publish","type":"product","link":"https:\/\/gicd.inf.um.es\/csidpub\/gpub01\/?product=peluche-murmito-clasico","title":{"rendered":"Peluche Murmito Cl\u00e1sico"},"content":{"rendered":"<p>Lleva a casa la esencia m\u00e1s divertida y original de nuestra tierra con el peluche <b data-path-to-node=\"0\" data-index-in-node=\"82\">\u00abMitos, Limones y Leyendas\u00bb<\/b>, el personaje m\u00e1s ic\u00f3nico y simp\u00e1tico de la colecci\u00f3n. Confeccionado con un tejido de felpa extrasuave de primera calidad, este entra\u00f1able lim\u00f3n destaca por su dise\u00f1o s\u00faper achuchable con grandes dientes y su amplia boca abierta, que muestra el lema bordado en su interior, adem\u00e1s de estar coronado por un tallo y una hoja verde. Con unas medidas aproximadas de 25 cm de alto y 30 cm de ancho, es el compa\u00f1ero perfecto tanto para decorar tu sof\u00e1 o habitaci\u00f3n, como para los abrazos m\u00e1s tiernos. <b data-path-to-node=\"0\" data-index-in-node=\"605\">\u00a1Un regalo \u00fanico, blandito y lleno de identidad murciana para toda la familia, acho!<\/b><\/p>\n","protected":false},"excerpt":{"rendered":"<p>Peluche Murmito Cl\u00e1sico.<\/p>\n","protected":false},"featured_media":296,"comment_status":"open","ping_status":"closed","template":"","meta":[],"product_brand":[],"product_cat":[19],"product_tag":[27,32],"class_list":{"0":"post-332","1":"product","2":"type-product","3":"status-publish","4":"has-post-thumbnail","6":"product_cat-peluches","7":"product_tag-murmito","8":"product_tag-peluche","10":"first","11":"instock","12":"taxable","13":"shipping-taxable","14":"purchasable","15":"product-type-simple"},"_links":{"self":[{"href":"https:\/\/gicd.inf.um.es\/csidpub\/gpub01\/index.php?rest_route=\/wp\/v2\/product\/332","targetHints":{"allow":["GET"]}}],"collection":[{"href":"https:\/\/gicd.inf.um.es\/csidpub\/gpub01\/index.php?rest_route=\/wp\/v2\/product"}],"about":[{"href":"https:\/\/gicd.inf.um.es\/csidpub\/gpub01\/index.php?rest_route=\/wp\/v2\/types\/product"}],"replies":[{"embeddable":true,"href":"https:\/\/gicd.inf.um.es\/csidpub\/gpub01\/index.php?rest_route=%2Fwp%2Fv2%2Fcomments&post=332"}],"wp:featuredmedia":[{"embeddable":true,"href":"https:\/\/gicd.inf.um.es\/csidpub\/gpub01\/index.php?rest_route=\/wp\/v2\/media\/296"}],"wp:attachment":[{"href":"https:\/\/gicd.inf.um.es\/csidpub\/gpub01\/index.php?rest_route=%2Fwp%2Fv2%2Fmedia&parent=332"}],"wp:term":[{"taxonomy":"product_brand","embeddable":true,"href":"https:\/\/gicd.inf.um.es\/csidpub\/gpub01\/index.php?rest_route=%2Fwp%2Fv2%2Fproduct_brand&post=332"},{"taxonomy":"product_cat","embeddable":true,"href":"https:\/\/gicd.inf.um.es\/csidpub\/gpub01\/index.php?rest_route=%2Fwp%2Fv2%2Fproduct_cat&post=332"},{"taxonomy":"product_tag","embeddable":true,"href":"https:\/\/gicd.inf.um.es\/csidpub\/gpub01\/index.php?rest_route=%2Fwp%2Fv2%2Fproduct_tag&post=332"}],"curies":[{"name":"wp","href":"https:\/\/api.w.org\/{rel}","templated":true}]}}