{"id":333,"date":"2026-05-01T02:53:55","date_gmt":"2026-05-01T00:53:55","guid":{"rendered":"https:\/\/gicd.inf.um.es\/csidpub\/gpub01\/?post_type=product&#038;p=333"},"modified":"2026-05-01T02:53:57","modified_gmt":"2026-05-01T00:53:57","slug":"pack-murmito","status":"publish","type":"product","link":"https:\/\/gicd.inf.um.es\/csidpub\/gpub01\/?product=pack-murmito","title":{"rendered":"Pack Murmito"},"content":{"rendered":"<p>Lleva contigo la alegr\u00eda, el sabor y la historia de nuestra tierra con el exclusivo <b data-path-to-node=\"0\" data-index-in-node=\"84\">Pack MURMITO<\/b>. Este conjunto especial, dise\u00f1ado para los amantes de las ra\u00edces murcianas, re\u00fane tres de nuestros productos estrella en un elegante tono a juego. Incluye una camiseta de algod\u00f3n 100% org\u00e1nico y suave al tacto con un sutil y original dise\u00f1o; una botella t\u00e9rmica de acero inoxidable de doble pared que mantiene tus bebidas fr\u00edas hasta 24 horas o calientes hasta 12 horas; y una taza de cer\u00e1mica resistente al microondas y al lavavajillas para empezar el d\u00eda con la mejor energ\u00eda. <b data-path-to-node=\"0\" data-index-in-node=\"577\">\u00a1Un regalo \u00fanico y sostenible con el que presumir de orgullo murciano con el m\u00e1ximo estilo, acho!<\/b><\/p>\n","protected":false},"excerpt":{"rendered":"<p>Pack camiseta+ taza+ botella Murmito.<\/p>\n","protected":false},"featured_media":286,"comment_status":"open","ping_status":"closed","template":"","meta":[],"product_brand":[],"product_cat":[20,18],"product_tag":[28,23,27,29],"class_list":{"0":"post-333","1":"product","2":"type-product","3":"status-publish","4":"has-post-thumbnail","6":"product_cat-botellas-y-tazas","7":"product_cat-moda","8":"product_tag-botella","9":"product_tag-camisetas","10":"product_tag-murmito","11":"product_tag-taza","13":"first","14":"instock","15":"taxable","16":"shipping-taxable","17":"product-type-grouped"},"_links":{"self":[{"href":"https:\/\/gicd.inf.um.es\/csidpub\/gpub01\/index.php?rest_route=\/wp\/v2\/product\/333","targetHints":{"allow":["GET"]}}],"collection":[{"href":"https:\/\/gicd.inf.um.es\/csidpub\/gpub01\/index.php?rest_route=\/wp\/v2\/product"}],"about":[{"href":"https:\/\/gicd.inf.um.es\/csidpub\/gpub01\/index.php?rest_route=\/wp\/v2\/types\/product"}],"replies":[{"embeddable":true,"href":"https:\/\/gicd.inf.um.es\/csidpub\/gpub01\/index.php?rest_route=%2Fwp%2Fv2%2Fcomments&post=333"}],"wp:featuredmedia":[{"embeddable":true,"href":"https:\/\/gicd.inf.um.es\/csidpub\/gpub01\/index.php?rest_route=\/wp\/v2\/media\/286"}],"wp:attachment":[{"href":"https:\/\/gicd.inf.um.es\/csidpub\/gpub01\/index.php?rest_route=%2Fwp%2Fv2%2Fmedia&parent=333"}],"wp:term":[{"taxonomy":"product_brand","embeddable":true,"href":"https:\/\/gicd.inf.um.es\/csidpub\/gpub01\/index.php?rest_route=%2Fwp%2Fv2%2Fproduct_brand&post=333"},{"taxonomy":"product_cat","embeddable":true,"href":"https:\/\/gicd.inf.um.es\/csidpub\/gpub01\/index.php?rest_route=%2Fwp%2Fv2%2Fproduct_cat&post=333"},{"taxonomy":"product_tag","embeddable":true,"href":"https:\/\/gicd.inf.um.es\/csidpub\/gpub01\/index.php?rest_route=%2Fwp%2Fv2%2Fproduct_tag&post=333"}],"curies":[{"name":"wp","href":"https:\/\/api.w.org\/{rel}","templated":true}]}}