{"id":336,"date":"2026-05-01T03:02:21","date_gmt":"2026-05-01T01:02:21","guid":{"rendered":"https:\/\/gicd.inf.um.es\/csidpub\/gpub01\/?post_type=product&#038;p=336"},"modified":"2026-05-01T03:02:22","modified_gmt":"2026-05-01T01:02:22","slug":"pack-catedral","status":"publish","type":"product","link":"https:\/\/gicd.inf.um.es\/csidpub\/gpub01\/?product=pack-catedral","title":{"rendered":"Pack Catedral"},"content":{"rendered":"<p>Lleva contigo la historia, la cultura y la tradici\u00f3n de nuestra tierra con el exclusivo <b data-path-to-node=\"0\" data-index-in-node=\"88\">Pack \u00abEsencia Catedral\u00bb<\/b>, un conjunto \u00fanico que re\u00fane cinco de nuestros productos estrella dedicados al monumento m\u00e1s emblem\u00e1tico de la ciudad. El pack incluye la camiseta premium \u00abTorre de la Gloria\u00bb en color crema, la elegante tote bag y la botella t\u00e9rmica en tono burdeos de <i data-path-to-node=\"0\" data-index-in-node=\"365\">Mitos &amp; Leyendas<\/i>, la taza a juego para disfrutar de tus desayunos y el marcap\u00e1ginas artesanal de cer\u00e1mica con el relieve de la catedral. <b data-path-to-node=\"0\" data-index-in-node=\"502\">\u00a1Un set completo y sofisticado para presumir de ra\u00edces murcianas con el m\u00e1ximo estilo, acho!<\/b><\/p>\n","protected":false},"excerpt":{"rendered":"<p>Pack Catedral: Camiseta+ Taza+ Botella+ Totebag+ Marcap\u00e1ginas<\/p>\n","protected":false},"featured_media":269,"comment_status":"open","ping_status":"closed","template":"","meta":[],"product_brand":[],"product_cat":[22,20,18,21],"product_tag":[28,23,31,29,26],"class_list":{"0":"post-336","1":"product","2":"type-product","3":"status-publish","4":"has-post-thumbnail","6":"product_cat-marcapaginas","7":"product_cat-botellas-y-tazas","8":"product_cat-moda","9":"product_cat-totebag","10":"product_tag-botella","11":"product_tag-camisetas","12":"product_tag-marcapaginas","13":"product_tag-taza","14":"product_tag-totebag","16":"first","17":"instock","18":"taxable","19":"shipping-taxable","20":"product-type-grouped"},"_links":{"self":[{"href":"https:\/\/gicd.inf.um.es\/csidpub\/gpub01\/index.php?rest_route=\/wp\/v2\/product\/336","targetHints":{"allow":["GET"]}}],"collection":[{"href":"https:\/\/gicd.inf.um.es\/csidpub\/gpub01\/index.php?rest_route=\/wp\/v2\/product"}],"about":[{"href":"https:\/\/gicd.inf.um.es\/csidpub\/gpub01\/index.php?rest_route=\/wp\/v2\/types\/product"}],"replies":[{"embeddable":true,"href":"https:\/\/gicd.inf.um.es\/csidpub\/gpub01\/index.php?rest_route=%2Fwp%2Fv2%2Fcomments&post=336"}],"wp:featuredmedia":[{"embeddable":true,"href":"https:\/\/gicd.inf.um.es\/csidpub\/gpub01\/index.php?rest_route=\/wp\/v2\/media\/269"}],"wp:attachment":[{"href":"https:\/\/gicd.inf.um.es\/csidpub\/gpub01\/index.php?rest_route=%2Fwp%2Fv2%2Fmedia&parent=336"}],"wp:term":[{"taxonomy":"product_brand","embeddable":true,"href":"https:\/\/gicd.inf.um.es\/csidpub\/gpub01\/index.php?rest_route=%2Fwp%2Fv2%2Fproduct_brand&post=336"},{"taxonomy":"product_cat","embeddable":true,"href":"https:\/\/gicd.inf.um.es\/csidpub\/gpub01\/index.php?rest_route=%2Fwp%2Fv2%2Fproduct_cat&post=336"},{"taxonomy":"product_tag","embeddable":true,"href":"https:\/\/gicd.inf.um.es\/csidpub\/gpub01\/index.php?rest_route=%2Fwp%2Fv2%2Fproduct_tag&post=336"}],"curies":[{"name":"wp","href":"https:\/\/api.w.org\/{rel}","templated":true}]}}