{"id":338,"date":"2026-05-01T03:09:59","date_gmt":"2026-05-01T01:09:59","guid":{"rendered":"https:\/\/gicd.inf.um.es\/csidpub\/gpub01\/?post_type=product&#038;p=338"},"modified":"2026-05-01T03:10:01","modified_gmt":"2026-05-01T01:10:01","slug":"pack-acho-que-bonico","status":"publish","type":"product","link":"https:\/\/gicd.inf.um.es\/csidpub\/gpub01\/?product=pack-acho-que-bonico","title":{"rendered":"Pack \u00a1Acho qu\u00e9 Bonico!"},"content":{"rendered":"<p>Lleva contigo la alegr\u00eda, el color y el aut\u00e9ntico esp\u00edritu de nuestra tierra con el exclusivo <b data-path-to-node=\"0\" data-index-in-node=\"94\">Pack \u00ab\u00a1Acho, qu\u00e9 bonico!\u00bb<\/b>, un set completo y divertido que re\u00fane cinco de nuestros productos m\u00e1s especiales. El pack incluye la c\u00f3moda camiseta de algod\u00f3n con el dise\u00f1o de doble cara, la botella t\u00e9rmica de acero inoxidable y la taza de cer\u00e1mica \u2014ambas decoradas con los iconos tradicionales de la Costa C\u00e1lida\u2014, la espaciosa tote bag a juego y el adorable peluche del Murmito para darle un toque tierno a tu rinc\u00f3n favorito. <b data-path-to-node=\"0\" data-index-in-node=\"519\">\u00a1El regalo perfecto y lleno de humor para presumir de ra\u00edces con el m\u00e1ximo estilo, acho!<\/b><\/p>\n","protected":false},"excerpt":{"rendered":"<p>Pack \u00a1 Acho qu\u00e9 bonico!: Camiseta+ botella+ taza+ totebag + peluche.<\/p>\n","protected":false},"featured_media":288,"comment_status":"open","ping_status":"closed","template":"","meta":[],"product_brand":[],"product_cat":[20,18,19,21],"product_tag":[28,23,32,29,26],"class_list":{"0":"post-338","1":"product","2":"type-product","3":"status-publish","4":"has-post-thumbnail","6":"product_cat-botellas-y-tazas","7":"product_cat-moda","8":"product_cat-peluches","9":"product_cat-totebag","10":"product_tag-botella","11":"product_tag-camisetas","12":"product_tag-peluche","13":"product_tag-taza","14":"product_tag-totebag","16":"first","17":"instock","18":"taxable","19":"shipping-taxable","20":"product-type-grouped"},"_links":{"self":[{"href":"https:\/\/gicd.inf.um.es\/csidpub\/gpub01\/index.php?rest_route=\/wp\/v2\/product\/338","targetHints":{"allow":["GET"]}}],"collection":[{"href":"https:\/\/gicd.inf.um.es\/csidpub\/gpub01\/index.php?rest_route=\/wp\/v2\/product"}],"about":[{"href":"https:\/\/gicd.inf.um.es\/csidpub\/gpub01\/index.php?rest_route=\/wp\/v2\/types\/product"}],"replies":[{"embeddable":true,"href":"https:\/\/gicd.inf.um.es\/csidpub\/gpub01\/index.php?rest_route=%2Fwp%2Fv2%2Fcomments&post=338"}],"wp:featuredmedia":[{"embeddable":true,"href":"https:\/\/gicd.inf.um.es\/csidpub\/gpub01\/index.php?rest_route=\/wp\/v2\/media\/288"}],"wp:attachment":[{"href":"https:\/\/gicd.inf.um.es\/csidpub\/gpub01\/index.php?rest_route=%2Fwp%2Fv2%2Fmedia&parent=338"}],"wp:term":[{"taxonomy":"product_brand","embeddable":true,"href":"https:\/\/gicd.inf.um.es\/csidpub\/gpub01\/index.php?rest_route=%2Fwp%2Fv2%2Fproduct_brand&post=338"},{"taxonomy":"product_cat","embeddable":true,"href":"https:\/\/gicd.inf.um.es\/csidpub\/gpub01\/index.php?rest_route=%2Fwp%2Fv2%2Fproduct_cat&post=338"},{"taxonomy":"product_tag","embeddable":true,"href":"https:\/\/gicd.inf.um.es\/csidpub\/gpub01\/index.php?rest_route=%2Fwp%2Fv2%2Fproduct_tag&post=338"}],"curies":[{"name":"wp","href":"https:\/\/api.w.org\/{rel}","templated":true}]}}