{"id":86,"date":"2026-04-13T10:09:59","date_gmt":"2026-04-13T08:09:59","guid":{"rendered":"https:\/\/gicd.inf.um.es\/csidpub\/gpub12\/?page_id=86"},"modified":"2026-04-15T19:45:41","modified_gmt":"2026-04-15T17:45:41","slug":"historias-de-los-personajes","status":"publish","type":"page","link":"https:\/\/gicd.inf.um.es\/csidpub\/gpub12\/historias-de-los-personajes\/","title":{"rendered":"Personajes"},"content":{"rendered":"\n<p>Las historias en las que se basan los personajes de <strong>Enredados<\/strong> provienen de un cuento tradicional alem\u00e1n recopilado por los hermanos Grimm, <strong>Jacob Grimm<\/strong> y <strong>Wilhelm Grimm<\/strong>. A diferencia de la versi\u00f3n de Disney, el relato original es mucho m\u00e1s oscuro y simb\u00f3lico, y presenta personajes con matices m\u00e1s duros y realistas.<\/p>\n\n\n\n\n\n\n\n<div class=\"wp-block-columns is-layout-flex wp-container-core-columns-is-layout-9d6595d7 wp-block-columns-is-layout-flex\">\n<div class=\"wp-block-column is-layout-flow wp-block-column-is-layout-flow\"><\/div>\n<\/div>\n\n\n\n\n\n\n\n\n\n\n\n\n\n\n","protected":false},"excerpt":{"rendered":"<p>Las historias en las que se basan los personajes de Enredados provienen de un cuento tradicional alem\u00e1n recopilado por los hermanos Grimm, Jacob Grimm y Wilhelm Grimm. A diferencia de la versi\u00f3n de Disney, el relato original es mucho m\u00e1s oscuro y simb\u00f3lico, y presenta personajes con matices m\u00e1s duros y realistas.<\/p>\n","protected":false},"author":3,"featured_media":0,"parent":0,"menu_order":0,"comment_status":"closed","ping_status":"closed","template":"","meta":{"saved_in_kubio":true,"footnotes":""},"class_list":["post-86","page","type-page","status-publish","hentry"],"kubio_ai_page_context":{"short_desc":"","purpose":"general"},"_links":{"self":[{"href":"https:\/\/gicd.inf.um.es\/csidpub\/gpub12\/wp-json\/wp\/v2\/pages\/86","targetHints":{"allow":["GET"]}}],"collection":[{"href":"https:\/\/gicd.inf.um.es\/csidpub\/gpub12\/wp-json\/wp\/v2\/pages"}],"about":[{"href":"https:\/\/gicd.inf.um.es\/csidpub\/gpub12\/wp-json\/wp\/v2\/types\/page"}],"author":[{"embeddable":true,"href":"https:\/\/gicd.inf.um.es\/csidpub\/gpub12\/wp-json\/wp\/v2\/users\/3"}],"replies":[{"embeddable":true,"href":"https:\/\/gicd.inf.um.es\/csidpub\/gpub12\/wp-json\/wp\/v2\/comments?post=86"}],"version-history":[{"count":10,"href":"https:\/\/gicd.inf.um.es\/csidpub\/gpub12\/wp-json\/wp\/v2\/pages\/86\/revisions"}],"predecessor-version":[{"id":251,"href":"https:\/\/gicd.inf.um.es\/csidpub\/gpub12\/wp-json\/wp\/v2\/pages\/86\/revisions\/251"}],"wp:attachment":[{"href":"https:\/\/gicd.inf.um.es\/csidpub\/gpub12\/wp-json\/wp\/v2\/media?parent=86"}],"curies":[{"name":"wp","href":"https:\/\/api.w.org\/{rel}","templated":true}]}}