{"id":313,"date":"2025-11-19T12:10:00","date_gmt":"2025-11-19T11:10:00","guid":{"rendered":"https:\/\/gicd.inf.um.es\/csidpub\/usuario06\/?page_id=313"},"modified":"2025-11-22T12:34:11","modified_gmt":"2025-11-22T11:34:11","slug":"actividad-1","status":"publish","type":"page","link":"https:\/\/gicd.inf.um.es\/csidpub\/usuario06\/actividad-1\/","title":{"rendered":"Pel\u00edculas"},"content":{"rendered":"\n<p>Bienvenid@ a este espacio donde podr\u00e1s encontrar las 10 mejores pel\u00edculas de cada categor\u00eda, seleccionadas tomando de referencia los rankings de Sensacine, Filmaffinity y Fotogramas, combinados con un toque inevitablemente subjetivo de su autora.<\/p>\n\n\n\n<div style=\"height:50px\" aria-hidden=\"true\" class=\"wp-block-spacer\"><\/div>\n\n\n\n<h2 class=\"wp-block-heading\">\u00bfQu\u00e9 encontrar\u00e1s?<\/h2>\n\n\n\n<p>En cada entrada encontrar\u00e1s todo lo que necesitas saber sobre cada pel\u00edcula: una sinopsis detallada, una galer\u00eda de im\u00e1genes seleccionadas, el tr\u00e1iler en castellano, el elenco principal, premios destacados y enlaces que muestran d\u00f3nde ver la pel\u00edcula actualmente. Las categor\u00edas son:<\/p>\n\n\n\n<div style=\"height:30px\" aria-hidden=\"true\" class=\"wp-block-spacer\"><\/div>\n\n\n\n<div class=\"wp-block-query is-layout-flow wp-block-query-is-layout-flow\"><ul class=\"columns-2 wp-block-post-template is-layout-grid wp-container-core-post-template-is-layout-17361a50 wp-block-post-template-is-layout-grid\"><li class=\"wp-block-post post-558 post type-post status-publish format-standard has-post-thumbnail hentry category-ciencia-ficcion category-suspense category-tragedia tag-bucles-temporales tag-desapariciones tag-viajes-en-el-tiempo\">\n\n<div class=\"wp-block-group bs-blog-post\"><div class=\"wp-block-group__inner-container is-layout-constrained wp-block-group-is-layout-constrained\"><figure class=\"wp-block-post-featured-image\"><img loading=\"lazy\" decoding=\"async\" width=\"1920\" height=\"1080\" src=\"https:\/\/gicd.inf.um.es\/csidpub\/usuario06\/wp-content\/uploads\/2025\/12\/poster-dark.jpg\" class=\"attachment-post-thumbnail size-post-thumbnail wp-post-image\" alt=\"poster dark\" style=\"object-fit:cover;\" srcset=\"https:\/\/gicd.inf.um.es\/csidpub\/usuario06\/wp-content\/uploads\/2025\/12\/poster-dark.jpg 1920w, https:\/\/gicd.inf.um.es\/csidpub\/usuario06\/wp-content\/uploads\/2025\/12\/poster-dark-300x169.jpg 300w, https:\/\/gicd.inf.um.es\/csidpub\/usuario06\/wp-content\/uploads\/2025\/12\/poster-dark-1024x576.jpg 1024w, https:\/\/gicd.inf.um.es\/csidpub\/usuario06\/wp-content\/uploads\/2025\/12\/poster-dark-768x432.jpg 768w, https:\/\/gicd.inf.um.es\/csidpub\/usuario06\/wp-content\/uploads\/2025\/12\/poster-dark-1536x864.jpg 1536w, https:\/\/gicd.inf.um.es\/csidpub\/usuario06\/wp-content\/uploads\/2025\/12\/poster-dark-1280x720.jpg 1280w\" sizes=\"auto, (max-width: 1920px) 100vw, 1920px\" \/><\/figure>\n\n\n<div class=\"wp-block-group small\"><div class=\"wp-block-group__inner-container is-layout-constrained wp-block-group-is-layout-constrained\"><div class=\"taxonomy-category wp-block-post-terms\"><a href=\"https:\/\/gicd.inf.um.es\/csidpub\/usuario06\/category\/ciencia-ficcion\/\" rel=\"tag\">Ciencia ficci\u00f3n<\/a><span class=\"wp-block-post-terms__separator\">, <\/span><a href=\"https:\/\/gicd.inf.um.es\/csidpub\/usuario06\/category\/suspense\/\" rel=\"tag\">Suspense<\/a><span class=\"wp-block-post-terms__separator\">, <\/span><a href=\"https:\/\/gicd.inf.um.es\/csidpub\/usuario06\/category\/tragedia\/\" rel=\"tag\">Tragedia<\/a><\/div>\n\n<h2 class=\"wp-block-post-title\"><a href=\"https:\/\/gicd.inf.um.es\/csidpub\/usuario06\/the-dark\/\" target=\"_self\" >The Dark<\/a><\/h2>\n\n<div class=\"wp-block-post-excerpt\"><p class=\"wp-block-post-excerpt__excerpt\">Tras la desaparici\u00f3n de un ni\u00f1o, cuatro familias desesperadas tratan de entender lo ocurrido a medida que van desvelando un retorcido misterio que abarca tres d\u00e9cadas. <\/p><\/div><\/div><\/div>\n\n\n\n<div style=\"height:30px\" aria-hidden=\"true\" class=\"wp-block-spacer\"><\/div>\n<\/div><\/div>\n\n<\/li><li class=\"wp-block-post post-561 post type-post status-publish format-standard has-post-thumbnail hentry category-drama category-ciencia-ficcion category-terror tag-distopia tag-nuevas-tecnologias\">\n\n<div class=\"wp-block-group bs-blog-post\"><div class=\"wp-block-group__inner-container is-layout-constrained wp-block-group-is-layout-constrained\"><figure class=\"wp-block-post-featured-image\"><img loading=\"lazy\" decoding=\"async\" width=\"1920\" height=\"1080\" src=\"https:\/\/gicd.inf.um.es\/csidpub\/usuario06\/wp-content\/uploads\/2025\/12\/poster-black-mirror.jpg\" class=\"attachment-post-thumbnail size-post-thumbnail wp-post-image\" alt=\"poster black mirror\" style=\"object-fit:cover;\" srcset=\"https:\/\/gicd.inf.um.es\/csidpub\/usuario06\/wp-content\/uploads\/2025\/12\/poster-black-mirror.jpg 1920w, https:\/\/gicd.inf.um.es\/csidpub\/usuario06\/wp-content\/uploads\/2025\/12\/poster-black-mirror-300x169.jpg 300w, https:\/\/gicd.inf.um.es\/csidpub\/usuario06\/wp-content\/uploads\/2025\/12\/poster-black-mirror-1024x576.jpg 1024w, https:\/\/gicd.inf.um.es\/csidpub\/usuario06\/wp-content\/uploads\/2025\/12\/poster-black-mirror-768x432.jpg 768w, https:\/\/gicd.inf.um.es\/csidpub\/usuario06\/wp-content\/uploads\/2025\/12\/poster-black-mirror-1536x864.jpg 1536w, https:\/\/gicd.inf.um.es\/csidpub\/usuario06\/wp-content\/uploads\/2025\/12\/poster-black-mirror-1280x720.jpg 1280w\" sizes=\"auto, (max-width: 1920px) 100vw, 1920px\" \/><\/figure>\n\n\n<div class=\"wp-block-group small\"><div class=\"wp-block-group__inner-container is-layout-constrained wp-block-group-is-layout-constrained\"><div class=\"taxonomy-category wp-block-post-terms\"><a href=\"https:\/\/gicd.inf.um.es\/csidpub\/usuario06\/category\/drama\/\" rel=\"tag\">Drama<\/a><span class=\"wp-block-post-terms__separator\">, <\/span><a href=\"https:\/\/gicd.inf.um.es\/csidpub\/usuario06\/category\/ciencia-ficcion\/\" rel=\"tag\">Ciencia ficci\u00f3n<\/a><span class=\"wp-block-post-terms__separator\">, <\/span><a href=\"https:\/\/gicd.inf.um.es\/csidpub\/usuario06\/category\/terror\/\" rel=\"tag\">Terror<\/a><\/div>\n\n<h2 class=\"wp-block-post-title\"><a href=\"https:\/\/gicd.inf.um.es\/csidpub\/usuario06\/black-mirror\/\" target=\"_self\" >Black Mirror<\/a><\/h2>\n\n<div class=\"wp-block-post-excerpt\"><p class=\"wp-block-post-excerpt__excerpt\">Black Mirror narra las historias m\u00e1s retorcidas pueblan esta alucinante serie antol\u00f3gica que muestra los peores rasgos de la humanidad, sus mayores innovaciones y mucho m\u00e1s.\u200b <\/p><\/div><\/div><\/div>\n\n\n\n<div style=\"height:30px\" aria-hidden=\"true\" class=\"wp-block-spacer\"><\/div>\n<\/div><\/div>\n\n<\/li><li class=\"wp-block-post post-360 post type-post status-publish format-standard has-post-thumbnail hentry category-drama category-musical tag-biografico tag-fama tag-identidad\">\n\n<div class=\"wp-block-group bs-blog-post\"><div class=\"wp-block-group__inner-container is-layout-constrained wp-block-group-is-layout-constrained\"><figure class=\"wp-block-post-featured-image\"><img loading=\"lazy\" decoding=\"async\" width=\"1920\" height=\"1080\" src=\"https:\/\/gicd.inf.um.es\/csidpub\/usuario06\/wp-content\/uploads\/2025\/11\/bohemianrhapsody-poster.jpg\" class=\"attachment-post-thumbnail size-post-thumbnail wp-post-image\" alt=\"bohemianrhapsody-poster\" style=\"object-fit:cover;\" srcset=\"https:\/\/gicd.inf.um.es\/csidpub\/usuario06\/wp-content\/uploads\/2025\/11\/bohemianrhapsody-poster.jpg 1920w, https:\/\/gicd.inf.um.es\/csidpub\/usuario06\/wp-content\/uploads\/2025\/11\/bohemianrhapsody-poster-300x169.jpg 300w, https:\/\/gicd.inf.um.es\/csidpub\/usuario06\/wp-content\/uploads\/2025\/11\/bohemianrhapsody-poster-1024x576.jpg 1024w, https:\/\/gicd.inf.um.es\/csidpub\/usuario06\/wp-content\/uploads\/2025\/11\/bohemianrhapsody-poster-768x432.jpg 768w, https:\/\/gicd.inf.um.es\/csidpub\/usuario06\/wp-content\/uploads\/2025\/11\/bohemianrhapsody-poster-1536x864.jpg 1536w, https:\/\/gicd.inf.um.es\/csidpub\/usuario06\/wp-content\/uploads\/2025\/11\/bohemianrhapsody-poster-1280x720.jpg 1280w\" sizes=\"auto, (max-width: 1920px) 100vw, 1920px\" \/><\/figure>\n\n\n<div class=\"wp-block-group small\"><div class=\"wp-block-group__inner-container is-layout-constrained wp-block-group-is-layout-constrained\"><div class=\"taxonomy-category wp-block-post-terms\"><a href=\"https:\/\/gicd.inf.um.es\/csidpub\/usuario06\/category\/drama\/\" rel=\"tag\">Drama<\/a><span class=\"wp-block-post-terms__separator\">, <\/span><a href=\"https:\/\/gicd.inf.um.es\/csidpub\/usuario06\/category\/musical\/\" rel=\"tag\">Musical<\/a><\/div>\n\n<h2 class=\"wp-block-post-title\"><a href=\"https:\/\/gicd.inf.um.es\/csidpub\/usuario06\/documental\/\" target=\"_self\" >Documental<\/a><\/h2>\n\n<div class=\"wp-block-post-excerpt\"><p class=\"wp-block-post-excerpt__excerpt\">La vida de Freddie Mercury, desde la b\u00fasqueda de su voz hasta el momento que lo convirti\u00f3 en leyenda. <\/p><\/div><\/div><\/div>\n\n\n\n<div style=\"height:30px\" aria-hidden=\"true\" class=\"wp-block-spacer\"><\/div>\n<\/div><\/div>\n\n<\/li><li class=\"wp-block-post post-358 post type-post status-publish format-standard has-post-thumbnail hentry category-drama category-romance tag-amor-eterno tag-diferencias-sociales tag-recuerdos\">\n\n<div class=\"wp-block-group bs-blog-post\"><div class=\"wp-block-group__inner-container is-layout-constrained wp-block-group-is-layout-constrained\"><figure class=\"wp-block-post-featured-image\"><img loading=\"lazy\" decoding=\"async\" width=\"736\" height=\"414\" src=\"https:\/\/gicd.inf.um.es\/csidpub\/usuario06\/wp-content\/uploads\/2025\/11\/eddn-poster.jpg\" class=\"attachment-post-thumbnail size-post-thumbnail wp-post-image\" alt=\"eddn-poster\" style=\"object-fit:cover;\" srcset=\"https:\/\/gicd.inf.um.es\/csidpub\/usuario06\/wp-content\/uploads\/2025\/11\/eddn-poster.jpg 736w, https:\/\/gicd.inf.um.es\/csidpub\/usuario06\/wp-content\/uploads\/2025\/11\/eddn-poster-300x169.jpg 300w\" sizes=\"auto, (max-width: 736px) 100vw, 736px\" \/><\/figure>\n\n\n<div class=\"wp-block-group small\"><div class=\"wp-block-group__inner-container is-layout-constrained wp-block-group-is-layout-constrained\"><div class=\"taxonomy-category wp-block-post-terms\"><a href=\"https:\/\/gicd.inf.um.es\/csidpub\/usuario06\/category\/drama\/\" rel=\"tag\">Drama<\/a><span class=\"wp-block-post-terms__separator\">, <\/span><a href=\"https:\/\/gicd.inf.um.es\/csidpub\/usuario06\/category\/romance\/\" rel=\"tag\">Romance<\/a><\/div>\n\n<h2 class=\"wp-block-post-title\"><a href=\"https:\/\/gicd.inf.um.es\/csidpub\/usuario06\/romance\/\" target=\"_self\" >Romance<\/a><\/h2>\n\n<div class=\"wp-block-post-excerpt\"><p class=\"wp-block-post-excerpt__excerpt\">Una historia que demuestra que el amor verdadero resiste al tiempo, a la distancia y hasta al olvido. <\/p><\/div><\/div><\/div>\n\n\n\n<div style=\"height:30px\" aria-hidden=\"true\" class=\"wp-block-spacer\"><\/div>\n<\/div><\/div>\n\n<\/li><li class=\"wp-block-post post-356 post type-post status-publish format-standard has-post-thumbnail hentry category-drama category-musical category-romance tag-ambicion tag-arte tag-suenos\">\n\n<div class=\"wp-block-group bs-blog-post\"><div class=\"wp-block-group__inner-container is-layout-constrained wp-block-group-is-layout-constrained\"><figure class=\"wp-block-post-featured-image\"><img loading=\"lazy\" decoding=\"async\" width=\"1920\" height=\"1080\" src=\"https:\/\/gicd.inf.um.es\/csidpub\/usuario06\/wp-content\/uploads\/2025\/11\/lalaland-poster.jpg\" class=\"attachment-post-thumbnail size-post-thumbnail wp-post-image\" alt=\"lalaland-poster\" style=\"object-fit:cover;\" srcset=\"https:\/\/gicd.inf.um.es\/csidpub\/usuario06\/wp-content\/uploads\/2025\/11\/lalaland-poster.jpg 1920w, https:\/\/gicd.inf.um.es\/csidpub\/usuario06\/wp-content\/uploads\/2025\/11\/lalaland-poster-300x169.jpg 300w, https:\/\/gicd.inf.um.es\/csidpub\/usuario06\/wp-content\/uploads\/2025\/11\/lalaland-poster-1024x576.jpg 1024w, https:\/\/gicd.inf.um.es\/csidpub\/usuario06\/wp-content\/uploads\/2025\/11\/lalaland-poster-768x432.jpg 768w, https:\/\/gicd.inf.um.es\/csidpub\/usuario06\/wp-content\/uploads\/2025\/11\/lalaland-poster-1536x864.jpg 1536w, https:\/\/gicd.inf.um.es\/csidpub\/usuario06\/wp-content\/uploads\/2025\/11\/lalaland-poster-1280x720.jpg 1280w\" sizes=\"auto, (max-width: 1920px) 100vw, 1920px\" \/><\/figure>\n\n\n<div class=\"wp-block-group small\"><div class=\"wp-block-group__inner-container is-layout-constrained wp-block-group-is-layout-constrained\"><div class=\"taxonomy-category wp-block-post-terms\"><a href=\"https:\/\/gicd.inf.um.es\/csidpub\/usuario06\/category\/drama\/\" rel=\"tag\">Drama<\/a><span class=\"wp-block-post-terms__separator\">, <\/span><a href=\"https:\/\/gicd.inf.um.es\/csidpub\/usuario06\/category\/musical\/\" rel=\"tag\">Musical<\/a><span class=\"wp-block-post-terms__separator\">, <\/span><a href=\"https:\/\/gicd.inf.um.es\/csidpub\/usuario06\/category\/romance\/\" rel=\"tag\">Romance<\/a><\/div>\n\n<h2 class=\"wp-block-post-title\"><a href=\"https:\/\/gicd.inf.um.es\/csidpub\/usuario06\/musical\/\" target=\"_self\" >Musical<\/a><\/h2>\n\n<div class=\"wp-block-post-excerpt\"><p class=\"wp-block-post-excerpt__excerpt\">Dos artistas luchan por alcanzar sus sue\u00f1os mientras descubren el inevitable conflicto entre el amor y la ambici\u00f3n. <\/p><\/div><\/div><\/div>\n\n\n\n<div style=\"height:30px\" aria-hidden=\"true\" class=\"wp-block-spacer\"><\/div>\n<\/div><\/div>\n\n<\/li><li class=\"wp-block-post post-354 post type-post status-publish format-standard has-post-thumbnail hentry category-aventuras category-ciencia-ficcion category-familiar tag-amistad tag-extraterrestres tag-infancia\">\n\n<div class=\"wp-block-group bs-blog-post\"><div class=\"wp-block-group__inner-container is-layout-constrained wp-block-group-is-layout-constrained\"><figure class=\"wp-block-post-featured-image\"><img loading=\"lazy\" decoding=\"async\" width=\"1200\" height=\"675\" src=\"https:\/\/gicd.inf.um.es\/csidpub\/usuario06\/wp-content\/uploads\/2025\/11\/et-poster.jpg\" class=\"attachment-post-thumbnail size-post-thumbnail wp-post-image\" alt=\"et-poster\" style=\"object-fit:cover;\" srcset=\"https:\/\/gicd.inf.um.es\/csidpub\/usuario06\/wp-content\/uploads\/2025\/11\/et-poster.jpg 1200w, https:\/\/gicd.inf.um.es\/csidpub\/usuario06\/wp-content\/uploads\/2025\/11\/et-poster-300x169.jpg 300w, https:\/\/gicd.inf.um.es\/csidpub\/usuario06\/wp-content\/uploads\/2025\/11\/et-poster-1024x576.jpg 1024w, https:\/\/gicd.inf.um.es\/csidpub\/usuario06\/wp-content\/uploads\/2025\/11\/et-poster-768x432.jpg 768w\" sizes=\"auto, (max-width: 1200px) 100vw, 1200px\" \/><\/figure>\n\n\n<div class=\"wp-block-group small\"><div class=\"wp-block-group__inner-container is-layout-constrained wp-block-group-is-layout-constrained\"><div class=\"taxonomy-category wp-block-post-terms\"><a href=\"https:\/\/gicd.inf.um.es\/csidpub\/usuario06\/category\/aventuras\/\" rel=\"tag\">Aventuras<\/a><span class=\"wp-block-post-terms__separator\">, <\/span><a href=\"https:\/\/gicd.inf.um.es\/csidpub\/usuario06\/category\/ciencia-ficcion\/\" rel=\"tag\">Ciencia ficci\u00f3n<\/a><span class=\"wp-block-post-terms__separator\">, <\/span><a href=\"https:\/\/gicd.inf.um.es\/csidpub\/usuario06\/category\/familiar\/\" rel=\"tag\">Familiar<\/a><\/div>\n\n<h2 class=\"wp-block-post-title\"><a href=\"https:\/\/gicd.inf.um.es\/csidpub\/usuario06\/fantasia\/\" target=\"_self\" >Fantas\u00eda<\/a><\/h2>\n\n<div class=\"wp-block-post-excerpt\"><p class=\"wp-block-post-excerpt__excerpt\">Un ni\u00f1o crea una amistad inolvidable con un extraterrestre perdido y hace todo lo posible para ayudarlo a regresar a casa. <\/p><\/div><\/div><\/div>\n\n\n\n<div style=\"height:30px\" aria-hidden=\"true\" class=\"wp-block-spacer\"><\/div>\n<\/div><\/div>\n\n<\/li><li class=\"wp-block-post post-352 post type-post status-publish format-standard has-post-thumbnail hentry category-drama tag-amistad tag-carcelario\">\n\n<div class=\"wp-block-group bs-blog-post\"><div class=\"wp-block-group__inner-container is-layout-constrained wp-block-group-is-layout-constrained\"><figure class=\"wp-block-post-featured-image\"><img loading=\"lazy\" decoding=\"async\" width=\"1200\" height=\"675\" src=\"https:\/\/gicd.inf.um.es\/csidpub\/usuario06\/wp-content\/uploads\/2025\/11\/cadenaperpetua-poster-1.jpg\" class=\"attachment-post-thumbnail size-post-thumbnail wp-post-image\" alt=\"cadenaperpetua-poster\" style=\"object-fit:cover;\" srcset=\"https:\/\/gicd.inf.um.es\/csidpub\/usuario06\/wp-content\/uploads\/2025\/11\/cadenaperpetua-poster-1.jpg 1200w, https:\/\/gicd.inf.um.es\/csidpub\/usuario06\/wp-content\/uploads\/2025\/11\/cadenaperpetua-poster-1-300x169.jpg 300w, https:\/\/gicd.inf.um.es\/csidpub\/usuario06\/wp-content\/uploads\/2025\/11\/cadenaperpetua-poster-1-1024x576.jpg 1024w, https:\/\/gicd.inf.um.es\/csidpub\/usuario06\/wp-content\/uploads\/2025\/11\/cadenaperpetua-poster-1-768x432.jpg 768w\" sizes=\"auto, (max-width: 1200px) 100vw, 1200px\" \/><\/figure>\n\n\n<div class=\"wp-block-group small\"><div class=\"wp-block-group__inner-container is-layout-constrained wp-block-group-is-layout-constrained\"><div class=\"taxonomy-category wp-block-post-terms\"><a href=\"https:\/\/gicd.inf.um.es\/csidpub\/usuario06\/category\/drama\/\" rel=\"tag\">Drama<\/a><\/div>\n\n<h2 class=\"wp-block-post-title\"><a href=\"https:\/\/gicd.inf.um.es\/csidpub\/usuario06\/drama\/\" target=\"_self\" >Drama<\/a><\/h2>\n\n<div class=\"wp-block-post-excerpt\"><p class=\"wp-block-post-excerpt__excerpt\">Un hombre encarcelado injustamente encuentra resiliencia y amistad mientras teje un plan que cambiar\u00e1 su destino. <\/p><\/div><\/div><\/div>\n\n\n\n<div style=\"height:30px\" aria-hidden=\"true\" class=\"wp-block-spacer\"><\/div>\n<\/div><\/div>\n\n<\/li><li class=\"wp-block-post post-349 post type-post status-publish format-standard has-post-thumbnail hentry category-psicologico category-terror tag-aislamiento tag-suspense tag-violencia\">\n\n<div class=\"wp-block-group bs-blog-post\"><div class=\"wp-block-group__inner-container is-layout-constrained wp-block-group-is-layout-constrained\"><figure class=\"wp-block-post-featured-image\"><img loading=\"lazy\" decoding=\"async\" width=\"718\" height=\"404\" src=\"https:\/\/gicd.inf.um.es\/csidpub\/usuario06\/wp-content\/uploads\/2025\/11\/elresplandor-poster-1.jpg\" class=\"attachment-post-thumbnail size-post-thumbnail wp-post-image\" alt=\"elresplandor-poster\" style=\"object-fit:cover;\" srcset=\"https:\/\/gicd.inf.um.es\/csidpub\/usuario06\/wp-content\/uploads\/2025\/11\/elresplandor-poster-1.jpg 718w, https:\/\/gicd.inf.um.es\/csidpub\/usuario06\/wp-content\/uploads\/2025\/11\/elresplandor-poster-1-300x169.jpg 300w\" sizes=\"auto, (max-width: 718px) 100vw, 718px\" \/><\/figure>\n\n\n<div class=\"wp-block-group small\"><div class=\"wp-block-group__inner-container is-layout-constrained wp-block-group-is-layout-constrained\"><div class=\"taxonomy-category wp-block-post-terms\"><a href=\"https:\/\/gicd.inf.um.es\/csidpub\/usuario06\/category\/psicologico\/\" rel=\"tag\">Psicol\u00f3gico<\/a><span class=\"wp-block-post-terms__separator\">, <\/span><a href=\"https:\/\/gicd.inf.um.es\/csidpub\/usuario06\/category\/terror\/\" rel=\"tag\">Terror<\/a><\/div>\n\n<h2 class=\"wp-block-post-title\"><a href=\"https:\/\/gicd.inf.um.es\/csidpub\/usuario06\/terror\/\" target=\"_self\" >Terror<\/a><\/h2>\n\n<div class=\"wp-block-post-excerpt\"><p class=\"wp-block-post-excerpt__excerpt\">Un hotel aislado consume lentamente la mente de un padre, convirti\u00e9ndolo en una amenaza aterradora para su propia familia. <\/p><\/div><\/div><\/div>\n\n\n\n<div style=\"height:30px\" aria-hidden=\"true\" class=\"wp-block-spacer\"><\/div>\n<\/div><\/div>\n\n<\/li><li class=\"wp-block-post post-342 post type-post status-publish format-standard has-post-thumbnail hentry category-animacion category-aventuras category-fantastico tag-amistad tag-bien-vs-mal tag-magia tag-viaje-heroico\">\n\n<div class=\"wp-block-group bs-blog-post\"><div class=\"wp-block-group__inner-container is-layout-constrained wp-block-group-is-layout-constrained\"><figure class=\"wp-block-post-featured-image\"><img loading=\"lazy\" decoding=\"async\" width=\"835\" height=\"464\" src=\"https:\/\/gicd.inf.um.es\/csidpub\/usuario06\/wp-content\/uploads\/2025\/11\/evdc-poster.jpg\" class=\"attachment-post-thumbnail size-post-thumbnail wp-post-image\" alt=\"evdc-poster\" style=\"object-fit:cover;\" srcset=\"https:\/\/gicd.inf.um.es\/csidpub\/usuario06\/wp-content\/uploads\/2025\/11\/evdc-poster.jpg 835w, https:\/\/gicd.inf.um.es\/csidpub\/usuario06\/wp-content\/uploads\/2025\/11\/evdc-poster-300x167.jpg 300w, https:\/\/gicd.inf.um.es\/csidpub\/usuario06\/wp-content\/uploads\/2025\/11\/evdc-poster-768x427.jpg 768w\" sizes=\"auto, (max-width: 835px) 100vw, 835px\" \/><\/figure>\n\n\n<div class=\"wp-block-group small\"><div class=\"wp-block-group__inner-container is-layout-constrained wp-block-group-is-layout-constrained\"><div class=\"taxonomy-category wp-block-post-terms\"><a href=\"https:\/\/gicd.inf.um.es\/csidpub\/usuario06\/category\/animacion\/\" rel=\"tag\">Animaci\u00f3n<\/a><span class=\"wp-block-post-terms__separator\">, <\/span><a href=\"https:\/\/gicd.inf.um.es\/csidpub\/usuario06\/category\/aventuras\/\" rel=\"tag\">Aventuras<\/a><span class=\"wp-block-post-terms__separator\">, <\/span><a href=\"https:\/\/gicd.inf.um.es\/csidpub\/usuario06\/category\/fantastico\/\" rel=\"tag\">Fant\u00e1stico<\/a><\/div>\n\n<h2 class=\"wp-block-post-title\"><a href=\"https:\/\/gicd.inf.um.es\/csidpub\/usuario06\/animacion\/\" target=\"_self\" >Animaci\u00f3n<\/a><\/h2>\n\n<div class=\"wp-block-post-excerpt\"><p class=\"wp-block-post-excerpt__excerpt\">Una ni\u00f1a atrapada en un mundo de esp\u00edritus deber\u00e1 encontrar su fuerza interior para salvar a sus padres y volver al mundo humano. <\/p><\/div><\/div><\/div>\n\n\n\n<div style=\"height:30px\" aria-hidden=\"true\" class=\"wp-block-spacer\"><\/div>\n<\/div><\/div>\n\n<\/li><li class=\"wp-block-post post-340 post type-post status-publish format-standard has-post-thumbnail hentry category-accion category-ciencia-ficcion tag-inteligencia-artificial tag-rebelion tag-simulacion\">\n\n<div class=\"wp-block-group bs-blog-post\"><div class=\"wp-block-group__inner-container is-layout-constrained wp-block-group-is-layout-constrained\"><figure class=\"wp-block-post-featured-image\"><img loading=\"lazy\" decoding=\"async\" width=\"1048\" height=\"590\" src=\"https:\/\/gicd.inf.um.es\/csidpub\/usuario06\/wp-content\/uploads\/2025\/11\/matrix-poster-1.jpg\" class=\"attachment-post-thumbnail size-post-thumbnail wp-post-image\" alt=\"matrix-poster\" style=\"object-fit:cover;\" srcset=\"https:\/\/gicd.inf.um.es\/csidpub\/usuario06\/wp-content\/uploads\/2025\/11\/matrix-poster-1.jpg 1048w, https:\/\/gicd.inf.um.es\/csidpub\/usuario06\/wp-content\/uploads\/2025\/11\/matrix-poster-1-300x169.jpg 300w, https:\/\/gicd.inf.um.es\/csidpub\/usuario06\/wp-content\/uploads\/2025\/11\/matrix-poster-1-1024x576.jpg 1024w, https:\/\/gicd.inf.um.es\/csidpub\/usuario06\/wp-content\/uploads\/2025\/11\/matrix-poster-1-768x432.jpg 768w\" sizes=\"auto, (max-width: 1048px) 100vw, 1048px\" \/><\/figure>\n\n\n<div class=\"wp-block-group small\"><div class=\"wp-block-group__inner-container is-layout-constrained wp-block-group-is-layout-constrained\"><div class=\"taxonomy-category wp-block-post-terms\"><a href=\"https:\/\/gicd.inf.um.es\/csidpub\/usuario06\/category\/accion\/\" rel=\"tag\">Acci\u00f3n<\/a><span class=\"wp-block-post-terms__separator\">, <\/span><a href=\"https:\/\/gicd.inf.um.es\/csidpub\/usuario06\/category\/ciencia-ficcion\/\" rel=\"tag\">Ciencia ficci\u00f3n<\/a><\/div>\n\n<h2 class=\"wp-block-post-title\"><a href=\"https:\/\/gicd.inf.um.es\/csidpub\/usuario06\/ciencia-ficcion\/\" target=\"_self\" >Ciencia ficci\u00f3n<\/a><\/h2>\n\n<div class=\"wp-block-post-excerpt\"><p class=\"wp-block-post-excerpt__excerpt\">Un hacker descubre que el mundo es una ilusi\u00f3n digital y se une a una rebeli\u00f3n para liberar a la humanidad de su prisi\u00f3n artificial. <\/p><\/div><\/div><\/div>\n\n\n\n<div style=\"height:30px\" aria-hidden=\"true\" class=\"wp-block-spacer\"><\/div>\n<\/div><\/div>\n\n<\/li><\/ul><\/div>\n\n\n\n<p>El objetivo de esta p\u00e1gina es ayudarte a descubrir historias que dejan huella, ya sea por su historia, su guion, su m\u00fasica o simplemente porque te haga sentir algo especial. Si alguna pel\u00edcula te sorprende en la lista, recuerda que tambi\u00e9n cuenta mi criterio personal. Si quieres saber m\u00e1s sobre la autora de la p\u00e1gina pincha abajo para encontrar mi perfil de Letterboxd.<\/p>\n\n\n\n<div style=\"height:30px\" aria-hidden=\"true\" class=\"wp-block-spacer\"><\/div>\n\n\n\n<div class=\"wp-block-buttons is-horizontal is-content-justification-center is-layout-flex wp-container-core-buttons-is-layout-499968f5 wp-block-buttons-is-layout-flex\">\n<div class=\"wp-block-button has-custom-width wp-block-button__width-100 is-style-outline is-style-outline--1\"><a class=\"wp-block-button__link has-black-color has-text-color has-link-color has-medium-font-size has-custom-font-size wp-element-button\" href=\"https:\/\/letterboxd.com\/mamenc\/\" rel=\"noopener\"><strong>Perfil de Letterboxd de la autora<\/strong><\/a><\/div>\n<\/div>\n","protected":false},"excerpt":{"rendered":"<p>Bienvenid@ a este espacio donde podr\u00e1s encontrar las 10 mejores pel\u00edculas de cada categor\u00eda, seleccionadas tomando de referencia los rankings de Sensacine, Filmaffinity y Fotogramas, combinados con un toque inevitablemente subjetivo de su autora. \u00bfQu\u00e9 encontrar\u00e1s? En cada entrada encontrar\u00e1s todo lo que necesitas saber sobre cada pel\u00edcula: una sinopsis detallada, una galer\u00eda de im\u00e1genes [&hellip;]<\/p>\n","protected":false},"author":1,"featured_media":0,"parent":0,"menu_order":0,"comment_status":"closed","ping_status":"closed","template":"","meta":{"pgc_sgb_lightbox_settings":"","footnotes":""},"class_list":["post-313","page","type-page","status-publish","hentry"],"_links":{"self":[{"href":"https:\/\/gicd.inf.um.es\/csidpub\/usuario06\/wp-json\/wp\/v2\/pages\/313","targetHints":{"allow":["GET"]}}],"collection":[{"href":"https:\/\/gicd.inf.um.es\/csidpub\/usuario06\/wp-json\/wp\/v2\/pages"}],"about":[{"href":"https:\/\/gicd.inf.um.es\/csidpub\/usuario06\/wp-json\/wp\/v2\/types\/page"}],"author":[{"embeddable":true,"href":"https:\/\/gicd.inf.um.es\/csidpub\/usuario06\/wp-json\/wp\/v2\/users\/1"}],"replies":[{"embeddable":true,"href":"https:\/\/gicd.inf.um.es\/csidpub\/usuario06\/wp-json\/wp\/v2\/comments?post=313"}],"version-history":[{"count":9,"href":"https:\/\/gicd.inf.um.es\/csidpub\/usuario06\/wp-json\/wp\/v2\/pages\/313\/revisions"}],"predecessor-version":[{"id":540,"href":"https:\/\/gicd.inf.um.es\/csidpub\/usuario06\/wp-json\/wp\/v2\/pages\/313\/revisions\/540"}],"wp:attachment":[{"href":"https:\/\/gicd.inf.um.es\/csidpub\/usuario06\/wp-json\/wp\/v2\/media?parent=313"}],"curies":[{"name":"wp","href":"https:\/\/api.w.org\/{rel}","templated":true}]}}