{"id":175,"date":"2025-11-17T13:53:49","date_gmt":"2025-11-17T12:53:49","guid":{"rendered":"https:\/\/gicd.inf.um.es\/csidpub\/usuario09\/?page_id=175"},"modified":"2025-11-18T19:42:30","modified_gmt":"2025-11-18T18:42:30","slug":"inicio-2","status":"publish","type":"page","link":"https:\/\/gicd.inf.um.es\/csidpub\/usuario09\/inicio-2\/","title":{"rendered":"Personajes League of Legends"},"content":{"rendered":"\n<div style=\"height:25px\" aria-hidden=\"true\" class=\"wp-block-spacer\"><\/div>\n\n\n\n<p class=\"has-medium-font-size\"><strong>En este espacio se mostrar\u00e1n algunos campeones de League of Legends, el juego MOBA m\u00e1s conocido del mundo. Clickando en el nombre de cada personaje descubrir\u00e1s su aspecto y funcionamiento dentro de La Grieta del Invocador. \u00a1Ad\u00e9ntrate en cada uno de ellos y elige a tu favorito para empezar una partida!<\/strong><\/p>\n\n\n\n<div class=\"wp-block-columns is-layout-flex wp-container-core-columns-is-layout-9d6595d7 wp-block-columns-is-layout-flex\">\n<div class=\"wp-block-column is-layout-flow wp-block-column-is-layout-flow\">\n<h1 class=\"wp-block-heading\">\u00bfQu\u00e9 es League of Legends?<\/h1>\n\n\n\n<figure class=\"wp-block-embed is-type-video is-provider-youtube wp-block-embed-youtube wp-embed-aspect-16-9 wp-has-aspect-ratio\"><div class=\"wp-block-embed__wrapper\">\n<iframe loading=\"lazy\" title=\"\u00bfQu\u00e9 es League of Legends?\" width=\"640\" height=\"360\" src=\"https:\/\/www.youtube.com\/embed\/KpxjwIaW0EM?feature=oembed\" frameborder=\"0\" allow=\"accelerometer; autoplay; clipboard-write; encrypted-media; gyroscope; picture-in-picture; web-share\" referrerpolicy=\"strict-origin-when-cross-origin\" allowfullscreen><\/iframe>\n<\/div><\/figure>\n<\/div>\n<\/div>\n\n\n\n<div style=\"height:25px\" aria-hidden=\"true\" class=\"wp-block-spacer\"><\/div>\n\n\n\n<h2 class=\"wp-block-heading has-text-align-center\">\u00bfQu\u00e9 encontrar\u00e1s en este sitio?<\/h2>\n\n\n\n<div class=\"wp-block-columns alignwide is-layout-flex wp-container-core-columns-is-layout-9d6595d7 wp-block-columns-is-layout-flex\">\n<div class=\"wp-block-column is-layout-flow wp-block-column-is-layout-flow\">\n<h3 class=\"wp-block-heading has-text-align-center\">Repertorio de campeones<\/h3>\n\n\n<div class=\"wp-block-image\">\n<figure data-wp-context=\"{&quot;imageId&quot;:&quot;69d0a2ab8c379&quot;}\" data-wp-interactive=\"core\/image\" class=\"aligncenter size-full wp-lightbox-container\"><img loading=\"lazy\" decoding=\"async\" width=\"1024\" height=\"576\" data-wp-class--hide=\"state.isContentHidden\" data-wp-class--show=\"state.isContentVisible\" data-wp-init=\"callbacks.setButtonStyles\" data-wp-on-async--click=\"actions.showLightbox\" data-wp-on-async--load=\"callbacks.setButtonStyles\" data-wp-on-async-window--resize=\"callbacks.setButtonStyles\" src=\"https:\/\/gicd.inf.um.es\/csidpub\/usuario09\/wp-content\/uploads\/2025\/11\/campeones-lol.jpg\" alt=\"\" class=\"wp-image-183\" srcset=\"https:\/\/gicd.inf.um.es\/csidpub\/usuario09\/wp-content\/uploads\/2025\/11\/campeones-lol.jpg 1024w, https:\/\/gicd.inf.um.es\/csidpub\/usuario09\/wp-content\/uploads\/2025\/11\/campeones-lol-300x169.jpg 300w, https:\/\/gicd.inf.um.es\/csidpub\/usuario09\/wp-content\/uploads\/2025\/11\/campeones-lol-768x432.jpg 768w\" sizes=\"auto, (max-width: 1024px) 100vw, 1024px\" \/><button\n\t\t\tclass=\"lightbox-trigger\"\n\t\t\ttype=\"button\"\n\t\t\taria-haspopup=\"dialog\"\n\t\t\taria-label=\"Agrandar\"\n\t\t\tdata-wp-init=\"callbacks.initTriggerButton\"\n\t\t\tdata-wp-on-async--click=\"actions.showLightbox\"\n\t\t\tdata-wp-style--right=\"state.imageButtonRight\"\n\t\t\tdata-wp-style--top=\"state.imageButtonTop\"\n\t\t>\n\t\t\t<svg xmlns=\"http:\/\/www.w3.org\/2000\/svg\" width=\"12\" height=\"12\" fill=\"none\" viewBox=\"0 0 12 12\">\n\t\t\t\t<path fill=\"#fff\" d=\"M2 0a2 2 0 0 0-2 2v2h1.5V2a.5.5 0 0 1 .5-.5h2V0H2Zm2 10.5H2a.5.5 0 0 1-.5-.5V8H0v2a2 2 0 0 0 2 2h2v-1.5ZM8 12v-1.5h2a.5.5 0 0 0 .5-.5V8H12v2a2 2 0 0 1-2 2H8Zm2-12a2 2 0 0 1 2 2v2h-1.5V2a.5.5 0 0 0-.5-.5H8V0h2Z\" \/>\n\t\t\t<\/svg>\n\t\t<\/button><\/figure><\/div>\n\n\n<div style=\"height:20px\" aria-hidden=\"true\" class=\"wp-block-spacer\"><\/div>\n\n\n\n<p class=\"has-text-align-center\">Desde nuestra p\u00e1gina podr\u00e1s investigar e indagar entre algunos de los nombres m\u00e1s sonados en este juego, analizando cu\u00e1l de ellos concuerda m\u00e1s con tu estilo y te acompa\u00f1ar\u00e1 en cada batalla<\/p>\n<\/div>\n\n\n\n<div class=\"wp-block-column is-vertically-aligned-top is-layout-flow wp-block-column-is-layout-flow\">\n<h3 class=\"wp-block-heading has-text-align-center\">Kit de habilidades<\/h3>\n\n\n<div class=\"wp-block-image\">\n<figure data-wp-context=\"{&quot;imageId&quot;:&quot;69d0a2ab8cc17&quot;}\" data-wp-interactive=\"core\/image\" class=\"aligncenter size-full is-resized wp-lightbox-container\"><img loading=\"lazy\" decoding=\"async\" width=\"268\" height=\"265\" data-wp-class--hide=\"state.isContentHidden\" data-wp-class--show=\"state.isContentVisible\" data-wp-init=\"callbacks.setButtonStyles\" data-wp-on-async--click=\"actions.showLightbox\" data-wp-on-async--load=\"callbacks.setButtonStyles\" data-wp-on-async-window--resize=\"callbacks.setButtonStyles\" src=\"https:\/\/gicd.inf.um.es\/csidpub\/usuario09\/wp-content\/uploads\/2025\/11\/habilidades-lol.jpg\" alt=\"\" class=\"wp-image-184\" style=\"width:211px;height:auto\"\/><button\n\t\t\tclass=\"lightbox-trigger\"\n\t\t\ttype=\"button\"\n\t\t\taria-haspopup=\"dialog\"\n\t\t\taria-label=\"Agrandar\"\n\t\t\tdata-wp-init=\"callbacks.initTriggerButton\"\n\t\t\tdata-wp-on-async--click=\"actions.showLightbox\"\n\t\t\tdata-wp-style--right=\"state.imageButtonRight\"\n\t\t\tdata-wp-style--top=\"state.imageButtonTop\"\n\t\t>\n\t\t\t<svg xmlns=\"http:\/\/www.w3.org\/2000\/svg\" width=\"12\" height=\"12\" fill=\"none\" viewBox=\"0 0 12 12\">\n\t\t\t\t<path fill=\"#fff\" d=\"M2 0a2 2 0 0 0-2 2v2h1.5V2a.5.5 0 0 1 .5-.5h2V0H2Zm2 10.5H2a.5.5 0 0 1-.5-.5V8H0v2a2 2 0 0 0 2 2h2v-1.5ZM8 12v-1.5h2a.5.5 0 0 0 .5-.5V8H12v2a2 2 0 0 1-2 2H8Zm2-12a2 2 0 0 1 2 2v2h-1.5V2a.5.5 0 0 0-.5-.5H8V0h2Z\" \/>\n\t\t\t<\/svg>\n\t\t<\/button><\/figure><\/div>\n\n\n<div style=\"height:20px\" aria-hidden=\"true\" class=\"wp-block-spacer\"><\/div>\n\n\n\n<p class=\"has-text-align-center\">Podr\u00e1s saber cu\u00e1les son las caracter\u00edsticas de tu campe\u00f3n y leer una breve descripci\u00f3n de cada habilidad que posee<\/p>\n<\/div>\n\n\n\n<div class=\"wp-block-column is-layout-flow wp-block-column-is-layout-flow\">\n<h3 class=\"wp-block-heading has-text-align-center\">Campe\u00f3n in-game<\/h3>\n\n\n<div class=\"wp-block-image\">\n<figure data-wp-context=\"{&quot;imageId&quot;:&quot;69d0a2ab8d3b8&quot;}\" data-wp-interactive=\"core\/image\" class=\"aligncenter size-large is-resized wp-lightbox-container\"><img loading=\"lazy\" decoding=\"async\" width=\"1024\" height=\"665\" data-wp-class--hide=\"state.isContentHidden\" data-wp-class--show=\"state.isContentVisible\" data-wp-init=\"callbacks.setButtonStyles\" data-wp-on-async--click=\"actions.showLightbox\" data-wp-on-async--load=\"callbacks.setButtonStyles\" data-wp-on-async-window--resize=\"callbacks.setButtonStyles\" src=\"https:\/\/gicd.inf.um.es\/csidpub\/usuario09\/wp-content\/uploads\/2025\/11\/partida-lol-1024x665.webp\" alt=\"\" class=\"wp-image-185\" style=\"width:326px;height:auto\" srcset=\"https:\/\/gicd.inf.um.es\/csidpub\/usuario09\/wp-content\/uploads\/2025\/11\/partida-lol-1024x665.webp 1024w, https:\/\/gicd.inf.um.es\/csidpub\/usuario09\/wp-content\/uploads\/2025\/11\/partida-lol-300x195.webp 300w, https:\/\/gicd.inf.um.es\/csidpub\/usuario09\/wp-content\/uploads\/2025\/11\/partida-lol-768x499.webp 768w, https:\/\/gicd.inf.um.es\/csidpub\/usuario09\/wp-content\/uploads\/2025\/11\/partida-lol.webp 1200w\" sizes=\"auto, (max-width: 1024px) 100vw, 1024px\" \/><button\n\t\t\tclass=\"lightbox-trigger\"\n\t\t\ttype=\"button\"\n\t\t\taria-haspopup=\"dialog\"\n\t\t\taria-label=\"Agrandar\"\n\t\t\tdata-wp-init=\"callbacks.initTriggerButton\"\n\t\t\tdata-wp-on-async--click=\"actions.showLightbox\"\n\t\t\tdata-wp-style--right=\"state.imageButtonRight\"\n\t\t\tdata-wp-style--top=\"state.imageButtonTop\"\n\t\t>\n\t\t\t<svg xmlns=\"http:\/\/www.w3.org\/2000\/svg\" width=\"12\" height=\"12\" fill=\"none\" viewBox=\"0 0 12 12\">\n\t\t\t\t<path fill=\"#fff\" d=\"M2 0a2 2 0 0 0-2 2v2h1.5V2a.5.5 0 0 1 .5-.5h2V0H2Zm2 10.5H2a.5.5 0 0 1-.5-.5V8H0v2a2 2 0 0 0 2 2h2v-1.5ZM8 12v-1.5h2a.5.5 0 0 0 .5-.5V8H12v2a2 2 0 0 1-2 2H8Zm2-12a2 2 0 0 1 2 2v2h-1.5V2a.5.5 0 0 0-.5-.5H8V0h2Z\" \/>\n\t\t\t<\/svg>\n\t\t<\/button><\/figure><\/div>\n\n\n<div style=\"height:20px\" aria-hidden=\"true\" class=\"wp-block-spacer\"><\/div>\n\n\n\n<p class=\"has-text-align-center\">Cuando hayas encontrado tu campe\u00f3n favorito puedes observar c\u00f3mo funciona en partida, aunque si no es lo que esperabas, te invitamos a repetir el proceso hasta encontrar tu personaje<\/p>\n<\/div>\n<\/div>\n\n\n\n<div style=\"height:25px\" aria-hidden=\"true\" class=\"wp-block-spacer\"><\/div>\n\n\n\n<p class=\"has-text-align-center\"><strong>Es momento de escoger, desplegando el men\u00fa de Actividad 1 podr\u00e1s observar los personajes. Tambi\u00e9n tenemos a tu disposici\u00f3n una serie de filtros por si te apetece saber caracter\u00edsticas m\u00e1s en profunidad sobre los campeones, as\u00ed como su dificultad dentro del juego o su rol. \u00a1Espero que esta gu\u00eda te sirva para elegir!<\/strong><\/p>\n\n\n\n<div class=\"wp-block-cover alignfull has-parallax\"><div class=\"wp-block-cover__image-background wp-image-194 size-full has-parallax\" style=\"background-position:50% 50%;background-image:url(https:\/\/gicd.inf.um.es\/csidpub\/usuario09\/wp-content\/uploads\/2025\/11\/subtitulo-lol.webp)\"><\/div><span aria-hidden=\"true\" class=\"wp-block-cover__background has-black-background-color has-background-dim-10 has-background-dim\"><\/span><div class=\"wp-block-cover__inner-container is-layout-constrained wp-block-cover-is-layout-constrained\">\n<p class=\"has-text-align-center has-large-font-size\"><\/p>\n<\/div><\/div>\n","protected":false},"excerpt":{"rendered":"<p>En este espacio se mostrar\u00e1n algunos campeones de League of Legends, el juego MOBA m\u00e1s conocido del mundo. Clickando en el nombre de cada personaje descubrir\u00e1s su aspecto y funcionamiento dentro de La Grieta del Invocador. \u00a1Ad\u00e9ntrate en cada uno de ellos y elige a tu favorito para empezar una partida! \u00bfQu\u00e9 es League of [&hellip;]<\/p>\n","protected":false},"author":1,"featured_media":189,"parent":0,"menu_order":0,"comment_status":"closed","ping_status":"closed","template":"","meta":{"pgc_sgb_lightbox_settings":"","footnotes":""},"class_list":["post-175","page","type-page","status-publish","has-post-thumbnail","hentry"],"_links":{"self":[{"href":"https:\/\/gicd.inf.um.es\/csidpub\/usuario09\/wp-json\/wp\/v2\/pages\/175","targetHints":{"allow":["GET"]}}],"collection":[{"href":"https:\/\/gicd.inf.um.es\/csidpub\/usuario09\/wp-json\/wp\/v2\/pages"}],"about":[{"href":"https:\/\/gicd.inf.um.es\/csidpub\/usuario09\/wp-json\/wp\/v2\/types\/page"}],"author":[{"embeddable":true,"href":"https:\/\/gicd.inf.um.es\/csidpub\/usuario09\/wp-json\/wp\/v2\/users\/1"}],"replies":[{"embeddable":true,"href":"https:\/\/gicd.inf.um.es\/csidpub\/usuario09\/wp-json\/wp\/v2\/comments?post=175"}],"version-history":[{"count":18,"href":"https:\/\/gicd.inf.um.es\/csidpub\/usuario09\/wp-json\/wp\/v2\/pages\/175\/revisions"}],"predecessor-version":[{"id":324,"href":"https:\/\/gicd.inf.um.es\/csidpub\/usuario09\/wp-json\/wp\/v2\/pages\/175\/revisions\/324"}],"wp:featuredmedia":[{"embeddable":true,"href":"https:\/\/gicd.inf.um.es\/csidpub\/usuario09\/wp-json\/wp\/v2\/media\/189"}],"wp:attachment":[{"href":"https:\/\/gicd.inf.um.es\/csidpub\/usuario09\/wp-json\/wp\/v2\/media?parent=175"}],"curies":[{"name":"wp","href":"https:\/\/api.w.org\/{rel}","templated":true}]}}