{"id":169,"date":"2025-11-20T17:37:40","date_gmt":"2025-11-20T16:37:40","guid":{"rendered":"https:\/\/gicd.inf.um.es\/csidpub\/usuario10\/?page_id=169"},"modified":"2025-11-20T17:52:41","modified_gmt":"2025-11-20T16:52:41","slug":"listado-de-series-de-tv-2","status":"publish","type":"page","link":"https:\/\/gicd.inf.um.es\/csidpub\/usuario10\/listado-de-series-de-tv-2\/","title":{"rendered":"Listado de series de TV"},"content":{"rendered":"\n<div class=\"wp-block-query is-layout-flow wp-block-query-is-layout-flow\"><ul class=\"columns-2 wp-block-post-template is-layout-grid wp-container-core-post-template-is-layout-17361a50 wp-block-post-template-is-layout-grid\"><li class=\"wp-block-post post-478 post type-post status-publish format-standard has-post-thumbnail hentry category-ciencia-ficcion category-drama category-series-epicas category-terror tag-distopia tag-nuevas-tecnologias\">\n\n<div class=\"wp-block-group bs-blog-post\"><div class=\"wp-block-group__inner-container is-layout-constrained wp-block-group-is-layout-constrained\"><figure class=\"wp-block-post-featured-image\"><a href=\"https:\/\/gicd.inf.um.es\/csidpub\/usuario10\/black-mirror\/\" target=\"_self\"  ><img loading=\"lazy\" decoding=\"async\" width=\"1920\" height=\"1080\" src=\"https:\/\/gicd.inf.um.es\/csidpub\/usuario10\/wp-content\/uploads\/2025\/12\/poster-black-mirror.jpg\" class=\"attachment-post-thumbnail size-post-thumbnail wp-post-image\" alt=\"Black Mirror\" style=\"object-fit:cover;\" srcset=\"https:\/\/gicd.inf.um.es\/csidpub\/usuario10\/wp-content\/uploads\/2025\/12\/poster-black-mirror.jpg 1920w, https:\/\/gicd.inf.um.es\/csidpub\/usuario10\/wp-content\/uploads\/2025\/12\/poster-black-mirror-300x169.jpg 300w, https:\/\/gicd.inf.um.es\/csidpub\/usuario10\/wp-content\/uploads\/2025\/12\/poster-black-mirror-1024x576.jpg 1024w, https:\/\/gicd.inf.um.es\/csidpub\/usuario10\/wp-content\/uploads\/2025\/12\/poster-black-mirror-768x432.jpg 768w, https:\/\/gicd.inf.um.es\/csidpub\/usuario10\/wp-content\/uploads\/2025\/12\/poster-black-mirror-1536x864.jpg 1536w, https:\/\/gicd.inf.um.es\/csidpub\/usuario10\/wp-content\/uploads\/2025\/12\/poster-black-mirror-1280x720.jpg 1280w\" sizes=\"auto, (max-width: 1920px) 100vw, 1920px\" \/><\/a><\/figure>\n\n\n<div class=\"wp-block-group small\"><div class=\"wp-block-group__inner-container is-layout-constrained wp-block-group-is-layout-constrained\"><div class=\"taxonomy-category wp-block-post-terms\"><a href=\"https:\/\/gicd.inf.um.es\/csidpub\/usuario10\/category\/series-epicas\/ciencia-ficcion\/\" rel=\"tag\">Ciencia ficci\u00f3n<\/a><span class=\"wp-block-post-terms__separator\">, <\/span><a href=\"https:\/\/gicd.inf.um.es\/csidpub\/usuario10\/category\/series-epicas\/drama\/\" rel=\"tag\">Drama<\/a><span class=\"wp-block-post-terms__separator\">, <\/span><a href=\"https:\/\/gicd.inf.um.es\/csidpub\/usuario10\/category\/series-epicas\/\" rel=\"tag\">Series \u00c9picas<\/a><span class=\"wp-block-post-terms__separator\">, <\/span><a href=\"https:\/\/gicd.inf.um.es\/csidpub\/usuario10\/category\/series-epicas\/terror\/\" rel=\"tag\">Terror<\/a><\/div>\n\n<h2 class=\"wp-block-post-title\"><a href=\"https:\/\/gicd.inf.um.es\/csidpub\/usuario10\/black-mirror\/\" target=\"_self\" >Black Mirror<\/a><\/h2>\n\n<div class=\"wp-block-post-excerpt\"><p class=\"wp-block-post-excerpt__excerpt\">Las historias m\u00e1s retorcidas pueblan esta alucinante serie antol\u00f3gica que muestra los peores rasgos de la humanidad, sus mayores innovaciones y mucho m\u00e1s. <\/p><\/div><\/div><\/div>\n\n\n\n<div style=\"height:30px\" aria-hidden=\"true\" class=\"wp-block-spacer\"><\/div>\n<\/div><\/div>\n\n<\/li><li class=\"wp-block-post post-468 post type-post status-publish format-standard has-post-thumbnail hentry category-ciencia-ficcion category-series-epicas category-suspense category-tragedia tag-bucles-temporales tag-desapariciones tag-viajes-en-el-tiempo-2\">\n\n<div class=\"wp-block-group bs-blog-post\"><div class=\"wp-block-group__inner-container is-layout-constrained wp-block-group-is-layout-constrained\"><figure class=\"wp-block-post-featured-image\"><a href=\"https:\/\/gicd.inf.um.es\/csidpub\/usuario10\/the-dark\/\" target=\"_self\"  ><img loading=\"lazy\" decoding=\"async\" width=\"1920\" height=\"1080\" src=\"https:\/\/gicd.inf.um.es\/csidpub\/usuario10\/wp-content\/uploads\/2025\/12\/poster-dark.jpg\" class=\"attachment-post-thumbnail size-post-thumbnail wp-post-image\" alt=\"The Dark\" style=\"object-fit:cover;\" srcset=\"https:\/\/gicd.inf.um.es\/csidpub\/usuario10\/wp-content\/uploads\/2025\/12\/poster-dark.jpg 1920w, https:\/\/gicd.inf.um.es\/csidpub\/usuario10\/wp-content\/uploads\/2025\/12\/poster-dark-300x169.jpg 300w, https:\/\/gicd.inf.um.es\/csidpub\/usuario10\/wp-content\/uploads\/2025\/12\/poster-dark-1024x576.jpg 1024w, https:\/\/gicd.inf.um.es\/csidpub\/usuario10\/wp-content\/uploads\/2025\/12\/poster-dark-768x432.jpg 768w, https:\/\/gicd.inf.um.es\/csidpub\/usuario10\/wp-content\/uploads\/2025\/12\/poster-dark-1536x864.jpg 1536w, https:\/\/gicd.inf.um.es\/csidpub\/usuario10\/wp-content\/uploads\/2025\/12\/poster-dark-1280x720.jpg 1280w\" sizes=\"auto, (max-width: 1920px) 100vw, 1920px\" \/><\/a><\/figure>\n\n\n<div class=\"wp-block-group small\"><div class=\"wp-block-group__inner-container is-layout-constrained wp-block-group-is-layout-constrained\"><div class=\"taxonomy-category wp-block-post-terms\"><a href=\"https:\/\/gicd.inf.um.es\/csidpub\/usuario10\/category\/series-epicas\/ciencia-ficcion\/\" rel=\"tag\">Ciencia ficci\u00f3n<\/a><span class=\"wp-block-post-terms__separator\">, <\/span><a href=\"https:\/\/gicd.inf.um.es\/csidpub\/usuario10\/category\/series-epicas\/\" rel=\"tag\">Series \u00c9picas<\/a><span class=\"wp-block-post-terms__separator\">, <\/span><a href=\"https:\/\/gicd.inf.um.es\/csidpub\/usuario10\/category\/suspense\/\" rel=\"tag\">suspense<\/a><span class=\"wp-block-post-terms__separator\">, <\/span><a href=\"https:\/\/gicd.inf.um.es\/csidpub\/usuario10\/category\/tragedia\/\" rel=\"tag\">Tragedia<\/a><\/div>\n\n<h2 class=\"wp-block-post-title\"><a href=\"https:\/\/gicd.inf.um.es\/csidpub\/usuario10\/the-dark\/\" target=\"_self\" >The Dark<\/a><\/h2>\n\n<div class=\"wp-block-post-excerpt\"><p class=\"wp-block-post-excerpt__excerpt\">Tras la desaparici\u00f3n de un ni\u00f1o, cuatro familias desesperadas tratan de entender lo ocurrido a medida que van desvelando un retorcido misterio que abarca tres d\u00e9cadas. <\/p><\/div><\/div><\/div>\n\n\n\n<div style=\"height:30px\" aria-hidden=\"true\" class=\"wp-block-spacer\"><\/div>\n<\/div><\/div>\n\n<\/li><li class=\"wp-block-post post-349 post type-post status-publish format-standard has-post-thumbnail hentry category-accion category-ciencia-ficcion category-drama category-series-epicas category-terror category-thriller tag-futuro-postapocaliptico tag-pandemias tag-videojuego\">\n\n<div class=\"wp-block-group bs-blog-post\"><div class=\"wp-block-group__inner-container is-layout-constrained wp-block-group-is-layout-constrained\"><figure class=\"wp-block-post-featured-image\"><a href=\"https:\/\/gicd.inf.um.es\/csidpub\/usuario10\/the-last-of-us\/\" target=\"_self\"  ><img loading=\"lazy\" decoding=\"async\" width=\"1920\" height=\"1080\" src=\"https:\/\/gicd.inf.um.es\/csidpub\/usuario10\/wp-content\/uploads\/2025\/11\/tlou-poster.jpg\" class=\"attachment-post-thumbnail size-post-thumbnail wp-post-image\" alt=\"The Last of Us\" style=\"object-fit:cover;\" srcset=\"https:\/\/gicd.inf.um.es\/csidpub\/usuario10\/wp-content\/uploads\/2025\/11\/tlou-poster.jpg 1920w, https:\/\/gicd.inf.um.es\/csidpub\/usuario10\/wp-content\/uploads\/2025\/11\/tlou-poster-300x169.jpg 300w, https:\/\/gicd.inf.um.es\/csidpub\/usuario10\/wp-content\/uploads\/2025\/11\/tlou-poster-1024x576.jpg 1024w, https:\/\/gicd.inf.um.es\/csidpub\/usuario10\/wp-content\/uploads\/2025\/11\/tlou-poster-768x432.jpg 768w, https:\/\/gicd.inf.um.es\/csidpub\/usuario10\/wp-content\/uploads\/2025\/11\/tlou-poster-1536x864.jpg 1536w, https:\/\/gicd.inf.um.es\/csidpub\/usuario10\/wp-content\/uploads\/2025\/11\/tlou-poster-1280x720.jpg 1280w\" sizes=\"auto, (max-width: 1920px) 100vw, 1920px\" \/><\/a><\/figure>\n\n\n<div class=\"wp-block-group small\"><div class=\"wp-block-group__inner-container is-layout-constrained wp-block-group-is-layout-constrained\"><div class=\"taxonomy-category wp-block-post-terms\"><a href=\"https:\/\/gicd.inf.um.es\/csidpub\/usuario10\/category\/series-epicas\/accion\/\" rel=\"tag\">Acci\u00f3n<\/a><span class=\"wp-block-post-terms__separator\">, <\/span><a href=\"https:\/\/gicd.inf.um.es\/csidpub\/usuario10\/category\/series-epicas\/ciencia-ficcion\/\" rel=\"tag\">Ciencia ficci\u00f3n<\/a><span class=\"wp-block-post-terms__separator\">, <\/span><a href=\"https:\/\/gicd.inf.um.es\/csidpub\/usuario10\/category\/series-epicas\/drama\/\" rel=\"tag\">Drama<\/a><span class=\"wp-block-post-terms__separator\">, <\/span><a href=\"https:\/\/gicd.inf.um.es\/csidpub\/usuario10\/category\/series-epicas\/\" rel=\"tag\">Series \u00c9picas<\/a><span class=\"wp-block-post-terms__separator\">, <\/span><a href=\"https:\/\/gicd.inf.um.es\/csidpub\/usuario10\/category\/series-epicas\/terror\/\" rel=\"tag\">Terror<\/a><span class=\"wp-block-post-terms__separator\">, <\/span><a href=\"https:\/\/gicd.inf.um.es\/csidpub\/usuario10\/category\/series-epicas\/thriller\/\" rel=\"tag\">Thriller<\/a><\/div>\n\n<h2 class=\"wp-block-post-title\"><a href=\"https:\/\/gicd.inf.um.es\/csidpub\/usuario10\/the-last-of-us\/\" target=\"_self\" >The Last of Us<\/a><\/h2>\n\n<div class=\"wp-block-post-excerpt\"><p class=\"wp-block-post-excerpt__excerpt\">Despu\u00e9s de que una pandemia mundial destruye la civilizaci\u00f3n, un superviviente endurecido se hace cargo de una ni\u00f1a de 14 a\u00f1os que puede ser la \u00faltima esperanza de la humanidad. <\/p><\/div><\/div><\/div>\n\n\n\n<div style=\"height:30px\" aria-hidden=\"true\" class=\"wp-block-spacer\"><\/div>\n<\/div><\/div>\n\n<\/li><li class=\"wp-block-post post-340 post type-post status-publish format-standard has-post-thumbnail hentry category-series-epicas category-drama tag-familia tag-historias-cruzadas\">\n\n<div class=\"wp-block-group bs-blog-post\"><div class=\"wp-block-group__inner-container is-layout-constrained wp-block-group-is-layout-constrained\"><figure class=\"wp-block-post-featured-image\"><a href=\"https:\/\/gicd.inf.um.es\/csidpub\/usuario10\/expatriadas\/\" target=\"_self\"  ><img loading=\"lazy\" decoding=\"async\" width=\"1920\" height=\"1080\" src=\"https:\/\/gicd.inf.um.es\/csidpub\/usuario10\/wp-content\/uploads\/2025\/11\/expatriados-poster.jpg\" class=\"attachment-post-thumbnail size-post-thumbnail wp-post-image\" alt=\"Expatriadas\" style=\"object-fit:cover;\" srcset=\"https:\/\/gicd.inf.um.es\/csidpub\/usuario10\/wp-content\/uploads\/2025\/11\/expatriados-poster.jpg 1920w, https:\/\/gicd.inf.um.es\/csidpub\/usuario10\/wp-content\/uploads\/2025\/11\/expatriados-poster-300x169.jpg 300w, https:\/\/gicd.inf.um.es\/csidpub\/usuario10\/wp-content\/uploads\/2025\/11\/expatriados-poster-1024x576.jpg 1024w, https:\/\/gicd.inf.um.es\/csidpub\/usuario10\/wp-content\/uploads\/2025\/11\/expatriados-poster-768x432.jpg 768w, https:\/\/gicd.inf.um.es\/csidpub\/usuario10\/wp-content\/uploads\/2025\/11\/expatriados-poster-1536x864.jpg 1536w, https:\/\/gicd.inf.um.es\/csidpub\/usuario10\/wp-content\/uploads\/2025\/11\/expatriados-poster-1280x720.jpg 1280w\" sizes=\"auto, (max-width: 1920px) 100vw, 1920px\" \/><\/a><\/figure>\n\n\n<div class=\"wp-block-group small\"><div class=\"wp-block-group__inner-container is-layout-constrained wp-block-group-is-layout-constrained\"><div class=\"taxonomy-category wp-block-post-terms\"><a href=\"https:\/\/gicd.inf.um.es\/csidpub\/usuario10\/category\/series-epicas\/\" rel=\"tag\">Series \u00c9picas<\/a><span class=\"wp-block-post-terms__separator\">, <\/span><a href=\"https:\/\/gicd.inf.um.es\/csidpub\/usuario10\/category\/series-epicas\/drama\/\" rel=\"tag\">Drama<\/a><\/div>\n\n<h2 class=\"wp-block-post-title\"><a href=\"https:\/\/gicd.inf.um.es\/csidpub\/usuario10\/expatriadas\/\" target=\"_self\" >Expatriadas<\/a><\/h2>\n\n<div class=\"wp-block-post-excerpt\"><p class=\"wp-block-post-excerpt__excerpt\">Expatriadas est\u00e1 ambientada en el vibrante y tumultuoso Hong Kong de 2014, las vidas de tres mujeres estadounidenses -Margaret, Hilary y Mercy- se cruzan tras una repentina tragedia familiar. <\/p><\/div><\/div><\/div>\n\n\n\n<div style=\"height:30px\" aria-hidden=\"true\" class=\"wp-block-spacer\"><\/div>\n<\/div><\/div>\n\n<\/li><\/ul>\n\n<nav class=\"wp-block-query-pagination is-layout-flex wp-block-query-pagination-is-layout-flex\" aria-label=\"Paginaci\u00f3n\">\n\n\n<div class=\"wp-block-query-pagination-numbers\"><span aria-label=\"P\u00e1gina 1\" aria-current=\"page\" class=\"page-numbers current\">1<\/span>\n<a aria-label=\"P\u00e1gina 2\" class=\"page-numbers\" href=\"?query-8-page=2\">2<\/a>\n<a aria-label=\"P\u00e1gina 3\" class=\"page-numbers\" href=\"?query-8-page=3\">3<\/a>\n<span class=\"page-numbers dots\">&hellip;<\/span>\n<a aria-label=\"P\u00e1gina 6\" class=\"page-numbers\" href=\"?query-8-page=6\">6<\/a><\/div>\n\n<a href=\"\/csidpub\/usuario10\/wp-json\/wp\/v2\/pages\/169?query-8-page=2\" class=\"wp-block-query-pagination-next\">P\u00e1gina siguiente<\/a>\n<\/nav>\n\n<\/div>\n","protected":false},"excerpt":{"rendered":"","protected":false},"author":1,"featured_media":0,"parent":0,"menu_order":0,"comment_status":"closed","ping_status":"closed","template":"","meta":{"pgc_sgb_lightbox_settings":"","footnotes":""},"class_list":["post-169","page","type-page","status-publish","hentry"],"_links":{"self":[{"href":"https:\/\/gicd.inf.um.es\/csidpub\/usuario10\/wp-json\/wp\/v2\/pages\/169","targetHints":{"allow":["GET"]}}],"collection":[{"href":"https:\/\/gicd.inf.um.es\/csidpub\/usuario10\/wp-json\/wp\/v2\/pages"}],"about":[{"href":"https:\/\/gicd.inf.um.es\/csidpub\/usuario10\/wp-json\/wp\/v2\/types\/page"}],"author":[{"embeddable":true,"href":"https:\/\/gicd.inf.um.es\/csidpub\/usuario10\/wp-json\/wp\/v2\/users\/1"}],"replies":[{"embeddable":true,"href":"https:\/\/gicd.inf.um.es\/csidpub\/usuario10\/wp-json\/wp\/v2\/comments?post=169"}],"version-history":[{"count":3,"href":"https:\/\/gicd.inf.um.es\/csidpub\/usuario10\/wp-json\/wp\/v2\/pages\/169\/revisions"}],"predecessor-version":[{"id":175,"href":"https:\/\/gicd.inf.um.es\/csidpub\/usuario10\/wp-json\/wp\/v2\/pages\/169\/revisions\/175"}],"wp:attachment":[{"href":"https:\/\/gicd.inf.um.es\/csidpub\/usuario10\/wp-json\/wp\/v2\/media?parent=169"}],"curies":[{"name":"wp","href":"https:\/\/api.w.org\/{rel}","templated":true}]}}