{"id":197,"date":"2025-11-26T12:23:47","date_gmt":"2025-11-26T11:23:47","guid":{"rendered":"https:\/\/gicd.inf.um.es\/csidpub\/usuario10\/?page_id=197"},"modified":"2025-11-26T17:07:21","modified_gmt":"2025-11-26T16:07:21","slug":"actividad-1","status":"publish","type":"page","link":"https:\/\/gicd.inf.um.es\/csidpub\/usuario10\/","title":{"rendered":"Actividad 1"},"content":{"rendered":"\n<p>Los videojuegos son una forma de entretenimiento interactivo que combina tecnolog\u00eda, narrativa y dise\u00f1o para crear experiencias inmersivas. Desde las consolas cl\u00e1sicas hasta los dispositivos m\u00f3viles, los videojuegos se han convertido en una de las industrias m\u00e1s influyentes del mundo.<\/p>\n\n\n\n<div style=\"height:50px\" aria-hidden=\"true\" class=\"wp-block-spacer\"><\/div>\n\n\n\n<div class=\"wp-block-columns alignwide is-layout-flex wp-container-core-columns-is-layout-9d6595d7 wp-block-columns-is-layout-flex\">\n<div class=\"wp-block-column is-layout-flow wp-block-column-is-layout-flow\">\n<h2 class=\"wp-block-heading has-text-align-center\">Juegos Populares<\/h2>\n\n\n\n<figure class=\"wp-block-image size-medium\"><img loading=\"lazy\" decoding=\"async\" width=\"300\" height=\"181\" src=\"https:\/\/gicd.inf.um.es\/csidpub\/usuario10\/wp-content\/uploads\/2025\/11\/Juegos-mas-vendidos-de-la-historia-300x181.webp\" alt=\"Juegos Populares\" class=\"wp-image-202\" style=\"aspect-ratio:3\/2;object-fit:cover\" srcset=\"https:\/\/gicd.inf.um.es\/csidpub\/usuario10\/wp-content\/uploads\/2025\/11\/Juegos-mas-vendidos-de-la-historia-300x181.webp 300w, https:\/\/gicd.inf.um.es\/csidpub\/usuario10\/wp-content\/uploads\/2025\/11\/Juegos-mas-vendidos-de-la-historia-1024x619.webp 1024w, https:\/\/gicd.inf.um.es\/csidpub\/usuario10\/wp-content\/uploads\/2025\/11\/Juegos-mas-vendidos-de-la-historia-768x464.webp 768w, https:\/\/gicd.inf.um.es\/csidpub\/usuario10\/wp-content\/uploads\/2025\/11\/Juegos-mas-vendidos-de-la-historia-1536x928.webp 1536w, https:\/\/gicd.inf.um.es\/csidpub\/usuario10\/wp-content\/uploads\/2025\/11\/Juegos-mas-vendidos-de-la-historia.webp 1920w\" sizes=\"auto, (max-width: 300px) 100vw, 300px\" \/><\/figure>\n\n\n\n<div style=\"height:15px\" aria-hidden=\"true\" class=\"wp-block-spacer\"><\/div>\n\n\n\n<p>Te traemos una selecci\u00f3n de los videojuegos m\u00e1s populares del momento. Aventuras, acci\u00f3n, mundo abierto\u2026 aqu\u00ed encontrar\u00e1s t\u00edtulos que marcan tendencia y que siguen conquistando a millones de jugadores.<\/p>\n<\/div>\n\n\n\n<div class=\"wp-block-column is-layout-flow wp-block-column-is-layout-flow\">\n<h2 class=\"wp-block-heading has-text-align-center\">Consolas y Hardware<\/h2>\n\n\n\n<figure class=\"wp-block-image size-medium\"><img loading=\"lazy\" decoding=\"async\" width=\"300\" height=\"300\" src=\"https:\/\/gicd.inf.um.es\/csidpub\/usuario10\/wp-content\/uploads\/2025\/11\/console-logo-10c2b.jpg-300x300.webp\" alt=\"Consolas y Hardware\" class=\"wp-image-203\" style=\"aspect-ratio:3\/2;object-fit:cover\" srcset=\"https:\/\/gicd.inf.um.es\/csidpub\/usuario10\/wp-content\/uploads\/2025\/11\/console-logo-10c2b.jpg-300x300.webp 300w, https:\/\/gicd.inf.um.es\/csidpub\/usuario10\/wp-content\/uploads\/2025\/11\/console-logo-10c2b.jpg-150x150.webp 150w, https:\/\/gicd.inf.um.es\/csidpub\/usuario10\/wp-content\/uploads\/2025\/11\/console-logo-10c2b.jpg.webp 368w\" sizes=\"auto, (max-width: 300px) 100vw, 300px\" \/><\/figure>\n\n\n\n<div style=\"height:15px\" aria-hidden=\"true\" class=\"wp-block-spacer\"><\/div>\n\n\n\n<p>Si eres amante del hardware, esta secci\u00f3n es para ti. Te mostramos las consolas m\u00e1s emblem\u00e1ticas, mandos, accesorios y todo lo que necesitas para elevar tu experiencia de juego al m\u00e1ximo nivel.<\/p>\n<\/div>\n\n\n\n<div class=\"wp-block-column is-layout-flow wp-block-column-is-layout-flow\">\n<h2 class=\"wp-block-heading has-text-align-center\">Personajes Ic\u00f3nicos<\/h2>\n\n\n\n<figure class=\"wp-block-image size-full\"><img decoding=\"async\" src=\"https:\/\/gicd.inf.um.es\/csidpub\/usuario10\/wp-content\/uploads\/2025\/11\/best-video-game-characters.avif\" alt=\"Personajes Ic\u00f3nicos\" class=\"wp-image-205\" style=\"aspect-ratio:3\/2;object-fit:cover\"\/><\/figure>\n\n\n\n<div style=\"height:15px\" aria-hidden=\"true\" class=\"wp-block-spacer\"><\/div>\n\n\n\n<p>Los videojuegos han dado vida a personajes inolvidables. Aqu\u00ed descubrir\u00e1s algunos de los h\u00e9roes, villanos y protagonistas m\u00e1s queridos de la historia gamer, junto con curiosidades que quiz\u00e1s no conoc\u00edas.<\/p>\n<\/div>\n\n\n\n<div class=\"wp-block-column is-layout-flow wp-block-column-is-layout-flow\">\n<h2 class=\"wp-block-heading has-text-align-center\">G\u00e9neros de Videojuegos<\/h2>\n\n\n\n<figure class=\"wp-block-image size-full\"><img loading=\"lazy\" decoding=\"async\" width=\"768\" height=\"390\" src=\"https:\/\/gicd.inf.um.es\/csidpub\/usuario10\/wp-content\/uploads\/2025\/11\/videojuegos-lista-time-1.webp\" alt=\"G\u00e9neros de Videojuegos\" class=\"wp-image-207\" style=\"aspect-ratio:3\/2;object-fit:cover\" srcset=\"https:\/\/gicd.inf.um.es\/csidpub\/usuario10\/wp-content\/uploads\/2025\/11\/videojuegos-lista-time-1.webp 768w, https:\/\/gicd.inf.um.es\/csidpub\/usuario10\/wp-content\/uploads\/2025\/11\/videojuegos-lista-time-1-300x152.webp 300w\" sizes=\"auto, (max-width: 768px) 100vw, 768px\" \/><\/figure>\n\n\n\n<div style=\"height:15px\" aria-hidden=\"true\" class=\"wp-block-spacer\"><\/div>\n\n\n\n<p>Cada jugador tiene su estilo, y el mundo de los videojuegos ofrece g\u00e9neros para todos: acci\u00f3n, rol, deportes, shooters, estrategia y mucho m\u00e1s. Descubre qu\u00e9 hace \u00fanico a cada tipo de juego y encuentra tu favorito.<\/p>\n<\/div>\n<\/div>\n\n\n\n<div class=\"wp-block-cover alignfull is-light has-parallax has-custom-content-position is-position-center-left\"><div class=\"wp-block-cover__image-background wp-image-210 size-large has-parallax\" style=\"background-position:50% 50%;background-image:url(https:\/\/gicd.inf.um.es\/csidpub\/usuario10\/wp-content\/uploads\/2025\/11\/Bideojokoen-pertsonaiak-1024x448.jpg)\"><\/div><span aria-hidden=\"true\" class=\"wp-block-cover__background has-black-background-color has-background-dim-10 has-background-dim\"><\/span><div class=\"wp-block-cover__inner-container is-layout-constrained wp-block-cover-is-layout-constrained\">\n<p class=\"has-text-align-center has-background has-medium-font-size\" style=\"background-color:#00d184d9\">Aprovecha nuestros descuentos<\/p>\n\n\n\n<p class=\"has-background has-small-font-size\" style=\"background-color:#00d184de\">Usa el c\u00f3digo<\/p>\n\n\n\n<p class=\"has-background has-medium-font-size\" style=\"background-color:#7bdbb5de\"><strong>Tufavorito20<\/strong><\/p>\n<\/div><\/div>\n","protected":false},"excerpt":{"rendered":"<p>Los videojuegos son una forma de entretenimiento interactivo que combina tecnolog\u00eda, narrativa y dise\u00f1o para crear experiencias inmersivas. Desde las consolas cl\u00e1sicas hasta los dispositivos m\u00f3viles, los videojuegos se han convertido en una de las industrias m\u00e1s influyentes del mundo. Juegos Populares Te traemos una selecci\u00f3n de los videojuegos m\u00e1s populares del momento. Aventuras, acci\u00f3n, [&hellip;]<\/p>\n","protected":false},"author":1,"featured_media":0,"parent":0,"menu_order":0,"comment_status":"closed","ping_status":"closed","template":"","meta":{"pgc_sgb_lightbox_settings":"","footnotes":""},"class_list":["post-197","page","type-page","status-publish","hentry"],"_links":{"self":[{"href":"https:\/\/gicd.inf.um.es\/csidpub\/usuario10\/wp-json\/wp\/v2\/pages\/197","targetHints":{"allow":["GET"]}}],"collection":[{"href":"https:\/\/gicd.inf.um.es\/csidpub\/usuario10\/wp-json\/wp\/v2\/pages"}],"about":[{"href":"https:\/\/gicd.inf.um.es\/csidpub\/usuario10\/wp-json\/wp\/v2\/types\/page"}],"author":[{"embeddable":true,"href":"https:\/\/gicd.inf.um.es\/csidpub\/usuario10\/wp-json\/wp\/v2\/users\/1"}],"replies":[{"embeddable":true,"href":"https:\/\/gicd.inf.um.es\/csidpub\/usuario10\/wp-json\/wp\/v2\/comments?post=197"}],"version-history":[{"count":8,"href":"https:\/\/gicd.inf.um.es\/csidpub\/usuario10\/wp-json\/wp\/v2\/pages\/197\/revisions"}],"predecessor-version":[{"id":214,"href":"https:\/\/gicd.inf.um.es\/csidpub\/usuario10\/wp-json\/wp\/v2\/pages\/197\/revisions\/214"}],"wp:attachment":[{"href":"https:\/\/gicd.inf.um.es\/csidpub\/usuario10\/wp-json\/wp\/v2\/media?parent=197"}],"curies":[{"name":"wp","href":"https:\/\/api.w.org\/{rel}","templated":true}]}}