{"id":3,"date":"2025-10-16T17:19:21","date_gmt":"2025-10-16T15:19:21","guid":{"rendered":"https:\/\/gicd.inf.um.es\/csidpub\/usuario10\/?page_id=3"},"modified":"2026-03-04T18:36:34","modified_gmt":"2026-03-04T17:36:34","slug":"politica-privacidad","status":"publish","type":"page","link":"https:\/\/gicd.inf.um.es\/csidpub\/usuario10\/politica-privacidad\/","title":{"rendered":"Pol\u00edtica de privacidad"},"content":{"rendered":"\n<h2 class=\"wp-block-heading\">La visita a este sitio web no supone que la persona interesada est\u00e9 obligada a facilitar sus datos personales.<\/h2>\n\n\n\n<p>En caso de que la persona interesada facilite datos de car\u00e1cter personal (\u201cDatos\u201d), los datos ser\u00e1n tratados de forma leal y l\u00edcita, respetando en todo momento los principios y derechos recogidos en el Reglamento (UE) 2016\/679 del Parlamento y del Consejo de 27 de abril de 2016 relativo a la protecci\u00f3n de las personas f\u00edsicas en lo que respecta al tratamiento de datos personales y a la libre circulaci\u00f3n de estos datos (\u201cRGPD\u201d) y dem\u00e1s normativa nacional aplicable.<\/p>\n\n\n\n<h2 class=\"wp-block-heading\">Responsable del Tratamiento<\/h2>\n\n\n\n<p>Series \u00c9picas, S.L.<\/p>\n\n\n\n<p>Direcci\u00f3n: Avda. Castilla &#8211; Murcia<br>E-mail: seriesepicas@ejemplo.org<\/p>\n\n\n\n<h2 class=\"wp-block-heading\">\u00bfQu\u00e9 hacemos con tus datos?<\/h2>\n\n\n\n<p>\u201cNuevo Cliente\u201d<\/p>\n\n\n\n<p>La finalidad principal del tratamiento es la gesti\u00f3n de los usuarios registrados en nuestra web. Legitimaci\u00f3n: Art. 6.1.a) RGPD: consentimiento expreso. Los datos ser\u00e1n conservados hasta que el usuario suprima su cuenta personal.<\/p>\n\n\n\n<p>\u201cRealizar o tramitar un pedido\u201d<\/p>\n\n\n\n<p>Los datos ser\u00e1n tratados con la finalidad de gestionar tu compra: env\u00edo, recogida, tr\u00e1mites posventa. La base que legitima el tratamiento es la ejecuci\u00f3n de la relaci\u00f3n contractual de compraventa conforme al Art. 6.1.b) RPGD. Los datos podr\u00e1n ser comunicados a los departamentos t\u00e9cnicos de los fabricantes cuando sea necesario tramitar la garant\u00eda de un producto. Esta comunicaci\u00f3n est\u00e1 legitimada por el Art. 6.1.c) RGPD, el tratamiento es necesario para cumplir con la obligaci\u00f3n legal de garant\u00eda estipulada por el Real Decreto Legislativo 1\/2007, de 16 de noviembre, por el que se aprueba el texto refundido de la Ley General para la Defensa de los Consumidores y Usuarios y otras leyes complementarias. Los datos ser\u00e1n conservados hasta que el usuario suprima su cuenta personal. Posteriormente, se conservar\u00e1n bloqueados hasta la fecha de prescripci\u00f3n de las acciones legales (por ejemplo, garant\u00eda legal del producto o conservaci\u00f3n de facturas). Transcurrido dicho plazo, los datos se suprimir\u00e1n de forma irreversible.<\/p>\n\n\n\n<p>Para tramitar la entrega de tu pedido, la persona repartidora podr\u00e1 solicitar datos identificativos con el objeto de identificar tu identidad y prevenir entregas fraudulentas (como el n\u00ba de DNI, nombre o apellidos). Te informamos de que tus datos \u00fanicamente ser\u00e1n tratados para esta finalidad. En ning\u00fan caso, la persona repartidora estar\u00e1 facultada para captar una imagen de tu documento de identificaci\u00f3n, no podr\u00e1 tomar fotograf\u00edas, ni videos por ning\u00fan medio.<\/p>\n\n\n\n<p>En caso de que la recogida la realice una persona distinta a la que ha tramitado el pedido, se informa de que el tratamiento de los datos es estrictamente necesario para la prevenci\u00f3n de fraude a tenor del Considerando 47 RGPD, la base que legitima el tratamiento es el inter\u00e9s leg\u00edtimo. Los datos no ser\u00e1n comunicados a terceros, as\u00ed como tampoco objeto de transferencia internacional. Los datos ser\u00e1n conservados durante el plazo de verificaci\u00f3n de la entrega y posteriormente se mantendr\u00e1n debidamente bloqueados durante hasta la fecha de prescripci\u00f3n de las acciones legales. Transcurrido dicho plazo, los datos personales se suprimir\u00e1n de forma irreversible. Asimismo, se informa de que la imagen de su documento acreditativo de identidad nunca podr\u00e1 ser captada por la persona repartidora.<\/p>\n\n\n\n<p>\u201cNewsletter y env\u00edo de publicidad\u201d<\/p>\n\n\n\n<p>Cuando el usuario no haya realizado previamente una compra en Series \u00c9picas, \u00fanicamente se le remitir\u00e1 publicidad relacionada con productos y servicios propios cuando as\u00ed preste consentimiento expreso para esta finalidad. La base legitimadora es el consentimiento expreso conforme al Art. 6.1.a) RPGD. Los datos ser\u00e1n conservados hasta que el usuario manifiesta su oposici\u00f3n al tratamiento mediante un procedimiento de baja sencillo y accesible en cada comunicaci\u00f3n publicitaria.<\/p>\n\n\n\n<p>Las personas que hayan realizado compras de productos vendidos por Series \u00c9picas podr\u00e1n recibir comunicaciones comerciales sobre la base del Art. 21.2 Ley 34\/2002, de 11 de julio, de servicios de la sociedad de la informaci\u00f3n y de comercio electr\u00f3nico. La persona interesada podr\u00e1 tramitar la baja a la suscripci\u00f3n de forma sencilla a trav\u00e9s del enlace disponible en cada comunicaci\u00f3n.<\/p>\n\n\n\n<p>\u201cSorteos\u201d<\/p>\n\n\n\n<p>Los datos ser\u00e1n tratados para gestionar la participaci\u00f3n de las personas interesadas en el sorteo, as\u00ed como para comunicar los premios a las personas ganadoras. La base que legitima el tratamiento es el Art. 6.1.b) RPGD, ejecuci\u00f3n de la relaci\u00f3n contractual. Los datos se mantendr\u00e1n conservados hasta la prescripci\u00f3n de las acciones legales, posteriormente ser\u00e1n suprimidos.<\/p>\n\n\n\n<p>\u201cFormulario de Contacto\u201d<\/p>\n\n\n\n<p>Los datos ser\u00e1n tratados para tramitar una petici\u00f3n de informaci\u00f3n. La base legitimadora del tratamiento es el Art. 6.1.a) RPGD, el consentimiento expreso del interesado. Los datos se conservar\u00e1n \u00fanicamente durante el periodo necesario para tramitar la consulta.<\/p>\n\n\n\n<p>\u201cPublicar una opini\u00f3n\u201d<\/p>\n\n\n\n<p>Se informa de que no es necesario utilizar datos personales para publicar una rese\u00f1a en la web de Series \u00c9picas. La persona interesada puede escoger un alias o pseud\u00f3nimo para esta finalidad. Cuando la rese\u00f1a contenga datos personales, los datos ser\u00e1n tratados con la finalidad de publicar la rese\u00f1a en la web oficial de Series \u00c9picas. La base que legitima el tratamiento es el Art. 6.1.a) consentimiento expreso. Los datos ser\u00e1n conservados de forma indefinida mientras la rese\u00f1a se mantenga publicada. En caso de que la persona interesada suprima la rese\u00f1a, los datos ser\u00e1n autom\u00e1ticamente suprimidos, salvo que haya infringido o vulnerado nuestra pol\u00edtica de moderaci\u00f3n disponible en Opiniones reales de clientes reales. En este caso, los datos podr\u00e1n ser conservados durante el periodo de investigaci\u00f3n y\/o prescripci\u00f3n de acciones legales.<\/p>\n\n\n\n<p>\u201cFulfillment\u201d<\/p>\n\n\n\n<p>Series \u00c9picas ofrece servicios log\u00edsticos a terceros vendedores (\u201cSellers\u201d). En este supuesto, el Responsable del Tratamiento ser\u00e1 el Seller. No obstante, en aras de reforzar el principio de informaci\u00f3n, se comunica que los datos ser\u00e1n tratados siguiendo, en todo momento, las instrucciones del Seller. En cualquier caso, Series \u00c9picas conservar\u00e1 los datos \u00fanica y exclusivamente durante el periodo de ejercicio de la garant\u00eda legal del producto. Posteriormente, ser\u00e1n suprimidos.<\/p>\n\n\n\n<h2 class=\"wp-block-heading\">Destinatarios de los datos<\/h2>\n\n\n\n<p>Con motivo de la compra sus datos pueden ser comunicados a los siguientes destinatarios:<\/p>\n\n\n\n<p>Entidades bancarias para el pago las compras mediante tarjeta y\/o estudio de financiaci\u00f3n de compras y obtenci\u00f3n de cr\u00e9ditos al consumo. La base que legitima la comunicaci\u00f3n es el Art. 6.1.b) ejecuci\u00f3n de la relaci\u00f3n contractual.<br>Entidades que prestan servicios de investigaci\u00f3n, descubrimiento y prevenci\u00f3n del fraude, as\u00ed como la minimizaci\u00f3n del riesgo de su comisi\u00f3n, en base al inter\u00e9s leg\u00edtimo reconocido por la normativa vigente. La base legitimadora de la cesi\u00f3n es el Art. 6.1.c) obligaci\u00f3n legal.<br>Entidades y empresas del sector de la energ\u00eda. La base legitimadora de la cesi\u00f3n es el Art. 6.1.c) obligaci\u00f3n legal.<br>A la Oficina de consumidores y usuarios en caso de existir alguna reclamaci\u00f3n. La base legitimadora de la cesi\u00f3n es el Art. 6.1.c) obligaci\u00f3n legal.<br>A los fabricantes, Servicios t\u00e9cnicos y\/o mayoristas en el caso de garant\u00edas o reparaciones. A aquellas empresas transportistas que puedan tener encargado el env\u00edo a los clientes de los pedidos correspondientes. Estos destinatarios pueden estar ubicados dentro del territorio espa\u00f1ol como en fuera del mismo, en funci\u00f3n del producto y\/o servicio adquirido. La base que legitima la comunicaci\u00f3n es el Art. 6.1.c) obligaci\u00f3n legal.<br>A las empresas de transporte y env\u00edo de paqueter\u00eda. La base legitimadora de la cesi\u00f3n es el Art. 6.1.b) ejecuci\u00f3n de la relaci\u00f3n contractual.<br>En los supuestos legalmente establecidos, como es el caso de las Fuerzas y Cuerpos de Seguridad. a base legitimadora de la cesi\u00f3n es el Art. 6.1.c) obligaci\u00f3n legal.<br>A las administraciones p\u00fablicas a las que tengamos que facilitar informaci\u00f3n a petici\u00f3n de un requerimiento. La base legitimadora de la cesi\u00f3n es el Art. 6.1.c) obligaci\u00f3n legal.<\/p>\n\n\n\n<h2 class=\"wp-block-heading\">Derechos de las personas interesadas<\/h2>\n\n\n\n<p>La persona interesada puede ejercer los siguientes derechos.<\/p>\n\n\n\n<p>Podr\u00e1 solicitar informaci\u00f3n sobre los datos de car\u00e1cter personal almacenados que le conciernan (acceso).<br>Podr\u00e1 solicitar que se corrija la inexactitud de sus datos personales (rectificaci\u00f3n).<br>Podr\u00e1 solicitar la eliminaci\u00f3n o limitaci\u00f3n del tratamiento de sus datos personales y (supresi\u00f3n y limitaci\u00f3n).<br>Tambi\u00e9n podr\u00e1 solicitar que se le pongan a disposici\u00f3n sus datos personales en un formato estructurado, corriente y de lectura mec\u00e1nica (portabilidad).<br>Oposici\u00f3n al tratamiento, por ejemplo, frente a la recepci\u00f3n de publicidad (oposici\u00f3n).<br>Para ello, podr\u00e1 ejercitar sus derechos por escrito enviando un correo electr\u00f3nico a la direcci\u00f3n: seriesepicas@ejemplo.org. Si Series \u00c9picas tuviese dudas razonables en relaci\u00f3n con la identidad de la persona f\u00edsica que cursa la solicitud, podr\u00e1 solicitarle que facilite informaci\u00f3n adicional necesaria para confirmar la identidad del la persona interesada.<\/p>\n\n\n\n<p>El interesado tambi\u00e9n tiene derecho a presentar una reclamaci\u00f3n ante las autoridades de protecci\u00f3n de datos (Agencia Espa\u00f1ola de Protecci\u00f3n de Datos). No obstante, cualquier cuesti\u00f3n relacionada con los datos le invitamos a contactar con nosotros para solucionarla.<\/p>\n\n\n\n<h2 class=\"wp-block-heading\">Delegado de protecci\u00f3n de datos<\/h2>\n\n\n\n<p>Hemos designado un delegado de protecci\u00f3n de datos (DPO) para cualquier cuesti\u00f3n relacionada con sus datos personales. Puede contactar con \u00e9l a trav\u00e9s de la direcci\u00f3n seriesepicas@ejemplo.org<\/p>\n\n\n\n<h2 class=\"wp-block-heading\">Calidad de los datos<\/h2>\n\n\n\n<p>Los usuarios deber\u00e1n garantizar la veracidad, exactitud, autenticidad y vigencia de los datos de car\u00e1cter personal que les hayan sido recogidos.<\/p>\n\n\n\n<h2 class=\"wp-block-heading\">Protecci\u00f3n de los menores<\/h2>\n\n\n\n<p>No recogemos datos personales de menores. Es responsabilidad del padre\/madre\/tutor legal velar por para la privacidad de los menores, haciendo todo lo posible para asegurar que han autorizado la recogida y el uso de los datos personales del menor.<\/p>\n\n\n\n<h2 class=\"wp-block-heading\">Redes Sociales<\/h2>\n\n\n\n<p>A trav\u00e9s de nuestra p\u00e1gina web puede acceder a las redes sociales Facebook, Twitter TikTok o Youtube de acceso abierto a todos los usuarios. Se trata de sitios web donde el usuario puede registrase y seguirnos gratuitamente. En estas redes sociales los usuarios podr\u00e1n conocer de nuestras actividades, opiniones, acceder a las fotos y v\u00eddeos. Los usuarios de estas redes sociales deben ser conscientes de que este lugar es independiente de nuestra web y est\u00e1 abierto, es decir, es visible para todos sus usuarios, y las pol\u00edticas de privacidad a aplicar a estos contenidos son las fijadas por cada red social. Series \u00c9picas no es titular de las redes sociales.<\/p>\n","protected":false},"excerpt":{"rendered":"<p>La visita a este sitio web no supone que la persona interesada est\u00e9 obligada a facilitar sus datos personales. En caso de que la persona interesada facilite datos de car\u00e1cter personal (\u201cDatos\u201d), los datos ser\u00e1n tratados de forma leal y l\u00edcita, respetando en todo momento los principios y derechos recogidos en el Reglamento (UE) 2016\/679 [&hellip;]<\/p>\n","protected":false},"author":1,"featured_media":0,"parent":0,"menu_order":0,"comment_status":"closed","ping_status":"open","template":"","meta":{"pgc_sgb_lightbox_settings":"","footnotes":""},"class_list":["post-3","page","type-page","status-publish","hentry"],"_links":{"self":[{"href":"https:\/\/gicd.inf.um.es\/csidpub\/usuario10\/wp-json\/wp\/v2\/pages\/3","targetHints":{"allow":["GET"]}}],"collection":[{"href":"https:\/\/gicd.inf.um.es\/csidpub\/usuario10\/wp-json\/wp\/v2\/pages"}],"about":[{"href":"https:\/\/gicd.inf.um.es\/csidpub\/usuario10\/wp-json\/wp\/v2\/types\/page"}],"author":[{"embeddable":true,"href":"https:\/\/gicd.inf.um.es\/csidpub\/usuario10\/wp-json\/wp\/v2\/users\/1"}],"replies":[{"embeddable":true,"href":"https:\/\/gicd.inf.um.es\/csidpub\/usuario10\/wp-json\/wp\/v2\/comments?post=3"}],"version-history":[{"count":1,"href":"https:\/\/gicd.inf.um.es\/csidpub\/usuario10\/wp-json\/wp\/v2\/pages\/3\/revisions"}],"predecessor-version":[{"id":500,"href":"https:\/\/gicd.inf.um.es\/csidpub\/usuario10\/wp-json\/wp\/v2\/pages\/3\/revisions\/500"}],"wp:attachment":[{"href":"https:\/\/gicd.inf.um.es\/csidpub\/usuario10\/wp-json\/wp\/v2\/media?parent=3"}],"curies":[{"name":"wp","href":"https:\/\/api.w.org\/{rel}","templated":true}]}}