{"id":238,"date":"2025-11-26T17:19:23","date_gmt":"2025-11-26T22:19:23","guid":{"rendered":"https:\/\/gicd.inf.um.es\/csidpub\/usuario11\/?page_id=238"},"modified":"2025-11-28T07:33:04","modified_gmt":"2025-11-28T12:33:04","slug":"pelisepicas-multiverso-cinematico","status":"publish","type":"page","link":"https:\/\/gicd.inf.um.es\/csidpub\/usuario11\/pelisepicas-multiverso-cinematico\/","title":{"rendered":"Actividad 1:"},"content":{"rendered":"\n<h2 class=\"wp-block-heading\">\u00a1Bienvenid@s al Multiverso Cinematogr\u00e1fico de Pelis\u00c9picas!<\/h2>\n\n\n\n<p>En esta realidad alterna, vamos a compartir e indagar en algunas de las pel\u00edculas m\u00e1s ic\u00f3nicas de los \u00faltimos a\u00f1os, saltando desde el la Ciencia Ficci\u00f3n con pelis como <em>Interestellar<\/em>, hasta incursionar en aventuras con <em>El viaje de Chihiro<\/em>, y dejar que nos lleguen al coraz\u00f3n con pelis rom\u00e1nticas como <em>Orgullo y Prejuicio, <\/em>hasta que se nos acelere el pulso con <em>Superman<\/em>.<\/p>\n\n\n\n<div style=\"height:30px\" aria-hidden=\"true\" class=\"wp-block-spacer\"><\/div>\n\n\n\n<figure class=\"wp-block-pullquote has-background\" style=\"background:radial-gradient(rgb(238,238,238) 0%,rgb(169,184,195) 100%)\"><blockquote><p>Cine como sue\u00f1o, cine como m\u00fasica. Ninguna forma de arte traspasa nuestra consciencia de la misma forma que lo hace el cine, tocando directamente nuestras emociones, profundizando en las oscuras habitaciones de nuestras almas.<\/p><cite>Ingmar bergman<\/cite><\/blockquote><\/figure>\n\n\n\n<p>El cine nos lleva m\u00e1s all\u00e1 de lo so\u00f1ado y los l\u00edmites de nuestra realidad; da vida a nuestras imaginaciones y abre puertas nunca antes vistas, cambiando nuestras perspectivas, ofreciendo nuevas visiones y expandiendo el mundo. Acompa\u00f1an@s en esta nueva aventura. <\/p>\n\n\n\n<p>\u00a1Bienvenid@s y buen viaje!<\/p>\n","protected":false},"excerpt":{"rendered":"<p>\u00a1Bienvenid@s al Multiverso Cinematogr\u00e1fico de Pelis\u00c9picas! En esta realidad alterna, vamos a compartir e indagar en algunas de las pel\u00edculas m\u00e1s ic\u00f3nicas de los \u00faltimos a\u00f1os, saltando desde el la Ciencia Ficci\u00f3n con pelis como Interestellar, hasta incursionar en aventuras con El viaje de Chihiro, y dejar que nos lleguen al coraz\u00f3n con pelis rom\u00e1nticas [&hellip;]<\/p>\n","protected":false},"author":1,"featured_media":360,"parent":0,"menu_order":0,"comment_status":"closed","ping_status":"closed","template":"","meta":{"pgc_sgb_lightbox_settings":"","footnotes":""},"class_list":["post-238","page","type-page","status-publish","has-post-thumbnail","hentry"],"_links":{"self":[{"href":"https:\/\/gicd.inf.um.es\/csidpub\/usuario11\/wp-json\/wp\/v2\/pages\/238","targetHints":{"allow":["GET"]}}],"collection":[{"href":"https:\/\/gicd.inf.um.es\/csidpub\/usuario11\/wp-json\/wp\/v2\/pages"}],"about":[{"href":"https:\/\/gicd.inf.um.es\/csidpub\/usuario11\/wp-json\/wp\/v2\/types\/page"}],"author":[{"embeddable":true,"href":"https:\/\/gicd.inf.um.es\/csidpub\/usuario11\/wp-json\/wp\/v2\/users\/1"}],"replies":[{"embeddable":true,"href":"https:\/\/gicd.inf.um.es\/csidpub\/usuario11\/wp-json\/wp\/v2\/comments?post=238"}],"version-history":[{"count":13,"href":"https:\/\/gicd.inf.um.es\/csidpub\/usuario11\/wp-json\/wp\/v2\/pages\/238\/revisions"}],"predecessor-version":[{"id":515,"href":"https:\/\/gicd.inf.um.es\/csidpub\/usuario11\/wp-json\/wp\/v2\/pages\/238\/revisions\/515"}],"wp:featuredmedia":[{"embeddable":true,"href":"https:\/\/gicd.inf.um.es\/csidpub\/usuario11\/wp-json\/wp\/v2\/media\/360"}],"wp:attachment":[{"href":"https:\/\/gicd.inf.um.es\/csidpub\/usuario11\/wp-json\/wp\/v2\/media?parent=238"}],"curies":[{"name":"wp","href":"https:\/\/api.w.org\/{rel}","templated":true}]}}