{"id":366,"date":"2026-02-25T17:09:28","date_gmt":"2026-02-25T16:09:28","guid":{"rendered":"https:\/\/gicd.inf.um.es\/csidpub\/usuario13\/carrito\/"},"modified":"2026-05-01T22:59:03","modified_gmt":"2026-05-01T20:59:03","slug":"carrito","status":"publish","type":"page","link":"https:\/\/gicd.inf.um.es\/csidpub\/usuario13\/carrito\/","title":{"rendered":"Carrito"},"content":{"rendered":"\n<div data-block-name=\"woocommerce\/cart\" class=\"wp-block-woocommerce-cart alignwide is-loading\">\n<div data-block-name=\"woocommerce\/filled-cart-block\" class=\"wp-block-woocommerce-filled-cart-block\">\n<div data-block-name=\"woocommerce\/cart-items-block\" class=\"wp-block-woocommerce-cart-items-block\">\n<div data-block-name=\"woocommerce\/cart-line-items-block\" class=\"wp-block-woocommerce-cart-line-items-block\"><\/div>\n\n\n<\/div>\n\n\n\n\n<div data-block-name=\"woocommerce\/cart-totals-block\" class=\"wp-block-woocommerce-cart-totals-block\">\n<div data-block-name=\"woocommerce\/cart-order-summary-block\" class=\"wp-block-woocommerce-cart-order-summary-block\">\n<div data-block-name=\"woocommerce\/cart-order-summary-heading-block\" class=\"wp-block-woocommerce-cart-order-summary-heading-block\"><\/div><div data-block-name=\"woocommerce\/cart-order-summary-coupon-form-block\" class=\"wp-block-woocommerce-cart-order-summary-coupon-form-block\"><\/div><div data-block-name=\"woocommerce\/cart-order-summary-totals-block\" class=\"wp-block-woocommerce-cart-order-summary-totals-block\">\n<div data-block-name=\"woocommerce\/cart-order-summary-subtotal-block\" class=\"wp-block-woocommerce-cart-order-summary-subtotal-block\"><\/div>\n<div data-block-name=\"woocommerce\/cart-order-summary-discount-block\" class=\"wp-block-woocommerce-cart-order-summary-discount-block\"><\/div>\n<div data-block-name=\"woocommerce\/cart-order-summary-fee-block\" class=\"wp-block-woocommerce-cart-order-summary-fee-block\"><\/div>\n<div data-block-name=\"woocommerce\/cart-order-summary-shipping-block\" class=\"wp-block-woocommerce-cart-order-summary-shipping-block\"><\/div>\n<div data-block-name=\"woocommerce\/cart-order-summary-taxes-block\" class=\"wp-block-woocommerce-cart-order-summary-taxes-block\"><\/div><\/div>\n<\/div>\n\n\n\n<div data-block-name=\"woocommerce\/cart-express-payment-block\" class=\"wp-block-woocommerce-cart-express-payment-block\"><\/div>\n\n\n\n<div data-block-name=\"woocommerce\/proceed-to-checkout-block\" class=\"wp-block-woocommerce-proceed-to-checkout-block\"><\/div>\n\n\n\n<div data-block-name=\"woocommerce\/cart-accepted-payment-methods-block\" class=\"wp-block-woocommerce-cart-accepted-payment-methods-block\"><\/div>\n<\/div>\n<\/div>\n\n\n\n<div data-block-name=\"woocommerce\/empty-cart-block\" class=\"wp-block-woocommerce-empty-cart-block\">\n<h2 class=\"wp-block-heading has-text-align-center with-empty-cart-icon wc-block-cart__empty-cart__title\">\u00a1Tu carrito est\u00e1 actualmente vac\u00edo!<\/h2>\n\n\n\n<hr class=\"wp-block-separator has-alpha-channel-opacity is-style-dots\"\/>\n\n\n\n<h2 class=\"wp-block-heading has-text-align-center\">Nuevo en la tienda<\/h2>\n\n\n<div data-block-name=\"woocommerce\/product-new\" data-columns=\"4\" data-rows=\"1\" class=\"wc-block-grid wp-block-product-new wp-block-woocommerce-product-new wc-block-product-new has-4-columns\"><ul class=\"wc-block-grid__products\"><li class=\"wc-block-grid__product\">\n\t\t\t\t<a href=\"https:\/\/gicd.inf.um.es\/csidpub\/usuario13\/producto\/the-expatriates-edicion-en-ingles\/\" class=\"wc-block-grid__product-link\">\n\t\t\t\t\t\n\t\t\t\t\t<div class=\"wc-block-grid__product-image\"><img loading=\"lazy\" decoding=\"async\" width=\"300\" height=\"300\" src=\"https:\/\/gicd.inf.um.es\/csidpub\/usuario13\/wp-content\/uploads\/2026\/03\/juego-tftl-2-300x300.jpg\" class=\"attachment-woocommerce_thumbnail size-woocommerce_thumbnail\" alt=\"juego tftl\" srcset=\"https:\/\/gicd.inf.um.es\/csidpub\/usuario13\/wp-content\/uploads\/2026\/03\/juego-tftl-2-300x300.jpg 300w, https:\/\/gicd.inf.um.es\/csidpub\/usuario13\/wp-content\/uploads\/2026\/03\/juego-tftl-2-1024x1024.jpg 1024w, https:\/\/gicd.inf.um.es\/csidpub\/usuario13\/wp-content\/uploads\/2026\/03\/juego-tftl-2-150x150.jpg 150w, https:\/\/gicd.inf.um.es\/csidpub\/usuario13\/wp-content\/uploads\/2026\/03\/juego-tftl-2-768x768.jpg 768w, https:\/\/gicd.inf.um.es\/csidpub\/usuario13\/wp-content\/uploads\/2026\/03\/juego-tftl-2-600x600.jpg 600w, https:\/\/gicd.inf.um.es\/csidpub\/usuario13\/wp-content\/uploads\/2026\/03\/juego-tftl-2-100x100.jpg 100w, https:\/\/gicd.inf.um.es\/csidpub\/usuario13\/wp-content\/uploads\/2026\/03\/juego-tftl-2.jpg 1153w\" sizes=\"auto, (max-width: 300px) 100vw, 300px\" \/><\/div>\n\t\t\t\t\t<div class=\"wc-block-grid__product-title\">The Expatriates (edici\u00f3n en Ingl\u00e9s)<\/div>\n\t\t\t\t<\/a>\n\t\t\t\t<div class=\"wc-block-grid__product-price price\"><span class=\"woocommerce-Price-amount amount\">8,00&nbsp;<span class=\"woocommerce-Price-currencySymbol\">&euro;<\/span><\/span> <small class=\"woocommerce-price-suffix\">IVA incluido<\/small><\/div>\n\t\t\t\t\n\t\t\t\t<div class=\"wp-block-button wc-block-grid__product-add-to-cart\"><a href=\"\/csidpub\/usuario13\/wp-json\/wp\/v2\/pages\/366?add-to-cart=446\" aria-label=\"A\u00f1adir al carrito: &ldquo;The Expatriates (edici\u00f3n en Ingl\u00e9s)&rdquo;\" data-quantity=\"1\" data-product_id=\"446\" data-product_sku=\"UMU300080\" data-price=\"8\" rel=\"nofollow\" class=\"wp-block-button__link  add_to_cart_button ajax_add_to_cart\">A\u00f1adir al carrito<\/a><\/div>\n\t\t\t<\/li><li class=\"wc-block-grid__product\">\n\t\t\t\t<a href=\"https:\/\/gicd.inf.um.es\/csidpub\/usuario13\/producto\/poster-de-la-temporada-1-de-la-serie-de-tv-the-crown\/\" class=\"wc-block-grid__product-link\">\n\t\t\t\t\t\n\t\t\t\t\t<div class=\"wc-block-grid__product-image\"><img loading=\"lazy\" decoding=\"async\" width=\"300\" height=\"300\" src=\"https:\/\/gicd.inf.um.es\/csidpub\/usuario13\/wp-content\/uploads\/2026\/03\/cuadro-the-crown-1-300x300.jpg\" class=\"attachment-woocommerce_thumbnail size-woocommerce_thumbnail\" alt=\"cuadro the crown\" srcset=\"https:\/\/gicd.inf.um.es\/csidpub\/usuario13\/wp-content\/uploads\/2026\/03\/cuadro-the-crown-1-300x300.jpg 300w, https:\/\/gicd.inf.um.es\/csidpub\/usuario13\/wp-content\/uploads\/2026\/03\/cuadro-the-crown-1-150x150.jpg 150w, https:\/\/gicd.inf.um.es\/csidpub\/usuario13\/wp-content\/uploads\/2026\/03\/cuadro-the-crown-1-100x100.jpg 100w\" sizes=\"auto, (max-width: 300px) 100vw, 300px\" \/><\/div>\n\t\t\t\t\t<div class=\"wc-block-grid__product-title\">P\u00f3ster de la temporada 1 de la serie de TV The Crown<\/div>\n\t\t\t\t<\/a>\n\t\t\t\t<div class=\"wc-block-grid__product-price price\"><span class=\"woocommerce-Price-amount amount\">7,35&nbsp;<span class=\"woocommerce-Price-currencySymbol\">&euro;<\/span><\/span> <small class=\"woocommerce-price-suffix\">IVA incluido<\/small><\/div>\n\t\t\t\t\n\t\t\t\t<div class=\"wp-block-button wc-block-grid__product-add-to-cart\"><a href=\"\/csidpub\/usuario13\/wp-json\/wp\/v2\/pages\/366?add-to-cart=445\" aria-label=\"A\u00f1adir al carrito: &ldquo;P\u00f3ster de la temporada 1 de la serie de TV The Crown&rdquo;\" data-quantity=\"1\" data-product_id=\"445\" data-product_sku=\"UMU300070\" data-price=\"7.35\" rel=\"nofollow\" class=\"wp-block-button__link  add_to_cart_button ajax_add_to_cart\">A\u00f1adir al carrito<\/a><\/div>\n\t\t\t<\/li><li class=\"wc-block-grid__product\">\n\t\t\t\t<a href=\"https:\/\/gicd.inf.um.es\/csidpub\/usuario13\/producto\/peluche-de-grogu-el-mandaloriano\/\" class=\"wc-block-grid__product-link\">\n\t\t\t\t\t\n\t\t\t\t\t<div class=\"wc-block-grid__product-image\"><img loading=\"lazy\" decoding=\"async\" width=\"300\" height=\"300\" src=\"https:\/\/gicd.inf.um.es\/csidpub\/usuario13\/wp-content\/uploads\/2026\/03\/peluche-grogu-4-300x300.jpg\" class=\"attachment-woocommerce_thumbnail size-woocommerce_thumbnail\" alt=\"peluche grogu\" srcset=\"https:\/\/gicd.inf.um.es\/csidpub\/usuario13\/wp-content\/uploads\/2026\/03\/peluche-grogu-4-300x300.jpg 300w, https:\/\/gicd.inf.um.es\/csidpub\/usuario13\/wp-content\/uploads\/2026\/03\/peluche-grogu-4-150x150.jpg 150w, https:\/\/gicd.inf.um.es\/csidpub\/usuario13\/wp-content\/uploads\/2026\/03\/peluche-grogu-4-100x100.jpg 100w\" sizes=\"auto, (max-width: 300px) 100vw, 300px\" \/><\/div>\n\t\t\t\t\t<div class=\"wc-block-grid__product-title\">Peluche de Grogu (El Mandaloriano)<\/div>\n\t\t\t\t<\/a>\n\t\t\t\t<div class=\"wc-block-grid__product-price price\"><span class=\"woocommerce-Price-amount amount\">25,70&nbsp;<span class=\"woocommerce-Price-currencySymbol\">&euro;<\/span><\/span> <small class=\"woocommerce-price-suffix\">IVA incluido<\/small><\/div>\n\t\t\t\t\n\t\t\t\t<div class=\"wp-block-button wc-block-grid__product-add-to-cart\"><a href=\"\/csidpub\/usuario13\/wp-json\/wp\/v2\/pages\/366?add-to-cart=443\" aria-label=\"A\u00f1adir al carrito: &ldquo;Peluche de Grogu (El Mandaloriano)&rdquo;\" data-quantity=\"1\" data-product_id=\"443\" data-product_sku=\"UMU300060\" data-price=\"25.7\" rel=\"nofollow\" class=\"wp-block-button__link  add_to_cart_button ajax_add_to_cart\">A\u00f1adir al carrito<\/a><\/div>\n\t\t\t<\/li><li class=\"wc-block-grid__product\">\n\t\t\t\t<a href=\"https:\/\/gicd.inf.um.es\/csidpub\/usuario13\/producto\/the-last-of-us-aprender-a-perdonar\/\" class=\"wc-block-grid__product-link\">\n\t\t\t\t\t\n\t\t\t\t\t<div class=\"wc-block-grid__product-image\"><img loading=\"lazy\" decoding=\"async\" width=\"300\" height=\"300\" src=\"https:\/\/gicd.inf.um.es\/csidpub\/usuario13\/wp-content\/uploads\/2026\/03\/libro-tlou-1-300x300.jpg\" class=\"attachment-woocommerce_thumbnail size-woocommerce_thumbnail\" alt=\"libro tlou\" srcset=\"https:\/\/gicd.inf.um.es\/csidpub\/usuario13\/wp-content\/uploads\/2026\/03\/libro-tlou-1-300x300.jpg 300w, https:\/\/gicd.inf.um.es\/csidpub\/usuario13\/wp-content\/uploads\/2026\/03\/libro-tlou-1-150x150.jpg 150w, https:\/\/gicd.inf.um.es\/csidpub\/usuario13\/wp-content\/uploads\/2026\/03\/libro-tlou-1-100x100.jpg 100w\" sizes=\"auto, (max-width: 300px) 100vw, 300px\" \/><\/div>\n\t\t\t\t\t<div class=\"wc-block-grid__product-title\">The Last of Us: Aprender a perdonar<\/div>\n\t\t\t\t<\/a>\n\t\t\t\t<div class=\"wc-block-grid__product-price price\"><span class=\"woocommerce-Price-amount amount\">9,90&nbsp;<span class=\"woocommerce-Price-currencySymbol\">&euro;<\/span><\/span> <small class=\"woocommerce-price-suffix\">IVA incluido<\/small><\/div>\n\t\t\t\t\n\t\t\t\t<div class=\"wp-block-button wc-block-grid__product-add-to-cart\"><a href=\"\/csidpub\/usuario13\/wp-json\/wp\/v2\/pages\/366?add-to-cart=441\" aria-label=\"A\u00f1adir al carrito: &ldquo;The Last of Us: Aprender a perdonar&rdquo;\" data-quantity=\"1\" data-product_id=\"441\" data-product_sku=\"UMU300050\" data-price=\"9.9\" rel=\"nofollow\" class=\"wp-block-button__link  add_to_cart_button ajax_add_to_cart\">A\u00f1adir al carrito<\/a><\/div>\n\t\t\t<\/li><\/ul><\/div><\/div>\n<\/div>\n","protected":false},"excerpt":{"rendered":"","protected":false},"author":1,"featured_media":0,"parent":0,"menu_order":0,"comment_status":"closed","ping_status":"closed","template":"","meta":{"pgc_sgb_lightbox_settings":"","footnotes":""},"class_list":["post-366","page","type-page","status-publish","hentry"],"_links":{"self":[{"href":"https:\/\/gicd.inf.um.es\/csidpub\/usuario13\/wp-json\/wp\/v2\/pages\/366","targetHints":{"allow":["GET"]}}],"collection":[{"href":"https:\/\/gicd.inf.um.es\/csidpub\/usuario13\/wp-json\/wp\/v2\/pages"}],"about":[{"href":"https:\/\/gicd.inf.um.es\/csidpub\/usuario13\/wp-json\/wp\/v2\/types\/page"}],"author":[{"embeddable":true,"href":"https:\/\/gicd.inf.um.es\/csidpub\/usuario13\/wp-json\/wp\/v2\/users\/1"}],"replies":[{"embeddable":true,"href":"https:\/\/gicd.inf.um.es\/csidpub\/usuario13\/wp-json\/wp\/v2\/comments?post=366"}],"version-history":[{"count":1,"href":"https:\/\/gicd.inf.um.es\/csidpub\/usuario13\/wp-json\/wp\/v2\/pages\/366\/revisions"}],"predecessor-version":[{"id":450,"href":"https:\/\/gicd.inf.um.es\/csidpub\/usuario13\/wp-json\/wp\/v2\/pages\/366\/revisions\/450"}],"wp:attachment":[{"href":"https:\/\/gicd.inf.um.es\/csidpub\/usuario13\/wp-json\/wp\/v2\/media?parent=366"}],"curies":[{"name":"wp","href":"https:\/\/api.w.org\/{rel}","templated":true}]}}