{"id":248,"date":"2025-11-25T22:52:32","date_gmt":"2025-11-25T21:52:32","guid":{"rendered":"https:\/\/gicd.inf.um.es\/csidpub\/usuario14\/?page_id=248"},"modified":"2025-11-28T10:47:25","modified_gmt":"2025-11-28T09:47:25","slug":"historia-y-moda-en-la-gran-pantalla","status":"publish","type":"page","link":"https:\/\/gicd.inf.um.es\/csidpub\/usuario14\/historia-y-moda-en-la-gran-pantalla\/","title":{"rendered":"Actividad 1"},"content":{"rendered":"\n<div class=\"wp-block-cover is-light has-parallax\"><div role=\"img\" aria-label=\"fondo actividad 1\" class=\"wp-block-cover__image-background wp-image-542 size-full has-parallax\" style=\"background-position:50% 50%;background-image:url(https:\/\/gicd.inf.um.es\/csidpub\/usuario14\/wp-content\/uploads\/2025\/11\/0342E3A9-8BC5-4BC2-8DFE-D2D5B43FD183.jpeg.webp)\"><\/div><span aria-hidden=\"true\" class=\"wp-block-cover__background has-background-dim\" style=\"background-color:#494e51\"><\/span><div class=\"wp-block-cover__inner-container is-layout-constrained wp-block-cover-is-layout-constrained\">\n<p class=\"has-text-align-center has-text-color has-link-color has-x-large-font-size wp-elements-48b1fb502f07773a74bb2dcf64b28fd1\" style=\"color:#ffd6ea\">2000s Romcoms<\/p>\n<\/div><\/div>\n\n\n\n<p class=\"has-white-color has-text-color has-link-color wp-elements-c645e628e62f8fbab9d9726851472d16\"><\/p>\n\n\n\n<hr class=\"wp-block-separator has-alpha-channel-opacity\"\/>\n\n\n\n<div class=\"wp-block-media-text is-stacked-on-mobile\"><figure class=\"wp-block-media-text__media\"><img loading=\"lazy\" decoding=\"async\" width=\"736\" height=\"736\" src=\"https:\/\/gicd.inf.um.es\/csidpub\/usuario14\/wp-content\/uploads\/2025\/11\/384b4c4f0781eb692df3b6de3a7d7da9.jpg\" alt=\"karen smith\" class=\"wp-image-535 size-full\" srcset=\"https:\/\/gicd.inf.um.es\/csidpub\/usuario14\/wp-content\/uploads\/2025\/11\/384b4c4f0781eb692df3b6de3a7d7da9.jpg 736w, https:\/\/gicd.inf.um.es\/csidpub\/usuario14\/wp-content\/uploads\/2025\/11\/384b4c4f0781eb692df3b6de3a7d7da9-300x300.jpg 300w, https:\/\/gicd.inf.um.es\/csidpub\/usuario14\/wp-content\/uploads\/2025\/11\/384b4c4f0781eb692df3b6de3a7d7da9-150x150.jpg 150w\" sizes=\"auto, (max-width: 736px) 100vw, 736px\" \/><\/figure><div class=\"wp-block-media-text__content\">\n<p class=\"has-medium-font-size\">Bienvenidos a la d\u00e9cada de los pantalones de tiro bajo y los tel\u00e9fonos con tapa. En este espacio analizamos los 10 grandes hitos de la comedia rom\u00e1ntica que definieron nuestra adolescencia, desde el armario de Cher Horowitz hasta la redacci\u00f3n de Runway.<\/p>\n<\/div><\/div>\n\n\n\n<hr class=\"wp-block-separator has-alpha-channel-opacity\"\/>\n\n\n\n<div class=\"wp-block-columns is-layout-flex wp-container-core-columns-is-layout-9d6595d7 wp-block-columns-is-layout-flex\">\n<div class=\"wp-block-column is-layout-flow wp-block-column-is-layout-flow\">\n<figure class=\"wp-block-image size-full\"><img loading=\"lazy\" decoding=\"async\" width=\"640\" height=\"640\" src=\"https:\/\/gicd.inf.um.es\/csidpub\/usuario14\/wp-content\/uploads\/2025\/11\/aa6a8a3f4a2fb1cbd5b16e7e9ff122d8-edited.jpg\" alt=\"columna mean girls\" class=\"wp-image-557\" srcset=\"https:\/\/gicd.inf.um.es\/csidpub\/usuario14\/wp-content\/uploads\/2025\/11\/aa6a8a3f4a2fb1cbd5b16e7e9ff122d8-edited.jpg 640w, https:\/\/gicd.inf.um.es\/csidpub\/usuario14\/wp-content\/uploads\/2025\/11\/aa6a8a3f4a2fb1cbd5b16e7e9ff122d8-edited-300x300.jpg 300w, https:\/\/gicd.inf.um.es\/csidpub\/usuario14\/wp-content\/uploads\/2025\/11\/aa6a8a3f4a2fb1cbd5b16e7e9ff122d8-edited-150x150.jpg 150w\" sizes=\"auto, (max-width: 640px) 100vw, 640px\" \/><\/figure>\n\n\n\n<div class=\"wp-block-buttons is-content-justification-center is-layout-flex wp-container-core-buttons-is-layout-16018d1d wp-block-buttons-is-layout-flex\">\n<div class=\"wp-block-button is-style-fill\"><a class=\"wp-block-button__link has-background wp-element-button\" href=\"https:\/\/gicd.inf.um.es\/csidpub\/usuario14\/category\/actividad-1\/high-school-drama\/\" style=\"background:linear-gradient(135deg,rgb(255,214,234) 0%,rgb(255,116,181) 100%)\">Dramas de Instituto<\/a><\/div>\n<\/div>\n<\/div>\n\n\n\n<div class=\"wp-block-column is-layout-flow wp-block-column-is-layout-flow\">\n<figure class=\"wp-block-image size-full\"><img loading=\"lazy\" decoding=\"async\" width=\"683\" height=\"683\" src=\"https:\/\/gicd.inf.um.es\/csidpub\/usuario14\/wp-content\/uploads\/2025\/11\/836b0ae0e4df911055362c04fdb2f35f.jpg\" alt=\"edvdp columna\n\" class=\"wp-image-547\" srcset=\"https:\/\/gicd.inf.um.es\/csidpub\/usuario14\/wp-content\/uploads\/2025\/11\/836b0ae0e4df911055362c04fdb2f35f.jpg 683w, https:\/\/gicd.inf.um.es\/csidpub\/usuario14\/wp-content\/uploads\/2025\/11\/836b0ae0e4df911055362c04fdb2f35f-300x300.jpg 300w, https:\/\/gicd.inf.um.es\/csidpub\/usuario14\/wp-content\/uploads\/2025\/11\/836b0ae0e4df911055362c04fdb2f35f-150x150.jpg 150w\" sizes=\"auto, (max-width: 683px) 100vw, 683px\" \/><\/figure>\n\n\n\n<div class=\"wp-block-buttons is-content-justification-center is-layout-flex wp-container-core-buttons-is-layout-16018d1d wp-block-buttons-is-layout-flex\">\n<div class=\"wp-block-button is-style-fill\"><a class=\"wp-block-button__link has-background wp-element-button\" href=\"https:\/\/gicd.inf.um.es\/csidpub\/usuario14\/category\/actividad-1\/high-school-drama\/\" style=\"background:linear-gradient(135deg,rgb(255,214,234) 0%,rgb(255,116,181) 100%)\">Moda y Oficina<\/a><\/div>\n<\/div>\n<\/div>\n\n\n\n<div class=\"wp-block-column is-layout-flow wp-block-column-is-layout-flow\">\n<figure class=\"wp-block-image size-large\"><img loading=\"lazy\" decoding=\"async\" width=\"1024\" height=\"1024\" src=\"https:\/\/gicd.inf.um.es\/csidpub\/usuario14\/wp-content\/uploads\/2025\/11\/06032fd4d8e785faa115e31fd9c53a66-1024x1024.jpg\" alt=\"legally blonde4\" class=\"wp-image-310\" srcset=\"https:\/\/gicd.inf.um.es\/csidpub\/usuario14\/wp-content\/uploads\/2025\/11\/06032fd4d8e785faa115e31fd9c53a66-1024x1025.jpg 1024w, https:\/\/gicd.inf.um.es\/csidpub\/usuario14\/wp-content\/uploads\/2025\/11\/06032fd4d8e785faa115e31fd9c53a66-300x300.jpg 300w, https:\/\/gicd.inf.um.es\/csidpub\/usuario14\/wp-content\/uploads\/2025\/11\/06032fd4d8e785faa115e31fd9c53a66-150x150.jpg 150w, https:\/\/gicd.inf.um.es\/csidpub\/usuario14\/wp-content\/uploads\/2025\/11\/06032fd4d8e785faa115e31fd9c53a66-768x769.jpg 768w, https:\/\/gicd.inf.um.es\/csidpub\/usuario14\/wp-content\/uploads\/2025\/11\/06032fd4d8e785faa115e31fd9c53a66.jpg 1200w\" sizes=\"auto, (max-width: 1024px) 100vw, 1024px\" \/><\/figure>\n\n\n\n<div class=\"wp-block-buttons is-content-justification-center is-layout-flex wp-container-core-buttons-is-layout-16018d1d wp-block-buttons-is-layout-flex\">\n<div class=\"wp-block-button is-style-fill\"><a class=\"wp-block-button__link has-background wp-element-button\" href=\"https:\/\/gicd.inf.um.es\/csidpub\/usuario14\/category\/actividad-1\/high-school-drama\/\" style=\"background:linear-gradient(135deg,rgb(255,214,234) 0%,rgb(255,116,181) 100%)\">Est\u00e9tica Y2K<\/a><\/div>\n<\/div>\n<\/div>\n\n\n\n<div class=\"wp-block-column is-layout-flow wp-block-column-is-layout-flow\">\n<figure class=\"wp-block-image size-full\"><img loading=\"lazy\" decoding=\"async\" width=\"736\" height=\"736\" src=\"https:\/\/gicd.inf.um.es\/csidpub\/usuario14\/wp-content\/uploads\/2025\/11\/1bf60f923b9a09619884ac540c3b4851-edited.jpg\" alt=\"htlagin10d actividad 1\" class=\"wp-image-556\" srcset=\"https:\/\/gicd.inf.um.es\/csidpub\/usuario14\/wp-content\/uploads\/2025\/11\/1bf60f923b9a09619884ac540c3b4851-edited.jpg 736w, https:\/\/gicd.inf.um.es\/csidpub\/usuario14\/wp-content\/uploads\/2025\/11\/1bf60f923b9a09619884ac540c3b4851-edited-300x300.jpg 300w, https:\/\/gicd.inf.um.es\/csidpub\/usuario14\/wp-content\/uploads\/2025\/11\/1bf60f923b9a09619884ac540c3b4851-edited-150x150.jpg 150w\" sizes=\"auto, (max-width: 736px) 100vw, 736px\" \/><\/figure>\n\n\n\n<div class=\"wp-block-buttons is-content-justification-center is-layout-flex wp-container-core-buttons-is-layout-16018d1d wp-block-buttons-is-layout-flex\">\n<div class=\"wp-block-button is-style-fill\"><a class=\"wp-block-button__link has-background wp-element-button\" href=\"https:\/\/gicd.inf.um.es\/csidpub\/usuario14\/category\/actividad-1\/high-school-drama\/\" style=\"background:linear-gradient(135deg,rgb(255,214,234) 0%,rgb(255,116,181) 100%)\">Eventos especiales<\/a><\/div>\n<\/div>\n<\/div>\n<\/div>\n\n\n\n<hr class=\"wp-block-separator has-alpha-channel-opacity\"\/>\n\n\n\n<blockquote class=\"wp-block-quote is-layout-flow wp-block-quote-is-layout-flow\">\n<p class=\"has-background has-medium-font-size\" style=\"background-color:#ffd6ea\">\u00abNunca subestimes el poder de un buen conjunto en un mal d\u00eda.\u00bb \u2014&nbsp;<strong>Cher Horowitz<\/strong>&nbsp;(<em>Fuera de Onda<\/em>)<\/p>\n<\/blockquote>\n","protected":false},"excerpt":{"rendered":"<p>Bienvenidos a la d\u00e9cada de los pantalones de tiro bajo y los tel\u00e9fonos con tapa. En este espacio analizamos los 10 grandes hitos de la comedia rom\u00e1ntica que definieron nuestra adolescencia, desde el armario de Cher Horowitz hasta la redacci\u00f3n de Runway. \u00abNunca subestimes el poder de un buen conjunto en un mal d\u00eda.\u00bb \u2014&nbsp;Cher [&hellip;]<\/p>\n","protected":false},"author":1,"featured_media":0,"parent":0,"menu_order":0,"comment_status":"closed","ping_status":"closed","template":"","meta":{"pgc_sgb_lightbox_settings":"","footnotes":""},"class_list":["post-248","page","type-page","status-publish","hentry"],"_links":{"self":[{"href":"https:\/\/gicd.inf.um.es\/csidpub\/usuario14\/wp-json\/wp\/v2\/pages\/248","targetHints":{"allow":["GET"]}}],"collection":[{"href":"https:\/\/gicd.inf.um.es\/csidpub\/usuario14\/wp-json\/wp\/v2\/pages"}],"about":[{"href":"https:\/\/gicd.inf.um.es\/csidpub\/usuario14\/wp-json\/wp\/v2\/types\/page"}],"author":[{"embeddable":true,"href":"https:\/\/gicd.inf.um.es\/csidpub\/usuario14\/wp-json\/wp\/v2\/users\/1"}],"replies":[{"embeddable":true,"href":"https:\/\/gicd.inf.um.es\/csidpub\/usuario14\/wp-json\/wp\/v2\/comments?post=248"}],"version-history":[{"count":34,"href":"https:\/\/gicd.inf.um.es\/csidpub\/usuario14\/wp-json\/wp\/v2\/pages\/248\/revisions"}],"predecessor-version":[{"id":565,"href":"https:\/\/gicd.inf.um.es\/csidpub\/usuario14\/wp-json\/wp\/v2\/pages\/248\/revisions\/565"}],"wp:attachment":[{"href":"https:\/\/gicd.inf.um.es\/csidpub\/usuario14\/wp-json\/wp\/v2\/media?parent=248"}],"curies":[{"name":"wp","href":"https:\/\/api.w.org\/{rel}","templated":true}]}}