{"id":548,"date":"2026-03-11T18:52:42","date_gmt":"2026-03-11T17:52:42","guid":{"rendered":"https:\/\/gicd.inf.um.es\/csidpub\/usuario15\/?page_id=548"},"modified":"2026-03-11T18:52:42","modified_gmt":"2026-03-11T17:52:42","slug":"terminos-y-condiciones-de-uso","status":"publish","type":"page","link":"https:\/\/gicd.inf.um.es\/csidpub\/usuario15\/terminos-y-condiciones-de-uso\/","title":{"rendered":"T\u00e9rminos y condiciones de uso."},"content":{"rendered":"\n<p>Los presentes T\u00e9rminos y condiciones de uso, regulan las condiciones de compra de los diferentes productos ofrecidos en nuestra web, de propiedad de SERIES \u00c9PICAS, S.L., sociedad espa\u00f1ola, con NIF B1234567, y ubicado en Av. Castilla, Murcia \u2013 Espa\u00f1a.<\/p>\n\n\n\n<p>Los usuarios que realicen compras en el sitio web de SERIES \u00c9PICAS aceptan plenamente las presentes condiciones y quedaran vinculados por estas, tal y como si fueran escritas en el momento de contrataci\u00f3n\/compra.<\/p>\n\n\n\n<p>Sera requisito indispensable la lectura y la aceptaci\u00f3n de las condiciones, con car\u00e1cter previo a la compra de cualquier producto a trav\u00e9s del sitio web de SERIES \u00c9PICAS.<\/p>\n\n\n\n<p>SERIES \u00c9PICAS, S.L. se reserva el derecho de modificar las condiciones en cualquier momento y sin previo aviso. Las condiciones estar\u00e1n siempre accesibles a partir del sitio web, para que el usuario pueda consultarlas o imprimirlas en cualquier momento.<\/p>\n\n\n\n<p>Los precios y condiciones de venta tienen un car\u00e1cter meramente informativo y pueden ser modificados en atenci\u00f3n a las fluctuaciones del mercado. No obstante, la realizaci\u00f3n del pedido mediante la cumplimentaci\u00f3n del formulario de compra, implica la conformidad con el precio ofertado y con las condiciones generales de venta vigentes en ese concreto momento. Una vez formalizado el pedido, se entender\u00e1 perfeccionada la compra de pleno derecho, con todas las garant\u00edas legales que amparan al consumidor adquirente y, desde ese instante, los precios y condiciones tendr\u00e1n car\u00e1cter contractual y no podr\u00e1n ser modificados sin el expreso acuerdo de ambos contratantes. El castellano ser\u00e1 la lengua utilizada para formalizar el contrato. El documento electr\u00f3nico en que se formalice el contrato se archivar\u00e1 y el usuario tendr\u00e1 acceso a \u00e9l en su zona de cliente.<\/p>\n\n\n\n<p>SERIES \u00c9PICAS, S.L. se reserva el derecho de denegar y\/o suspender el acceso a los servicios prestados en el sitio web de SERIES \u00c9PICAS por razones de vulneraci\u00f3n de la buena fe contractual, incumplimiento de la legislaci\u00f3n de aplicaci\u00f3n, de las presentes Condiciones Generales de Compra y\/o en supuestos de fraude detectados por esta empresa y\/o cualquiera de sus proveedores.<\/p>\n\n\n\n<h2 class=\"wp-block-heading\">Env\u00edos<\/h2>\n\n\n\n<p>Los plazos de entrega oscilan entre las 24 y las 72 horas a elecci\u00f3n del cliente. No podemos garantizar estos plazos de entrega, si bien intentamos que las empresas de transporte los cumplan siempre que sea posible. En poblaciones rurales alejadas de n\u00facleos urbanos no es posible garantizar en ning\u00fan caso la entrega en 24 horas.<\/p>\n\n\n\n<p>Los plazos de entrega depender\u00e1n de la disponibilidad de cada producto, la cual se encuentra indicada en todos y cada uno de los productos ofertados. En los pedidos que incluyan varios art\u00edculos se har\u00e1 un \u00fanico env\u00edo y el plazo de entrega se corresponder\u00e1 con el art\u00edculo cuyo plazo de entrega sea mayor.<\/p>\n\n\n\n<p>El cliente dispondr\u00e1 de 5 d\u00edas para comprobar la integridad de todos los componentes del pedido y para comprobar que se incluye todo lo que debe en los productos incluidos. Pasados estos 5 d\u00edas se dar\u00e1 por aceptado el env\u00edo y no se aceptar\u00e1n reclamaciones por desperfectos o fallos con el env\u00edo.<\/p>\n\n\n\n<p>Se considerar\u00e1 entregado un pedido cuando sea firmado el recibo de entrega por parte del cliente. Es en los pr\u00f3ximos 5 d\u00edas cuando el cliente debe verificar los productos a la recepci\u00f3n de los mismos y exponer todas las objeciones que pudiesen existir.<\/p>\n\n\n\n<p>En caso de recibir un producto da\u00f1ado por el transporte es recomendable contactarnos dentro de las primeras 24 horas para poder reclamar la incidencia a la empresa de transporte. De la misma forma es conveniente dejar constancia a la empresa de transporte:<\/p>\n\n\n\n<p>Redyser: 902 060 118<br>Tourline: 902 34 33 22<br>Seur: 902 10 10 10<br>Correos (Ceuta y Melilla): 902 19 71 97<\/p>\n\n\n\n<p>Puedes consultar todo lo relativo a gastos de env\u00edo haciendo click aqu\u00ed.<\/p>\n\n\n\n<h2 class=\"wp-block-heading\">Desestimiento<\/h2>\n\n\n\n<p>A estos efectos, SERIES \u00c9PICAS, S.L. informa que el Texto Refundido de la Ley General para la Defensa de los Consumidores y Usuarios (TRLGDCU) establece varias opciones para poder ejercer el derecho de desistimiento. Entre ellas contempla la posibilidad de hacerlo rellenando un formulario de forma telem\u00e1tica. Con el fin de acortar los tiempos y de que pueda realizar la devoluci\u00f3n de una forma c\u00f3moda y sin demoras, desde SERIES \u00c9PICAS, S.L. le aconsejamos que haga uso de esa opci\u00f3n y rellene el formulario de desistimiento.<\/p>\n\n\n\n<p>Conforme a la legislaci\u00f3n vigente, se puede proceder dejar sin efecto el contrato celebrado, sin necesidad de justificar tal decisi\u00f3n y sin penalizaci\u00f3n de ninguna clase, en un plazo de 14 d\u00edas naturales desde la recepci\u00f3n de la mercanc\u00eda por el cliente. Para ello se deben cumplir las condiciones expuestas en este documento: formulario de desistimiento.<\/p>\n\n\n\n<p>El consumidor s\u00f3lo ser\u00e1 responsable de la disminuci\u00f3n de valor de los bienes resultantes de una manipulaci\u00f3n de los mismos distinta a la necesaria para establecer su naturaleza, sus caracter\u00edsticas o su funcionamiento<\/p>\n\n\n\n<p>El derecho de desistimiento no ser\u00e1 aplicable a los contratos que se refieran a:<\/p>\n\n\n\n<p>La prestaci\u00f3n de servicios, una vez que el servicio haya sido completamente ejecutado, y si el contrato impone al consumidor o usuario una obligaci\u00f3n de pago, cuando la ejecuci\u00f3n haya comenzado, con previo consentimiento expreso del consumidor o usuario y con el conocimiento por su parte de que, una vez que el empresario haya ejecutado \u00edntegramente el contrato, habr\u00e1 perdido su derecho de desistimiento.<br>El suministro de bienes o la prestaci\u00f3n de servicios cuyo precio dependa de fluctuaciones del mercado financiero que el empresario no pueda controlar y que puedan producirse durante el periodo de desistimiento.<br>El suministro de bienes confeccionados conforme a las especificaciones del consumidor y usuario o claramente personalizados.<br>El suministro de bienes que puedan deteriorarse o caducar con rapidez.<br>El suministro de bienes precintados que no sean aptos para ser devueltos por razones de protecci\u00f3n de la salud o de higiene y que hayan sido desprecintados tras la entrega.<br>El suministro de bienes que despu\u00e9s de su entrega y teniendo en cuenta su naturaleza se hayan mezclado de forma indisociable con otros bienes.<br>El suministro de bebidas alcoh\u00f3licas cuyo precio haya sido acordado en el momento de celebrar el contrato de venta y que no puedan ser entregadas antes de 30 d\u00edas, y cuyo valor real dependa de fluctuaciones del mercado que el empresario no pueda controlar.<br>Los contratos en los que el consumidor y usuario haya solicitado espec\u00edficamente al empresario que le visite para efectuar operaciones de reparaci\u00f3n o mantenimiento urgente; si, en esa visita, el empresario presta servicios adicionales a los solicitados espec\u00edficamente por el consumidor o suministra bienes distintos de las piezas de recambio utilizadas necesariamente para efectuar las operaciones de mantenimiento o reparaci\u00f3n, el derecho de desistimiento debe aplicarse a dichos servicios o bienes adicionales.<br>El suministro de grabaciones sonoras o de v\u00eddeo precintadas o de programas inform\u00e1ticos precintados que hayan sido desprecintados por el consumidor y usuario despu\u00e9s de la entrega.<br>El suministro de prensa diaria, publicaciones peri\u00f3dicas o revistas, con la excepci\u00f3n de los contratos de suscripci\u00f3n para el suministro de tales publicaciones.<br>Los contratos celebrados mediante subastas p\u00fablicas.<br>El suministro de servicios de alojamiento para fines distintos del de servir de vivienda, transporte de bienes, alquiler de veh\u00edculos, comida o servicios relacionados con actividades de esparcimiento, si los contratos prev\u00e9n una fecha o un periodo de ejecuci\u00f3n espec\u00edficos.<br>El suministro de contenido digital que no se preste en un soporte material cuando la ejecuci\u00f3n haya comenzado y, si el contrato impone al consumidor o usuario una obligaci\u00f3n de pago, cuando se den las siguientes condiciones:<br>El consumidor o usuario haya otorgado su consentimiento previo para iniciar la ejecuci\u00f3n durante el plazo del derecho de desistimiento.<br>El consumidor o usuario haya expresado su conocimiento de que, en consecuencia, pierde su derecho de desistimiento; y.<br>El empresario haya proporcionado una confirmaci\u00f3n con arreglo al art\u00edculo 98.7 o al art\u00edculo 99.2.<br>Una vez recibamos el\/los producto\/s, te devolveremos el dinero seg\u00fan la forma de pago que hayas utilizado:<\/p>\n\n\n\n<p>Si pagaste con tarjeta, el abono lo realizaremos en tu cuenta en un plazo de 48 a 72 horas.<br>Si pagaste por Paypal, el abono lo realizaremos en tu cuenta Paypal.<br>Si el pago lo hiciste por transferencia, te pediremos un n\u00famero de cuenta para hacerte el abono. Ten en cuenta que pueden pasar hasta 48h h\u00e1biles hasta que se vea reflejado en tu cuenta bancaria.<br>Si pagaste por financiaci\u00f3n, procederemos a realizar una cancelaci\u00f3n total o parcial de la cantidad financiada seg\u00fan el caso.<br>Para el resto de las formas de pago, te solicitaremos un n\u00famero de cuenta para hacerte el abono.<br>S\u00f3lo ser\u00e1s responsable de la disminuci\u00f3n de valor de los bienes resultante de una manipulaci\u00f3n de los mismos distinta a la necesaria para establecer su naturaleza, sus caracter\u00edsticas o su funcionamiento.<\/p>\n\n\n\n<p>Encontrar\u00e1s m\u00e1s informaci\u00f3n sobre el proceso de devoluci\u00f3n en el apartado \u201cQuiero hacer una devoluci\u00f3n\u201d del Centro de Soporte.<\/p>\n\n\n\n<p>Consulta nuestra pol\u00edtica de devoluciones.<\/p>\n\n\n\n<h2 class=\"wp-block-heading\">Condiciones de devoluciones para clientes particulares<\/h2>\n\n\n\n<p>Para productos vendidos y entregados por SERIES \u00c9PICAS, S.L., puedes devolver tus art\u00edculos por cualquier motivo sin gastos de devoluci\u00f3n, m\u00e1s all\u00e1 del plazo establecido legalmente para ejercer el derecho de desistimiento (14 d\u00edas naturales desde su entrega) hasta los siguientes 30 d\u00edas naturales desde la recepci\u00f3n de tu pedido. La devoluci\u00f3n por desistimiento \u00fanicamente ser\u00e1 gratuita para productos nuevos y reacondicionados vendidos y entregados por SERIES \u00c9PICAS, S.L.. El consumidor soportar\u00e1 los costes directos de devoluci\u00f3n de productos en los restantes casos y, en particular, cuando se trate de productos comprados a vendedores externos a trav\u00e9s del marketplace de SERIES \u00c9PICAS, S.L..<br>Con el f\u00edn de poder evitar cualquier tipo de da\u00f1o en el env\u00edo, toda mercanc\u00eda debe ser devuelta en sus condiciones originales, en perfecto estado y protegida, evitando pegatinas, precintos o cintas adhesivas directamente sobre la superficie o embalaje del art\u00edculo.<br>Una vez rellenada y enviada la solicitud de devoluci\u00f3n, recibir\u00e1s las instrucciones para que nos lo hagas llegar a nuestras instalaciones en tu correo electr\u00f3nico. Deber\u00e1s enviar los bienes sin ninguna demora y siempre dentro del plazo m\u00e1ximo de 30 d\u00edas naturales desde que recibiste tu pedido.<br>Una vez recibida la mercanc\u00eda y comprobada que est\u00e1 en perfectas condiciones, se tramitar\u00e1 la devoluci\u00f3n del importe. Te devolveremos el pago recibido, incluido el gasto de entrega con la excepci\u00f3n de los gastos adicionales resultantes de la elecci\u00f3n por tu parte de una modalidad de entrega diferente a la modalidad menos costosa de entrega ordinaria que ofrezcamos.<br>Devoluci\u00f3n de productos con regalo o promoci\u00f3n: Ser\u00e1 obligatorio la devoluci\u00f3n completa (pack completo o art\u00edculo + regalo) para poder proceder al reembolso. En el caso de productos que incluyen c\u00f3digos de descarga de juegos ser\u00e1 requisito no haberlo descargado para proceder al abono completo. En el caso de que se haya descargado se descontar\u00e1 el importe del juego al total a reembolsar.<br>Condiciones de devoluciones para distribuidores<br>\u00danicamente se aceptar\u00e1n devoluciones de material sin desprecintar y en perfecto estado, durante los 30 d\u00edas naturales posteriores a su recepci\u00f3n.<br>Las promociones existentes en la web que extiendan el plazo de entrega de 30 d\u00edas no ser\u00e1n aplicables a distribuidores, que tendr\u00e1n siempre un plazo de devoluci\u00f3n de 30 d\u00edas.<br>Tales devoluciones ser\u00e1n tramitadas como devoluci\u00f3n comercial, ya que no hay ninguna ley que regule los derechos de devoluci\u00f3n entre empresas, y dichas tramitaciones est\u00e1n reguladas seg\u00fan las condiciones de SERIES \u00c9PICAS, S.L.<br>No se aceptar\u00e1n devoluciones de productos en bl\u00edster o termosellado, y resto de productos que presenten un precinto de f\u00e1brica de seguridad roto; como por ejemplo, placas base con cables desprecintados, monitores, impresoras, tarjetas de memoria, etc.<br>Dichas condiciones no anulan el derecho de garant\u00eda o cambio de productos defectuosos. SERIES \u00c9PICAS, S.L. se reserva el derecho a denegar la devoluci\u00f3n en caso de detectarse cualquier anomal\u00eda en el producto devuelto.<\/p>\n\n\n\n<h2 class=\"wp-block-heading\">Garant\u00edas<\/h2>\n\n\n\n<p>La garant\u00eda no cubre aquellos defectos provocados por un uso incorrecto del producto y\/o manipulaci\u00f3n del mismo distinta a la necesaria para establecer su naturaleza, caracter\u00edsticas o su funcionamiento. En esos casos el consumidor deber\u00e1 hacerse cargo de su reparaci\u00f3n. Quedan, por tanto, excluidos de la garant\u00eda:<\/p>\n\n\n\n<p>Defectos y deterioros producidos por hechos externos, accidentes, principalmente accidentes el\u00e9ctricos, por desgaste y por utilizaci\u00f3n no conforme a las instrucciones de SERIES \u00c9PICAS, S.L..<br>Productos modificados o reparados por el cliente o cualquier otra persona no autorizada por SERIES \u00c9PICAS, S.L., as\u00ed como los productos que son objeto de un contrato de soporte espec\u00edfico.<br>Incorrecta configuraci\u00f3n software\/hardware, por parte del cliente, de un equipo, componente o perif\u00e9rico. Incorrecta configuraci\u00f3n software\/hardware o aver\u00eda en un equipo provocada por un componente no suministrado por SERIES \u00c9PICAS, S.L. e incorporado por el cliente.<br>Infecci\u00f3n de virus inform\u00e1ticos, por parte del cliente, en equipos, discos duros o disquetes de drivers o de software adicional.<br>Toda la informaci\u00f3n relativa a garant\u00edas de los productos la encuentras en la secci\u00f3n de garant\u00edas.<\/p>\n\n\n\n<h2 class=\"wp-block-heading\">Cancelaciones de pedidos<\/h2>\n\n\n\n<p>Aquellas cancelaciones de pedidos que impliquen una devoluci\u00f3n al cliente y que sean por transferencia bancaria tendr\u00e1n un plazo m\u00e1ximo de 30 d\u00edas por tr\u00e1mites administrativos, si bien intentamos que el plazo no sea superior a 7 d\u00edas.<\/p>\n\n\n\n<h2 class=\"wp-block-heading\">Bases Legales de Concursos<\/h2>\n\n\n\n<p>Toda la informaci\u00f3n sobre las bases legales de los concursos aqu\u00ed.<\/p>\n\n\n\n<h2 class=\"wp-block-heading\">Resoluci\u00f3n de litigios<\/h2>\n\n\n\n<p>Resoluci\u00f3n de litigios en l\u00ednea en materia de consumo conforme al Art. 14.1 del Reglamento (UE) 524\/2013: La Comisi\u00f3n Europea facilita una plataforma de resoluci\u00f3n de litigios en l\u00ednea que se encuentra disponible en el siguiente enlace: http:\/\/ec.europa.eu\/consumers\/odr\/.<\/p>\n\n\n\n<h2 class=\"wp-block-heading\">Sistema de compensaci\u00f3n por copia privada<\/h2>\n\n\n\n<p>En virtud del Real Decreto-ley 12\/2017 12\/2017, de 3 de julio, por el que se modifica el texto refundido de la Ley de Propiedad Intelectual, aprobado por el Real Decreto Legislativo 1\/1996, de 12 de abril, en cuanto al sistema de compensaci\u00f3n equitativa por copia privada, SERIES \u00c9PICAS, S.L. tendr\u00e1 que cobrar, en los casos que proceda, una compensaci\u00f3n por la venta de aquellos productos o aparatos no tipogr\u00e1ficos, puestos a la venta en nuestro sitio web que, destinados exclusivamente al uso privado, no profesional ni empresarial, que reproduzcan obras (libros o publicaciones asimiladas, fonogramas y videogramas) titularidad de terceros (editores, productores de fonogramas y videogramas, artistas int\u00e9rpretes\u2026).<\/p>\n\n\n\n<p>No obstante lo anterior, se informa de la existencia de un sistema de exceptuaci\u00f3n y reembolso del pago de estas compensaciones que est\u00e1 regulado en el nuevo art. 25, punto 7 y 8 de la Ley de Propiedad Intelectual, modificado por el referido Real Decreto-ley 12\/2017 que regula el modo y requisitos para justificar el derecho al reembolso para aquellas personas f\u00edsicas y jur\u00eddicas exoneradas por ley y\/o aquellas que sin estar exceptuadas hayan acreditado destinar el producto adquirido a un uso exclusivamente profesional o a su exportaci\u00f3n o entrega intracomunitaria.<\/p>\n\n\n\n<p>En este sentido, aquellas empresas, profesionales, aut\u00f3nomos y organismos p\u00fablicos exonerados en el sentido indicado, deber\u00e1n obligatoriamente acreditar a SERIES \u00c9PICAS, S.L., mediante los certificados que establece el Real Decreto-ley, que est\u00e1n dentro de los supuestos de exenci\u00f3n de canon para poder aplicarlos legalmente.<\/p>\n\n\n\n<p>M\u00e1s informaci\u00f3n en el siguiente enlace: http:\/\/www.boe.es\/boe\/dias\/2017\/07\/04\/pdfs\/BOE-A-2017-7718.pdf<\/p>\n","protected":false},"excerpt":{"rendered":"<p>Los presentes T\u00e9rminos y condiciones de uso, regulan las condiciones de compra de los diferentes productos ofrecidos en nuestra web, de propiedad de SERIES \u00c9PICAS, S.L., sociedad espa\u00f1ola, con NIF B1234567, y ubicado en Av. Castilla, Murcia \u2013 Espa\u00f1a. Los usuarios que realicen compras en el sitio web de SERIES \u00c9PICAS aceptan plenamente las presentes [&hellip;]<\/p>\n","protected":false},"author":1,"featured_media":0,"parent":0,"menu_order":0,"comment_status":"closed","ping_status":"closed","template":"","meta":{"pgc_sgb_lightbox_settings":"","footnotes":""},"class_list":["post-548","page","type-page","status-publish","hentry"],"_links":{"self":[{"href":"https:\/\/gicd.inf.um.es\/csidpub\/usuario15\/wp-json\/wp\/v2\/pages\/548","targetHints":{"allow":["GET"]}}],"collection":[{"href":"https:\/\/gicd.inf.um.es\/csidpub\/usuario15\/wp-json\/wp\/v2\/pages"}],"about":[{"href":"https:\/\/gicd.inf.um.es\/csidpub\/usuario15\/wp-json\/wp\/v2\/types\/page"}],"author":[{"embeddable":true,"href":"https:\/\/gicd.inf.um.es\/csidpub\/usuario15\/wp-json\/wp\/v2\/users\/1"}],"replies":[{"embeddable":true,"href":"https:\/\/gicd.inf.um.es\/csidpub\/usuario15\/wp-json\/wp\/v2\/comments?post=548"}],"version-history":[{"count":1,"href":"https:\/\/gicd.inf.um.es\/csidpub\/usuario15\/wp-json\/wp\/v2\/pages\/548\/revisions"}],"predecessor-version":[{"id":549,"href":"https:\/\/gicd.inf.um.es\/csidpub\/usuario15\/wp-json\/wp\/v2\/pages\/548\/revisions\/549"}],"wp:attachment":[{"href":"https:\/\/gicd.inf.um.es\/csidpub\/usuario15\/wp-json\/wp\/v2\/media?parent=548"}],"curies":[{"name":"wp","href":"https:\/\/api.w.org\/{rel}","templated":true}]}}