{"id":168,"date":"2025-11-12T20:34:57","date_gmt":"2025-11-12T19:34:57","guid":{"rendered":"https:\/\/gicd.inf.um.es\/csidpub\/usuario18\/?page_id=168"},"modified":"2025-11-22T16:28:26","modified_gmt":"2025-11-22T15:28:26","slug":"musica-para-tus-oidos","status":"publish","type":"page","link":"https:\/\/gicd.inf.um.es\/csidpub\/usuario18\/actividad-1\/musica-para-tus-oidos\/","title":{"rendered":"M\u00fasica para tus o\u00eddos"},"content":{"rendered":"\n<div class=\"wp-block-cover has-parallax is-repeated\" style=\"min-height:333px;aspect-ratio:unset;\"><div role=\"img\" aria-label=\"paso de peatones\" class=\"wp-block-cover__image-background wp-image-190 size-large has-parallax is-repeated\" style=\"background-position:52% 1%;background-image:url(https:\/\/gicd.inf.um.es\/csidpub\/usuario18\/wp-content\/uploads\/2025\/11\/paso-de-peatones-1024x576.jpg)\"><\/div><span aria-hidden=\"true\" class=\"wp-block-cover__background has-background-dim\" style=\"background-color:#69685d\"><\/span><div class=\"wp-block-cover__inner-container is-layout-constrained wp-block-cover-is-layout-constrained\">\n<h2 class=\"wp-block-heading has-text-align-center has-x-large-font-size\" style=\"font-style:normal;font-weight:700\"><mark style=\"background-color:rgba(0, 0, 0, 0)\" class=\"has-inline-color has-white-color\">D\u00e9jate llevar por el ritmo<\/mark><\/h2>\n\n\n\n<p class=\"has-text-align-center has-large-font-size\"><strong>Explora, descubre y encuentra <strong>\u00e1lbumes <\/strong>para cada momento.<\/strong><\/p>\n<\/div><\/div>\n\n\n\n<div style=\"height:19px\" aria-hidden=\"true\" class=\"wp-block-spacer\"><\/div>\n\n\n\n<h2 class=\"wp-block-heading\">Introducci\u00f3n<\/h2>\n\n\n\n<p>Bienvenido a <em>M\u00fasica para tus o\u00eddos<\/em>, un espacio dedicado a descubrir las canciones que mueven al mundo.<br>Aqu\u00ed encontrar\u00e1s a los \u00e1lbumes m\u00e1s reconocidos de la \u00faltima d\u00e9cada y los que han marcado este a\u00f1o. \u00a1Explora, escucha y d\u00e9jate llevar por el ritmo!<\/p>\n\n\n\n<div style=\"height:30px\" aria-hidden=\"true\" class=\"wp-block-spacer\"><\/div>\n\n\n\n<div class=\"wp-block-columns is-layout-flex wp-container-core-columns-is-layout-9d6595d7 wp-block-columns-is-layout-flex\">\n<div class=\"wp-block-column is-layout-flow wp-block-column-is-layout-flow\"><div class=\"wp-block-image\">\n<figure class=\"aligncenter size-full\"><img loading=\"lazy\" decoding=\"async\" width=\"736\" height=\"736\" src=\"https:\/\/gicd.inf.um.es\/csidpub\/usuario18\/wp-content\/uploads\/2025\/11\/disco.jpg\" alt=\"disco\" class=\"wp-image-197\" style=\"aspect-ratio:1;object-fit:cover\" srcset=\"https:\/\/gicd.inf.um.es\/csidpub\/usuario18\/wp-content\/uploads\/2025\/11\/disco.jpg 736w, https:\/\/gicd.inf.um.es\/csidpub\/usuario18\/wp-content\/uploads\/2025\/11\/disco-300x300.jpg 300w, https:\/\/gicd.inf.um.es\/csidpub\/usuario18\/wp-content\/uploads\/2025\/11\/disco-150x150.jpg 150w\" sizes=\"auto, (max-width: 736px) 100vw, 736px\" \/><\/figure><\/div>\n\n\n<h2 class=\"wp-block-heading has-text-align-center\">\u00c1lbumes <\/h2>\n\n\n\n<div class=\"wp-block-buttons alignfull is-content-justification-center is-layout-flex wp-container-core-buttons-is-layout-16018d1d wp-block-buttons-is-layout-flex\">\n<div class=\"wp-block-button is-style-fill\"><a class=\"wp-block-button__link has-white-color has-text-color has-background has-link-color has-text-align-center wp-element-button\" href=\"https:\/\/gicd.inf.um.es\/csidpub\/usuario18\/todos-los-albumes\/\" style=\"background-color:#1db954\"><strong>Ver \u00e1lbumes<\/strong><\/a><\/div>\n<\/div>\n<\/div>\n<\/div>\n\n\n\n<div class=\"wp-block-cover has-parallax is-repeated\" style=\"min-height:381px;aspect-ratio:unset;\"><div role=\"img\" aria-label=\"God is a woman\" class=\"wp-block-cover__image-background wp-image-184 size-full has-parallax is-repeated\" style=\"background-position:35% 50%;background-image:url(https:\/\/gicd.inf.um.es\/csidpub\/usuario18\/wp-content\/uploads\/2025\/11\/God-is-a-woman.jpg)\"><\/div><span aria-hidden=\"true\" class=\"wp-block-cover__background has-background-dim\" style=\"background-color:#552716\"><\/span><div class=\"wp-block-cover__inner-container is-layout-constrained wp-block-cover-is-layout-constrained\">\n<p class=\"has-text-align-center has-large-font-size\"><\/p>\n<\/div><\/div>\n\n\n\n<div style=\"height:30px\" aria-hidden=\"true\" class=\"wp-block-spacer\"><\/div>\n\n\n\n<h2 class=\"wp-block-heading\">Novedades musicales<\/h2>\n\n\n\n<div class=\"wp-block-columns is-layout-flex wp-container-core-columns-is-layout-9d6595d7 wp-block-columns-is-layout-flex\">\n<div class=\"wp-block-column is-vertically-aligned-stretch is-layout-flow wp-block-column-is-layout-flow\">\n<figure class=\"wp-block-image size-full\"><img loading=\"lazy\" decoding=\"async\" width=\"736\" height=\"491\" src=\"https:\/\/gicd.inf.um.es\/csidpub\/usuario18\/wp-content\/uploads\/2025\/11\/la-rosalia.jpg\" alt=\"la rosal\u00eda\" class=\"wp-image-214\" style=\"aspect-ratio:4\/3;object-fit:cover\" srcset=\"https:\/\/gicd.inf.um.es\/csidpub\/usuario18\/wp-content\/uploads\/2025\/11\/la-rosalia.jpg 736w, https:\/\/gicd.inf.um.es\/csidpub\/usuario18\/wp-content\/uploads\/2025\/11\/la-rosalia-300x200.jpg 300w\" sizes=\"auto, (max-width: 736px) 100vw, 736px\" \/><\/figure>\n\n\n\n<p><strong>Nuevo \u00e1lbum de Rosal\u00eda: LUX<\/strong><\/p>\n\n\n\n<figure class=\"wp-block-embed aligncenter is-type-rich is-provider-spotify wp-block-embed-spotify wp-embed-aspect-21-9 wp-has-aspect-ratio\"><div class=\"wp-block-embed__wrapper\">\n<iframe title=\"Spotify Embed: LUX\" style=\"border-radius: 12px\" width=\"100%\" height=\"352\" frameborder=\"0\" allowfullscreen allow=\"autoplay; clipboard-write; encrypted-media; fullscreen; picture-in-picture\" loading=\"lazy\" src=\"https:\/\/open.spotify.com\/embed\/album\/3SUEJULSGgBDG1j4GQhfYY?si=KCLGngN8SKyb1h24fEDyVg&#038;utm_source=oembed\"><\/iframe>\n<\/div><\/figure>\n<\/div>\n\n\n\n<div class=\"wp-block-column is-vertically-aligned-stretch is-layout-flow wp-block-column-is-layout-flow\">\n<figure class=\"wp-block-image size-full\"><img loading=\"lazy\" decoding=\"async\" width=\"640\" height=\"640\" src=\"https:\/\/gicd.inf.um.es\/csidpub\/usuario18\/wp-content\/uploads\/2025\/11\/katy-perry.jpg\" alt=\"katy perry\" class=\"wp-image-218\" style=\"aspect-ratio:4\/3;object-fit:cover\" srcset=\"https:\/\/gicd.inf.um.es\/csidpub\/usuario18\/wp-content\/uploads\/2025\/11\/katy-perry.jpg 640w, https:\/\/gicd.inf.um.es\/csidpub\/usuario18\/wp-content\/uploads\/2025\/11\/katy-perry-300x300.jpg 300w, https:\/\/gicd.inf.um.es\/csidpub\/usuario18\/wp-content\/uploads\/2025\/11\/katy-perry-150x150.jpg 150w\" sizes=\"auto, (max-width: 640px) 100vw, 640px\" \/><\/figure>\n\n\n\n<p><strong>Escucha \u201cBandaids\u201d, su nuevo single<\/strong><\/p>\n\n\n\n<figure class=\"wp-block-embed is-type-rich is-provider-spotify wp-block-embed-spotify wp-embed-aspect-21-9 wp-has-aspect-ratio\"><div class=\"wp-block-embed__wrapper\">\n<iframe title=\"Spotify Embed: bandaids\" style=\"border-radius: 12px\" width=\"100%\" height=\"152\" frameborder=\"0\" allowfullscreen allow=\"autoplay; clipboard-write; encrypted-media; fullscreen; picture-in-picture\" loading=\"lazy\" src=\"https:\/\/open.spotify.com\/embed\/track\/7vlkotgJCvYzVrmRqDYNYh?si=aab5257f9fe1423b&#038;utm_source=oembed\"><\/iframe>\n<\/div><\/figure>\n<\/div>\n<\/div>\n","protected":false},"excerpt":{"rendered":"<p>Introducci\u00f3n Bienvenido a M\u00fasica para tus o\u00eddos, un espacio dedicado a descubrir las canciones que mueven al mundo.Aqu\u00ed encontrar\u00e1s a los \u00e1lbumes m\u00e1s reconocidos de la \u00faltima d\u00e9cada y los que han marcado este a\u00f1o. \u00a1Explora, escucha y d\u00e9jate llevar por el ritmo! \u00c1lbumes Novedades musicales Nuevo \u00e1lbum de Rosal\u00eda: LUX Escucha \u201cBandaids\u201d, su nuevo [&hellip;]<\/p>\n","protected":false},"author":1,"featured_media":0,"parent":166,"menu_order":2,"comment_status":"closed","ping_status":"closed","template":"","meta":{"pgc_sgb_lightbox_settings":"","footnotes":""},"class_list":["post-168","page","type-page","status-publish","hentry"],"_links":{"self":[{"href":"https:\/\/gicd.inf.um.es\/csidpub\/usuario18\/wp-json\/wp\/v2\/pages\/168","targetHints":{"allow":["GET"]}}],"collection":[{"href":"https:\/\/gicd.inf.um.es\/csidpub\/usuario18\/wp-json\/wp\/v2\/pages"}],"about":[{"href":"https:\/\/gicd.inf.um.es\/csidpub\/usuario18\/wp-json\/wp\/v2\/types\/page"}],"author":[{"embeddable":true,"href":"https:\/\/gicd.inf.um.es\/csidpub\/usuario18\/wp-json\/wp\/v2\/users\/1"}],"replies":[{"embeddable":true,"href":"https:\/\/gicd.inf.um.es\/csidpub\/usuario18\/wp-json\/wp\/v2\/comments?post=168"}],"version-history":[{"count":32,"href":"https:\/\/gicd.inf.um.es\/csidpub\/usuario18\/wp-json\/wp\/v2\/pages\/168\/revisions"}],"predecessor-version":[{"id":479,"href":"https:\/\/gicd.inf.um.es\/csidpub\/usuario18\/wp-json\/wp\/v2\/pages\/168\/revisions\/479"}],"up":[{"embeddable":true,"href":"https:\/\/gicd.inf.um.es\/csidpub\/usuario18\/wp-json\/wp\/v2\/pages\/166"}],"wp:attachment":[{"href":"https:\/\/gicd.inf.um.es\/csidpub\/usuario18\/wp-json\/wp\/v2\/media?parent=168"}],"curies":[{"name":"wp","href":"https:\/\/api.w.org\/{rel}","templated":true}]}}